{"id":887,"date":"2025-03-28T13:44:30","date_gmt":"2025-03-28T13:44:30","guid":{"rendered":"https:\/\/congeladosbajocero.com\/?post_type=product&#038;p=887"},"modified":"2025-04-10T09:24:22","modified_gmt":"2025-04-10T09:24:22","slug":"pizza-con-atun-en-aceite-tonno","status":"publish","type":"product","link":"https:\/\/congeladosbajocero.com\/ca\/pizzas-congeladas\/pizza-con-atun-en-aceite-tonno\/","title":{"rendered":"Pizza de Tonyina Unitat"},"content":{"rendered":"<h4 data-start=\"833\" data-end=\"857\"><\/h4>\n<h4 data-start=\"833\" data-end=\"857\">\u00bfC\u00f3mo prepararla?<\/h4>\n<ol data-start=\"859\" data-end=\"1094\">\n<li class=\"\" data-start=\"859\" data-end=\"898\">\n<p class=\"\" data-start=\"862\" data-end=\"898\">Precalienta el horno a 200-220\u202f\u00b0C.<\/p>\n<\/li>\n<li class=\"\" data-start=\"899\" data-end=\"982\">\n<p class=\"\" data-start=\"902\" data-end=\"982\">Retira la pizza del envase y col\u00f3cala directamente sobre la rejilla del horno.<\/p>\n<\/li>\n<li class=\"\" data-start=\"983\" data-end=\"1071\">\n<p class=\"\" data-start=\"986\" data-end=\"1071\">Horn\u00e9ala durante 10-12 minutos, o hasta que el queso est\u00e9 fundido y la base dorada.<\/p>\n<\/li>\n<li class=\"\" data-start=\"1072\" data-end=\"1094\">\n<p class=\"\" data-start=\"1075\" data-end=\"1094\">\u00a1Lista para servir!<\/p>\n<\/li>\n<\/ol>\n<p>&nbsp;<\/p>\n<ul>\n<li><strong><em>Ingredientes:\u00a0\u00a0<\/em><\/strong>Harina de\u00a0<b>TRIGO<\/b>, tomates (25%),\u00a0<b>AT\u00daN<\/b>\u00a0en aceite (<b>AT\u00daN<\/b>\u00a0[10%], aceite de girasol, sal), agua, queso\u00a0<b>EDAM<\/b>\u00a0(7%),\u00a0<b>MOZZARELLA<\/b>\u00a0(7%), aceite de colza, cebolletas (1%), levadura, sal, az\u00facar, aceite de oliva virgen extra, masa madre deshidratada (<b>TRIGO<\/b>), almid\u00f3n, ajo, or\u00e9gano, prote\u00edna de guisante, pimienta. Puede contener:\u00a0<b>HUEVO<\/b>,\u00a0<b>ALTRAMUCES<\/b>,\u00a0<b>APIO<\/b>,\u00a0<b>MOSTAZA<\/b>\u00a0Y\u00a0<b>SOJA<\/b>.<\/li>\n<\/ul>\n<p>&nbsp;<\/p>\n<h4 data-start=\"1101\" data-end=\"1121\">\u00bfSab\u00edas que\u2026?<\/h4>\n<p class=\"\" data-start=\"1123\" data-end=\"1325\">La pizza de at\u00fan es una de las opciones favoritas en Espa\u00f1a por su sabor equilibrado y su alto contenido en <strong data-start=\"1231\" data-end=\"1244\">prote\u00ednas<\/strong>. Es ideal para quienes buscan una pizza ligera y sabrosa, sin carnes procesadas.<\/p>\n<p class=\"\" data-start=\"1327\" data-end=\"1443\">Puedes a\u00f1adirle aceitunas, un poco m\u00e1s de or\u00e9gano o unas rodajas finas de cebolla roja para personalizarla al gusto.<\/p>\n","protected":false},"excerpt":{"rendered":"<p class=\"\" data-start=\"189\" data-end=\"421\">La nostra <strong data-start=\"197\" data-end=\"224\">pizza de tonyina congelada<\/strong> \u00e9s una opci\u00f3 pr\u00e0ctica i delici\u00f3s per gaudir d&#039;un \u00e0pat complet en pocs minuts. L&#039;equilibri perfecte entre una base cruixent, salsa de tom\u00e0quet, formatge fos i tonyina al punt just.<\/p>\n<p class=\"\" data-start=\"423\" data-end=\"581\">Elaborada amb ingredients seleccionats i llesta per enfornar, \u00e9s ideal per a sopars r\u00e0pids, menjars informals o per compartir en fam\u00edlia sense complicacions.<\/p>","protected":false},"featured_media":1016,"template":"","meta":[],"product_brand":[],"product_cat":[33],"product_tag":[],"class_list":{"0":"post-887","1":"product","2":"type-product","3":"status-publish","4":"has-post-thumbnail","6":"product_cat-pizzas-congeladas","8":"first","9":"instock","10":"shipping-taxable","11":"purchasable","12":"product-type-simple"},"yoast_head":"<!-- This site is optimized with the Yoast SEO plugin v27.4 - https:\/\/yoast.com\/product\/yoast-seo-wordpress\/ -->\n<title>Pizza de At\u00fan Unidad - Productos Congelados a Domicilio | Pescado, mariscos, verduras, precocinados y mucho m&aacute;s<\/title>\n<meta name=\"description\" content=\"Nuestra pizza de at\u00fan congelada es una opci\u00f3n pr\u00e1ctica y deliciosa para disfrutar de una comida completa en pocos minutos.\" \/>\n<meta name=\"robots\" content=\"index, follow, max-snippet:-1, max-image-preview:large, max-video-preview:-1\" \/>\n<link rel=\"canonical\" href=\"https:\/\/congeladosbajocero.com\/ca\/pizzas-congeladas\/pizza-con-atun-en-aceite-tonno\/\" \/>\n<meta property=\"og:locale\" content=\"ca_ES\" \/>\n<meta property=\"og:type\" content=\"article\" \/>\n<meta property=\"og:title\" content=\"Pizza de At\u00fan Unidad - Productos Congelados a Domicilio | Pescado, mariscos, verduras, precocinados y mucho m&aacute;s\" \/>\n<meta property=\"og:description\" content=\"Nuestra pizza de at\u00fan congelada es una opci\u00f3n pr\u00e1ctica y deliciosa para disfrutar de una comida completa en pocos minutos.\" \/>\n<meta property=\"og:url\" content=\"https:\/\/congeladosbajocero.com\/ca\/pizzas-congeladas\/pizza-con-atun-en-aceite-tonno\/\" \/>\n<meta property=\"og:site_name\" content=\"Productos Congelados a Domicilio | Pescado, mariscos, verduras, precocinados y mucho m&aacute;s\" \/>\n<meta property=\"article:modified_time\" content=\"2025-04-10T09:24:22+00:00\" \/>\n<meta property=\"og:image\" content=\"https:\/\/congeladosbajocero.com\/wp-content\/uploads\/2025\/03\/tonno.webp\" \/>\n\t<meta property=\"og:image:width\" content=\"600\" \/>\n\t<meta property=\"og:image:height\" content=\"600\" \/>\n\t<meta property=\"og:image:type\" content=\"image\/jpeg\" \/>\n<meta name=\"twitter:card\" content=\"summary_large_image\" \/>\n<meta name=\"twitter:label1\" content=\"Preu\" \/>\n\t<meta name=\"twitter:data1\" content=\"4,99&nbsp;&euro;\" \/>\n\t<meta name=\"twitter:label2\" content=\"Disponibilitat\" \/>\n\t<meta name=\"twitter:data2\" content=\"En estoc\" \/>\n<script type=\"application\/ld+json\" class=\"yoast-schema-graph\">{\"@context\":\"https:\\\/\\\/schema.org\",\"@graph\":[{\"@type\":\"WebPage\",\"@id\":\"https:\\\/\\\/congeladosbajocero.com\\\/pizzas-congeladas\\\/pizza-con-atun-en-aceite-tonno\\\/\",\"url\":\"https:\\\/\\\/congeladosbajocero.com\\\/pizzas-congeladas\\\/pizza-con-atun-en-aceite-tonno\\\/\",\"name\":\"Pizza de At\u00fan Unidad - Productos Congelados a Domicilio | Pescado, mariscos, verduras, precocinados y mucho m&aacute;s\",\"isPartOf\":{\"@id\":\"https:\\\/\\\/congeladosbajocero.com\\\/#website\"},\"primaryImageOfPage\":{\"@id\":\"https:\\\/\\\/congeladosbajocero.com\\\/pizzas-congeladas\\\/pizza-con-atun-en-aceite-tonno\\\/#primaryimage\"},\"image\":{\"@id\":\"https:\\\/\\\/congeladosbajocero.com\\\/pizzas-congeladas\\\/pizza-con-atun-en-aceite-tonno\\\/#primaryimage\"},\"thumbnailUrl\":\"https:\\\/\\\/congeladosbajocero.com\\\/wp-content\\\/uploads\\\/2025\\\/03\\\/tonno.webp\",\"datePublished\":\"2025-03-28T13:44:30+00:00\",\"dateModified\":\"2025-04-10T09:24:22+00:00\",\"description\":\"Nuestra pizza de at\u00fan congelada es una opci\u00f3n pr\u00e1ctica y deliciosa para disfrutar de una comida completa en pocos minutos.\",\"breadcrumb\":{\"@id\":\"https:\\\/\\\/congeladosbajocero.com\\\/pizzas-congeladas\\\/pizza-con-atun-en-aceite-tonno\\\/#breadcrumb\"},\"inLanguage\":\"ca\",\"potentialAction\":[{\"@type\":\"ReadAction\",\"target\":[\"https:\\\/\\\/congeladosbajocero.com\\\/pizzas-congeladas\\\/pizza-con-atun-en-aceite-tonno\\\/\"]}]},{\"@type\":\"ImageObject\",\"inLanguage\":\"ca\",\"@id\":\"https:\\\/\\\/congeladosbajocero.com\\\/pizzas-congeladas\\\/pizza-con-atun-en-aceite-tonno\\\/#primaryimage\",\"url\":\"https:\\\/\\\/congeladosbajocero.com\\\/wp-content\\\/uploads\\\/2025\\\/03\\\/tonno.webp\",\"contentUrl\":\"https:\\\/\\\/congeladosbajocero.com\\\/wp-content\\\/uploads\\\/2025\\\/03\\\/tonno.webp\",\"width\":600,\"height\":600},{\"@type\":\"BreadcrumbList\",\"@id\":\"https:\\\/\\\/congeladosbajocero.com\\\/pizzas-congeladas\\\/pizza-con-atun-en-aceite-tonno\\\/#breadcrumb\",\"itemListElement\":[{\"@type\":\"ListItem\",\"position\":1,\"name\":\"Portada\",\"item\":\"https:\\\/\\\/congeladosbajocero.com\\\/\"},{\"@type\":\"ListItem\",\"position\":2,\"name\":\"Tienda\",\"item\":\"https:\\\/\\\/congeladosbajocero.com\\\/shop\\\/\"},{\"@type\":\"ListItem\",\"position\":3,\"name\":\"Pizza de At\u00fan Unidad\"}]},{\"@type\":\"WebSite\",\"@id\":\"https:\\\/\\\/congeladosbajocero.com\\\/#website\",\"url\":\"https:\\\/\\\/congeladosbajocero.com\\\/\",\"name\":\"Productos Congelados a Domicilio | Pescado, mariscos, verduras, precocinados y mucho m&aacute;s\",\"description\":\"Venta online de congelados\",\"publisher\":{\"@id\":\"https:\\\/\\\/congeladosbajocero.com\\\/#organization\"},\"potentialAction\":[{\"@type\":\"SearchAction\",\"target\":{\"@type\":\"EntryPoint\",\"urlTemplate\":\"https:\\\/\\\/congeladosbajocero.com\\\/?s={search_term_string}\"},\"query-input\":{\"@type\":\"PropertyValueSpecification\",\"valueRequired\":true,\"valueName\":\"search_term_string\"}}],\"inLanguage\":\"ca\"},{\"@type\":\"Organization\",\"@id\":\"https:\\\/\\\/congeladosbajocero.com\\\/#organization\",\"name\":\"Productos Congelados a Domicilio | Pescado, mariscos, verduras, precocinados y mucho m&aacute;s\",\"url\":\"https:\\\/\\\/congeladosbajocero.com\\\/\",\"logo\":{\"@type\":\"ImageObject\",\"inLanguage\":\"ca\",\"@id\":\"https:\\\/\\\/congeladosbajocero.com\\\/#\\\/schema\\\/logo\\\/image\\\/\",\"url\":\"https:\\\/\\\/congeladosbajocero.com\\\/wp-content\\\/uploads\\\/2025\\\/03\\\/logo-bajo-cero-png.webp\",\"contentUrl\":\"https:\\\/\\\/congeladosbajocero.com\\\/wp-content\\\/uploads\\\/2025\\\/03\\\/logo-bajo-cero-png.webp\",\"width\":498,\"height\":193,\"caption\":\"Productos Congelados a Domicilio | Pescado, mariscos, verduras, precocinados y mucho m&aacute;s\"},\"image\":{\"@id\":\"https:\\\/\\\/congeladosbajocero.com\\\/#\\\/schema\\\/logo\\\/image\\\/\"}}]}<\/script>\n<meta property=\"product:price:amount\" content=\"4.99\" \/>\n<meta property=\"product:price:currency\" content=\"EUR\" \/>\n<meta property=\"og:availability\" content=\"instock\" \/>\n<meta property=\"product:availability\" content=\"instock\" \/>\n<meta property=\"product:retailer_item_id\" content=\"2255 1\" \/>\n<meta property=\"product:condition\" content=\"new\" \/>\n<!-- \/ Yoast SEO plugin. -->","yoast_head_json":{"title":"Pizza de Tonyina Unitat - Productes Congelats a Domicili | Peix, marisc, verdures, precuinats i molt m\u00e9s","description":"La nostra pizza de tonyina congelada \u00e9s una opci\u00f3 pr\u00e0ctica i deliciosa per gaudir d&#039;un \u00e0pat complet en pocs minuts.","robots":{"index":"index","follow":"follow","max-snippet":"max-snippet:-1","max-image-preview":"max-image-preview:large","max-video-preview":"max-video-preview:-1"},"canonical":"https:\/\/congeladosbajocero.com\/ca\/pizzas-congeladas\/pizza-con-atun-en-aceite-tonno\/","og_locale":"ca_ES","og_type":"article","og_title":"Pizza de At\u00fan Unidad - Productos Congelados a Domicilio | Pescado, mariscos, verduras, precocinados y mucho m&aacute;s","og_description":"Nuestra pizza de at\u00fan congelada es una opci\u00f3n pr\u00e1ctica y deliciosa para disfrutar de una comida completa en pocos minutos.","og_url":"https:\/\/congeladosbajocero.com\/ca\/pizzas-congeladas\/pizza-con-atun-en-aceite-tonno\/","og_site_name":"Productos Congelados a Domicilio | Pescado, mariscos, verduras, precocinados y mucho m&aacute;s","article_modified_time":"2025-04-10T09:24:22+00:00","og_image":[{"width":600,"height":600,"url":"https:\/\/congeladosbajocero.com\/wp-content\/uploads\/2025\/03\/tonno.webp","type":"image\/jpeg"}],"twitter_card":"summary_large_image","twitter_misc":{"Preu":"4,99&nbsp;&euro;","Disponibilitat":"En estoc"},"schema":{"@context":"https:\/\/schema.org","@graph":[{"@type":"WebPage","@id":"https:\/\/congeladosbajocero.com\/pizzas-congeladas\/pizza-con-atun-en-aceite-tonno\/","url":"https:\/\/congeladosbajocero.com\/pizzas-congeladas\/pizza-con-atun-en-aceite-tonno\/","name":"Pizza de Tonyina Unitat - Productes Congelats a Domicili | Peix, marisc, verdures, precuinats i molt m\u00e9s","isPartOf":{"@id":"https:\/\/congeladosbajocero.com\/#website"},"primaryImageOfPage":{"@id":"https:\/\/congeladosbajocero.com\/pizzas-congeladas\/pizza-con-atun-en-aceite-tonno\/#primaryimage"},"image":{"@id":"https:\/\/congeladosbajocero.com\/pizzas-congeladas\/pizza-con-atun-en-aceite-tonno\/#primaryimage"},"thumbnailUrl":"https:\/\/congeladosbajocero.com\/wp-content\/uploads\/2025\/03\/tonno.webp","datePublished":"2025-03-28T13:44:30+00:00","dateModified":"2025-04-10T09:24:22+00:00","description":"La nostra pizza de tonyina congelada \u00e9s una opci\u00f3 pr\u00e0ctica i deliciosa per gaudir d&#039;un \u00e0pat complet en pocs minuts.","breadcrumb":{"@id":"https:\/\/congeladosbajocero.com\/pizzas-congeladas\/pizza-con-atun-en-aceite-tonno\/#breadcrumb"},"inLanguage":"ca","potentialAction":[{"@type":"ReadAction","target":["https:\/\/congeladosbajocero.com\/pizzas-congeladas\/pizza-con-atun-en-aceite-tonno\/"]}]},{"@type":"ImageObject","inLanguage":"ca","@id":"https:\/\/congeladosbajocero.com\/pizzas-congeladas\/pizza-con-atun-en-aceite-tonno\/#primaryimage","url":"https:\/\/congeladosbajocero.com\/wp-content\/uploads\/2025\/03\/tonno.webp","contentUrl":"https:\/\/congeladosbajocero.com\/wp-content\/uploads\/2025\/03\/tonno.webp","width":600,"height":600},{"@type":"BreadcrumbList","@id":"https:\/\/congeladosbajocero.com\/pizzas-congeladas\/pizza-con-atun-en-aceite-tonno\/#breadcrumb","itemListElement":[{"@type":"ListItem","position":1,"name":"Portada","item":"https:\/\/congeladosbajocero.com\/"},{"@type":"ListItem","position":2,"name":"Tienda","item":"https:\/\/congeladosbajocero.com\/shop\/"},{"@type":"ListItem","position":3,"name":"Pizza de At\u00fan Unidad"}]},{"@type":"WebSite","@id":"https:\/\/congeladosbajocero.com\/#website","url":"https:\/\/congeladosbajocero.com\/","name":"Productes Congelats a Domicili | Peix, marisc, verdures, precuinats i molt m\u00e9s","description":"Venda online de congelats","publisher":{"@id":"https:\/\/congeladosbajocero.com\/#organization"},"potentialAction":[{"@type":"SearchAction","target":{"@type":"EntryPoint","urlTemplate":"https:\/\/congeladosbajocero.com\/?s={search_term_string}"},"query-input":{"@type":"PropertyValueSpecification","valueRequired":true,"valueName":"search_term_string"}}],"inLanguage":"ca"},{"@type":"Organization","@id":"https:\/\/congeladosbajocero.com\/#organization","name":"Productes Congelats a Domicili | Peix, marisc, verdures, precuinats i molt m\u00e9s","url":"https:\/\/congeladosbajocero.com\/","logo":{"@type":"ImageObject","inLanguage":"ca","@id":"https:\/\/congeladosbajocero.com\/#\/schema\/logo\/image\/","url":"https:\/\/congeladosbajocero.com\/wp-content\/uploads\/2025\/03\/logo-bajo-cero-png.webp","contentUrl":"https:\/\/congeladosbajocero.com\/wp-content\/uploads\/2025\/03\/logo-bajo-cero-png.webp","width":498,"height":193,"caption":"Productos Congelados a Domicilio | Pescado, mariscos, verduras, precocinados y mucho m&aacute;s"},"image":{"@id":"https:\/\/congeladosbajocero.com\/#\/schema\/logo\/image\/"}}]},"product_price_amount":"4.99","product_price_currency":"EUR","og_availability":"instock","product_availability":"instock","product_retailer_item_id":"2255 1","product_condition":"new"},"_links":{"self":[{"href":"https:\/\/congeladosbajocero.com\/ca\/wp-json\/wp\/v2\/product\/887","targetHints":{"allow":["GET"]}}],"collection":[{"href":"https:\/\/congeladosbajocero.com\/ca\/wp-json\/wp\/v2\/product"}],"about":[{"href":"https:\/\/congeladosbajocero.com\/ca\/wp-json\/wp\/v2\/types\/product"}],"wp:featuredmedia":[{"embeddable":true,"href":"https:\/\/congeladosbajocero.com\/ca\/wp-json\/wp\/v2\/media\/1016"}],"wp:attachment":[{"href":"https:\/\/congeladosbajocero.com\/ca\/wp-json\/wp\/v2\/media?parent=887"}],"wp:term":[{"taxonomy":"product_brand","embeddable":true,"href":"https:\/\/congeladosbajocero.com\/ca\/wp-json\/wp\/v2\/product_brand?post=887"},{"taxonomy":"product_cat","embeddable":true,"href":"https:\/\/congeladosbajocero.com\/ca\/wp-json\/wp\/v2\/product_cat?post=887"},{"taxonomy":"product_tag","embeddable":true,"href":"https:\/\/congeladosbajocero.com\/ca\/wp-json\/wp\/v2\/product_tag?post=887"}],"curies":[{"name":"wp","href":"https:\/\/api.w.org\/{rel}","templated":true}]}}