{"id":882,"date":"2025-03-28T12:36:55","date_gmt":"2025-03-28T12:36:55","guid":{"rendered":"https:\/\/congeladosbajocero.com\/?post_type=product&#038;p=882"},"modified":"2025-04-10T09:27:40","modified_gmt":"2025-04-10T09:27:40","slug":"pizza-de-jamon-y-queso","status":"publish","type":"product","link":"https:\/\/congeladosbajocero.com\/ca\/pizzas-congeladas\/pizza-de-jamon-y-queso\/","title":{"rendered":"Pizza de Pernil i Formatge Unitat"},"content":{"rendered":"<ul>\n<li>\n<h4 data-start=\"761\" data-end=\"787\">Mode de preparaci\u00f3<\/h4>\n<ol data-start=\"789\" data-end=\"1007\">\n<li class=\"\" data-start=\"789\" data-end=\"828\">\n<p class=\"\" data-start=\"792\" data-end=\"828\">Preescalfeu el forn a 200-220 \u00b0C.<\/p>\n<\/li>\n<li class=\"\" data-start=\"829\" data-end=\"896\">\n<p class=\"\" data-start=\"832\" data-end=\"896\">Col\u00b7loca la pizza sense descongelar directament sobre la reixeta.<\/p>\n<\/li>\n<li class=\"\" data-start=\"897\" data-end=\"984\">\n<p class=\"\" data-start=\"900\" data-end=\"984\">Forneja durant 10-12 minuts, fins que el formatge estigui fos i la base cruixent.<\/p>\n<\/li>\n<li class=\"\" data-start=\"985\" data-end=\"1007\">\n<p class=\"\" data-start=\"988\" data-end=\"1007\">A punt per servir!<\/p>\n<\/li>\n<\/ol>\n<\/li>\n<\/ul>\n<p>&nbsp;<\/p>\n<h4 data-start=\"1014\" data-end=\"1037\">\u00bf Sabies que\u2026?<\/h4>\n<p class=\"\" data-start=\"1039\" data-end=\"1241\">La pizza de pernil i formatge \u00e9s una de les varietats m\u00e9s consumides del m\u00f3n, pel seu sabor suau i equilibrat. Pots personalitzar-la f\u00e0cilment afegint xampinyons, olives o una mica m\u00e9s d&#039;orenga.<\/p>","protected":false},"excerpt":{"rendered":"<p class=\"\" data-start=\"190\" data-end=\"405\">La favorita de grans i petits. <strong data-start=\"233\" data-end=\"269\">pizza de pernil i formatge congelada<\/strong> combina una base fina i daurada amb una deliciosa barreja de formatge fos i rodanxes de pernil cuit, creant un cl\u00e0ssic que mai falla.<\/p>\n<p class=\"\" data-start=\"407\" data-end=\"489\">Una opci\u00f3 pr\u00e0ctica, saborosa i r\u00e0pida de preparar per a qualsevol dia de la setmana.<\/p>","protected":false},"featured_media":1017,"template":"","meta":[],"product_brand":[],"product_cat":[33],"product_tag":[],"class_list":{"0":"post-882","1":"product","2":"type-product","3":"status-publish","4":"has-post-thumbnail","6":"product_cat-pizzas-congeladas","8":"first","9":"instock","10":"shipping-taxable","11":"purchasable","12":"product-type-simple"},"yoast_head":"<!-- This site is optimized with the Yoast SEO plugin v27.4 - https:\/\/yoast.com\/product\/yoast-seo-wordpress\/ -->\n<title>Pizza de Jam\u00f3n y Queso Unidad - Productos Congelados a Domicilio | Pescado, mariscos, verduras, precocinados y mucho m&aacute;s<\/title>\n<meta name=\"description\" content=\"Nuestra pizza de jam\u00f3n y queso congelada combina una base fina y dorada con una deliciosa mezcla de queso fundido y lonchas de jam\u00f3n cocido.\" \/>\n<meta name=\"robots\" content=\"index, follow, max-snippet:-1, max-image-preview:large, max-video-preview:-1\" \/>\n<link rel=\"canonical\" href=\"https:\/\/congeladosbajocero.com\/ca\/pizzas-congeladas\/pizza-de-jamon-y-queso\/\" \/>\n<meta property=\"og:locale\" content=\"ca_ES\" \/>\n<meta property=\"og:type\" content=\"article\" \/>\n<meta property=\"og:title\" content=\"Pizza de Jam\u00f3n y Queso Unidad - Productos Congelados a Domicilio | Pescado, mariscos, verduras, precocinados y mucho m&aacute;s\" \/>\n<meta property=\"og:description\" content=\"Nuestra pizza de jam\u00f3n y queso congelada combina una base fina y dorada con una deliciosa mezcla de queso fundido y lonchas de jam\u00f3n cocido.\" \/>\n<meta property=\"og:url\" content=\"https:\/\/congeladosbajocero.com\/ca\/pizzas-congeladas\/pizza-de-jamon-y-queso\/\" \/>\n<meta property=\"og:site_name\" content=\"Productos Congelados a Domicilio | Pescado, mariscos, verduras, precocinados y mucho m&aacute;s\" \/>\n<meta property=\"article:modified_time\" content=\"2025-04-10T09:27:40+00:00\" \/>\n<meta property=\"og:image\" content=\"https:\/\/congeladosbajocero.com\/wp-content\/uploads\/2025\/03\/proscuitto.webp\" \/>\n\t<meta property=\"og:image:width\" content=\"600\" \/>\n\t<meta property=\"og:image:height\" content=\"600\" \/>\n\t<meta property=\"og:image:type\" content=\"image\/jpeg\" \/>\n<meta name=\"twitter:card\" content=\"summary_large_image\" \/>\n<meta name=\"twitter:label1\" content=\"Preu\" \/>\n\t<meta name=\"twitter:data1\" content=\"4,99&nbsp;&euro;\" \/>\n\t<meta name=\"twitter:label2\" content=\"Disponibilitat\" \/>\n\t<meta name=\"twitter:data2\" content=\"En estoc\" \/>\n<script type=\"application\/ld+json\" class=\"yoast-schema-graph\">{\"@context\":\"https:\\\/\\\/schema.org\",\"@graph\":[{\"@type\":\"WebPage\",\"@id\":\"https:\\\/\\\/congeladosbajocero.com\\\/pizzas-congeladas\\\/pizza-de-jamon-y-queso\\\/\",\"url\":\"https:\\\/\\\/congeladosbajocero.com\\\/pizzas-congeladas\\\/pizza-de-jamon-y-queso\\\/\",\"name\":\"Pizza de Jam\u00f3n y Queso Unidad - Productos Congelados a Domicilio | Pescado, mariscos, verduras, precocinados y mucho m&aacute;s\",\"isPartOf\":{\"@id\":\"https:\\\/\\\/congeladosbajocero.com\\\/#website\"},\"primaryImageOfPage\":{\"@id\":\"https:\\\/\\\/congeladosbajocero.com\\\/pizzas-congeladas\\\/pizza-de-jamon-y-queso\\\/#primaryimage\"},\"image\":{\"@id\":\"https:\\\/\\\/congeladosbajocero.com\\\/pizzas-congeladas\\\/pizza-de-jamon-y-queso\\\/#primaryimage\"},\"thumbnailUrl\":\"https:\\\/\\\/congeladosbajocero.com\\\/wp-content\\\/uploads\\\/2025\\\/03\\\/proscuitto.webp\",\"datePublished\":\"2025-03-28T12:36:55+00:00\",\"dateModified\":\"2025-04-10T09:27:40+00:00\",\"description\":\"Nuestra pizza de jam\u00f3n y queso congelada combina una base fina y dorada con una deliciosa mezcla de queso fundido y lonchas de jam\u00f3n cocido.\",\"breadcrumb\":{\"@id\":\"https:\\\/\\\/congeladosbajocero.com\\\/pizzas-congeladas\\\/pizza-de-jamon-y-queso\\\/#breadcrumb\"},\"inLanguage\":\"ca\",\"potentialAction\":[{\"@type\":\"ReadAction\",\"target\":[\"https:\\\/\\\/congeladosbajocero.com\\\/pizzas-congeladas\\\/pizza-de-jamon-y-queso\\\/\"]}]},{\"@type\":\"ImageObject\",\"inLanguage\":\"ca\",\"@id\":\"https:\\\/\\\/congeladosbajocero.com\\\/pizzas-congeladas\\\/pizza-de-jamon-y-queso\\\/#primaryimage\",\"url\":\"https:\\\/\\\/congeladosbajocero.com\\\/wp-content\\\/uploads\\\/2025\\\/03\\\/proscuitto.webp\",\"contentUrl\":\"https:\\\/\\\/congeladosbajocero.com\\\/wp-content\\\/uploads\\\/2025\\\/03\\\/proscuitto.webp\",\"width\":600,\"height\":600},{\"@type\":\"BreadcrumbList\",\"@id\":\"https:\\\/\\\/congeladosbajocero.com\\\/pizzas-congeladas\\\/pizza-de-jamon-y-queso\\\/#breadcrumb\",\"itemListElement\":[{\"@type\":\"ListItem\",\"position\":1,\"name\":\"Portada\",\"item\":\"https:\\\/\\\/congeladosbajocero.com\\\/\"},{\"@type\":\"ListItem\",\"position\":2,\"name\":\"Tienda\",\"item\":\"https:\\\/\\\/congeladosbajocero.com\\\/shop\\\/\"},{\"@type\":\"ListItem\",\"position\":3,\"name\":\"Pizza de Jam\u00f3n y Queso Unidad\"}]},{\"@type\":\"WebSite\",\"@id\":\"https:\\\/\\\/congeladosbajocero.com\\\/#website\",\"url\":\"https:\\\/\\\/congeladosbajocero.com\\\/\",\"name\":\"Productos Congelados a Domicilio | Pescado, mariscos, verduras, precocinados y mucho m&aacute;s\",\"description\":\"Venta online de congelados\",\"publisher\":{\"@id\":\"https:\\\/\\\/congeladosbajocero.com\\\/#organization\"},\"potentialAction\":[{\"@type\":\"SearchAction\",\"target\":{\"@type\":\"EntryPoint\",\"urlTemplate\":\"https:\\\/\\\/congeladosbajocero.com\\\/?s={search_term_string}\"},\"query-input\":{\"@type\":\"PropertyValueSpecification\",\"valueRequired\":true,\"valueName\":\"search_term_string\"}}],\"inLanguage\":\"ca\"},{\"@type\":\"Organization\",\"@id\":\"https:\\\/\\\/congeladosbajocero.com\\\/#organization\",\"name\":\"Productos Congelados a Domicilio | Pescado, mariscos, verduras, precocinados y mucho m&aacute;s\",\"url\":\"https:\\\/\\\/congeladosbajocero.com\\\/\",\"logo\":{\"@type\":\"ImageObject\",\"inLanguage\":\"ca\",\"@id\":\"https:\\\/\\\/congeladosbajocero.com\\\/#\\\/schema\\\/logo\\\/image\\\/\",\"url\":\"https:\\\/\\\/congeladosbajocero.com\\\/wp-content\\\/uploads\\\/2025\\\/03\\\/logo-bajo-cero-png.webp\",\"contentUrl\":\"https:\\\/\\\/congeladosbajocero.com\\\/wp-content\\\/uploads\\\/2025\\\/03\\\/logo-bajo-cero-png.webp\",\"width\":498,\"height\":193,\"caption\":\"Productos Congelados a Domicilio | Pescado, mariscos, verduras, precocinados y mucho m&aacute;s\"},\"image\":{\"@id\":\"https:\\\/\\\/congeladosbajocero.com\\\/#\\\/schema\\\/logo\\\/image\\\/\"}}]}<\/script>\n<meta property=\"product:price:amount\" content=\"4.99\" \/>\n<meta property=\"product:price:currency\" content=\"EUR\" \/>\n<meta property=\"og:availability\" content=\"instock\" \/>\n<meta property=\"product:availability\" content=\"instock\" \/>\n<meta property=\"product:retailer_item_id\" content=\"2255 3\" \/>\n<meta property=\"product:condition\" content=\"new\" \/>\n<!-- \/ Yoast SEO plugin. -->","yoast_head_json":{"title":"Pizza de Pernil i Formatge Unitat - Productes Congelats a Domicili | Peix, marisc, verdures, precuinats i molt m\u00e9s","description":"La nostra pizza de pernil i formatge congelada combina una base fina i daurada amb una deliciosa barreja de formatge fos i rodanxes de pernil cuit.","robots":{"index":"index","follow":"follow","max-snippet":"max-snippet:-1","max-image-preview":"max-image-preview:large","max-video-preview":"max-video-preview:-1"},"canonical":"https:\/\/congeladosbajocero.com\/ca\/pizzas-congeladas\/pizza-de-jamon-y-queso\/","og_locale":"ca_ES","og_type":"article","og_title":"Pizza de Jam\u00f3n y Queso Unidad - Productos Congelados a Domicilio | Pescado, mariscos, verduras, precocinados y mucho m&aacute;s","og_description":"Nuestra pizza de jam\u00f3n y queso congelada combina una base fina y dorada con una deliciosa mezcla de queso fundido y lonchas de jam\u00f3n cocido.","og_url":"https:\/\/congeladosbajocero.com\/ca\/pizzas-congeladas\/pizza-de-jamon-y-queso\/","og_site_name":"Productos Congelados a Domicilio | Pescado, mariscos, verduras, precocinados y mucho m&aacute;s","article_modified_time":"2025-04-10T09:27:40+00:00","og_image":[{"width":600,"height":600,"url":"https:\/\/congeladosbajocero.com\/wp-content\/uploads\/2025\/03\/proscuitto.webp","type":"image\/jpeg"}],"twitter_card":"summary_large_image","twitter_misc":{"Preu":"4,99&nbsp;&euro;","Disponibilitat":"En estoc"},"schema":{"@context":"https:\/\/schema.org","@graph":[{"@type":"WebPage","@id":"https:\/\/congeladosbajocero.com\/pizzas-congeladas\/pizza-de-jamon-y-queso\/","url":"https:\/\/congeladosbajocero.com\/pizzas-congeladas\/pizza-de-jamon-y-queso\/","name":"Pizza de Pernil i Formatge Unitat - Productes Congelats a Domicili | Peix, marisc, verdures, precuinats i molt m\u00e9s","isPartOf":{"@id":"https:\/\/congeladosbajocero.com\/#website"},"primaryImageOfPage":{"@id":"https:\/\/congeladosbajocero.com\/pizzas-congeladas\/pizza-de-jamon-y-queso\/#primaryimage"},"image":{"@id":"https:\/\/congeladosbajocero.com\/pizzas-congeladas\/pizza-de-jamon-y-queso\/#primaryimage"},"thumbnailUrl":"https:\/\/congeladosbajocero.com\/wp-content\/uploads\/2025\/03\/proscuitto.webp","datePublished":"2025-03-28T12:36:55+00:00","dateModified":"2025-04-10T09:27:40+00:00","description":"La nostra pizza de pernil i formatge congelada combina una base fina i daurada amb una deliciosa barreja de formatge fos i rodanxes de pernil cuit.","breadcrumb":{"@id":"https:\/\/congeladosbajocero.com\/pizzas-congeladas\/pizza-de-jamon-y-queso\/#breadcrumb"},"inLanguage":"ca","potentialAction":[{"@type":"ReadAction","target":["https:\/\/congeladosbajocero.com\/pizzas-congeladas\/pizza-de-jamon-y-queso\/"]}]},{"@type":"ImageObject","inLanguage":"ca","@id":"https:\/\/congeladosbajocero.com\/pizzas-congeladas\/pizza-de-jamon-y-queso\/#primaryimage","url":"https:\/\/congeladosbajocero.com\/wp-content\/uploads\/2025\/03\/proscuitto.webp","contentUrl":"https:\/\/congeladosbajocero.com\/wp-content\/uploads\/2025\/03\/proscuitto.webp","width":600,"height":600},{"@type":"BreadcrumbList","@id":"https:\/\/congeladosbajocero.com\/pizzas-congeladas\/pizza-de-jamon-y-queso\/#breadcrumb","itemListElement":[{"@type":"ListItem","position":1,"name":"Portada","item":"https:\/\/congeladosbajocero.com\/"},{"@type":"ListItem","position":2,"name":"Tienda","item":"https:\/\/congeladosbajocero.com\/shop\/"},{"@type":"ListItem","position":3,"name":"Pizza de Jam\u00f3n y Queso Unidad"}]},{"@type":"WebSite","@id":"https:\/\/congeladosbajocero.com\/#website","url":"https:\/\/congeladosbajocero.com\/","name":"Productes Congelats a Domicili | Peix, marisc, verdures, precuinats i molt m\u00e9s","description":"Venda online de congelats","publisher":{"@id":"https:\/\/congeladosbajocero.com\/#organization"},"potentialAction":[{"@type":"SearchAction","target":{"@type":"EntryPoint","urlTemplate":"https:\/\/congeladosbajocero.com\/?s={search_term_string}"},"query-input":{"@type":"PropertyValueSpecification","valueRequired":true,"valueName":"search_term_string"}}],"inLanguage":"ca"},{"@type":"Organization","@id":"https:\/\/congeladosbajocero.com\/#organization","name":"Productes Congelats a Domicili | Peix, marisc, verdures, precuinats i molt m\u00e9s","url":"https:\/\/congeladosbajocero.com\/","logo":{"@type":"ImageObject","inLanguage":"ca","@id":"https:\/\/congeladosbajocero.com\/#\/schema\/logo\/image\/","url":"https:\/\/congeladosbajocero.com\/wp-content\/uploads\/2025\/03\/logo-bajo-cero-png.webp","contentUrl":"https:\/\/congeladosbajocero.com\/wp-content\/uploads\/2025\/03\/logo-bajo-cero-png.webp","width":498,"height":193,"caption":"Productos Congelados a Domicilio | Pescado, mariscos, verduras, precocinados y mucho m&aacute;s"},"image":{"@id":"https:\/\/congeladosbajocero.com\/#\/schema\/logo\/image\/"}}]},"product_price_amount":"4.99","product_price_currency":"EUR","og_availability":"instock","product_availability":"instock","product_retailer_item_id":"2255 3","product_condition":"new"},"_links":{"self":[{"href":"https:\/\/congeladosbajocero.com\/ca\/wp-json\/wp\/v2\/product\/882","targetHints":{"allow":["GET"]}}],"collection":[{"href":"https:\/\/congeladosbajocero.com\/ca\/wp-json\/wp\/v2\/product"}],"about":[{"href":"https:\/\/congeladosbajocero.com\/ca\/wp-json\/wp\/v2\/types\/product"}],"wp:featuredmedia":[{"embeddable":true,"href":"https:\/\/congeladosbajocero.com\/ca\/wp-json\/wp\/v2\/media\/1017"}],"wp:attachment":[{"href":"https:\/\/congeladosbajocero.com\/ca\/wp-json\/wp\/v2\/media?parent=882"}],"wp:term":[{"taxonomy":"product_brand","embeddable":true,"href":"https:\/\/congeladosbajocero.com\/ca\/wp-json\/wp\/v2\/product_brand?post=882"},{"taxonomy":"product_cat","embeddable":true,"href":"https:\/\/congeladosbajocero.com\/ca\/wp-json\/wp\/v2\/product_cat?post=882"},{"taxonomy":"product_tag","embeddable":true,"href":"https:\/\/congeladosbajocero.com\/ca\/wp-json\/wp\/v2\/product_tag?post=882"}],"curies":[{"name":"wp","href":"https:\/\/api.w.org\/{rel}","templated":true}]}}