{"id":281,"date":"2025-03-18T11:18:28","date_gmt":"2025-03-18T11:18:28","guid":{"rendered":"https:\/\/congeladosbajocero.com\/?post_type=product&#038;p=281"},"modified":"2025-04-10T09:43:14","modified_gmt":"2025-04-10T09:43:14","slug":"calamar-relleno-de-carne-250g","status":"publish","type":"product","link":"https:\/\/congeladosbajocero.com\/ca\/platos-preparados-congelados\/calamar-relleno-de-carne-250g\/","title":{"rendered":"Calamar Farciment de Carn per Unitat"},"content":{"rendered":"<ul>\n<li><strong><em>Ingredients: <\/em><\/strong>Pota calamar 10\/18, vedella, reixes i ales de calamar , tom\u00e0quet fregit, ou cuit, ceba<br \/>\nfregida, pebrot vermell, olives verdes, farina de blat, all, julivert, pebre i sal.<\/li>\n<\/ul>\n<p>&nbsp;<\/p>\n<h4 data-start=\"914\" data-end=\"945\">Consells de preparaci\u00f3<\/h4>\n<p class=\"\" data-start=\"947\" data-end=\"973\"><strong data-start=\"947\" data-end=\"971\">En paella o cassola:<\/strong><\/p>\n<ol data-start=\"974\" data-end=\"1151\">\n<li class=\"\" data-start=\"974\" data-end=\"1020\">\n<p class=\"\" data-start=\"977\" data-end=\"1020\">Afegeix salsa de tom\u00e0quet o sofregit al gust.<\/p>\n<\/li>\n<li class=\"\" data-start=\"1021\" data-end=\"1085\">\n<p class=\"\" data-start=\"1024\" data-end=\"1085\">Cuina a foc mitj\u00e0 durant 12-15 minuts des de congelat.<\/p>\n<\/li>\n<li class=\"\" data-start=\"1086\" data-end=\"1151\">\n<p class=\"\" data-start=\"1089\" data-end=\"1151\">Serveix-ho calent acompanyat d&#039;arr\u00f2s blanc, patates o verdures.<\/p>\n<\/li>\n<\/ol>\n<p class=\"\" data-start=\"1153\" data-end=\"1168\"><strong data-start=\"1153\" data-end=\"1166\">Al forn:<\/strong><\/p>\n<ol data-start=\"1169\" data-end=\"1332\">\n<li class=\"\" data-start=\"1169\" data-end=\"1195\">\n<p class=\"\" data-start=\"1172\" data-end=\"1195\">Preescalfada a 180 \u00b0C.<\/p>\n<\/li>\n<li class=\"\" data-start=\"1196\" data-end=\"1259\">\n<p class=\"\" data-start=\"1199\" data-end=\"1259\">Col\u00b7loca el calamar amb una mica de salsa en una safata apta.<\/p>\n<\/li>\n<li class=\"\" data-start=\"1260\" data-end=\"1332\">\n<p class=\"\" data-start=\"1263\" data-end=\"1332\">Forneja durant 20-25 minuts tapat, i destapa&#039;l al final per daurar.<\/p>\n<\/li>\n<\/ol>\n<p>&nbsp;<\/p>\n<h4 data-start=\"1339\" data-end=\"1365\">Suggeriment extra<\/h4>\n<p class=\"\" data-start=\"1367\" data-end=\"1502\">Pots afegir un rajol\u00ed de vi blanc o un pessic de pebre vermell a la salsa per real\u00e7ar el sabor. I no t&#039;oblidis del pa per mullar!<\/p>","protected":false},"excerpt":{"rendered":"<p>Pota de calamar amb farcit tradicional en cru, vedella nacional, verdures mediterr\u00e0nies i condimentat amb esp\u00e8cies naturals.<br \/>\nDelici\u00f3s guisat amb salsa o amb el seu propi suc.<br \/>\nLa pota molt m\u00e9s tendra i sucosa que el calamar proporciona una textura m\u00e9s melosa, i queda sencera una vegada cuinada.<br \/>\nEs presenta amb un glaseig m\u00e0xim del 18%<\/p>","protected":false},"featured_media":647,"template":"","meta":[],"product_brand":[],"product_cat":[31,28,26,32],"product_tag":[],"class_list":{"0":"post-281","1":"product","2":"type-product","3":"status-publish","4":"has-post-thumbnail","6":"product_cat-carne-congelada","7":"product_cat-marisco-congelado","8":"product_cat-pescado-congelado","9":"product_cat-platos-preparados-congelados","11":"first","12":"instock","13":"shipping-taxable","14":"purchasable","15":"product-type-simple"},"yoast_head":"<!-- This site is optimized with the Yoast SEO plugin v27.4 - https:\/\/yoast.com\/product\/yoast-seo-wordpress\/ -->\n<title>Calamar Relleno de Carne por Unidad - Productos Congelados a Domicilio | Pescado, mariscos, verduras, precocinados y mucho m&aacute;s<\/title>\n<meta name=\"description\" content=\"Pota de calamar con relleno tradicional en crudo, ternera nacional, verduras mediterr\u00e1neas y condimentado con especias naturales.\" \/>\n<meta name=\"robots\" content=\"index, follow, max-snippet:-1, max-image-preview:large, max-video-preview:-1\" \/>\n<link rel=\"canonical\" href=\"https:\/\/congeladosbajocero.com\/ca\/platos-preparados-congelados\/calamar-relleno-de-carne-250g\/\" \/>\n<meta property=\"og:locale\" content=\"ca_ES\" \/>\n<meta property=\"og:type\" content=\"article\" \/>\n<meta property=\"og:title\" content=\"Calamar Relleno de Carne por Unidad - Productos Congelados a Domicilio | Pescado, mariscos, verduras, precocinados y mucho m&aacute;s\" \/>\n<meta property=\"og:description\" content=\"Pota de calamar con relleno tradicional en crudo, ternera nacional, verduras mediterr\u00e1neas y condimentado con especias naturales.\" \/>\n<meta property=\"og:url\" content=\"https:\/\/congeladosbajocero.com\/ca\/platos-preparados-congelados\/calamar-relleno-de-carne-250g\/\" \/>\n<meta property=\"og:site_name\" content=\"Productos Congelados a Domicilio | Pescado, mariscos, verduras, precocinados y mucho m&aacute;s\" \/>\n<meta property=\"article:modified_time\" content=\"2025-04-10T09:43:14+00:00\" \/>\n<meta property=\"og:image\" content=\"https:\/\/congeladosbajocero.com\/wp-content\/uploads\/2025\/03\/calamar-de-carne.webp\" \/>\n\t<meta property=\"og:image:width\" content=\"600\" \/>\n\t<meta property=\"og:image:height\" content=\"600\" \/>\n\t<meta property=\"og:image:type\" content=\"image\/jpeg\" \/>\n<meta name=\"twitter:card\" content=\"summary_large_image\" \/>\n<meta name=\"twitter:label1\" content=\"Preu\" \/>\n\t<meta name=\"twitter:data1\" content=\"4,99&nbsp;&euro;\" \/>\n\t<meta name=\"twitter:label2\" content=\"Disponibilitat\" \/>\n\t<meta name=\"twitter:data2\" content=\"En estoc\" \/>\n<script type=\"application\/ld+json\" class=\"yoast-schema-graph\">{\"@context\":\"https:\\\/\\\/schema.org\",\"@graph\":[{\"@type\":\"WebPage\",\"@id\":\"https:\\\/\\\/congeladosbajocero.com\\\/platos-preparados-congelados\\\/calamar-relleno-de-carne-250g\\\/\",\"url\":\"https:\\\/\\\/congeladosbajocero.com\\\/platos-preparados-congelados\\\/calamar-relleno-de-carne-250g\\\/\",\"name\":\"Calamar Relleno de Carne por Unidad - Productos Congelados a Domicilio | Pescado, mariscos, verduras, precocinados y mucho m&aacute;s\",\"isPartOf\":{\"@id\":\"https:\\\/\\\/congeladosbajocero.com\\\/#website\"},\"primaryImageOfPage\":{\"@id\":\"https:\\\/\\\/congeladosbajocero.com\\\/platos-preparados-congelados\\\/calamar-relleno-de-carne-250g\\\/#primaryimage\"},\"image\":{\"@id\":\"https:\\\/\\\/congeladosbajocero.com\\\/platos-preparados-congelados\\\/calamar-relleno-de-carne-250g\\\/#primaryimage\"},\"thumbnailUrl\":\"https:\\\/\\\/congeladosbajocero.com\\\/wp-content\\\/uploads\\\/2025\\\/03\\\/calamar-de-carne.webp\",\"datePublished\":\"2025-03-18T11:18:28+00:00\",\"dateModified\":\"2025-04-10T09:43:14+00:00\",\"description\":\"Pota de calamar con relleno tradicional en crudo, ternera nacional, verduras mediterr\u00e1neas y condimentado con especias naturales.\",\"breadcrumb\":{\"@id\":\"https:\\\/\\\/congeladosbajocero.com\\\/platos-preparados-congelados\\\/calamar-relleno-de-carne-250g\\\/#breadcrumb\"},\"inLanguage\":\"ca\",\"potentialAction\":[{\"@type\":\"ReadAction\",\"target\":[\"https:\\\/\\\/congeladosbajocero.com\\\/platos-preparados-congelados\\\/calamar-relleno-de-carne-250g\\\/\"]}]},{\"@type\":\"ImageObject\",\"inLanguage\":\"ca\",\"@id\":\"https:\\\/\\\/congeladosbajocero.com\\\/platos-preparados-congelados\\\/calamar-relleno-de-carne-250g\\\/#primaryimage\",\"url\":\"https:\\\/\\\/congeladosbajocero.com\\\/wp-content\\\/uploads\\\/2025\\\/03\\\/calamar-de-carne.webp\",\"contentUrl\":\"https:\\\/\\\/congeladosbajocero.com\\\/wp-content\\\/uploads\\\/2025\\\/03\\\/calamar-de-carne.webp\",\"width\":600,\"height\":600},{\"@type\":\"BreadcrumbList\",\"@id\":\"https:\\\/\\\/congeladosbajocero.com\\\/platos-preparados-congelados\\\/calamar-relleno-de-carne-250g\\\/#breadcrumb\",\"itemListElement\":[{\"@type\":\"ListItem\",\"position\":1,\"name\":\"Portada\",\"item\":\"https:\\\/\\\/congeladosbajocero.com\\\/\"},{\"@type\":\"ListItem\",\"position\":2,\"name\":\"Tienda\",\"item\":\"https:\\\/\\\/congeladosbajocero.com\\\/shop\\\/\"},{\"@type\":\"ListItem\",\"position\":3,\"name\":\"Calamar Relleno de Carne por Unidad\"}]},{\"@type\":\"WebSite\",\"@id\":\"https:\\\/\\\/congeladosbajocero.com\\\/#website\",\"url\":\"https:\\\/\\\/congeladosbajocero.com\\\/\",\"name\":\"Productos Congelados a Domicilio | Pescado, mariscos, verduras, precocinados y mucho m&aacute;s\",\"description\":\"Venta online de congelados\",\"publisher\":{\"@id\":\"https:\\\/\\\/congeladosbajocero.com\\\/#organization\"},\"potentialAction\":[{\"@type\":\"SearchAction\",\"target\":{\"@type\":\"EntryPoint\",\"urlTemplate\":\"https:\\\/\\\/congeladosbajocero.com\\\/?s={search_term_string}\"},\"query-input\":{\"@type\":\"PropertyValueSpecification\",\"valueRequired\":true,\"valueName\":\"search_term_string\"}}],\"inLanguage\":\"ca\"},{\"@type\":\"Organization\",\"@id\":\"https:\\\/\\\/congeladosbajocero.com\\\/#organization\",\"name\":\"Productos Congelados a Domicilio | Pescado, mariscos, verduras, precocinados y mucho m&aacute;s\",\"url\":\"https:\\\/\\\/congeladosbajocero.com\\\/\",\"logo\":{\"@type\":\"ImageObject\",\"inLanguage\":\"ca\",\"@id\":\"https:\\\/\\\/congeladosbajocero.com\\\/#\\\/schema\\\/logo\\\/image\\\/\",\"url\":\"https:\\\/\\\/congeladosbajocero.com\\\/wp-content\\\/uploads\\\/2025\\\/03\\\/logo-bajo-cero-png.webp\",\"contentUrl\":\"https:\\\/\\\/congeladosbajocero.com\\\/wp-content\\\/uploads\\\/2025\\\/03\\\/logo-bajo-cero-png.webp\",\"width\":498,\"height\":193,\"caption\":\"Productos Congelados a Domicilio | Pescado, mariscos, verduras, precocinados y mucho m&aacute;s\"},\"image\":{\"@id\":\"https:\\\/\\\/congeladosbajocero.com\\\/#\\\/schema\\\/logo\\\/image\\\/\"}}]}<\/script>\n<meta property=\"product:price:amount\" content=\"4.99\" \/>\n<meta property=\"product:price:currency\" content=\"EUR\" \/>\n<meta property=\"og:availability\" content=\"instock\" \/>\n<meta property=\"product:availability\" content=\"instock\" \/>\n<meta property=\"product:retailer_item_id\" content=\"2279\" \/>\n<meta property=\"product:condition\" content=\"new\" \/>\n<!-- \/ Yoast SEO plugin. -->","yoast_head_json":{"title":"Calamar Farciment de Carn per Unitat - Productes Congelats a Domicili | Peix, marisc, verdures, precuinats i molt m\u00e9s","description":"Pota de calamar amb farcit tradicional en cru, vedella nacional, verdures mediterr\u00e0nies i condimentat amb esp\u00e8cies naturals.","robots":{"index":"index","follow":"follow","max-snippet":"max-snippet:-1","max-image-preview":"max-image-preview:large","max-video-preview":"max-video-preview:-1"},"canonical":"https:\/\/congeladosbajocero.com\/ca\/platos-preparados-congelados\/calamar-relleno-de-carne-250g\/","og_locale":"ca_ES","og_type":"article","og_title":"Calamar Relleno de Carne por Unidad - Productos Congelados a Domicilio | Pescado, mariscos, verduras, precocinados y mucho m&aacute;s","og_description":"Pota de calamar con relleno tradicional en crudo, ternera nacional, verduras mediterr\u00e1neas y condimentado con especias naturales.","og_url":"https:\/\/congeladosbajocero.com\/ca\/platos-preparados-congelados\/calamar-relleno-de-carne-250g\/","og_site_name":"Productos Congelados a Domicilio | Pescado, mariscos, verduras, precocinados y mucho m&aacute;s","article_modified_time":"2025-04-10T09:43:14+00:00","og_image":[{"width":600,"height":600,"url":"https:\/\/congeladosbajocero.com\/wp-content\/uploads\/2025\/03\/calamar-de-carne.webp","type":"image\/jpeg"}],"twitter_card":"summary_large_image","twitter_misc":{"Preu":"4,99&nbsp;&euro;","Disponibilitat":"En estoc"},"schema":{"@context":"https:\/\/schema.org","@graph":[{"@type":"WebPage","@id":"https:\/\/congeladosbajocero.com\/platos-preparados-congelados\/calamar-relleno-de-carne-250g\/","url":"https:\/\/congeladosbajocero.com\/platos-preparados-congelados\/calamar-relleno-de-carne-250g\/","name":"Calamar Farciment de Carn per Unitat - Productes Congelats a Domicili | Peix, marisc, verdures, precuinats i molt m\u00e9s","isPartOf":{"@id":"https:\/\/congeladosbajocero.com\/#website"},"primaryImageOfPage":{"@id":"https:\/\/congeladosbajocero.com\/platos-preparados-congelados\/calamar-relleno-de-carne-250g\/#primaryimage"},"image":{"@id":"https:\/\/congeladosbajocero.com\/platos-preparados-congelados\/calamar-relleno-de-carne-250g\/#primaryimage"},"thumbnailUrl":"https:\/\/congeladosbajocero.com\/wp-content\/uploads\/2025\/03\/calamar-de-carne.webp","datePublished":"2025-03-18T11:18:28+00:00","dateModified":"2025-04-10T09:43:14+00:00","description":"Pota de calamar amb farcit tradicional en cru, vedella nacional, verdures mediterr\u00e0nies i condimentat amb esp\u00e8cies naturals.","breadcrumb":{"@id":"https:\/\/congeladosbajocero.com\/platos-preparados-congelados\/calamar-relleno-de-carne-250g\/#breadcrumb"},"inLanguage":"ca","potentialAction":[{"@type":"ReadAction","target":["https:\/\/congeladosbajocero.com\/platos-preparados-congelados\/calamar-relleno-de-carne-250g\/"]}]},{"@type":"ImageObject","inLanguage":"ca","@id":"https:\/\/congeladosbajocero.com\/platos-preparados-congelados\/calamar-relleno-de-carne-250g\/#primaryimage","url":"https:\/\/congeladosbajocero.com\/wp-content\/uploads\/2025\/03\/calamar-de-carne.webp","contentUrl":"https:\/\/congeladosbajocero.com\/wp-content\/uploads\/2025\/03\/calamar-de-carne.webp","width":600,"height":600},{"@type":"BreadcrumbList","@id":"https:\/\/congeladosbajocero.com\/platos-preparados-congelados\/calamar-relleno-de-carne-250g\/#breadcrumb","itemListElement":[{"@type":"ListItem","position":1,"name":"Portada","item":"https:\/\/congeladosbajocero.com\/"},{"@type":"ListItem","position":2,"name":"Tienda","item":"https:\/\/congeladosbajocero.com\/shop\/"},{"@type":"ListItem","position":3,"name":"Calamar Relleno de Carne por Unidad"}]},{"@type":"WebSite","@id":"https:\/\/congeladosbajocero.com\/#website","url":"https:\/\/congeladosbajocero.com\/","name":"Productes Congelats a Domicili | Peix, marisc, verdures, precuinats i molt m\u00e9s","description":"Venda online de congelats","publisher":{"@id":"https:\/\/congeladosbajocero.com\/#organization"},"potentialAction":[{"@type":"SearchAction","target":{"@type":"EntryPoint","urlTemplate":"https:\/\/congeladosbajocero.com\/?s={search_term_string}"},"query-input":{"@type":"PropertyValueSpecification","valueRequired":true,"valueName":"search_term_string"}}],"inLanguage":"ca"},{"@type":"Organization","@id":"https:\/\/congeladosbajocero.com\/#organization","name":"Productes Congelats a Domicili | Peix, marisc, verdures, precuinats i molt m\u00e9s","url":"https:\/\/congeladosbajocero.com\/","logo":{"@type":"ImageObject","inLanguage":"ca","@id":"https:\/\/congeladosbajocero.com\/#\/schema\/logo\/image\/","url":"https:\/\/congeladosbajocero.com\/wp-content\/uploads\/2025\/03\/logo-bajo-cero-png.webp","contentUrl":"https:\/\/congeladosbajocero.com\/wp-content\/uploads\/2025\/03\/logo-bajo-cero-png.webp","width":498,"height":193,"caption":"Productos Congelados a Domicilio | Pescado, mariscos, verduras, precocinados y mucho m&aacute;s"},"image":{"@id":"https:\/\/congeladosbajocero.com\/#\/schema\/logo\/image\/"}}]},"product_price_amount":"4.99","product_price_currency":"EUR","og_availability":"instock","product_availability":"instock","product_retailer_item_id":"2279","product_condition":"new"},"_links":{"self":[{"href":"https:\/\/congeladosbajocero.com\/ca\/wp-json\/wp\/v2\/product\/281","targetHints":{"allow":["GET"]}}],"collection":[{"href":"https:\/\/congeladosbajocero.com\/ca\/wp-json\/wp\/v2\/product"}],"about":[{"href":"https:\/\/congeladosbajocero.com\/ca\/wp-json\/wp\/v2\/types\/product"}],"wp:featuredmedia":[{"embeddable":true,"href":"https:\/\/congeladosbajocero.com\/ca\/wp-json\/wp\/v2\/media\/647"}],"wp:attachment":[{"href":"https:\/\/congeladosbajocero.com\/ca\/wp-json\/wp\/v2\/media?parent=281"}],"wp:term":[{"taxonomy":"product_brand","embeddable":true,"href":"https:\/\/congeladosbajocero.com\/ca\/wp-json\/wp\/v2\/product_brand?post=281"},{"taxonomy":"product_cat","embeddable":true,"href":"https:\/\/congeladosbajocero.com\/ca\/wp-json\/wp\/v2\/product_cat?post=281"},{"taxonomy":"product_tag","embeddable":true,"href":"https:\/\/congeladosbajocero.com\/ca\/wp-json\/wp\/v2\/product_tag?post=281"}],"curies":[{"name":"wp","href":"https:\/\/api.w.org\/{rel}","templated":true}]}}