{"id":268,"date":"2025-03-18T10:58:12","date_gmt":"2025-03-18T10:58:12","guid":{"rendered":"https:\/\/congeladosbajocero.com\/?post_type=product&#038;p=268"},"modified":"2025-04-10T09:39:45","modified_gmt":"2025-04-10T09:39:45","slug":"bombas-grandes-picantes-250g","status":"publish","type":"product","link":"https:\/\/congeladosbajocero.com\/ca\/platos-preparados-congelados\/bombas-grandes-picantes-250g\/","title":{"rendered":"Bombes Grans Picants per Unitat"},"content":{"rendered":"<h4 data-start=\"639\" data-end=\"672\"><\/h4>\n<h4 data-start=\"639\" data-end=\"672\">\u00bf Qu\u00e8 les fa especials?<\/h4>\n<ul data-start=\"674\" data-end=\"863\">\n<li class=\"\" data-start=\"674\" data-end=\"726\">\n<p class=\"\" data-start=\"676\" data-end=\"726\"><strong data-start=\"676\" data-end=\"694\">Farciment suc\u00f3s<\/strong> de xori\u00e7o picant i pebrot<\/p>\n<\/li>\n<li class=\"\" data-start=\"727\" data-end=\"765\">\n<p class=\"\" data-start=\"729\" data-end=\"765\">Embolicades en suau crema de patata<\/p>\n<\/li>\n<li class=\"\" data-start=\"766\" data-end=\"806\">\n<p class=\"\" data-start=\"768\" data-end=\"806\">Arrebossat exterior cruixent en fregir<\/p>\n<\/li>\n<li class=\"\" data-start=\"807\" data-end=\"863\">\n<p class=\"\" data-start=\"809\" data-end=\"863\">Sabor intens amb un toc picant, sense ser excessiu<\/p>\n<\/li>\n<\/ul>\n<p>&nbsp;<\/p>\n<h4 data-start=\"870\" data-end=\"896\">Mode de preparaci\u00f3<\/h4>\n<p class=\"\" data-start=\"898\" data-end=\"922\"><strong data-start=\"898\" data-end=\"920\">Fregidora o paella:<\/strong><\/p>\n<ul data-start=\"923\" data-end=\"1059\">\n<li class=\"\" data-start=\"923\" data-end=\"1007\">\n<p class=\"\" data-start=\"925\" data-end=\"1007\">Cuinar directament congelades en oli calent (170 \u00b0 C) durant 4-5 minuts.<\/p>\n<\/li>\n<li class=\"\" data-start=\"1008\" data-end=\"1059\">\n<p class=\"\" data-start=\"1010\" data-end=\"1059\">Daureu pels dos costats i escorreu-los abans de servir.<\/p>\n<\/li>\n<\/ul>\n<p class=\"\" data-start=\"1061\" data-end=\"1087\"><strong data-start=\"1061\" data-end=\"1085\">Airfryer (opcional):<\/strong><\/p>\n<ul data-start=\"1088\" data-end=\"1144\">\n<li class=\"\" data-start=\"1088\" data-end=\"1144\">\n<p class=\"\" data-start=\"1090\" data-end=\"1144\">Cuinar a 200 \u00b0 C durant 10-12 minuts, fins daurades.<\/p>\n<\/li>\n<\/ul>\n<p>&nbsp;<\/p>\n<h4 data-start=\"1151\" data-end=\"1169\">Ideal per a\u2026<\/h4>\n<ul data-start=\"1171\" data-end=\"1288\">\n<li class=\"\" data-start=\"1171\" data-end=\"1191\">\n<p class=\"\" data-start=\"1173\" data-end=\"1191\">Tapes amb amics<\/p>\n<\/li>\n<li class=\"\" data-start=\"1192\" data-end=\"1219\">\n<p class=\"\" data-start=\"1194\" data-end=\"1219\">Aperitius amb car\u00e0cter<\/p>\n<\/li>\n<li class=\"\" data-start=\"1220\" data-end=\"1247\">\n<p class=\"\" data-start=\"1222\" data-end=\"1247\">Men\u00fas amb sabor espanyol<\/p>\n<\/li>\n<li class=\"\" data-start=\"1248\" data-end=\"1288\">\n<p class=\"\" data-start=\"1250\" data-end=\"1288\">O simplement per <strong data-start=\"1269\" data-end=\"1288\">passar-ho bomba<\/strong><\/p>\n<\/li>\n<\/ul>","protected":false},"excerpt":{"rendered":"<p class=\"\" data-start=\"251\" data-end=\"522\"><strong data-start=\"254\" data-end=\"292\">Explosi\u00f3 de sabor a cada mos.<\/strong> Les nostres <strong data-start=\"302\" data-end=\"329\">bombes grans picants<\/strong> estan inspirades en la cuina riojana m\u00e9s aut\u00e8ntica: una barreja irresistible de <strong data-start=\"410\" data-end=\"429\">xori\u00e7o sabor\u00f3s<\/strong>, <strong data-start=\"431\" data-end=\"448\">pebrot vermell<\/strong> i un embolcall crem\u00f3s de <strong data-start=\"476\" data-end=\"521\">pur\u00e9 de patata suau i cruixent en fregir<\/strong>.<\/p>\n<p class=\"\" data-start=\"524\" data-end=\"632\">Perfectes com tapa calenta, entrant o per sorprendre a les teves reunions amb un mos intens i diferent.<\/p>","protected":false},"featured_media":269,"template":"","meta":[],"product_brand":[],"product_cat":[31,32],"product_tag":[],"class_list":{"0":"post-268","1":"product","2":"type-product","3":"status-publish","4":"has-post-thumbnail","6":"product_cat-carne-congelada","7":"product_cat-platos-preparados-congelados","9":"first","10":"instock","11":"shipping-taxable","12":"purchasable","13":"product-type-simple"},"yoast_head":"<!-- This site is optimized with the Yoast SEO plugin v27.3 - https:\/\/yoast.com\/product\/yoast-seo-wordpress\/ -->\n<title>Bombas Grandes Picantes por Unidad - Productos Congelados a Domicilio | Pescado, mariscos, verduras, precocinados y mucho m&aacute;s<\/title>\n<meta name=\"description\" content=\"Una mezcla irresistible de chorizo sabroso, pimiento rojo y una envoltura cremosa de pur\u00e9 de patata suave y crujiente al fre\u00edr.\" \/>\n<meta name=\"robots\" content=\"index, follow, max-snippet:-1, max-image-preview:large, max-video-preview:-1\" \/>\n<link rel=\"canonical\" href=\"https:\/\/congeladosbajocero.com\/ca\/platos-preparados-congelados\/bombas-grandes-picantes-250g\/\" \/>\n<meta property=\"og:locale\" content=\"ca_ES\" \/>\n<meta property=\"og:type\" content=\"article\" \/>\n<meta property=\"og:title\" content=\"Bombas Grandes Picantes por Unidad - Productos Congelados a Domicilio | Pescado, mariscos, verduras, precocinados y mucho m&aacute;s\" \/>\n<meta property=\"og:description\" content=\"Una mezcla irresistible de chorizo sabroso, pimiento rojo y una envoltura cremosa de pur\u00e9 de patata suave y crujiente al fre\u00edr.\" \/>\n<meta property=\"og:url\" content=\"https:\/\/congeladosbajocero.com\/ca\/platos-preparados-congelados\/bombas-grandes-picantes-250g\/\" \/>\n<meta property=\"og:site_name\" content=\"Productos Congelados a Domicilio | Pescado, mariscos, verduras, precocinados y mucho m&aacute;s\" \/>\n<meta property=\"article:modified_time\" content=\"2025-04-10T09:39:45+00:00\" \/>\n<meta property=\"og:image\" content=\"https:\/\/congeladosbajocero.com\/wp-content\/uploads\/2025\/03\/bombas-picantes.webp\" \/>\n\t<meta property=\"og:image:width\" content=\"600\" \/>\n\t<meta property=\"og:image:height\" content=\"600\" \/>\n\t<meta property=\"og:image:type\" content=\"image\/jpeg\" \/>\n<meta name=\"twitter:card\" content=\"summary_large_image\" \/>\n<meta name=\"twitter:label1\" content=\"Preu\" \/>\n\t<meta name=\"twitter:data1\" content=\"2,25&nbsp;&euro;\" \/>\n\t<meta name=\"twitter:label2\" content=\"Disponibilitat\" \/>\n\t<meta name=\"twitter:data2\" content=\"En estoc\" \/>\n<script type=\"application\/ld+json\" class=\"yoast-schema-graph\">{\"@context\":\"https:\\\/\\\/schema.org\",\"@graph\":[{\"@type\":\"WebPage\",\"@id\":\"https:\\\/\\\/congeladosbajocero.com\\\/platos-preparados-congelados\\\/bombas-grandes-picantes-250g\\\/\",\"url\":\"https:\\\/\\\/congeladosbajocero.com\\\/platos-preparados-congelados\\\/bombas-grandes-picantes-250g\\\/\",\"name\":\"Bombas Grandes Picantes por Unidad - Productos Congelados a Domicilio | Pescado, mariscos, verduras, precocinados y mucho m&aacute;s\",\"isPartOf\":{\"@id\":\"https:\\\/\\\/congeladosbajocero.com\\\/#website\"},\"primaryImageOfPage\":{\"@id\":\"https:\\\/\\\/congeladosbajocero.com\\\/platos-preparados-congelados\\\/bombas-grandes-picantes-250g\\\/#primaryimage\"},\"image\":{\"@id\":\"https:\\\/\\\/congeladosbajocero.com\\\/platos-preparados-congelados\\\/bombas-grandes-picantes-250g\\\/#primaryimage\"},\"thumbnailUrl\":\"https:\\\/\\\/congeladosbajocero.com\\\/wp-content\\\/uploads\\\/2025\\\/03\\\/bombas-picantes.webp\",\"datePublished\":\"2025-03-18T10:58:12+00:00\",\"dateModified\":\"2025-04-10T09:39:45+00:00\",\"description\":\"Una mezcla irresistible de chorizo sabroso, pimiento rojo y una envoltura cremosa de pur\u00e9 de patata suave y crujiente al fre\u00edr.\",\"breadcrumb\":{\"@id\":\"https:\\\/\\\/congeladosbajocero.com\\\/platos-preparados-congelados\\\/bombas-grandes-picantes-250g\\\/#breadcrumb\"},\"inLanguage\":\"ca\",\"potentialAction\":[{\"@type\":\"ReadAction\",\"target\":[\"https:\\\/\\\/congeladosbajocero.com\\\/platos-preparados-congelados\\\/bombas-grandes-picantes-250g\\\/\"]}]},{\"@type\":\"ImageObject\",\"inLanguage\":\"ca\",\"@id\":\"https:\\\/\\\/congeladosbajocero.com\\\/platos-preparados-congelados\\\/bombas-grandes-picantes-250g\\\/#primaryimage\",\"url\":\"https:\\\/\\\/congeladosbajocero.com\\\/wp-content\\\/uploads\\\/2025\\\/03\\\/bombas-picantes.webp\",\"contentUrl\":\"https:\\\/\\\/congeladosbajocero.com\\\/wp-content\\\/uploads\\\/2025\\\/03\\\/bombas-picantes.webp\",\"width\":600,\"height\":600},{\"@type\":\"BreadcrumbList\",\"@id\":\"https:\\\/\\\/congeladosbajocero.com\\\/platos-preparados-congelados\\\/bombas-grandes-picantes-250g\\\/#breadcrumb\",\"itemListElement\":[{\"@type\":\"ListItem\",\"position\":1,\"name\":\"Portada\",\"item\":\"https:\\\/\\\/congeladosbajocero.com\\\/\"},{\"@type\":\"ListItem\",\"position\":2,\"name\":\"Tienda\",\"item\":\"https:\\\/\\\/congeladosbajocero.com\\\/shop\\\/\"},{\"@type\":\"ListItem\",\"position\":3,\"name\":\"Bombas Grandes Picantes por Unidad\"}]},{\"@type\":\"WebSite\",\"@id\":\"https:\\\/\\\/congeladosbajocero.com\\\/#website\",\"url\":\"https:\\\/\\\/congeladosbajocero.com\\\/\",\"name\":\"Productos Congelados a Domicilio | Pescado, mariscos, verduras, precocinados y mucho m&aacute;s\",\"description\":\"Venta online de congelados\",\"publisher\":{\"@id\":\"https:\\\/\\\/congeladosbajocero.com\\\/#organization\"},\"potentialAction\":[{\"@type\":\"SearchAction\",\"target\":{\"@type\":\"EntryPoint\",\"urlTemplate\":\"https:\\\/\\\/congeladosbajocero.com\\\/?s={search_term_string}\"},\"query-input\":{\"@type\":\"PropertyValueSpecification\",\"valueRequired\":true,\"valueName\":\"search_term_string\"}}],\"inLanguage\":\"ca\"},{\"@type\":\"Organization\",\"@id\":\"https:\\\/\\\/congeladosbajocero.com\\\/#organization\",\"name\":\"Productos Congelados a Domicilio | Pescado, mariscos, verduras, precocinados y mucho m&aacute;s\",\"url\":\"https:\\\/\\\/congeladosbajocero.com\\\/\",\"logo\":{\"@type\":\"ImageObject\",\"inLanguage\":\"ca\",\"@id\":\"https:\\\/\\\/congeladosbajocero.com\\\/#\\\/schema\\\/logo\\\/image\\\/\",\"url\":\"https:\\\/\\\/congeladosbajocero.com\\\/wp-content\\\/uploads\\\/2025\\\/03\\\/logo-bajo-cero-png.webp\",\"contentUrl\":\"https:\\\/\\\/congeladosbajocero.com\\\/wp-content\\\/uploads\\\/2025\\\/03\\\/logo-bajo-cero-png.webp\",\"width\":498,\"height\":193,\"caption\":\"Productos Congelados a Domicilio | Pescado, mariscos, verduras, precocinados y mucho m&aacute;s\"},\"image\":{\"@id\":\"https:\\\/\\\/congeladosbajocero.com\\\/#\\\/schema\\\/logo\\\/image\\\/\"}}]}<\/script>\n<meta property=\"product:price:amount\" content=\"2.25\" \/>\n<meta property=\"product:price:currency\" content=\"EUR\" \/>\n<meta property=\"og:availability\" content=\"instock\" \/>\n<meta property=\"product:availability\" content=\"instock\" \/>\n<meta property=\"product:retailer_item_id\" content=\"2262\" \/>\n<meta property=\"product:condition\" content=\"new\" \/>\n<!-- \/ Yoast SEO plugin. -->","yoast_head_json":{"title":"Bombes Grans Picants per Unitat - Productes Congelats a Domicili | Peix, marisc, verdures, precuinats i molt m\u00e9s","description":"Una barreja irresistible de xori\u00e7o sabor\u00f3s, pebrot vermell i un embolcall crem\u00f3s de pur\u00e9 de patata suau i cruixent en fregir.","robots":{"index":"index","follow":"follow","max-snippet":"max-snippet:-1","max-image-preview":"max-image-preview:large","max-video-preview":"max-video-preview:-1"},"canonical":"https:\/\/congeladosbajocero.com\/ca\/platos-preparados-congelados\/bombas-grandes-picantes-250g\/","og_locale":"ca_ES","og_type":"article","og_title":"Bombas Grandes Picantes por Unidad - Productos Congelados a Domicilio | Pescado, mariscos, verduras, precocinados y mucho m&aacute;s","og_description":"Una mezcla irresistible de chorizo sabroso, pimiento rojo y una envoltura cremosa de pur\u00e9 de patata suave y crujiente al fre\u00edr.","og_url":"https:\/\/congeladosbajocero.com\/ca\/platos-preparados-congelados\/bombas-grandes-picantes-250g\/","og_site_name":"Productos Congelados a Domicilio | Pescado, mariscos, verduras, precocinados y mucho m&aacute;s","article_modified_time":"2025-04-10T09:39:45+00:00","og_image":[{"width":600,"height":600,"url":"https:\/\/congeladosbajocero.com\/wp-content\/uploads\/2025\/03\/bombas-picantes.webp","type":"image\/jpeg"}],"twitter_card":"summary_large_image","twitter_misc":{"Preu":"2,25&nbsp;&euro;","Disponibilitat":"En estoc"},"schema":{"@context":"https:\/\/schema.org","@graph":[{"@type":"WebPage","@id":"https:\/\/congeladosbajocero.com\/platos-preparados-congelados\/bombas-grandes-picantes-250g\/","url":"https:\/\/congeladosbajocero.com\/platos-preparados-congelados\/bombas-grandes-picantes-250g\/","name":"Bombes Grans Picants per Unitat - Productes Congelats a Domicili | Peix, marisc, verdures, precuinats i molt m\u00e9s","isPartOf":{"@id":"https:\/\/congeladosbajocero.com\/#website"},"primaryImageOfPage":{"@id":"https:\/\/congeladosbajocero.com\/platos-preparados-congelados\/bombas-grandes-picantes-250g\/#primaryimage"},"image":{"@id":"https:\/\/congeladosbajocero.com\/platos-preparados-congelados\/bombas-grandes-picantes-250g\/#primaryimage"},"thumbnailUrl":"https:\/\/congeladosbajocero.com\/wp-content\/uploads\/2025\/03\/bombas-picantes.webp","datePublished":"2025-03-18T10:58:12+00:00","dateModified":"2025-04-10T09:39:45+00:00","description":"Una barreja irresistible de xori\u00e7o sabor\u00f3s, pebrot vermell i un embolcall crem\u00f3s de pur\u00e9 de patata suau i cruixent en fregir.","breadcrumb":{"@id":"https:\/\/congeladosbajocero.com\/platos-preparados-congelados\/bombas-grandes-picantes-250g\/#breadcrumb"},"inLanguage":"ca","potentialAction":[{"@type":"ReadAction","target":["https:\/\/congeladosbajocero.com\/platos-preparados-congelados\/bombas-grandes-picantes-250g\/"]}]},{"@type":"ImageObject","inLanguage":"ca","@id":"https:\/\/congeladosbajocero.com\/platos-preparados-congelados\/bombas-grandes-picantes-250g\/#primaryimage","url":"https:\/\/congeladosbajocero.com\/wp-content\/uploads\/2025\/03\/bombas-picantes.webp","contentUrl":"https:\/\/congeladosbajocero.com\/wp-content\/uploads\/2025\/03\/bombas-picantes.webp","width":600,"height":600},{"@type":"BreadcrumbList","@id":"https:\/\/congeladosbajocero.com\/platos-preparados-congelados\/bombas-grandes-picantes-250g\/#breadcrumb","itemListElement":[{"@type":"ListItem","position":1,"name":"Portada","item":"https:\/\/congeladosbajocero.com\/"},{"@type":"ListItem","position":2,"name":"Tienda","item":"https:\/\/congeladosbajocero.com\/shop\/"},{"@type":"ListItem","position":3,"name":"Bombas Grandes Picantes por Unidad"}]},{"@type":"WebSite","@id":"https:\/\/congeladosbajocero.com\/#website","url":"https:\/\/congeladosbajocero.com\/","name":"Productes Congelats a Domicili | Peix, marisc, verdures, precuinats i molt m\u00e9s","description":"Venda online de congelats","publisher":{"@id":"https:\/\/congeladosbajocero.com\/#organization"},"potentialAction":[{"@type":"SearchAction","target":{"@type":"EntryPoint","urlTemplate":"https:\/\/congeladosbajocero.com\/?s={search_term_string}"},"query-input":{"@type":"PropertyValueSpecification","valueRequired":true,"valueName":"search_term_string"}}],"inLanguage":"ca"},{"@type":"Organization","@id":"https:\/\/congeladosbajocero.com\/#organization","name":"Productes Congelats a Domicili | Peix, marisc, verdures, precuinats i molt m\u00e9s","url":"https:\/\/congeladosbajocero.com\/","logo":{"@type":"ImageObject","inLanguage":"ca","@id":"https:\/\/congeladosbajocero.com\/#\/schema\/logo\/image\/","url":"https:\/\/congeladosbajocero.com\/wp-content\/uploads\/2025\/03\/logo-bajo-cero-png.webp","contentUrl":"https:\/\/congeladosbajocero.com\/wp-content\/uploads\/2025\/03\/logo-bajo-cero-png.webp","width":498,"height":193,"caption":"Productos Congelados a Domicilio | Pescado, mariscos, verduras, precocinados y mucho m&aacute;s"},"image":{"@id":"https:\/\/congeladosbajocero.com\/#\/schema\/logo\/image\/"}}]},"product_price_amount":"2.25","product_price_currency":"EUR","og_availability":"instock","product_availability":"instock","product_retailer_item_id":"2262","product_condition":"new"},"_links":{"self":[{"href":"https:\/\/congeladosbajocero.com\/ca\/wp-json\/wp\/v2\/product\/268","targetHints":{"allow":["GET"]}}],"collection":[{"href":"https:\/\/congeladosbajocero.com\/ca\/wp-json\/wp\/v2\/product"}],"about":[{"href":"https:\/\/congeladosbajocero.com\/ca\/wp-json\/wp\/v2\/types\/product"}],"wp:featuredmedia":[{"embeddable":true,"href":"https:\/\/congeladosbajocero.com\/ca\/wp-json\/wp\/v2\/media\/269"}],"wp:attachment":[{"href":"https:\/\/congeladosbajocero.com\/ca\/wp-json\/wp\/v2\/media?parent=268"}],"wp:term":[{"taxonomy":"product_brand","embeddable":true,"href":"https:\/\/congeladosbajocero.com\/ca\/wp-json\/wp\/v2\/product_brand?post=268"},{"taxonomy":"product_cat","embeddable":true,"href":"https:\/\/congeladosbajocero.com\/ca\/wp-json\/wp\/v2\/product_cat?post=268"},{"taxonomy":"product_tag","embeddable":true,"href":"https:\/\/congeladosbajocero.com\/ca\/wp-json\/wp\/v2\/product_tag?post=268"}],"curies":[{"name":"wp","href":"https:\/\/api.w.org\/{rel}","templated":true}]}}