{"id":262,"date":"2025-03-18T10:50:24","date_gmt":"2025-03-18T10:50:24","guid":{"rendered":"https:\/\/congeladosbajocero.com\/?post_type=product&#038;p=262"},"modified":"2025-04-10T09:36:24","modified_gmt":"2025-04-10T09:36:24","slug":"churros-lazo-250g","status":"publish","type":"product","link":"https:\/\/congeladosbajocero.com\/ca\/postres-congelados\/churros-lazo-250g\/","title":{"rendered":"Xurros Lla\u00e7 250g"},"content":{"rendered":"<h4 data-start=\"528\" data-end=\"574\"><\/h4>\n<h4 data-start=\"528\" data-end=\"574\">Com preparar xurros lla\u00e7 congelats?<\/h4>\n<p class=\"\" data-start=\"576\" data-end=\"668\">Aquests xurros no necessiten descongelar-se pr\u00e8viament. Pots cuinar-los de diferents maneres:<\/p>\n<ul>\n<li data-start=\"670\" data-end=\"695\">Fregidora o paella<\/li>\n<\/ul>\n<ol data-start=\"696\" data-end=\"885\">\n<li class=\"\" data-start=\"696\" data-end=\"736\">\n<p class=\"\" data-start=\"699\" data-end=\"736\">Escalfa abundant oli a 180 \u00b0C.<\/p>\n<\/li>\n<li class=\"\" data-start=\"737\" data-end=\"814\">\n<p class=\"\" data-start=\"740\" data-end=\"814\">Fregiu els xurros congelats durant 3-4 minuts fins que estiguin daurats.<\/p>\n<\/li>\n<li class=\"\" data-start=\"815\" data-end=\"885\">\n<p class=\"\" data-start=\"818\" data-end=\"885\">Escorre&#039;ls sobre paper absorbent i empolvora amb sucre al gust.<\/p>\n<\/li>\n<\/ol>\n<ul>\n<li data-start=\"887\" data-end=\"900\">Forn<\/li>\n<\/ul>\n<ol data-start=\"901\" data-end=\"1089\">\n<li class=\"\" data-start=\"901\" data-end=\"936\">\n<p class=\"\" data-start=\"904\" data-end=\"936\">Preescalfeu el forn a 200 \u00b0C.<\/p>\n<\/li>\n<li class=\"\" data-start=\"937\" data-end=\"997\">\n<p class=\"\" data-start=\"940\" data-end=\"997\">Col\u00b7loca els xurros sobre una safata amb paper vegetal.<\/p>\n<\/li>\n<li class=\"\" data-start=\"998\" data-end=\"1089\">\n<p class=\"\" data-start=\"1001\" data-end=\"1089\">Forneja durant 8-10 minuts, girant-los a meitat de cocci\u00f3 si desitges un daurat uniforme.<\/p>\n<\/li>\n<\/ol>\n<ul>\n<li data-start=\"1091\" data-end=\"1127\">Fregidora d&#039;aire (airfryer)<\/li>\n<\/ul>\n<ol>\n<li style=\"list-style-type: none;\">\n<ol data-start=\"1128\" data-end=\"1226\">\n<li class=\"\" data-start=\"1128\" data-end=\"1166\">\n<p class=\"\" data-start=\"1131\" data-end=\"1166\">Preescalfa l&#039;airfryer a 200 \u00b0C.<\/p>\n<\/li>\n<li class=\"\" data-start=\"1167\" data-end=\"1226\">\n<p class=\"\" data-start=\"1170\" data-end=\"1226\">Cuina durant 7-8 minuts fins que estiguin cruixents.<\/p>\n<\/li>\n<\/ol>\n<\/li>\n<\/ol>\n<p>&nbsp;<\/p>\n<h4 data-start=\"1331\" data-end=\"1351\">\u00bf Sabies que\u2026?<\/h4>\n<p class=\"\" data-start=\"1353\" data-end=\"1543\">El xurro en forma de lla\u00e7 \u00e9s un dels formats m\u00e9s tradicionals i populars a tot Espanya. La forma permet una cocci\u00f3 uniforme i una textura exterior cruixent amb interior esponj\u00f3s.<\/p>","protected":false},"excerpt":{"rendered":"<p class=\"\" data-start=\"174\" data-end=\"431\">Gaudeix del sabor m\u00e9s tradicional amb els nostres <strong data-start=\"222\" data-end=\"250\">xurros en forma de lla\u00e7<\/strong>, perfectes per esmorzars i berenars a casa. Elaborats amb massa lleugera i cruixent, i <strong data-start=\"340\" data-end=\"386\">congelats just despr\u00e9s de la seva preparaci\u00f3<\/strong>, conserven tot el seu sabor i textura original.<\/p>\n<p class=\"\" data-start=\"433\" data-end=\"521\">Nom\u00e9s els has de cuinar uns minuts i estaran llestos per servir com acabats de fer.<\/p>","protected":false},"featured_media":263,"template":"","meta":[],"product_brand":[],"product_cat":[34],"product_tag":[],"class_list":{"0":"post-262","1":"product","2":"type-product","3":"status-publish","4":"has-post-thumbnail","6":"product_cat-postres-congelados","8":"first","9":"instock","10":"shipping-taxable","11":"purchasable","12":"product-type-simple"},"yoast_head":"<!-- This site is optimized with the Yoast SEO plugin v27.4 - https:\/\/yoast.com\/product\/yoast-seo-wordpress\/ -->\n<title>Churros Lazo 250g - Productos Congelados a Domicilio | Pescado, mariscos, verduras, precocinados y mucho m&aacute;s<\/title>\n<meta name=\"description\" content=\"Disfruta del sabor m\u00e1s tradicional con nuestros churros en forma de lazo, perfectos para desayunos y meriendas en casa.\" \/>\n<meta name=\"robots\" content=\"index, follow, max-snippet:-1, max-image-preview:large, max-video-preview:-1\" \/>\n<link rel=\"canonical\" href=\"https:\/\/congeladosbajocero.com\/ca\/postres-congelados\/churros-lazo-250g\/\" \/>\n<meta property=\"og:locale\" content=\"ca_ES\" \/>\n<meta property=\"og:type\" content=\"article\" \/>\n<meta property=\"og:title\" content=\"Churros Lazo 250g - Productos Congelados a Domicilio | Pescado, mariscos, verduras, precocinados y mucho m&aacute;s\" \/>\n<meta property=\"og:description\" content=\"Disfruta del sabor m\u00e1s tradicional con nuestros churros en forma de lazo, perfectos para desayunos y meriendas en casa.\" \/>\n<meta property=\"og:url\" content=\"https:\/\/congeladosbajocero.com\/ca\/postres-congelados\/churros-lazo-250g\/\" \/>\n<meta property=\"og:site_name\" content=\"Productos Congelados a Domicilio | Pescado, mariscos, verduras, precocinados y mucho m&aacute;s\" \/>\n<meta property=\"article:modified_time\" content=\"2025-04-10T09:36:24+00:00\" \/>\n<meta property=\"og:image\" content=\"https:\/\/congeladosbajocero.com\/wp-content\/uploads\/2025\/03\/churros-lazo-congelados.webp\" \/>\n\t<meta property=\"og:image:width\" content=\"600\" \/>\n\t<meta property=\"og:image:height\" content=\"600\" \/>\n\t<meta property=\"og:image:type\" content=\"image\/jpeg\" \/>\n<meta name=\"twitter:card\" content=\"summary_large_image\" \/>\n<meta name=\"twitter:label1\" content=\"Preu\" \/>\n\t<meta name=\"twitter:data1\" content=\"1,99&nbsp;&euro;\" \/>\n\t<meta name=\"twitter:label2\" content=\"Disponibilitat\" \/>\n\t<meta name=\"twitter:data2\" content=\"En estoc\" \/>\n<script type=\"application\/ld+json\" class=\"yoast-schema-graph\">{\"@context\":\"https:\\\/\\\/schema.org\",\"@graph\":[{\"@type\":\"WebPage\",\"@id\":\"https:\\\/\\\/congeladosbajocero.com\\\/postres-congelados\\\/churros-lazo-250g\\\/\",\"url\":\"https:\\\/\\\/congeladosbajocero.com\\\/postres-congelados\\\/churros-lazo-250g\\\/\",\"name\":\"Churros Lazo 250g - Productos Congelados a Domicilio | Pescado, mariscos, verduras, precocinados y mucho m&aacute;s\",\"isPartOf\":{\"@id\":\"https:\\\/\\\/congeladosbajocero.com\\\/#website\"},\"primaryImageOfPage\":{\"@id\":\"https:\\\/\\\/congeladosbajocero.com\\\/postres-congelados\\\/churros-lazo-250g\\\/#primaryimage\"},\"image\":{\"@id\":\"https:\\\/\\\/congeladosbajocero.com\\\/postres-congelados\\\/churros-lazo-250g\\\/#primaryimage\"},\"thumbnailUrl\":\"https:\\\/\\\/congeladosbajocero.com\\\/wp-content\\\/uploads\\\/2025\\\/03\\\/churros-lazo-congelados.webp\",\"datePublished\":\"2025-03-18T10:50:24+00:00\",\"dateModified\":\"2025-04-10T09:36:24+00:00\",\"description\":\"Disfruta del sabor m\u00e1s tradicional con nuestros churros en forma de lazo, perfectos para desayunos y meriendas en casa.\",\"breadcrumb\":{\"@id\":\"https:\\\/\\\/congeladosbajocero.com\\\/postres-congelados\\\/churros-lazo-250g\\\/#breadcrumb\"},\"inLanguage\":\"ca\",\"potentialAction\":[{\"@type\":\"ReadAction\",\"target\":[\"https:\\\/\\\/congeladosbajocero.com\\\/postres-congelados\\\/churros-lazo-250g\\\/\"]}]},{\"@type\":\"ImageObject\",\"inLanguage\":\"ca\",\"@id\":\"https:\\\/\\\/congeladosbajocero.com\\\/postres-congelados\\\/churros-lazo-250g\\\/#primaryimage\",\"url\":\"https:\\\/\\\/congeladosbajocero.com\\\/wp-content\\\/uploads\\\/2025\\\/03\\\/churros-lazo-congelados.webp\",\"contentUrl\":\"https:\\\/\\\/congeladosbajocero.com\\\/wp-content\\\/uploads\\\/2025\\\/03\\\/churros-lazo-congelados.webp\",\"width\":600,\"height\":600},{\"@type\":\"BreadcrumbList\",\"@id\":\"https:\\\/\\\/congeladosbajocero.com\\\/postres-congelados\\\/churros-lazo-250g\\\/#breadcrumb\",\"itemListElement\":[{\"@type\":\"ListItem\",\"position\":1,\"name\":\"Portada\",\"item\":\"https:\\\/\\\/congeladosbajocero.com\\\/\"},{\"@type\":\"ListItem\",\"position\":2,\"name\":\"Tienda\",\"item\":\"https:\\\/\\\/congeladosbajocero.com\\\/shop\\\/\"},{\"@type\":\"ListItem\",\"position\":3,\"name\":\"Churros Lazo 250g\"}]},{\"@type\":\"WebSite\",\"@id\":\"https:\\\/\\\/congeladosbajocero.com\\\/#website\",\"url\":\"https:\\\/\\\/congeladosbajocero.com\\\/\",\"name\":\"Productos Congelados a Domicilio | Pescado, mariscos, verduras, precocinados y mucho m&aacute;s\",\"description\":\"Venta online de congelados\",\"publisher\":{\"@id\":\"https:\\\/\\\/congeladosbajocero.com\\\/#organization\"},\"potentialAction\":[{\"@type\":\"SearchAction\",\"target\":{\"@type\":\"EntryPoint\",\"urlTemplate\":\"https:\\\/\\\/congeladosbajocero.com\\\/?s={search_term_string}\"},\"query-input\":{\"@type\":\"PropertyValueSpecification\",\"valueRequired\":true,\"valueName\":\"search_term_string\"}}],\"inLanguage\":\"ca\"},{\"@type\":\"Organization\",\"@id\":\"https:\\\/\\\/congeladosbajocero.com\\\/#organization\",\"name\":\"Productos Congelados a Domicilio | Pescado, mariscos, verduras, precocinados y mucho m&aacute;s\",\"url\":\"https:\\\/\\\/congeladosbajocero.com\\\/\",\"logo\":{\"@type\":\"ImageObject\",\"inLanguage\":\"ca\",\"@id\":\"https:\\\/\\\/congeladosbajocero.com\\\/#\\\/schema\\\/logo\\\/image\\\/\",\"url\":\"https:\\\/\\\/congeladosbajocero.com\\\/wp-content\\\/uploads\\\/2025\\\/03\\\/logo-bajo-cero-png.webp\",\"contentUrl\":\"https:\\\/\\\/congeladosbajocero.com\\\/wp-content\\\/uploads\\\/2025\\\/03\\\/logo-bajo-cero-png.webp\",\"width\":498,\"height\":193,\"caption\":\"Productos Congelados a Domicilio | Pescado, mariscos, verduras, precocinados y mucho m&aacute;s\"},\"image\":{\"@id\":\"https:\\\/\\\/congeladosbajocero.com\\\/#\\\/schema\\\/logo\\\/image\\\/\"}}]}<\/script>\n<meta property=\"product:price:amount\" content=\"1.99\" \/>\n<meta property=\"product:price:currency\" content=\"EUR\" \/>\n<meta property=\"og:availability\" content=\"instock\" \/>\n<meta property=\"product:availability\" content=\"instock\" \/>\n<meta property=\"product:retailer_item_id\" content=\"2258\" \/>\n<meta property=\"product:condition\" content=\"new\" \/>\n<!-- \/ Yoast SEO plugin. -->","yoast_head_json":{"title":"Xurros Lla\u00e7 250g - Productes Congelats a Domicili | Peix, marisc, verdures, precuinats i molt m\u00e9s","description":"Gaudeix del sabor m\u00e9s tradicional amb els nostres xurros en forma de lla\u00e7, perfectes per esmorzars i berenars a casa.","robots":{"index":"index","follow":"follow","max-snippet":"max-snippet:-1","max-image-preview":"max-image-preview:large","max-video-preview":"max-video-preview:-1"},"canonical":"https:\/\/congeladosbajocero.com\/ca\/postres-congelados\/churros-lazo-250g\/","og_locale":"ca_ES","og_type":"article","og_title":"Churros Lazo 250g - Productos Congelados a Domicilio | Pescado, mariscos, verduras, precocinados y mucho m&aacute;s","og_description":"Disfruta del sabor m\u00e1s tradicional con nuestros churros en forma de lazo, perfectos para desayunos y meriendas en casa.","og_url":"https:\/\/congeladosbajocero.com\/ca\/postres-congelados\/churros-lazo-250g\/","og_site_name":"Productos Congelados a Domicilio | Pescado, mariscos, verduras, precocinados y mucho m&aacute;s","article_modified_time":"2025-04-10T09:36:24+00:00","og_image":[{"width":600,"height":600,"url":"https:\/\/congeladosbajocero.com\/wp-content\/uploads\/2025\/03\/churros-lazo-congelados.webp","type":"image\/jpeg"}],"twitter_card":"summary_large_image","twitter_misc":{"Preu":"1,99&nbsp;&euro;","Disponibilitat":"En estoc"},"schema":{"@context":"https:\/\/schema.org","@graph":[{"@type":"WebPage","@id":"https:\/\/congeladosbajocero.com\/postres-congelados\/churros-lazo-250g\/","url":"https:\/\/congeladosbajocero.com\/postres-congelados\/churros-lazo-250g\/","name":"Xurros Lla\u00e7 250g - Productes Congelats a Domicili | Peix, marisc, verdures, precuinats i molt m\u00e9s","isPartOf":{"@id":"https:\/\/congeladosbajocero.com\/#website"},"primaryImageOfPage":{"@id":"https:\/\/congeladosbajocero.com\/postres-congelados\/churros-lazo-250g\/#primaryimage"},"image":{"@id":"https:\/\/congeladosbajocero.com\/postres-congelados\/churros-lazo-250g\/#primaryimage"},"thumbnailUrl":"https:\/\/congeladosbajocero.com\/wp-content\/uploads\/2025\/03\/churros-lazo-congelados.webp","datePublished":"2025-03-18T10:50:24+00:00","dateModified":"2025-04-10T09:36:24+00:00","description":"Gaudeix del sabor m\u00e9s tradicional amb els nostres xurros en forma de lla\u00e7, perfectes per esmorzars i berenars a casa.","breadcrumb":{"@id":"https:\/\/congeladosbajocero.com\/postres-congelados\/churros-lazo-250g\/#breadcrumb"},"inLanguage":"ca","potentialAction":[{"@type":"ReadAction","target":["https:\/\/congeladosbajocero.com\/postres-congelados\/churros-lazo-250g\/"]}]},{"@type":"ImageObject","inLanguage":"ca","@id":"https:\/\/congeladosbajocero.com\/postres-congelados\/churros-lazo-250g\/#primaryimage","url":"https:\/\/congeladosbajocero.com\/wp-content\/uploads\/2025\/03\/churros-lazo-congelados.webp","contentUrl":"https:\/\/congeladosbajocero.com\/wp-content\/uploads\/2025\/03\/churros-lazo-congelados.webp","width":600,"height":600},{"@type":"BreadcrumbList","@id":"https:\/\/congeladosbajocero.com\/postres-congelados\/churros-lazo-250g\/#breadcrumb","itemListElement":[{"@type":"ListItem","position":1,"name":"Portada","item":"https:\/\/congeladosbajocero.com\/"},{"@type":"ListItem","position":2,"name":"Tienda","item":"https:\/\/congeladosbajocero.com\/shop\/"},{"@type":"ListItem","position":3,"name":"Churros Lazo 250g"}]},{"@type":"WebSite","@id":"https:\/\/congeladosbajocero.com\/#website","url":"https:\/\/congeladosbajocero.com\/","name":"Productes Congelats a Domicili | Peix, marisc, verdures, precuinats i molt m\u00e9s","description":"Venda online de congelats","publisher":{"@id":"https:\/\/congeladosbajocero.com\/#organization"},"potentialAction":[{"@type":"SearchAction","target":{"@type":"EntryPoint","urlTemplate":"https:\/\/congeladosbajocero.com\/?s={search_term_string}"},"query-input":{"@type":"PropertyValueSpecification","valueRequired":true,"valueName":"search_term_string"}}],"inLanguage":"ca"},{"@type":"Organization","@id":"https:\/\/congeladosbajocero.com\/#organization","name":"Productes Congelats a Domicili | Peix, marisc, verdures, precuinats i molt m\u00e9s","url":"https:\/\/congeladosbajocero.com\/","logo":{"@type":"ImageObject","inLanguage":"ca","@id":"https:\/\/congeladosbajocero.com\/#\/schema\/logo\/image\/","url":"https:\/\/congeladosbajocero.com\/wp-content\/uploads\/2025\/03\/logo-bajo-cero-png.webp","contentUrl":"https:\/\/congeladosbajocero.com\/wp-content\/uploads\/2025\/03\/logo-bajo-cero-png.webp","width":498,"height":193,"caption":"Productos Congelados a Domicilio | Pescado, mariscos, verduras, precocinados y mucho m&aacute;s"},"image":{"@id":"https:\/\/congeladosbajocero.com\/#\/schema\/logo\/image\/"}}]},"product_price_amount":"1.99","product_price_currency":"EUR","og_availability":"instock","product_availability":"instock","product_retailer_item_id":"2258","product_condition":"new"},"_links":{"self":[{"href":"https:\/\/congeladosbajocero.com\/ca\/wp-json\/wp\/v2\/product\/262","targetHints":{"allow":["GET"]}}],"collection":[{"href":"https:\/\/congeladosbajocero.com\/ca\/wp-json\/wp\/v2\/product"}],"about":[{"href":"https:\/\/congeladosbajocero.com\/ca\/wp-json\/wp\/v2\/types\/product"}],"wp:featuredmedia":[{"embeddable":true,"href":"https:\/\/congeladosbajocero.com\/ca\/wp-json\/wp\/v2\/media\/263"}],"wp:attachment":[{"href":"https:\/\/congeladosbajocero.com\/ca\/wp-json\/wp\/v2\/media?parent=262"}],"wp:term":[{"taxonomy":"product_brand","embeddable":true,"href":"https:\/\/congeladosbajocero.com\/ca\/wp-json\/wp\/v2\/product_brand?post=262"},{"taxonomy":"product_cat","embeddable":true,"href":"https:\/\/congeladosbajocero.com\/ca\/wp-json\/wp\/v2\/product_cat?post=262"},{"taxonomy":"product_tag","embeddable":true,"href":"https:\/\/congeladosbajocero.com\/ca\/wp-json\/wp\/v2\/product_tag?post=262"}],"curies":[{"name":"wp","href":"https:\/\/api.w.org\/{rel}","templated":true}]}}