{"id":242,"date":"2025-03-17T11:59:15","date_gmt":"2025-03-17T11:59:15","guid":{"rendered":"https:\/\/congeladosbajocero.com\/?post_type=product&#038;p=242"},"modified":"2025-10-25T17:20:44","modified_gmt":"2025-10-25T17:20:44","slug":"alcachofa-tempura","status":"publish","type":"product","link":"https:\/\/congeladosbajocero.com\/ca\/platos-preparados-congelados\/alcachofa-tempura\/","title":{"rendered":"Carxofa Arrebossada 250g"},"content":{"rendered":"<ul>\n<li><strong><em>Preparaci\u00f3:\u00a0<\/em><\/strong><\/li>\n<li data-start=\"1158\" data-end=\"1254\"><strong data-start=\"1160\" data-end=\"1170\">Frites<\/strong>: Fregir en abundant oli calent (180 \u00b0 C) fins que estiguin daurades i cruixents.<\/li>\n<li data-start=\"1255\" data-end=\"1354\"><strong data-start=\"1257\" data-end=\"1269\">Al forn<\/strong>: Per a una opci\u00f3 m\u00e9s lleugera, enfornar a 200 \u00b0 C fins que l&#039;arrebossat estigui cruixent.<\/li>\n<li data-start=\"1355\" data-end=\"1452\"><strong data-start=\"1357\" data-end=\"1380\">A la fregidora d&#039;aire<\/strong>: Cuinar a 200 \u00b0 C durant 10-12 minuts per a un acabat m\u00e9s saludable.<\/li>\n<li data-start=\"1453\" data-end=\"1540\"><strong data-start=\"1455\" data-end=\"1480\">Acompanyades de salses<\/strong>: Perfectes amb allioli, maionesa de llimona o salsa romesco.<\/li>\n<li data-start=\"1541\" data-end=\"1628\"><strong data-start=\"1543\" data-end=\"1562\">Com a guarnici\u00f3<\/strong>: Ideals per acompanyar carns, peixos o plats vegetarians.<\/li>\n<\/ul>","protected":false},"excerpt":{"rendered":"<p>Gaudeix del sabor inconfusible de la <strong data-start=\"288\" data-end=\"322\">carxofa en tempura congelada<\/strong>, una opci\u00f3 gourmet ideal per a aperitius, entrants o com a acompanyament especial. Amb un arrebossat lleuger i cruixent, aquestes carxofes mantenen tota la seva sucositat i sabor gr\u00e0cies al proc\u00e9s d&#039;ultracongelaci\u00f3.<\/p>","protected":false},"featured_media":243,"template":"","meta":[],"product_brand":[],"product_cat":[32,27],"product_tag":[],"class_list":{"0":"post-242","1":"product","2":"type-product","3":"status-publish","4":"has-post-thumbnail","6":"product_cat-platos-preparados-congelados","7":"product_cat-verduras-congeladas","9":"first","10":"instock","11":"shipping-taxable","12":"purchasable","13":"product-type-variable"},"yoast_head":"<!-- This site is optimized with the Yoast SEO plugin v27.4 - https:\/\/yoast.com\/product\/yoast-seo-wordpress\/ -->\n<title>Alcachofa Rebozada 250g - Productos Congelados a Domicilio | Pescado, mariscos, verduras, precocinados y mucho m&aacute;s<\/title>\n<meta name=\"robots\" content=\"index, follow, max-snippet:-1, max-image-preview:large, max-video-preview:-1\" \/>\n<link rel=\"canonical\" href=\"https:\/\/congeladosbajocero.com\/ca\/platos-preparados-congelados\/alcachofa-tempura\/\" \/>\n<meta property=\"og:locale\" content=\"ca_ES\" \/>\n<meta property=\"og:type\" content=\"article\" \/>\n<meta property=\"og:title\" content=\"Alcachofa Rebozada 250g - Productos Congelados a Domicilio | Pescado, mariscos, verduras, precocinados y mucho m&aacute;s\" \/>\n<meta property=\"og:description\" content=\"Disfruta del sabor inconfundible de la alcachofa en tempura congelada, una opci\u00f3n gourmet ideal para aperitivos, entrantes o como acompa\u00f1amiento especial. Con un rebozado ligero y crujiente, estas alcachofas mantienen toda su jugosidad y sabor gracias a su proceso de ultracongelaci\u00f3n.\" \/>\n<meta property=\"og:url\" content=\"https:\/\/congeladosbajocero.com\/ca\/platos-preparados-congelados\/alcachofa-tempura\/\" \/>\n<meta property=\"og:site_name\" content=\"Productos Congelados a Domicilio | Pescado, mariscos, verduras, precocinados y mucho m&aacute;s\" \/>\n<meta property=\"article:modified_time\" content=\"2025-10-25T17:20:44+00:00\" \/>\n<meta property=\"og:image\" content=\"https:\/\/congeladosbajocero.com\/wp-content\/uploads\/2025\/03\/alcachofa-tempura.webp\" \/>\n\t<meta property=\"og:image:width\" content=\"600\" \/>\n\t<meta property=\"og:image:height\" content=\"600\" \/>\n\t<meta property=\"og:image:type\" content=\"image\/jpeg\" \/>\n<meta name=\"twitter:card\" content=\"summary_large_image\" \/>\n<meta name=\"twitter:label1\" content=\"Disponibilitat\" \/>\n\t<meta name=\"twitter:data1\" content=\"En estoc\" \/>\n<script type=\"application\/ld+json\" class=\"yoast-schema-graph\">{\"@context\":\"https:\\\/\\\/schema.org\",\"@graph\":[{\"@type\":\"WebPage\",\"@id\":\"https:\\\/\\\/congeladosbajocero.com\\\/platos-preparados-congelados\\\/alcachofa-tempura\\\/\",\"url\":\"https:\\\/\\\/congeladosbajocero.com\\\/platos-preparados-congelados\\\/alcachofa-tempura\\\/\",\"name\":\"Alcachofa Rebozada 250g - Productos Congelados a Domicilio | Pescado, mariscos, verduras, precocinados y mucho m&aacute;s\",\"isPartOf\":{\"@id\":\"https:\\\/\\\/congeladosbajocero.com\\\/#website\"},\"primaryImageOfPage\":{\"@id\":\"https:\\\/\\\/congeladosbajocero.com\\\/platos-preparados-congelados\\\/alcachofa-tempura\\\/#primaryimage\"},\"image\":{\"@id\":\"https:\\\/\\\/congeladosbajocero.com\\\/platos-preparados-congelados\\\/alcachofa-tempura\\\/#primaryimage\"},\"thumbnailUrl\":\"https:\\\/\\\/congeladosbajocero.com\\\/wp-content\\\/uploads\\\/2025\\\/03\\\/alcachofa-tempura.webp\",\"datePublished\":\"2025-03-17T11:59:15+00:00\",\"dateModified\":\"2025-10-25T17:20:44+00:00\",\"breadcrumb\":{\"@id\":\"https:\\\/\\\/congeladosbajocero.com\\\/platos-preparados-congelados\\\/alcachofa-tempura\\\/#breadcrumb\"},\"inLanguage\":\"ca\",\"potentialAction\":[{\"@type\":\"ReadAction\",\"target\":[\"https:\\\/\\\/congeladosbajocero.com\\\/platos-preparados-congelados\\\/alcachofa-tempura\\\/\"]}]},{\"@type\":\"ImageObject\",\"inLanguage\":\"ca\",\"@id\":\"https:\\\/\\\/congeladosbajocero.com\\\/platos-preparados-congelados\\\/alcachofa-tempura\\\/#primaryimage\",\"url\":\"https:\\\/\\\/congeladosbajocero.com\\\/wp-content\\\/uploads\\\/2025\\\/03\\\/alcachofa-tempura.webp\",\"contentUrl\":\"https:\\\/\\\/congeladosbajocero.com\\\/wp-content\\\/uploads\\\/2025\\\/03\\\/alcachofa-tempura.webp\",\"width\":600,\"height\":600},{\"@type\":\"BreadcrumbList\",\"@id\":\"https:\\\/\\\/congeladosbajocero.com\\\/platos-preparados-congelados\\\/alcachofa-tempura\\\/#breadcrumb\",\"itemListElement\":[{\"@type\":\"ListItem\",\"position\":1,\"name\":\"Portada\",\"item\":\"https:\\\/\\\/congeladosbajocero.com\\\/\"},{\"@type\":\"ListItem\",\"position\":2,\"name\":\"Tienda\",\"item\":\"https:\\\/\\\/congeladosbajocero.com\\\/shop\\\/\"},{\"@type\":\"ListItem\",\"position\":3,\"name\":\"Alcachofa Rebozada 250g\"}]},{\"@type\":\"WebSite\",\"@id\":\"https:\\\/\\\/congeladosbajocero.com\\\/#website\",\"url\":\"https:\\\/\\\/congeladosbajocero.com\\\/\",\"name\":\"Productos Congelados a Domicilio | Pescado, mariscos, verduras, precocinados y mucho m&aacute;s\",\"description\":\"Venta online de congelados\",\"publisher\":{\"@id\":\"https:\\\/\\\/congeladosbajocero.com\\\/#organization\"},\"potentialAction\":[{\"@type\":\"SearchAction\",\"target\":{\"@type\":\"EntryPoint\",\"urlTemplate\":\"https:\\\/\\\/congeladosbajocero.com\\\/?s={search_term_string}\"},\"query-input\":{\"@type\":\"PropertyValueSpecification\",\"valueRequired\":true,\"valueName\":\"search_term_string\"}}],\"inLanguage\":\"ca\"},{\"@type\":\"Organization\",\"@id\":\"https:\\\/\\\/congeladosbajocero.com\\\/#organization\",\"name\":\"Productos Congelados a Domicilio | Pescado, mariscos, verduras, precocinados y mucho m&aacute;s\",\"url\":\"https:\\\/\\\/congeladosbajocero.com\\\/\",\"logo\":{\"@type\":\"ImageObject\",\"inLanguage\":\"ca\",\"@id\":\"https:\\\/\\\/congeladosbajocero.com\\\/#\\\/schema\\\/logo\\\/image\\\/\",\"url\":\"https:\\\/\\\/congeladosbajocero.com\\\/wp-content\\\/uploads\\\/2025\\\/03\\\/logo-bajo-cero-png.webp\",\"contentUrl\":\"https:\\\/\\\/congeladosbajocero.com\\\/wp-content\\\/uploads\\\/2025\\\/03\\\/logo-bajo-cero-png.webp\",\"width\":498,\"height\":193,\"caption\":\"Productos Congelados a Domicilio | Pescado, mariscos, verduras, precocinados y mucho m&aacute;s\"},\"image\":{\"@id\":\"https:\\\/\\\/congeladosbajocero.com\\\/#\\\/schema\\\/logo\\\/image\\\/\"}}]}<\/script>\n<meta property=\"og:availability\" content=\"instock\" \/>\n<meta property=\"product:availability\" content=\"instock\" \/>\n<meta property=\"product:retailer_item_id\" content=\"2225\" \/>\n<meta property=\"product:condition\" content=\"new\" \/>\n<!-- \/ Yoast SEO plugin. -->","yoast_head_json":{"title":"Carxofa Arrebossada 250g - Productes Congelats a Domicili | Peix, marisc, verdures, precuinats i molt m\u00e9s","robots":{"index":"index","follow":"follow","max-snippet":"max-snippet:-1","max-image-preview":"max-image-preview:large","max-video-preview":"max-video-preview:-1"},"canonical":"https:\/\/congeladosbajocero.com\/ca\/platos-preparados-congelados\/alcachofa-tempura\/","og_locale":"ca_ES","og_type":"article","og_title":"Alcachofa Rebozada 250g - Productos Congelados a Domicilio | Pescado, mariscos, verduras, precocinados y mucho m&aacute;s","og_description":"Disfruta del sabor inconfundible de la alcachofa en tempura congelada, una opci\u00f3n gourmet ideal para aperitivos, entrantes o como acompa\u00f1amiento especial. Con un rebozado ligero y crujiente, estas alcachofas mantienen toda su jugosidad y sabor gracias a su proceso de ultracongelaci\u00f3n.","og_url":"https:\/\/congeladosbajocero.com\/ca\/platos-preparados-congelados\/alcachofa-tempura\/","og_site_name":"Productos Congelados a Domicilio | Pescado, mariscos, verduras, precocinados y mucho m&aacute;s","article_modified_time":"2025-10-25T17:20:44+00:00","og_image":[{"width":600,"height":600,"url":"https:\/\/congeladosbajocero.com\/wp-content\/uploads\/2025\/03\/alcachofa-tempura.webp","type":"image\/jpeg"}],"twitter_card":"summary_large_image","twitter_misc":{"Disponibilitat":"En estoc"},"schema":{"@context":"https:\/\/schema.org","@graph":[{"@type":"WebPage","@id":"https:\/\/congeladosbajocero.com\/platos-preparados-congelados\/alcachofa-tempura\/","url":"https:\/\/congeladosbajocero.com\/platos-preparados-congelados\/alcachofa-tempura\/","name":"Carxofa Arrebossada 250g - Productes Congelats a Domicili | Peix, marisc, verdures, precuinats i molt m\u00e9s","isPartOf":{"@id":"https:\/\/congeladosbajocero.com\/#website"},"primaryImageOfPage":{"@id":"https:\/\/congeladosbajocero.com\/platos-preparados-congelados\/alcachofa-tempura\/#primaryimage"},"image":{"@id":"https:\/\/congeladosbajocero.com\/platos-preparados-congelados\/alcachofa-tempura\/#primaryimage"},"thumbnailUrl":"https:\/\/congeladosbajocero.com\/wp-content\/uploads\/2025\/03\/alcachofa-tempura.webp","datePublished":"2025-03-17T11:59:15+00:00","dateModified":"2025-10-25T17:20:44+00:00","breadcrumb":{"@id":"https:\/\/congeladosbajocero.com\/platos-preparados-congelados\/alcachofa-tempura\/#breadcrumb"},"inLanguage":"ca","potentialAction":[{"@type":"ReadAction","target":["https:\/\/congeladosbajocero.com\/platos-preparados-congelados\/alcachofa-tempura\/"]}]},{"@type":"ImageObject","inLanguage":"ca","@id":"https:\/\/congeladosbajocero.com\/platos-preparados-congelados\/alcachofa-tempura\/#primaryimage","url":"https:\/\/congeladosbajocero.com\/wp-content\/uploads\/2025\/03\/alcachofa-tempura.webp","contentUrl":"https:\/\/congeladosbajocero.com\/wp-content\/uploads\/2025\/03\/alcachofa-tempura.webp","width":600,"height":600},{"@type":"BreadcrumbList","@id":"https:\/\/congeladosbajocero.com\/platos-preparados-congelados\/alcachofa-tempura\/#breadcrumb","itemListElement":[{"@type":"ListItem","position":1,"name":"Portada","item":"https:\/\/congeladosbajocero.com\/"},{"@type":"ListItem","position":2,"name":"Tienda","item":"https:\/\/congeladosbajocero.com\/shop\/"},{"@type":"ListItem","position":3,"name":"Alcachofa Rebozada 250g"}]},{"@type":"WebSite","@id":"https:\/\/congeladosbajocero.com\/#website","url":"https:\/\/congeladosbajocero.com\/","name":"Productes Congelats a Domicili | Peix, marisc, verdures, precuinats i molt m\u00e9s","description":"Venda online de congelats","publisher":{"@id":"https:\/\/congeladosbajocero.com\/#organization"},"potentialAction":[{"@type":"SearchAction","target":{"@type":"EntryPoint","urlTemplate":"https:\/\/congeladosbajocero.com\/?s={search_term_string}"},"query-input":{"@type":"PropertyValueSpecification","valueRequired":true,"valueName":"search_term_string"}}],"inLanguage":"ca"},{"@type":"Organization","@id":"https:\/\/congeladosbajocero.com\/#organization","name":"Productes Congelats a Domicili | Peix, marisc, verdures, precuinats i molt m\u00e9s","url":"https:\/\/congeladosbajocero.com\/","logo":{"@type":"ImageObject","inLanguage":"ca","@id":"https:\/\/congeladosbajocero.com\/#\/schema\/logo\/image\/","url":"https:\/\/congeladosbajocero.com\/wp-content\/uploads\/2025\/03\/logo-bajo-cero-png.webp","contentUrl":"https:\/\/congeladosbajocero.com\/wp-content\/uploads\/2025\/03\/logo-bajo-cero-png.webp","width":498,"height":193,"caption":"Productos Congelados a Domicilio | Pescado, mariscos, verduras, precocinados y mucho m&aacute;s"},"image":{"@id":"https:\/\/congeladosbajocero.com\/#\/schema\/logo\/image\/"}}]},"og_availability":"instock","product_availability":"instock","product_retailer_item_id":"2225","product_condition":"new"},"_links":{"self":[{"href":"https:\/\/congeladosbajocero.com\/ca\/wp-json\/wp\/v2\/product\/242","targetHints":{"allow":["GET"]}}],"collection":[{"href":"https:\/\/congeladosbajocero.com\/ca\/wp-json\/wp\/v2\/product"}],"about":[{"href":"https:\/\/congeladosbajocero.com\/ca\/wp-json\/wp\/v2\/types\/product"}],"wp:featuredmedia":[{"embeddable":true,"href":"https:\/\/congeladosbajocero.com\/ca\/wp-json\/wp\/v2\/media\/243"}],"wp:attachment":[{"href":"https:\/\/congeladosbajocero.com\/ca\/wp-json\/wp\/v2\/media?parent=242"}],"wp:term":[{"taxonomy":"product_brand","embeddable":true,"href":"https:\/\/congeladosbajocero.com\/ca\/wp-json\/wp\/v2\/product_brand?post=242"},{"taxonomy":"product_cat","embeddable":true,"href":"https:\/\/congeladosbajocero.com\/ca\/wp-json\/wp\/v2\/product_cat?post=242"},{"taxonomy":"product_tag","embeddable":true,"href":"https:\/\/congeladosbajocero.com\/ca\/wp-json\/wp\/v2\/product_tag?post=242"}],"curies":[{"name":"wp","href":"https:\/\/api.w.org\/{rel}","templated":true}]}}