{"id":239,"date":"2025-03-17T11:51:14","date_gmt":"2025-03-17T11:51:14","guid":{"rendered":"https:\/\/congeladosbajocero.com\/?post_type=product&#038;p=239"},"modified":"2025-04-16T08:54:52","modified_gmt":"2025-04-16T08:54:52","slug":"nuggets-de-pollo","status":"publish","type":"product","link":"https:\/\/congeladosbajocero.com\/ca\/ofertas\/nuggets-de-pollo\/","title":{"rendered":"Nuggets de Pollastre 250g"},"content":{"rendered":"<h4 data-start=\"574\" data-end=\"630\">Com es cuinen els nuggets de pollastre congelats?<\/h4>\n<p class=\"\" data-start=\"632\" data-end=\"730\">Aquests nuggets es poden cuinar <strong data-start=\"663\" data-end=\"699\">directament des del congelador<\/strong>, sense necessitat de descongelar:<\/p>\n<ul>\n<li data-start=\"732\" data-end=\"749\"><strong>Al forn:<\/strong><\/li>\n<\/ul>\n<ol data-start=\"750\" data-end=\"910\">\n<li class=\"\" data-start=\"750\" data-end=\"776\">\n<p class=\"\" data-start=\"753\" data-end=\"776\">Preescalfada a 200 \u00b0C.<\/p>\n<\/li>\n<li class=\"\" data-start=\"777\" data-end=\"834\">\n<p class=\"\" data-start=\"780\" data-end=\"834\">Col\u00b7loca els nuggets en una safata amb paper vegetal.<\/p>\n<\/li>\n<li class=\"\" data-start=\"835\" data-end=\"910\">\n<p class=\"\" data-start=\"838\" data-end=\"910\">Forneja durant <strong data-start=\"853\" data-end=\"870\">10-12 minuts<\/strong>, donant-los la volta a meitat de cocci\u00f3.<\/p>\n<\/li>\n<\/ol>\n<ul>\n<li data-start=\"912\" data-end=\"930\"><strong>En paella:<\/strong><\/li>\n<\/ul>\n<ol data-start=\"931\" data-end=\"1078\">\n<li class=\"\" data-start=\"931\" data-end=\"985\">\n<p class=\"\" data-start=\"934\" data-end=\"985\">Afegeix-hi una mica d&#039;oli i escalfa-ho a foc mitj\u00e0.<\/p>\n<\/li>\n<li class=\"\" data-start=\"986\" data-end=\"1078\">\n<p class=\"\" data-start=\"989\" data-end=\"1078\">Cuina els nuggets durant <strong data-start=\"1016\" data-end=\"1031\">6-8 minuts<\/strong>, girant-los perqu\u00e8 es daurin per ambd\u00f3s costats.<\/p>\n<\/li>\n<\/ol>\n<ul>\n<li data-start=\"1080\" data-end=\"1101\"><strong>En airfryer:<\/strong><\/li>\n<\/ul>\n<ol>\n<li>200 \u00b0C durant <strong data-start=\"1119\" data-end=\"1135\">8-10 minuts<\/strong>, sense necessitat d&#039;afegir-hi oli.<\/li>\n<\/ol>\n<p>&nbsp;<\/p>\n<h4 data-start=\"1175\" data-end=\"1226\">Quant de temps he de descongelar els nuggets?<\/h4>\n<p class=\"\" data-start=\"1228\" data-end=\"1465\"><strong data-start=\"1228\" data-end=\"1263\">No cal descongelar-los.<\/strong> Estan dissenyats per cuinar-se directament des de congelat, cosa que els fa m\u00e9s r\u00e0pids i segurs de preparar. Nom\u00e9s cal escalfar-los fins que estiguin daurats per fora i ben calents per dins.<\/p>","protected":false},"excerpt":{"rendered":"<p class=\"\" data-start=\"200\" data-end=\"474\">Cruixents per fora, tendres per dins. <strong data-start=\"251\" data-end=\"282\">nuggets de pollastre congelats<\/strong> s\u00f3n una opci\u00f3 r\u00e0pida, saborosa i pr\u00e0ctica per a tota la fam\u00edlia. Estan elaborats amb <strong data-start=\"368\" data-end=\"408\">pit de pollastre trossejada i arrebossada<\/strong>, ultracongelats per conservar tota la seva qualitat, sabor i textura.<\/p>\n<p class=\"\" data-start=\"476\" data-end=\"567\">Perfectes per a dinars r\u00e0pids, sopars infantils o per acompanyar amb les teves salses preferides.<\/p>","protected":false},"featured_media":240,"template":"","meta":[],"product_brand":[],"product_cat":[31,43,32],"product_tag":[],"class_list":{"0":"post-239","1":"product","2":"type-product","3":"status-publish","4":"has-post-thumbnail","6":"product_cat-carne-congelada","7":"product_cat-ofertas","8":"product_cat-platos-preparados-congelados","10":"first","11":"instock","12":"sale","13":"shipping-taxable","14":"purchasable","15":"product-type-simple"},"yoast_head":"<!-- This site is optimized with the Yoast SEO plugin v27.3 - https:\/\/yoast.com\/product\/yoast-seo-wordpress\/ -->\n<title>Nuggets de Pollo 250g - Productos Congelados a Domicilio | Pescado, mariscos, verduras, precocinados y mucho m&aacute;s<\/title>\n<meta name=\"description\" content=\"Crujientes por fuera, tiernos por dentro. Nuestros nuggets de pollo congelados son una opci\u00f3n r\u00e1pida, sabrosa y pr\u00e1ctica para toda la familia.\" \/>\n<meta name=\"robots\" content=\"index, follow, max-snippet:-1, max-image-preview:large, max-video-preview:-1\" \/>\n<link rel=\"canonical\" href=\"https:\/\/congeladosbajocero.com\/ca\/ofertas\/nuggets-de-pollo\/\" \/>\n<meta property=\"og:locale\" content=\"ca_ES\" \/>\n<meta property=\"og:type\" content=\"article\" \/>\n<meta property=\"og:title\" content=\"Nuggets de Pollo 250g - Productos Congelados a Domicilio | Pescado, mariscos, verduras, precocinados y mucho m&aacute;s\" \/>\n<meta property=\"og:description\" content=\"Crujientes por fuera, tiernos por dentro. Nuestros nuggets de pollo congelados son una opci\u00f3n r\u00e1pida, sabrosa y pr\u00e1ctica para toda la familia.\" \/>\n<meta property=\"og:url\" content=\"https:\/\/congeladosbajocero.com\/ca\/ofertas\/nuggets-de-pollo\/\" \/>\n<meta property=\"og:site_name\" content=\"Productos Congelados a Domicilio | Pescado, mariscos, verduras, precocinados y mucho m&aacute;s\" \/>\n<meta property=\"article:modified_time\" content=\"2025-04-16T08:54:52+00:00\" \/>\n<meta property=\"og:image\" content=\"https:\/\/congeladosbajocero.com\/wp-content\/uploads\/2025\/03\/nuggets-de-pollo-congelados.webp\" \/>\n\t<meta property=\"og:image:width\" content=\"600\" \/>\n\t<meta property=\"og:image:height\" content=\"600\" \/>\n\t<meta property=\"og:image:type\" content=\"image\/jpeg\" \/>\n<meta name=\"twitter:card\" content=\"summary_large_image\" \/>\n<meta name=\"twitter:label1\" content=\"Preu\" \/>\n\t<meta name=\"twitter:data1\" content=\"2,99&nbsp;&euro;\" \/>\n\t<meta name=\"twitter:label2\" content=\"Disponibilitat\" \/>\n\t<meta name=\"twitter:data2\" content=\"En estoc\" \/>\n<script type=\"application\/ld+json\" class=\"yoast-schema-graph\">{\"@context\":\"https:\\\/\\\/schema.org\",\"@graph\":[{\"@type\":\"WebPage\",\"@id\":\"https:\\\/\\\/congeladosbajocero.com\\\/ofertas\\\/nuggets-de-pollo\\\/\",\"url\":\"https:\\\/\\\/congeladosbajocero.com\\\/ofertas\\\/nuggets-de-pollo\\\/\",\"name\":\"Nuggets de Pollo 250g - Productos Congelados a Domicilio | Pescado, mariscos, verduras, precocinados y mucho m&aacute;s\",\"isPartOf\":{\"@id\":\"https:\\\/\\\/congeladosbajocero.com\\\/#website\"},\"primaryImageOfPage\":{\"@id\":\"https:\\\/\\\/congeladosbajocero.com\\\/ofertas\\\/nuggets-de-pollo\\\/#primaryimage\"},\"image\":{\"@id\":\"https:\\\/\\\/congeladosbajocero.com\\\/ofertas\\\/nuggets-de-pollo\\\/#primaryimage\"},\"thumbnailUrl\":\"https:\\\/\\\/congeladosbajocero.com\\\/wp-content\\\/uploads\\\/2025\\\/03\\\/nuggets-de-pollo-congelados.webp\",\"datePublished\":\"2025-03-17T11:51:14+00:00\",\"dateModified\":\"2025-04-16T08:54:52+00:00\",\"description\":\"Crujientes por fuera, tiernos por dentro. Nuestros nuggets de pollo congelados son una opci\u00f3n r\u00e1pida, sabrosa y pr\u00e1ctica para toda la familia.\",\"breadcrumb\":{\"@id\":\"https:\\\/\\\/congeladosbajocero.com\\\/ofertas\\\/nuggets-de-pollo\\\/#breadcrumb\"},\"inLanguage\":\"ca\",\"potentialAction\":[{\"@type\":\"ReadAction\",\"target\":[\"https:\\\/\\\/congeladosbajocero.com\\\/ofertas\\\/nuggets-de-pollo\\\/\"]}]},{\"@type\":\"ImageObject\",\"inLanguage\":\"ca\",\"@id\":\"https:\\\/\\\/congeladosbajocero.com\\\/ofertas\\\/nuggets-de-pollo\\\/#primaryimage\",\"url\":\"https:\\\/\\\/congeladosbajocero.com\\\/wp-content\\\/uploads\\\/2025\\\/03\\\/nuggets-de-pollo-congelados.webp\",\"contentUrl\":\"https:\\\/\\\/congeladosbajocero.com\\\/wp-content\\\/uploads\\\/2025\\\/03\\\/nuggets-de-pollo-congelados.webp\",\"width\":600,\"height\":600},{\"@type\":\"BreadcrumbList\",\"@id\":\"https:\\\/\\\/congeladosbajocero.com\\\/ofertas\\\/nuggets-de-pollo\\\/#breadcrumb\",\"itemListElement\":[{\"@type\":\"ListItem\",\"position\":1,\"name\":\"Portada\",\"item\":\"https:\\\/\\\/congeladosbajocero.com\\\/\"},{\"@type\":\"ListItem\",\"position\":2,\"name\":\"Tienda\",\"item\":\"https:\\\/\\\/congeladosbajocero.com\\\/shop\\\/\"},{\"@type\":\"ListItem\",\"position\":3,\"name\":\"Nuggets de Pollo 250g\"}]},{\"@type\":\"WebSite\",\"@id\":\"https:\\\/\\\/congeladosbajocero.com\\\/#website\",\"url\":\"https:\\\/\\\/congeladosbajocero.com\\\/\",\"name\":\"Productos Congelados a Domicilio | Pescado, mariscos, verduras, precocinados y mucho m&aacute;s\",\"description\":\"Venta online de congelados\",\"publisher\":{\"@id\":\"https:\\\/\\\/congeladosbajocero.com\\\/#organization\"},\"potentialAction\":[{\"@type\":\"SearchAction\",\"target\":{\"@type\":\"EntryPoint\",\"urlTemplate\":\"https:\\\/\\\/congeladosbajocero.com\\\/?s={search_term_string}\"},\"query-input\":{\"@type\":\"PropertyValueSpecification\",\"valueRequired\":true,\"valueName\":\"search_term_string\"}}],\"inLanguage\":\"ca\"},{\"@type\":\"Organization\",\"@id\":\"https:\\\/\\\/congeladosbajocero.com\\\/#organization\",\"name\":\"Productos Congelados a Domicilio | Pescado, mariscos, verduras, precocinados y mucho m&aacute;s\",\"url\":\"https:\\\/\\\/congeladosbajocero.com\\\/\",\"logo\":{\"@type\":\"ImageObject\",\"inLanguage\":\"ca\",\"@id\":\"https:\\\/\\\/congeladosbajocero.com\\\/#\\\/schema\\\/logo\\\/image\\\/\",\"url\":\"https:\\\/\\\/congeladosbajocero.com\\\/wp-content\\\/uploads\\\/2025\\\/03\\\/logo-bajo-cero-png.webp\",\"contentUrl\":\"https:\\\/\\\/congeladosbajocero.com\\\/wp-content\\\/uploads\\\/2025\\\/03\\\/logo-bajo-cero-png.webp\",\"width\":498,\"height\":193,\"caption\":\"Productos Congelados a Domicilio | Pescado, mariscos, verduras, precocinados y mucho m&aacute;s\"},\"image\":{\"@id\":\"https:\\\/\\\/congeladosbajocero.com\\\/#\\\/schema\\\/logo\\\/image\\\/\"}}]}<\/script>\n<meta property=\"product:price:amount\" content=\"2.99\" \/>\n<meta property=\"product:price:currency\" content=\"EUR\" \/>\n<meta property=\"og:availability\" content=\"instock\" \/>\n<meta property=\"product:availability\" content=\"instock\" \/>\n<meta property=\"product:retailer_item_id\" content=\"2220\" \/>\n<meta property=\"product:condition\" content=\"new\" \/>\n<!-- \/ Yoast SEO plugin. -->","yoast_head_json":{"title":"Nuggets de Pollastre 250g - Productes Congelats a Domicili | Peix, marisc, verdures, precuinats i molt m\u00e9s","description":"Cruixents per fora, tendres per dins. Els nostres nuggets de pollastre congelats s\u00f3n una opci\u00f3 r\u00e0pida, saborosa i pr\u00e0ctica per a tota la fam\u00edlia.","robots":{"index":"index","follow":"follow","max-snippet":"max-snippet:-1","max-image-preview":"max-image-preview:large","max-video-preview":"max-video-preview:-1"},"canonical":"https:\/\/congeladosbajocero.com\/ca\/ofertas\/nuggets-de-pollo\/","og_locale":"ca_ES","og_type":"article","og_title":"Nuggets de Pollo 250g - Productos Congelados a Domicilio | Pescado, mariscos, verduras, precocinados y mucho m&aacute;s","og_description":"Crujientes por fuera, tiernos por dentro. Nuestros nuggets de pollo congelados son una opci\u00f3n r\u00e1pida, sabrosa y pr\u00e1ctica para toda la familia.","og_url":"https:\/\/congeladosbajocero.com\/ca\/ofertas\/nuggets-de-pollo\/","og_site_name":"Productos Congelados a Domicilio | Pescado, mariscos, verduras, precocinados y mucho m&aacute;s","article_modified_time":"2025-04-16T08:54:52+00:00","og_image":[{"width":600,"height":600,"url":"https:\/\/congeladosbajocero.com\/wp-content\/uploads\/2025\/03\/nuggets-de-pollo-congelados.webp","type":"image\/jpeg"}],"twitter_card":"summary_large_image","twitter_misc":{"Preu":"2,99&nbsp;&euro;","Disponibilitat":"En estoc"},"schema":{"@context":"https:\/\/schema.org","@graph":[{"@type":"WebPage","@id":"https:\/\/congeladosbajocero.com\/ofertas\/nuggets-de-pollo\/","url":"https:\/\/congeladosbajocero.com\/ofertas\/nuggets-de-pollo\/","name":"Nuggets de Pollastre 250g - Productes Congelats a Domicili | Peix, marisc, verdures, precuinats i molt m\u00e9s","isPartOf":{"@id":"https:\/\/congeladosbajocero.com\/#website"},"primaryImageOfPage":{"@id":"https:\/\/congeladosbajocero.com\/ofertas\/nuggets-de-pollo\/#primaryimage"},"image":{"@id":"https:\/\/congeladosbajocero.com\/ofertas\/nuggets-de-pollo\/#primaryimage"},"thumbnailUrl":"https:\/\/congeladosbajocero.com\/wp-content\/uploads\/2025\/03\/nuggets-de-pollo-congelados.webp","datePublished":"2025-03-17T11:51:14+00:00","dateModified":"2025-04-16T08:54:52+00:00","description":"Cruixents per fora, tendres per dins. Els nostres nuggets de pollastre congelats s\u00f3n una opci\u00f3 r\u00e0pida, saborosa i pr\u00e0ctica per a tota la fam\u00edlia.","breadcrumb":{"@id":"https:\/\/congeladosbajocero.com\/ofertas\/nuggets-de-pollo\/#breadcrumb"},"inLanguage":"ca","potentialAction":[{"@type":"ReadAction","target":["https:\/\/congeladosbajocero.com\/ofertas\/nuggets-de-pollo\/"]}]},{"@type":"ImageObject","inLanguage":"ca","@id":"https:\/\/congeladosbajocero.com\/ofertas\/nuggets-de-pollo\/#primaryimage","url":"https:\/\/congeladosbajocero.com\/wp-content\/uploads\/2025\/03\/nuggets-de-pollo-congelados.webp","contentUrl":"https:\/\/congeladosbajocero.com\/wp-content\/uploads\/2025\/03\/nuggets-de-pollo-congelados.webp","width":600,"height":600},{"@type":"BreadcrumbList","@id":"https:\/\/congeladosbajocero.com\/ofertas\/nuggets-de-pollo\/#breadcrumb","itemListElement":[{"@type":"ListItem","position":1,"name":"Portada","item":"https:\/\/congeladosbajocero.com\/"},{"@type":"ListItem","position":2,"name":"Tienda","item":"https:\/\/congeladosbajocero.com\/shop\/"},{"@type":"ListItem","position":3,"name":"Nuggets de Pollo 250g"}]},{"@type":"WebSite","@id":"https:\/\/congeladosbajocero.com\/#website","url":"https:\/\/congeladosbajocero.com\/","name":"Productes Congelats a Domicili | Peix, marisc, verdures, precuinats i molt m\u00e9s","description":"Venda online de congelats","publisher":{"@id":"https:\/\/congeladosbajocero.com\/#organization"},"potentialAction":[{"@type":"SearchAction","target":{"@type":"EntryPoint","urlTemplate":"https:\/\/congeladosbajocero.com\/?s={search_term_string}"},"query-input":{"@type":"PropertyValueSpecification","valueRequired":true,"valueName":"search_term_string"}}],"inLanguage":"ca"},{"@type":"Organization","@id":"https:\/\/congeladosbajocero.com\/#organization","name":"Productes Congelats a Domicili | Peix, marisc, verdures, precuinats i molt m\u00e9s","url":"https:\/\/congeladosbajocero.com\/","logo":{"@type":"ImageObject","inLanguage":"ca","@id":"https:\/\/congeladosbajocero.com\/#\/schema\/logo\/image\/","url":"https:\/\/congeladosbajocero.com\/wp-content\/uploads\/2025\/03\/logo-bajo-cero-png.webp","contentUrl":"https:\/\/congeladosbajocero.com\/wp-content\/uploads\/2025\/03\/logo-bajo-cero-png.webp","width":498,"height":193,"caption":"Productos Congelados a Domicilio | Pescado, mariscos, verduras, precocinados y mucho m&aacute;s"},"image":{"@id":"https:\/\/congeladosbajocero.com\/#\/schema\/logo\/image\/"}}]},"product_price_amount":"2.99","product_price_currency":"EUR","og_availability":"instock","product_availability":"instock","product_retailer_item_id":"2220","product_condition":"new"},"_links":{"self":[{"href":"https:\/\/congeladosbajocero.com\/ca\/wp-json\/wp\/v2\/product\/239","targetHints":{"allow":["GET"]}}],"collection":[{"href":"https:\/\/congeladosbajocero.com\/ca\/wp-json\/wp\/v2\/product"}],"about":[{"href":"https:\/\/congeladosbajocero.com\/ca\/wp-json\/wp\/v2\/types\/product"}],"wp:featuredmedia":[{"embeddable":true,"href":"https:\/\/congeladosbajocero.com\/ca\/wp-json\/wp\/v2\/media\/240"}],"wp:attachment":[{"href":"https:\/\/congeladosbajocero.com\/ca\/wp-json\/wp\/v2\/media?parent=239"}],"wp:term":[{"taxonomy":"product_brand","embeddable":true,"href":"https:\/\/congeladosbajocero.com\/ca\/wp-json\/wp\/v2\/product_brand?post=239"},{"taxonomy":"product_cat","embeddable":true,"href":"https:\/\/congeladosbajocero.com\/ca\/wp-json\/wp\/v2\/product_cat?post=239"},{"taxonomy":"product_tag","embeddable":true,"href":"https:\/\/congeladosbajocero.com\/ca\/wp-json\/wp\/v2\/product_tag?post=239"}],"curies":[{"name":"wp","href":"https:\/\/api.w.org\/{rel}","templated":true}]}}