{"id":212,"date":"2025-03-14T18:59:56","date_gmt":"2025-03-14T18:59:56","guid":{"rendered":"https:\/\/congeladosbajocero.com\/?post_type=product&#038;p=212"},"modified":"2025-04-10T09:58:33","modified_gmt":"2025-04-10T09:58:33","slug":"salteado-pavo","status":"publish","type":"product","link":"https:\/\/congeladosbajocero.com\/ca\/platos-preparados-congelados\/salteado-pavo\/","title":{"rendered":"Saltejat Pavo 250g"},"content":{"rendered":"<ul>\n<li><strong><em>Preparaci\u00f3n:\u00a0<\/em><\/strong><\/li>\n<\/ul>\n<p><strong>MICROONDAS<\/strong><\/p>\n<p>Disponga el Pavo con Verduras, directamente congelado, en un recipiente apto para el microondas. A\u00f1ada una cucharada sopera de aceite, una pizca de sal y m\u00e9zclelos un poco. Tape y caliente en el microondas durante 6 minutos a potencia m\u00e1xima.<\/p>\n<p><strong>HORNO:<\/strong><\/p>\n<p>Precaliente el horno a 200 \u00baC (si es de convecci\u00f3n, baje la temperatura a 180 \u00baC) y ponga el Pavo con Verduras, directamente congelado, en un recipiente apto para el horno, sazone al gusto y a\u00f1ada 2 cucharadas de aceite de oliva. Hornee durante 12-15 minutos y remueva la mezcla antes de servir.<\/p>\n<p><strong>SART\u00c9N:<\/strong><\/p>\n<p>A\u00f1adir el Pavo con Verduras directamente congelado a una sart\u00e9n con un poco de aceite de oliva y fre\u00edr muy lentamente (8 minutos). Sazonar al gusto.<\/p>\n<p>&nbsp;<\/p>\n<ul>\n<li><strong><em>Ingredientes:\u00a0<\/em><\/strong>Fiambre de pavo (40%) [carne de pavo, agua, f\u00e9cula de patata, sal, prote\u00edna de SOJA, LECHE en polvo, az\u00facar, dextrosa de ma\u00edz, aromas, estabilizantes (E-451, E-420, E-407), antioxidantes (E-316, E-330, E-331) y colorante (E-120)], jud\u00edas verdes (20%), zanahoria (16%), cebolla (14%) y berenjena frita (10%) (berenjena, aceite de girasol).<\/li>\n<\/ul>\n<p>&nbsp;<\/p>\n<ul>\n<li><strong><em>Informaci\u00f3n Nutricional:\u00a0<\/em><\/strong><\/li>\n<\/ul>\n<p><strong>Valores medios por 100g:<\/strong><\/p>\n<table style=\"height: 268px;\" width=\"389\">\n<tbody>\n<tr>\n<td>Valor energ\u00e9tico:<\/td>\n<td>66 KJ\/2000 Kcal<\/td>\n<\/tr>\n<tr>\n<td>Grasas:<\/p>\n<p>\u2013 de las cu\u00e1les Saturadas:<\/td>\n<td>2,3 g<\/p>\n<p>0,5 g<\/td>\n<\/tr>\n<tr>\n<td>Hidratos de carbono:<\/p>\n<p>\u2013 de los cu\u00e1les Az\u00facares:<\/td>\n<td>3,1 g<\/p>\n<p>2,8 g<\/td>\n<\/tr>\n<tr>\n<td>Prote\u00ednas:<\/td>\n<td>7,2 g<\/td>\n<\/tr>\n<tr>\n<td>Sal:<\/td>\n<td>1,1 g<\/td>\n<\/tr>\n<\/tbody>\n<\/table>\n","protected":false},"excerpt":{"rendered":"<p class=\"\" data-start=\"203\" data-end=\"428\">Una opci\u00f3 lleugera, saludable i llesta en minuts. El nostre <strong data-start=\"260\" data-end=\"303\">saltat de gall dindi amb verdures congelat<\/strong> combina tires de pit de gall dindi amb una acurada selecci\u00f3 de vegetals, tot ja trossejat i llest per cuinar directament.<\/p>\n<p class=\"\" data-start=\"430\" data-end=\"524\">Perfecte per als que busquen un menjar equilibrat i sabor\u00f3s, sense perdre temps a la cuina.<\/p>","protected":false},"featured_media":213,"template":"","meta":[],"product_brand":[],"product_cat":[31,32],"product_tag":[],"class_list":{"0":"post-212","1":"product","2":"type-product","3":"status-publish","4":"has-post-thumbnail","6":"product_cat-carne-congelada","7":"product_cat-platos-preparados-congelados","9":"first","10":"instock","11":"shipping-taxable","12":"purchasable","13":"product-type-simple"},"yoast_head":"<!-- This site is optimized with the Yoast SEO plugin v27.3 - https:\/\/yoast.com\/product\/yoast-seo-wordpress\/ -->\n<title>Salteado Pavo 250g - Productos Congelados a Domicilio | Pescado, mariscos, verduras, precocinados y mucho m&aacute;s<\/title>\n<meta name=\"description\" content=\"Nuestro salteado de pavo con verduras congelado combina tiras de pechuga de pavo con una cuidada selecci\u00f3n de vegetales, ya troceado y listo para cocinar.\" \/>\n<meta name=\"robots\" content=\"index, follow, max-snippet:-1, max-image-preview:large, max-video-preview:-1\" \/>\n<link rel=\"canonical\" href=\"https:\/\/congeladosbajocero.com\/ca\/platos-preparados-congelados\/salteado-pavo\/\" \/>\n<meta property=\"og:locale\" content=\"ca_ES\" \/>\n<meta property=\"og:type\" content=\"article\" \/>\n<meta property=\"og:title\" content=\"Salteado Pavo 250g - Productos Congelados a Domicilio | Pescado, mariscos, verduras, precocinados y mucho m&aacute;s\" \/>\n<meta property=\"og:description\" content=\"Nuestro salteado de pavo con verduras congelado combina tiras de pechuga de pavo con una cuidada selecci\u00f3n de vegetales, ya troceado y listo para cocinar.\" \/>\n<meta property=\"og:url\" content=\"https:\/\/congeladosbajocero.com\/ca\/platos-preparados-congelados\/salteado-pavo\/\" \/>\n<meta property=\"og:site_name\" content=\"Productos Congelados a Domicilio | Pescado, mariscos, verduras, precocinados y mucho m&aacute;s\" \/>\n<meta property=\"article:modified_time\" content=\"2025-04-10T09:58:33+00:00\" \/>\n<meta property=\"og:image\" content=\"https:\/\/congeladosbajocero.com\/wp-content\/uploads\/2025\/03\/salteado-pavo-png.webp\" \/>\n\t<meta property=\"og:image:width\" content=\"600\" \/>\n\t<meta property=\"og:image:height\" content=\"600\" \/>\n\t<meta property=\"og:image:type\" content=\"image\/png\" \/>\n<meta name=\"twitter:card\" content=\"summary_large_image\" \/>\n<meta name=\"twitter:label1\" content=\"Preu\" \/>\n\t<meta name=\"twitter:data1\" content=\"2,20&nbsp;&euro;\" \/>\n\t<meta name=\"twitter:label2\" content=\"Disponibilitat\" \/>\n\t<meta name=\"twitter:data2\" content=\"En estoc\" \/>\n<script type=\"application\/ld+json\" class=\"yoast-schema-graph\">{\"@context\":\"https:\\\/\\\/schema.org\",\"@graph\":[{\"@type\":\"WebPage\",\"@id\":\"https:\\\/\\\/congeladosbajocero.com\\\/platos-preparados-congelados\\\/salteado-pavo\\\/\",\"url\":\"https:\\\/\\\/congeladosbajocero.com\\\/platos-preparados-congelados\\\/salteado-pavo\\\/\",\"name\":\"Salteado Pavo 250g - Productos Congelados a Domicilio | Pescado, mariscos, verduras, precocinados y mucho m&aacute;s\",\"isPartOf\":{\"@id\":\"https:\\\/\\\/congeladosbajocero.com\\\/#website\"},\"primaryImageOfPage\":{\"@id\":\"https:\\\/\\\/congeladosbajocero.com\\\/platos-preparados-congelados\\\/salteado-pavo\\\/#primaryimage\"},\"image\":{\"@id\":\"https:\\\/\\\/congeladosbajocero.com\\\/platos-preparados-congelados\\\/salteado-pavo\\\/#primaryimage\"},\"thumbnailUrl\":\"https:\\\/\\\/congeladosbajocero.com\\\/wp-content\\\/uploads\\\/2025\\\/03\\\/salteado-pavo-png.webp\",\"datePublished\":\"2025-03-14T18:59:56+00:00\",\"dateModified\":\"2025-04-10T09:58:33+00:00\",\"description\":\"Nuestro salteado de pavo con verduras congelado combina tiras de pechuga de pavo con una cuidada selecci\u00f3n de vegetales, ya troceado y listo para cocinar.\",\"breadcrumb\":{\"@id\":\"https:\\\/\\\/congeladosbajocero.com\\\/platos-preparados-congelados\\\/salteado-pavo\\\/#breadcrumb\"},\"inLanguage\":\"ca\",\"potentialAction\":[{\"@type\":\"ReadAction\",\"target\":[\"https:\\\/\\\/congeladosbajocero.com\\\/platos-preparados-congelados\\\/salteado-pavo\\\/\"]}]},{\"@type\":\"ImageObject\",\"inLanguage\":\"ca\",\"@id\":\"https:\\\/\\\/congeladosbajocero.com\\\/platos-preparados-congelados\\\/salteado-pavo\\\/#primaryimage\",\"url\":\"https:\\\/\\\/congeladosbajocero.com\\\/wp-content\\\/uploads\\\/2025\\\/03\\\/salteado-pavo-png.webp\",\"contentUrl\":\"https:\\\/\\\/congeladosbajocero.com\\\/wp-content\\\/uploads\\\/2025\\\/03\\\/salteado-pavo-png.webp\",\"width\":600,\"height\":600},{\"@type\":\"BreadcrumbList\",\"@id\":\"https:\\\/\\\/congeladosbajocero.com\\\/platos-preparados-congelados\\\/salteado-pavo\\\/#breadcrumb\",\"itemListElement\":[{\"@type\":\"ListItem\",\"position\":1,\"name\":\"Portada\",\"item\":\"https:\\\/\\\/congeladosbajocero.com\\\/\"},{\"@type\":\"ListItem\",\"position\":2,\"name\":\"Tienda\",\"item\":\"https:\\\/\\\/congeladosbajocero.com\\\/shop\\\/\"},{\"@type\":\"ListItem\",\"position\":3,\"name\":\"Salteado Pavo 250g\"}]},{\"@type\":\"WebSite\",\"@id\":\"https:\\\/\\\/congeladosbajocero.com\\\/#website\",\"url\":\"https:\\\/\\\/congeladosbajocero.com\\\/\",\"name\":\"Productos Congelados a Domicilio | Pescado, mariscos, verduras, precocinados y mucho m&aacute;s\",\"description\":\"Venta online de congelados\",\"publisher\":{\"@id\":\"https:\\\/\\\/congeladosbajocero.com\\\/#organization\"},\"potentialAction\":[{\"@type\":\"SearchAction\",\"target\":{\"@type\":\"EntryPoint\",\"urlTemplate\":\"https:\\\/\\\/congeladosbajocero.com\\\/?s={search_term_string}\"},\"query-input\":{\"@type\":\"PropertyValueSpecification\",\"valueRequired\":true,\"valueName\":\"search_term_string\"}}],\"inLanguage\":\"ca\"},{\"@type\":\"Organization\",\"@id\":\"https:\\\/\\\/congeladosbajocero.com\\\/#organization\",\"name\":\"Productos Congelados a Domicilio | Pescado, mariscos, verduras, precocinados y mucho m&aacute;s\",\"url\":\"https:\\\/\\\/congeladosbajocero.com\\\/\",\"logo\":{\"@type\":\"ImageObject\",\"inLanguage\":\"ca\",\"@id\":\"https:\\\/\\\/congeladosbajocero.com\\\/#\\\/schema\\\/logo\\\/image\\\/\",\"url\":\"https:\\\/\\\/congeladosbajocero.com\\\/wp-content\\\/uploads\\\/2025\\\/03\\\/logo-bajo-cero-png.webp\",\"contentUrl\":\"https:\\\/\\\/congeladosbajocero.com\\\/wp-content\\\/uploads\\\/2025\\\/03\\\/logo-bajo-cero-png.webp\",\"width\":498,\"height\":193,\"caption\":\"Productos Congelados a Domicilio | Pescado, mariscos, verduras, precocinados y mucho m&aacute;s\"},\"image\":{\"@id\":\"https:\\\/\\\/congeladosbajocero.com\\\/#\\\/schema\\\/logo\\\/image\\\/\"}}]}<\/script>\n<meta property=\"product:price:amount\" content=\"2.20\" \/>\n<meta property=\"product:price:currency\" content=\"EUR\" \/>\n<meta property=\"og:availability\" content=\"instock\" \/>\n<meta property=\"product:availability\" content=\"instock\" \/>\n<meta property=\"product:retailer_item_id\" content=\"1187\" \/>\n<meta property=\"product:condition\" content=\"new\" \/>\n<!-- \/ Yoast SEO plugin. -->","yoast_head_json":{"title":"Saltejat Pavo 250g - Productes Congelats a Domicili | Peix, marisc, verdures, precuinats i molt m\u00e9s","description":"El nostre saltat de gall dindi amb verdures congelat combina tires de pit de gall dindi amb una cuidada selecci\u00f3 de vegetals, ja trossejat i llest per cuinar.","robots":{"index":"index","follow":"follow","max-snippet":"max-snippet:-1","max-image-preview":"max-image-preview:large","max-video-preview":"max-video-preview:-1"},"canonical":"https:\/\/congeladosbajocero.com\/ca\/platos-preparados-congelados\/salteado-pavo\/","og_locale":"ca_ES","og_type":"article","og_title":"Salteado Pavo 250g - Productos Congelados a Domicilio | Pescado, mariscos, verduras, precocinados y mucho m&aacute;s","og_description":"Nuestro salteado de pavo con verduras congelado combina tiras de pechuga de pavo con una cuidada selecci\u00f3n de vegetales, ya troceado y listo para cocinar.","og_url":"https:\/\/congeladosbajocero.com\/ca\/platos-preparados-congelados\/salteado-pavo\/","og_site_name":"Productos Congelados a Domicilio | Pescado, mariscos, verduras, precocinados y mucho m&aacute;s","article_modified_time":"2025-04-10T09:58:33+00:00","og_image":[{"width":600,"height":600,"url":"https:\/\/congeladosbajocero.com\/wp-content\/uploads\/2025\/03\/salteado-pavo-png.webp","type":"image\/png"}],"twitter_card":"summary_large_image","twitter_misc":{"Preu":"2,20&nbsp;&euro;","Disponibilitat":"En estoc"},"schema":{"@context":"https:\/\/schema.org","@graph":[{"@type":"WebPage","@id":"https:\/\/congeladosbajocero.com\/platos-preparados-congelados\/salteado-pavo\/","url":"https:\/\/congeladosbajocero.com\/platos-preparados-congelados\/salteado-pavo\/","name":"Saltejat Pavo 250g - Productes Congelats a Domicili | Peix, marisc, verdures, precuinats i molt m\u00e9s","isPartOf":{"@id":"https:\/\/congeladosbajocero.com\/#website"},"primaryImageOfPage":{"@id":"https:\/\/congeladosbajocero.com\/platos-preparados-congelados\/salteado-pavo\/#primaryimage"},"image":{"@id":"https:\/\/congeladosbajocero.com\/platos-preparados-congelados\/salteado-pavo\/#primaryimage"},"thumbnailUrl":"https:\/\/congeladosbajocero.com\/wp-content\/uploads\/2025\/03\/salteado-pavo-png.webp","datePublished":"2025-03-14T18:59:56+00:00","dateModified":"2025-04-10T09:58:33+00:00","description":"El nostre saltat de gall dindi amb verdures congelat combina tires de pit de gall dindi amb una cuidada selecci\u00f3 de vegetals, ja trossejat i llest per cuinar.","breadcrumb":{"@id":"https:\/\/congeladosbajocero.com\/platos-preparados-congelados\/salteado-pavo\/#breadcrumb"},"inLanguage":"ca","potentialAction":[{"@type":"ReadAction","target":["https:\/\/congeladosbajocero.com\/platos-preparados-congelados\/salteado-pavo\/"]}]},{"@type":"ImageObject","inLanguage":"ca","@id":"https:\/\/congeladosbajocero.com\/platos-preparados-congelados\/salteado-pavo\/#primaryimage","url":"https:\/\/congeladosbajocero.com\/wp-content\/uploads\/2025\/03\/salteado-pavo-png.webp","contentUrl":"https:\/\/congeladosbajocero.com\/wp-content\/uploads\/2025\/03\/salteado-pavo-png.webp","width":600,"height":600},{"@type":"BreadcrumbList","@id":"https:\/\/congeladosbajocero.com\/platos-preparados-congelados\/salteado-pavo\/#breadcrumb","itemListElement":[{"@type":"ListItem","position":1,"name":"Portada","item":"https:\/\/congeladosbajocero.com\/"},{"@type":"ListItem","position":2,"name":"Tienda","item":"https:\/\/congeladosbajocero.com\/shop\/"},{"@type":"ListItem","position":3,"name":"Salteado Pavo 250g"}]},{"@type":"WebSite","@id":"https:\/\/congeladosbajocero.com\/#website","url":"https:\/\/congeladosbajocero.com\/","name":"Productes Congelats a Domicili | Peix, marisc, verdures, precuinats i molt m\u00e9s","description":"Venda online de congelats","publisher":{"@id":"https:\/\/congeladosbajocero.com\/#organization"},"potentialAction":[{"@type":"SearchAction","target":{"@type":"EntryPoint","urlTemplate":"https:\/\/congeladosbajocero.com\/?s={search_term_string}"},"query-input":{"@type":"PropertyValueSpecification","valueRequired":true,"valueName":"search_term_string"}}],"inLanguage":"ca"},{"@type":"Organization","@id":"https:\/\/congeladosbajocero.com\/#organization","name":"Productes Congelats a Domicili | Peix, marisc, verdures, precuinats i molt m\u00e9s","url":"https:\/\/congeladosbajocero.com\/","logo":{"@type":"ImageObject","inLanguage":"ca","@id":"https:\/\/congeladosbajocero.com\/#\/schema\/logo\/image\/","url":"https:\/\/congeladosbajocero.com\/wp-content\/uploads\/2025\/03\/logo-bajo-cero-png.webp","contentUrl":"https:\/\/congeladosbajocero.com\/wp-content\/uploads\/2025\/03\/logo-bajo-cero-png.webp","width":498,"height":193,"caption":"Productos Congelados a Domicilio | Pescado, mariscos, verduras, precocinados y mucho m&aacute;s"},"image":{"@id":"https:\/\/congeladosbajocero.com\/#\/schema\/logo\/image\/"}}]},"product_price_amount":"2.20","product_price_currency":"EUR","og_availability":"instock","product_availability":"instock","product_retailer_item_id":"1187","product_condition":"new"},"_links":{"self":[{"href":"https:\/\/congeladosbajocero.com\/ca\/wp-json\/wp\/v2\/product\/212","targetHints":{"allow":["GET"]}}],"collection":[{"href":"https:\/\/congeladosbajocero.com\/ca\/wp-json\/wp\/v2\/product"}],"about":[{"href":"https:\/\/congeladosbajocero.com\/ca\/wp-json\/wp\/v2\/types\/product"}],"wp:featuredmedia":[{"embeddable":true,"href":"https:\/\/congeladosbajocero.com\/ca\/wp-json\/wp\/v2\/media\/213"}],"wp:attachment":[{"href":"https:\/\/congeladosbajocero.com\/ca\/wp-json\/wp\/v2\/media?parent=212"}],"wp:term":[{"taxonomy":"product_brand","embeddable":true,"href":"https:\/\/congeladosbajocero.com\/ca\/wp-json\/wp\/v2\/product_brand?post=212"},{"taxonomy":"product_cat","embeddable":true,"href":"https:\/\/congeladosbajocero.com\/ca\/wp-json\/wp\/v2\/product_cat?post=212"},{"taxonomy":"product_tag","embeddable":true,"href":"https:\/\/congeladosbajocero.com\/ca\/wp-json\/wp\/v2\/product_tag?post=212"}],"curies":[{"name":"wp","href":"https:\/\/api.w.org\/{rel}","templated":true}]}}