{"id":183,"date":"2025-03-14T14:20:14","date_gmt":"2025-03-14T14:20:14","guid":{"rendered":"https:\/\/congeladosbajocero.com\/?post_type=product&#038;p=183"},"modified":"2025-04-16T08:56:52","modified_gmt":"2025-04-16T08:56:52","slug":"maiz-grano","status":"publish","type":"product","link":"https:\/\/congeladosbajocero.com\/ca\/ofertas\/maiz-grano\/","title":{"rendered":"Maiz Gra 250g"},"content":{"rendered":"<p class=\"\" data-start=\"249\" data-end=\"516\">El nostre <strong data-start=\"257\" data-end=\"290\">blat de moro dol\u00e7 en gra congelat<\/strong> \u00e9s una opci\u00f3 pr\u00e0ctica, saludable i vers\u00e0til per a tot tipus de receptes. Es presenta net, cuit i llest per utilitzar, ideal per afegir directament a amanides, saltats, cremes, truites, guarnicions o plats infantils.<\/p>\n<p class=\"\" data-start=\"518\" data-end=\"655\">Gr\u00e0cies al proc\u00e9s de <strong data-start=\"540\" data-end=\"560\">ultracongelaci\u00f3<\/strong>, conserva tot el sabor, color i valor nutricional, sense necessitat de conservants ni additius.<\/p>\n<p data-start=\"518\" data-end=\"655\">\n<h4 data-start=\"662\" data-end=\"699\">Quin tipus de gra \u00e9s el blat de moro?<\/h4>\n<p class=\"\" data-start=\"701\" data-end=\"1079\">El blat de moro \u00e9s un <strong data-start=\"715\" data-end=\"725\">cereal<\/strong> de la fam\u00edlia de les gram\u00ednies (com el blat, la civada o l&#039;arr\u00f2s). Es considera un <strong data-start=\"811\" data-end=\"827\">gra sencer<\/strong> quan es consumeix amb tots els seus components naturals (germen, endosperm i seg\u00f3). El gra dol\u00e7 que es comercialitza congelat correspon a una <strong data-start=\"977\" data-end=\"1015\">varietat de blat de moro recol\u00b7lectat jove<\/strong>, quan la seva textura \u00e9s m\u00e9s tendra i el seu sabor naturalment dol\u00e7.<\/p>\n<p data-start=\"701\" data-end=\"1079\">\n<h4 data-start=\"1086\" data-end=\"1113\">Propietats del blat de moro<\/h4>\n<ul data-start=\"1115\" data-end=\"1386\">\n<li class=\"\" data-start=\"1115\" data-end=\"1193\">\n<p class=\"\" data-start=\"1117\" data-end=\"1193\">Ric a <strong data-start=\"1125\" data-end=\"1158\">hidrats de carboni complexos<\/strong>, el que aporta energia sostinguda<\/p>\n<\/li>\n<li class=\"\" data-start=\"1194\" data-end=\"1252\">\n<p class=\"\" data-start=\"1196\" data-end=\"1252\">Font natural de <strong data-start=\"1214\" data-end=\"1223\">fibra<\/strong>, que afavoreix la digesti\u00f3<\/p>\n<\/li>\n<li class=\"\" data-start=\"1253\" data-end=\"1327\">\n<p class=\"\" data-start=\"1255\" data-end=\"1327\">Cont\u00e9 <strong data-start=\"1264\" data-end=\"1289\">vitamines del grup B<\/strong> i minerals com a magnesi i f\u00f2sfor<\/p>\n<\/li>\n<li class=\"\" data-start=\"1328\" data-end=\"1386\">\n<p class=\"\" data-start=\"1330\" data-end=\"1386\">No cont\u00e9 gluten, per la qual cosa \u00e9s <strong data-start=\"1364\" data-end=\"1386\">apte per a cel\u00edacs<\/strong><\/p>\n<\/li>\n<\/ul>\n<p>&nbsp;<\/p>\n<h4 data-start=\"1393\" data-end=\"1416\">Consells d&#039;\u00fas<\/h4>\n<p class=\"\" data-start=\"1418\" data-end=\"1579\">No necessita descongelaci\u00f3 pr\u00e8via. Pots bullir-lo breument (2-3 min), saltar-lo amb una mica d&#039;oli o afegir-lo directament a les receptes calentes o fredes.<\/p>","protected":false},"excerpt":{"rendered":"<p>El <strong data-start=\"249\" data-end=\"273\">blat de moro dol\u00e7 congelat<\/strong> \u00e9s l&#039;opci\u00f3 perfecta per gaudir d&#039;aquest delici\u00f3s ingredient amb tota la frescor i la dol\u00e7or natural. Seleccionat al punt \u00f2ptim de maduraci\u00f3 i ultracongelat per preservar el seu sabor i textura, \u00e9s ideal per a amanides, guarnicions, sopes i receptes saludables.<\/p>","protected":false},"featured_media":184,"template":"","meta":[],"product_brand":[],"product_cat":[43,30,27],"product_tag":[],"class_list":{"0":"post-183","1":"product","2":"type-product","3":"status-publish","4":"has-post-thumbnail","6":"product_cat-ofertas","7":"product_cat-productos-bio-congelados","8":"product_cat-verduras-congeladas","10":"first","11":"instock","12":"sale","13":"shipping-taxable","14":"purchasable","15":"product-type-simple"},"yoast_head":"<!-- This site is optimized with the Yoast SEO plugin v27.3 - https:\/\/yoast.com\/product\/yoast-seo-wordpress\/ -->\n<title>Maiz Grano 250g - Productos Congelados a Domicilio | Pescado, mariscos, verduras, precocinados y mucho m&aacute;s<\/title>\n<meta name=\"robots\" content=\"index, follow, max-snippet:-1, max-image-preview:large, max-video-preview:-1\" \/>\n<link rel=\"canonical\" href=\"https:\/\/congeladosbajocero.com\/ca\/ofertas\/maiz-grano\/\" \/>\n<meta property=\"og:locale\" content=\"ca_ES\" \/>\n<meta property=\"og:type\" content=\"article\" \/>\n<meta property=\"og:title\" content=\"Maiz Grano 250g - Productos Congelados a Domicilio | Pescado, mariscos, verduras, precocinados y mucho m&aacute;s\" \/>\n<meta property=\"og:description\" content=\"El ma\u00edz dulce congelado es la opci\u00f3n perfecta para disfrutar de este delicioso ingrediente con toda su frescura y dulzura natural. Seleccionado en su punto \u00f3ptimo de maduraci\u00f3n y ultracongelado para preservar su sabor y textura, es ideal para ensaladas, guarniciones, sopas y recetas saludables.\" \/>\n<meta property=\"og:url\" content=\"https:\/\/congeladosbajocero.com\/ca\/ofertas\/maiz-grano\/\" \/>\n<meta property=\"og:site_name\" content=\"Productos Congelados a Domicilio | Pescado, mariscos, verduras, precocinados y mucho m&aacute;s\" \/>\n<meta property=\"article:modified_time\" content=\"2025-04-16T08:56:52+00:00\" \/>\n<meta property=\"og:image\" content=\"https:\/\/congeladosbajocero.com\/wp-content\/uploads\/2025\/03\/maiz-grano-png.webp\" \/>\n\t<meta property=\"og:image:width\" content=\"600\" \/>\n\t<meta property=\"og:image:height\" content=\"600\" \/>\n\t<meta property=\"og:image:type\" content=\"image\/png\" \/>\n<meta name=\"twitter:card\" content=\"summary_large_image\" \/>\n<meta name=\"twitter:label1\" content=\"Preu\" \/>\n\t<meta name=\"twitter:data1\" content=\"1,10&nbsp;&euro;\" \/>\n\t<meta name=\"twitter:label2\" content=\"Disponibilitat\" \/>\n\t<meta name=\"twitter:data2\" content=\"En estoc\" \/>\n<script type=\"application\/ld+json\" class=\"yoast-schema-graph\">{\"@context\":\"https:\\\/\\\/schema.org\",\"@graph\":[{\"@type\":\"WebPage\",\"@id\":\"https:\\\/\\\/congeladosbajocero.com\\\/ofertas\\\/maiz-grano\\\/\",\"url\":\"https:\\\/\\\/congeladosbajocero.com\\\/ofertas\\\/maiz-grano\\\/\",\"name\":\"Maiz Grano 250g - Productos Congelados a Domicilio | Pescado, mariscos, verduras, precocinados y mucho m&aacute;s\",\"isPartOf\":{\"@id\":\"https:\\\/\\\/congeladosbajocero.com\\\/#website\"},\"primaryImageOfPage\":{\"@id\":\"https:\\\/\\\/congeladosbajocero.com\\\/ofertas\\\/maiz-grano\\\/#primaryimage\"},\"image\":{\"@id\":\"https:\\\/\\\/congeladosbajocero.com\\\/ofertas\\\/maiz-grano\\\/#primaryimage\"},\"thumbnailUrl\":\"https:\\\/\\\/congeladosbajocero.com\\\/wp-content\\\/uploads\\\/2025\\\/03\\\/maiz-grano-png.webp\",\"datePublished\":\"2025-03-14T14:20:14+00:00\",\"dateModified\":\"2025-04-16T08:56:52+00:00\",\"breadcrumb\":{\"@id\":\"https:\\\/\\\/congeladosbajocero.com\\\/ofertas\\\/maiz-grano\\\/#breadcrumb\"},\"inLanguage\":\"ca\",\"potentialAction\":[{\"@type\":\"ReadAction\",\"target\":[\"https:\\\/\\\/congeladosbajocero.com\\\/ofertas\\\/maiz-grano\\\/\"]}]},{\"@type\":\"ImageObject\",\"inLanguage\":\"ca\",\"@id\":\"https:\\\/\\\/congeladosbajocero.com\\\/ofertas\\\/maiz-grano\\\/#primaryimage\",\"url\":\"https:\\\/\\\/congeladosbajocero.com\\\/wp-content\\\/uploads\\\/2025\\\/03\\\/maiz-grano-png.webp\",\"contentUrl\":\"https:\\\/\\\/congeladosbajocero.com\\\/wp-content\\\/uploads\\\/2025\\\/03\\\/maiz-grano-png.webp\",\"width\":600,\"height\":600},{\"@type\":\"BreadcrumbList\",\"@id\":\"https:\\\/\\\/congeladosbajocero.com\\\/ofertas\\\/maiz-grano\\\/#breadcrumb\",\"itemListElement\":[{\"@type\":\"ListItem\",\"position\":1,\"name\":\"Portada\",\"item\":\"https:\\\/\\\/congeladosbajocero.com\\\/\"},{\"@type\":\"ListItem\",\"position\":2,\"name\":\"Tienda\",\"item\":\"https:\\\/\\\/congeladosbajocero.com\\\/shop\\\/\"},{\"@type\":\"ListItem\",\"position\":3,\"name\":\"Maiz Grano 250g\"}]},{\"@type\":\"WebSite\",\"@id\":\"https:\\\/\\\/congeladosbajocero.com\\\/#website\",\"url\":\"https:\\\/\\\/congeladosbajocero.com\\\/\",\"name\":\"Productos Congelados a Domicilio | Pescado, mariscos, verduras, precocinados y mucho m&aacute;s\",\"description\":\"Venta online de congelados\",\"publisher\":{\"@id\":\"https:\\\/\\\/congeladosbajocero.com\\\/#organization\"},\"potentialAction\":[{\"@type\":\"SearchAction\",\"target\":{\"@type\":\"EntryPoint\",\"urlTemplate\":\"https:\\\/\\\/congeladosbajocero.com\\\/?s={search_term_string}\"},\"query-input\":{\"@type\":\"PropertyValueSpecification\",\"valueRequired\":true,\"valueName\":\"search_term_string\"}}],\"inLanguage\":\"ca\"},{\"@type\":\"Organization\",\"@id\":\"https:\\\/\\\/congeladosbajocero.com\\\/#organization\",\"name\":\"Productos Congelados a Domicilio | Pescado, mariscos, verduras, precocinados y mucho m&aacute;s\",\"url\":\"https:\\\/\\\/congeladosbajocero.com\\\/\",\"logo\":{\"@type\":\"ImageObject\",\"inLanguage\":\"ca\",\"@id\":\"https:\\\/\\\/congeladosbajocero.com\\\/#\\\/schema\\\/logo\\\/image\\\/\",\"url\":\"https:\\\/\\\/congeladosbajocero.com\\\/wp-content\\\/uploads\\\/2025\\\/03\\\/logo-bajo-cero-png.webp\",\"contentUrl\":\"https:\\\/\\\/congeladosbajocero.com\\\/wp-content\\\/uploads\\\/2025\\\/03\\\/logo-bajo-cero-png.webp\",\"width\":498,\"height\":193,\"caption\":\"Productos Congelados a Domicilio | Pescado, mariscos, verduras, precocinados y mucho m&aacute;s\"},\"image\":{\"@id\":\"https:\\\/\\\/congeladosbajocero.com\\\/#\\\/schema\\\/logo\\\/image\\\/\"}}]}<\/script>\n<meta property=\"product:price:amount\" content=\"1.10\" \/>\n<meta property=\"product:price:currency\" content=\"EUR\" \/>\n<meta property=\"og:availability\" content=\"instock\" \/>\n<meta property=\"product:availability\" content=\"instock\" \/>\n<meta property=\"product:retailer_item_id\" content=\"1124\" \/>\n<meta property=\"product:condition\" content=\"new\" \/>\n<!-- \/ Yoast SEO plugin. -->","yoast_head_json":{"title":"Maiz Grao 250g - Productes Congelats a Domicili | Peix, marisc, verdures, precuinats i molt m\u00e9s","robots":{"index":"index","follow":"follow","max-snippet":"max-snippet:-1","max-image-preview":"max-image-preview:large","max-video-preview":"max-video-preview:-1"},"canonical":"https:\/\/congeladosbajocero.com\/ca\/ofertas\/maiz-grano\/","og_locale":"ca_ES","og_type":"article","og_title":"Maiz Grano 250g - Productos Congelados a Domicilio | Pescado, mariscos, verduras, precocinados y mucho m&aacute;s","og_description":"El ma\u00edz dulce congelado es la opci\u00f3n perfecta para disfrutar de este delicioso ingrediente con toda su frescura y dulzura natural. Seleccionado en su punto \u00f3ptimo de maduraci\u00f3n y ultracongelado para preservar su sabor y textura, es ideal para ensaladas, guarniciones, sopas y recetas saludables.","og_url":"https:\/\/congeladosbajocero.com\/ca\/ofertas\/maiz-grano\/","og_site_name":"Productos Congelados a Domicilio | Pescado, mariscos, verduras, precocinados y mucho m&aacute;s","article_modified_time":"2025-04-16T08:56:52+00:00","og_image":[{"width":600,"height":600,"url":"https:\/\/congeladosbajocero.com\/wp-content\/uploads\/2025\/03\/maiz-grano-png.webp","type":"image\/png"}],"twitter_card":"summary_large_image","twitter_misc":{"Preu":"1,10&nbsp;&euro;","Disponibilitat":"En estoc"},"schema":{"@context":"https:\/\/schema.org","@graph":[{"@type":"WebPage","@id":"https:\/\/congeladosbajocero.com\/ofertas\/maiz-grano\/","url":"https:\/\/congeladosbajocero.com\/ofertas\/maiz-grano\/","name":"Maiz Grao 250g - Productes Congelats a Domicili | Peix, marisc, verdures, precuinats i molt m\u00e9s","isPartOf":{"@id":"https:\/\/congeladosbajocero.com\/#website"},"primaryImageOfPage":{"@id":"https:\/\/congeladosbajocero.com\/ofertas\/maiz-grano\/#primaryimage"},"image":{"@id":"https:\/\/congeladosbajocero.com\/ofertas\/maiz-grano\/#primaryimage"},"thumbnailUrl":"https:\/\/congeladosbajocero.com\/wp-content\/uploads\/2025\/03\/maiz-grano-png.webp","datePublished":"2025-03-14T14:20:14+00:00","dateModified":"2025-04-16T08:56:52+00:00","breadcrumb":{"@id":"https:\/\/congeladosbajocero.com\/ofertas\/maiz-grano\/#breadcrumb"},"inLanguage":"ca","potentialAction":[{"@type":"ReadAction","target":["https:\/\/congeladosbajocero.com\/ofertas\/maiz-grano\/"]}]},{"@type":"ImageObject","inLanguage":"ca","@id":"https:\/\/congeladosbajocero.com\/ofertas\/maiz-grano\/#primaryimage","url":"https:\/\/congeladosbajocero.com\/wp-content\/uploads\/2025\/03\/maiz-grano-png.webp","contentUrl":"https:\/\/congeladosbajocero.com\/wp-content\/uploads\/2025\/03\/maiz-grano-png.webp","width":600,"height":600},{"@type":"BreadcrumbList","@id":"https:\/\/congeladosbajocero.com\/ofertas\/maiz-grano\/#breadcrumb","itemListElement":[{"@type":"ListItem","position":1,"name":"Portada","item":"https:\/\/congeladosbajocero.com\/"},{"@type":"ListItem","position":2,"name":"Tienda","item":"https:\/\/congeladosbajocero.com\/shop\/"},{"@type":"ListItem","position":3,"name":"Maiz Grano 250g"}]},{"@type":"WebSite","@id":"https:\/\/congeladosbajocero.com\/#website","url":"https:\/\/congeladosbajocero.com\/","name":"Productes Congelats a Domicili | Peix, marisc, verdures, precuinats i molt m\u00e9s","description":"Venda online de congelats","publisher":{"@id":"https:\/\/congeladosbajocero.com\/#organization"},"potentialAction":[{"@type":"SearchAction","target":{"@type":"EntryPoint","urlTemplate":"https:\/\/congeladosbajocero.com\/?s={search_term_string}"},"query-input":{"@type":"PropertyValueSpecification","valueRequired":true,"valueName":"search_term_string"}}],"inLanguage":"ca"},{"@type":"Organization","@id":"https:\/\/congeladosbajocero.com\/#organization","name":"Productes Congelats a Domicili | Peix, marisc, verdures, precuinats i molt m\u00e9s","url":"https:\/\/congeladosbajocero.com\/","logo":{"@type":"ImageObject","inLanguage":"ca","@id":"https:\/\/congeladosbajocero.com\/#\/schema\/logo\/image\/","url":"https:\/\/congeladosbajocero.com\/wp-content\/uploads\/2025\/03\/logo-bajo-cero-png.webp","contentUrl":"https:\/\/congeladosbajocero.com\/wp-content\/uploads\/2025\/03\/logo-bajo-cero-png.webp","width":498,"height":193,"caption":"Productos Congelados a Domicilio | Pescado, mariscos, verduras, precocinados y mucho m&aacute;s"},"image":{"@id":"https:\/\/congeladosbajocero.com\/#\/schema\/logo\/image\/"}}]},"product_price_amount":"1.10","product_price_currency":"EUR","og_availability":"instock","product_availability":"instock","product_retailer_item_id":"1124","product_condition":"new"},"_links":{"self":[{"href":"https:\/\/congeladosbajocero.com\/ca\/wp-json\/wp\/v2\/product\/183","targetHints":{"allow":["GET"]}}],"collection":[{"href":"https:\/\/congeladosbajocero.com\/ca\/wp-json\/wp\/v2\/product"}],"about":[{"href":"https:\/\/congeladosbajocero.com\/ca\/wp-json\/wp\/v2\/types\/product"}],"wp:featuredmedia":[{"embeddable":true,"href":"https:\/\/congeladosbajocero.com\/ca\/wp-json\/wp\/v2\/media\/184"}],"wp:attachment":[{"href":"https:\/\/congeladosbajocero.com\/ca\/wp-json\/wp\/v2\/media?parent=183"}],"wp:term":[{"taxonomy":"product_brand","embeddable":true,"href":"https:\/\/congeladosbajocero.com\/ca\/wp-json\/wp\/v2\/product_brand?post=183"},{"taxonomy":"product_cat","embeddable":true,"href":"https:\/\/congeladosbajocero.com\/ca\/wp-json\/wp\/v2\/product_cat?post=183"},{"taxonomy":"product_tag","embeddable":true,"href":"https:\/\/congeladosbajocero.com\/ca\/wp-json\/wp\/v2\/product_tag?post=183"}],"curies":[{"name":"wp","href":"https:\/\/api.w.org\/{rel}","templated":true}]}}