{"id":161,"date":"2025-03-14T12:53:43","date_gmt":"2025-03-14T12:53:43","guid":{"rendered":"https:\/\/congeladosbajocero.com\/?post_type=product&#038;p=161"},"modified":"2025-10-14T12:19:32","modified_gmt":"2025-10-14T12:19:32","slug":"alcachofa-cortada","status":"publish","type":"product","link":"https:\/\/congeladosbajocero.com\/ca\/verduras-congeladas\/alcachofa-cortada\/","title":{"rendered":"Carxofa tallada 250g"},"content":{"rendered":"<ul>\n<li><em><strong>Preparaci\u00f3:<\/strong><\/em><\/li>\n<\/ul>\n<p>&nbsp;<\/p>\n<p>1- Aboqui el contingut d&#039;aquest producte, sense descongelar, en un recipient amb aigua bullint.<\/p>\n<p>2- Afegiu sal.<\/p>\n<p>3- Espereu que torneu a bullir i mantingueu el bull a foc moderat durant 10 minuts aproximadament.<\/p>\n<p>4- Escorri&#039;l i utilitzi&#039;l a la seva conveni\u00e8ncia.<\/p>\n<p>&nbsp;<\/p>\n<ul>\n<li><strong><em>Ingredients: <\/em><\/strong>Carxofa<\/li>\n<\/ul>\n<p>&nbsp;<\/p>\n<ul>\n<li><em><strong>Valor Nutricional:<\/strong><\/em><\/li>\n<\/ul>\n<p>&nbsp;<\/p>\n<ul>\n<li data-start=\"113\" data-end=\"162\"><strong data-start=\"115\" data-end=\"135\">Valor energ\u00e8tic<\/strong>: 153 kJ \/ 37 kcal (2% IR*)<\/li>\n<li data-start=\"163\" data-end=\"233\"><strong data-start=\"165\" data-end=\"175\">Greixos<\/strong>: 0,2 g (0% IR*)\n<ul data-start=\"194\" data-end=\"233\">\n<li data-start=\"194\" data-end=\"233\">de les quals saturades: 0 g (0% IR*)<\/li>\n<\/ul>\n<\/li>\n<li data-start=\"234\" data-end=\"318\"><strong data-start=\"236\" data-end=\"259\">Hidrats de carboni<\/strong>: 2,7 g (1% IR*)\n<ul data-start=\"278\" data-end=\"318\">\n<li data-start=\"278\" data-end=\"318\">dels quals sucres: 1,3 g (1% IR*)<\/li>\n<\/ul>\n<\/li>\n<li data-start=\"319\" data-end=\"349\"><strong data-start=\"321\" data-end=\"342\">Fibra aliment\u00e0ria<\/strong>: 5,4 g<\/li>\n<li data-start=\"350\" data-end=\"381\"><strong data-start=\"352\" data-end=\"365\">Prote\u00efnes<\/strong>: 3,3 g (7% IR*)<\/li>\n<li data-start=\"382\" data-end=\"408\"><strong data-start=\"384\" data-end=\"391\">Sal<\/strong>: 0,23 g (4% IR*)<\/li>\n<\/ul>","protected":false},"excerpt":{"rendered":"<p>Perfecte per afegir un toc saludable i delici\u00f3s a les teves receptes preferides. Seleccionades al punt \u00f2ptim de maduraci\u00f3 i ultracongelades per conservar tot el seu sabor i propietats, aquestes carxofes s\u00f3n ideals per a guisats, saltats, amanides o com a guarnici\u00f3.<\/p>","protected":false},"featured_media":152,"template":"","meta":[],"product_brand":[],"product_cat":[27],"product_tag":[],"class_list":{"0":"post-161","1":"product","2":"type-product","3":"status-publish","4":"has-post-thumbnail","6":"product_cat-verduras-congeladas","8":"first","9":"instock","10":"shipping-taxable","11":"purchasable","12":"product-type-variable"},"yoast_head":"<!-- This site is optimized with the Yoast SEO plugin v27.4 - https:\/\/yoast.com\/product\/yoast-seo-wordpress\/ -->\n<title>Alcachofa cortada 250g - Productos Congelados a Domicilio | Pescado, mariscos, verduras, precocinados y mucho m&aacute;s<\/title>\n<meta name=\"robots\" content=\"index, follow, max-snippet:-1, max-image-preview:large, max-video-preview:-1\" \/>\n<link rel=\"canonical\" href=\"https:\/\/congeladosbajocero.com\/ca\/verduras-congeladas\/alcachofa-cortada\/\" \/>\n<meta property=\"og:locale\" content=\"ca_ES\" \/>\n<meta property=\"og:type\" content=\"article\" \/>\n<meta property=\"og:title\" content=\"Alcachofa cortada 250g - Productos Congelados a Domicilio | Pescado, mariscos, verduras, precocinados y mucho m&aacute;s\" \/>\n<meta property=\"og:description\" content=\"Perfecta para a\u00f1adir un toque saludable y delicioso a tus recetas favoritas. Seleccionadas en su punto \u00f3ptimo de maduraci\u00f3n y ultracongeladas para conservar todo su sabor y propiedades, estas alcachofas son ideales para guisos, salteados, ensaladas o como guarnici\u00f3n.\" \/>\n<meta property=\"og:url\" content=\"https:\/\/congeladosbajocero.com\/ca\/verduras-congeladas\/alcachofa-cortada\/\" \/>\n<meta property=\"og:site_name\" content=\"Productos Congelados a Domicilio | Pescado, mariscos, verduras, precocinados y mucho m&aacute;s\" \/>\n<meta property=\"article:modified_time\" content=\"2025-10-14T12:19:32+00:00\" \/>\n<meta property=\"og:image\" content=\"https:\/\/congeladosbajocero.com\/wp-content\/uploads\/2025\/03\/alcachofas-corazon-png.webp\" \/>\n\t<meta property=\"og:image:width\" content=\"600\" \/>\n\t<meta property=\"og:image:height\" content=\"600\" \/>\n\t<meta property=\"og:image:type\" content=\"image\/png\" \/>\n<meta name=\"twitter:card\" content=\"summary_large_image\" \/>\n<meta name=\"twitter:label1\" content=\"Disponibilitat\" \/>\n\t<meta name=\"twitter:data1\" content=\"En estoc\" \/>\n<script type=\"application\/ld+json\" class=\"yoast-schema-graph\">{\"@context\":\"https:\\\/\\\/schema.org\",\"@graph\":[{\"@type\":\"WebPage\",\"@id\":\"https:\\\/\\\/congeladosbajocero.com\\\/verduras-congeladas\\\/alcachofa-cortada\\\/\",\"url\":\"https:\\\/\\\/congeladosbajocero.com\\\/verduras-congeladas\\\/alcachofa-cortada\\\/\",\"name\":\"Alcachofa cortada 250g - Productos Congelados a Domicilio | Pescado, mariscos, verduras, precocinados y mucho m&aacute;s\",\"isPartOf\":{\"@id\":\"https:\\\/\\\/congeladosbajocero.com\\\/#website\"},\"primaryImageOfPage\":{\"@id\":\"https:\\\/\\\/congeladosbajocero.com\\\/verduras-congeladas\\\/alcachofa-cortada\\\/#primaryimage\"},\"image\":{\"@id\":\"https:\\\/\\\/congeladosbajocero.com\\\/verduras-congeladas\\\/alcachofa-cortada\\\/#primaryimage\"},\"thumbnailUrl\":\"https:\\\/\\\/congeladosbajocero.com\\\/wp-content\\\/uploads\\\/2025\\\/03\\\/alcachofas-corazon-png.webp\",\"datePublished\":\"2025-03-14T12:53:43+00:00\",\"dateModified\":\"2025-10-14T12:19:32+00:00\",\"breadcrumb\":{\"@id\":\"https:\\\/\\\/congeladosbajocero.com\\\/verduras-congeladas\\\/alcachofa-cortada\\\/#breadcrumb\"},\"inLanguage\":\"ca\",\"potentialAction\":[{\"@type\":\"ReadAction\",\"target\":[\"https:\\\/\\\/congeladosbajocero.com\\\/verduras-congeladas\\\/alcachofa-cortada\\\/\"]}]},{\"@type\":\"ImageObject\",\"inLanguage\":\"ca\",\"@id\":\"https:\\\/\\\/congeladosbajocero.com\\\/verduras-congeladas\\\/alcachofa-cortada\\\/#primaryimage\",\"url\":\"https:\\\/\\\/congeladosbajocero.com\\\/wp-content\\\/uploads\\\/2025\\\/03\\\/alcachofas-corazon-png.webp\",\"contentUrl\":\"https:\\\/\\\/congeladosbajocero.com\\\/wp-content\\\/uploads\\\/2025\\\/03\\\/alcachofas-corazon-png.webp\",\"width\":600,\"height\":600},{\"@type\":\"BreadcrumbList\",\"@id\":\"https:\\\/\\\/congeladosbajocero.com\\\/verduras-congeladas\\\/alcachofa-cortada\\\/#breadcrumb\",\"itemListElement\":[{\"@type\":\"ListItem\",\"position\":1,\"name\":\"Portada\",\"item\":\"https:\\\/\\\/congeladosbajocero.com\\\/\"},{\"@type\":\"ListItem\",\"position\":2,\"name\":\"Tienda\",\"item\":\"https:\\\/\\\/congeladosbajocero.com\\\/shop\\\/\"},{\"@type\":\"ListItem\",\"position\":3,\"name\":\"Alcachofa cortada 250g\"}]},{\"@type\":\"WebSite\",\"@id\":\"https:\\\/\\\/congeladosbajocero.com\\\/#website\",\"url\":\"https:\\\/\\\/congeladosbajocero.com\\\/\",\"name\":\"Productos Congelados a Domicilio | Pescado, mariscos, verduras, precocinados y mucho m&aacute;s\",\"description\":\"Venta online de congelados\",\"publisher\":{\"@id\":\"https:\\\/\\\/congeladosbajocero.com\\\/#organization\"},\"potentialAction\":[{\"@type\":\"SearchAction\",\"target\":{\"@type\":\"EntryPoint\",\"urlTemplate\":\"https:\\\/\\\/congeladosbajocero.com\\\/?s={search_term_string}\"},\"query-input\":{\"@type\":\"PropertyValueSpecification\",\"valueRequired\":true,\"valueName\":\"search_term_string\"}}],\"inLanguage\":\"ca\"},{\"@type\":\"Organization\",\"@id\":\"https:\\\/\\\/congeladosbajocero.com\\\/#organization\",\"name\":\"Productos Congelados a Domicilio | Pescado, mariscos, verduras, precocinados y mucho m&aacute;s\",\"url\":\"https:\\\/\\\/congeladosbajocero.com\\\/\",\"logo\":{\"@type\":\"ImageObject\",\"inLanguage\":\"ca\",\"@id\":\"https:\\\/\\\/congeladosbajocero.com\\\/#\\\/schema\\\/logo\\\/image\\\/\",\"url\":\"https:\\\/\\\/congeladosbajocero.com\\\/wp-content\\\/uploads\\\/2025\\\/03\\\/logo-bajo-cero-png.webp\",\"contentUrl\":\"https:\\\/\\\/congeladosbajocero.com\\\/wp-content\\\/uploads\\\/2025\\\/03\\\/logo-bajo-cero-png.webp\",\"width\":498,\"height\":193,\"caption\":\"Productos Congelados a Domicilio | Pescado, mariscos, verduras, precocinados y mucho m&aacute;s\"},\"image\":{\"@id\":\"https:\\\/\\\/congeladosbajocero.com\\\/#\\\/schema\\\/logo\\\/image\\\/\"}}]}<\/script>\n<meta property=\"og:availability\" content=\"instock\" \/>\n<meta property=\"product:availability\" content=\"instock\" \/>\n<meta property=\"product:retailer_item_id\" content=\"1102\" \/>\n<meta property=\"product:condition\" content=\"new\" \/>\n<!-- \/ Yoast SEO plugin. -->","yoast_head_json":{"title":"Carxofa tallada 250g - Productes Congelats a Domicili | Peix, marisc, verdures, precuinats i molt m\u00e9s","robots":{"index":"index","follow":"follow","max-snippet":"max-snippet:-1","max-image-preview":"max-image-preview:large","max-video-preview":"max-video-preview:-1"},"canonical":"https:\/\/congeladosbajocero.com\/ca\/verduras-congeladas\/alcachofa-cortada\/","og_locale":"ca_ES","og_type":"article","og_title":"Alcachofa cortada 250g - Productos Congelados a Domicilio | Pescado, mariscos, verduras, precocinados y mucho m&aacute;s","og_description":"Perfecta para a\u00f1adir un toque saludable y delicioso a tus recetas favoritas. Seleccionadas en su punto \u00f3ptimo de maduraci\u00f3n y ultracongeladas para conservar todo su sabor y propiedades, estas alcachofas son ideales para guisos, salteados, ensaladas o como guarnici\u00f3n.","og_url":"https:\/\/congeladosbajocero.com\/ca\/verduras-congeladas\/alcachofa-cortada\/","og_site_name":"Productos Congelados a Domicilio | Pescado, mariscos, verduras, precocinados y mucho m&aacute;s","article_modified_time":"2025-10-14T12:19:32+00:00","og_image":[{"width":600,"height":600,"url":"https:\/\/congeladosbajocero.com\/wp-content\/uploads\/2025\/03\/alcachofas-corazon-png.webp","type":"image\/png"}],"twitter_card":"summary_large_image","twitter_misc":{"Disponibilitat":"En estoc"},"schema":{"@context":"https:\/\/schema.org","@graph":[{"@type":"WebPage","@id":"https:\/\/congeladosbajocero.com\/verduras-congeladas\/alcachofa-cortada\/","url":"https:\/\/congeladosbajocero.com\/verduras-congeladas\/alcachofa-cortada\/","name":"Carxofa tallada 250g - Productes Congelats a Domicili | Peix, marisc, verdures, precuinats i molt m\u00e9s","isPartOf":{"@id":"https:\/\/congeladosbajocero.com\/#website"},"primaryImageOfPage":{"@id":"https:\/\/congeladosbajocero.com\/verduras-congeladas\/alcachofa-cortada\/#primaryimage"},"image":{"@id":"https:\/\/congeladosbajocero.com\/verduras-congeladas\/alcachofa-cortada\/#primaryimage"},"thumbnailUrl":"https:\/\/congeladosbajocero.com\/wp-content\/uploads\/2025\/03\/alcachofas-corazon-png.webp","datePublished":"2025-03-14T12:53:43+00:00","dateModified":"2025-10-14T12:19:32+00:00","breadcrumb":{"@id":"https:\/\/congeladosbajocero.com\/verduras-congeladas\/alcachofa-cortada\/#breadcrumb"},"inLanguage":"ca","potentialAction":[{"@type":"ReadAction","target":["https:\/\/congeladosbajocero.com\/verduras-congeladas\/alcachofa-cortada\/"]}]},{"@type":"ImageObject","inLanguage":"ca","@id":"https:\/\/congeladosbajocero.com\/verduras-congeladas\/alcachofa-cortada\/#primaryimage","url":"https:\/\/congeladosbajocero.com\/wp-content\/uploads\/2025\/03\/alcachofas-corazon-png.webp","contentUrl":"https:\/\/congeladosbajocero.com\/wp-content\/uploads\/2025\/03\/alcachofas-corazon-png.webp","width":600,"height":600},{"@type":"BreadcrumbList","@id":"https:\/\/congeladosbajocero.com\/verduras-congeladas\/alcachofa-cortada\/#breadcrumb","itemListElement":[{"@type":"ListItem","position":1,"name":"Portada","item":"https:\/\/congeladosbajocero.com\/"},{"@type":"ListItem","position":2,"name":"Tienda","item":"https:\/\/congeladosbajocero.com\/shop\/"},{"@type":"ListItem","position":3,"name":"Alcachofa cortada 250g"}]},{"@type":"WebSite","@id":"https:\/\/congeladosbajocero.com\/#website","url":"https:\/\/congeladosbajocero.com\/","name":"Productes Congelats a Domicili | Peix, marisc, verdures, precuinats i molt m\u00e9s","description":"Venda online de congelats","publisher":{"@id":"https:\/\/congeladosbajocero.com\/#organization"},"potentialAction":[{"@type":"SearchAction","target":{"@type":"EntryPoint","urlTemplate":"https:\/\/congeladosbajocero.com\/?s={search_term_string}"},"query-input":{"@type":"PropertyValueSpecification","valueRequired":true,"valueName":"search_term_string"}}],"inLanguage":"ca"},{"@type":"Organization","@id":"https:\/\/congeladosbajocero.com\/#organization","name":"Productes Congelats a Domicili | Peix, marisc, verdures, precuinats i molt m\u00e9s","url":"https:\/\/congeladosbajocero.com\/","logo":{"@type":"ImageObject","inLanguage":"ca","@id":"https:\/\/congeladosbajocero.com\/#\/schema\/logo\/image\/","url":"https:\/\/congeladosbajocero.com\/wp-content\/uploads\/2025\/03\/logo-bajo-cero-png.webp","contentUrl":"https:\/\/congeladosbajocero.com\/wp-content\/uploads\/2025\/03\/logo-bajo-cero-png.webp","width":498,"height":193,"caption":"Productos Congelados a Domicilio | Pescado, mariscos, verduras, precocinados y mucho m&aacute;s"},"image":{"@id":"https:\/\/congeladosbajocero.com\/#\/schema\/logo\/image\/"}}]},"og_availability":"instock","product_availability":"instock","product_retailer_item_id":"1102","product_condition":"new"},"_links":{"self":[{"href":"https:\/\/congeladosbajocero.com\/ca\/wp-json\/wp\/v2\/product\/161","targetHints":{"allow":["GET"]}}],"collection":[{"href":"https:\/\/congeladosbajocero.com\/ca\/wp-json\/wp\/v2\/product"}],"about":[{"href":"https:\/\/congeladosbajocero.com\/ca\/wp-json\/wp\/v2\/types\/product"}],"wp:featuredmedia":[{"embeddable":true,"href":"https:\/\/congeladosbajocero.com\/ca\/wp-json\/wp\/v2\/media\/152"}],"wp:attachment":[{"href":"https:\/\/congeladosbajocero.com\/ca\/wp-json\/wp\/v2\/media?parent=161"}],"wp:term":[{"taxonomy":"product_brand","embeddable":true,"href":"https:\/\/congeladosbajocero.com\/ca\/wp-json\/wp\/v2\/product_brand?post=161"},{"taxonomy":"product_cat","embeddable":true,"href":"https:\/\/congeladosbajocero.com\/ca\/wp-json\/wp\/v2\/product_cat?post=161"},{"taxonomy":"product_tag","embeddable":true,"href":"https:\/\/congeladosbajocero.com\/ca\/wp-json\/wp\/v2\/product_tag?post=161"}],"curies":[{"name":"wp","href":"https:\/\/api.w.org\/{rel}","templated":true}]}}