{"id":1462,"date":"2025-04-16T19:21:24","date_gmt":"2025-04-16T19:21:24","guid":{"rendered":"https:\/\/congeladosbajocero.com\/?post_type=product&#038;p=1462"},"modified":"2025-10-26T17:41:29","modified_gmt":"2025-10-26T17:41:29","slug":"croquetas-de-jamon-250g","status":"publish","type":"product","link":"https:\/\/congeladosbajocero.com\/ca\/platos-preparados-congelados\/croquetas-de-jamon-250g\/","title":{"rendered":"Croquetes de Pernil 250g"},"content":{"rendered":"<p data-start=\"538\" data-end=\"561\"><strong>Caracter\u00edstiques:<\/strong><\/p>\n<ul data-start=\"563\" data-end=\"716\">\n<li class=\"\" data-start=\"563\" data-end=\"603\">\n<p class=\"\" data-start=\"565\" data-end=\"603\">Producte congelat, llest per fregir<\/p>\n<\/li>\n<li class=\"\" data-start=\"604\" data-end=\"634\">\n<p class=\"\" data-start=\"606\" data-end=\"634\">Amb pernil curat aut\u00e8ntic<\/p>\n<\/li>\n<li class=\"\" data-start=\"635\" data-end=\"687\">\n<p class=\"\" data-start=\"637\" data-end=\"687\">Textura cruixent per fora i cremosa per dins<\/p>\n<\/li>\n<li class=\"\" data-start=\"688\" data-end=\"716\">\n<p class=\"\" data-start=\"690\" data-end=\"716\">Format c\u00f2mode i econ\u00f2mic<\/p>\n<\/li>\n<\/ul>\n<p data-start=\"723\" data-end=\"748\"><strong>Com preparar-les?<\/strong><\/p>\n<p class=\"\" data-start=\"750\" data-end=\"893\"><strong data-start=\"750\" data-end=\"775\">Fregir sense descongelar<\/strong> en oli calent (170 \u00b0C) durant 3-4 minuts fins que estiguin ben daurades. Deixeu reposar 1 minut abans de servir.<\/p>","protected":false},"excerpt":{"rendered":"<p class=\"\" data-start=\"191\" data-end=\"455\">El sabor de sempre, com fetes a casa.<br data-start=\"232\" data-end=\"235\" \/>Les nostres <strong data-start=\"244\" data-end=\"266\">croquetes de pernil<\/strong> estan elaborades amb <strong data-start=\"288\" data-end=\"315\">pernil curat de qualitat<\/strong> i una beixamel suau, cremosa i plena de sabor. Arrebossades amb pa ratllat fi per aconseguir aquest toc cruixent perfecte despr\u00e9s del fregit.<\/p>\n<p class=\"\" data-start=\"457\" data-end=\"531\">Un cl\u00e0ssic que agrada a tothom, ideal com a aperitiu, tapa o acompanyament.<\/p>","protected":false},"featured_media":1463,"template":"","meta":[],"product_brand":[],"product_cat":[44,32],"product_tag":[],"class_list":{"0":"post-1462","1":"product","2":"type-product","3":"status-publish","4":"has-post-thumbnail","6":"product_cat-croquetas-congeladas","7":"product_cat-platos-preparados-congelados","9":"first","10":"instock","11":"shipping-taxable","12":"purchasable","13":"product-type-simple"},"yoast_head":"<!-- This site is optimized with the Yoast SEO plugin v27.3 - https:\/\/yoast.com\/product\/yoast-seo-wordpress\/ -->\n<title>Croquetas de Jam\u00f3n 250g - Productos Congelados a Domicilio | Pescado, mariscos, verduras, precocinados y mucho m&aacute;s<\/title>\n<meta name=\"description\" content=\"Nuestras croquetas de jam\u00f3n est\u00e1n elaboradas con jam\u00f3n curado de calidad y una bechamel suave y cremosa.\" \/>\n<meta name=\"robots\" content=\"index, follow, max-snippet:-1, max-image-preview:large, max-video-preview:-1\" \/>\n<link rel=\"canonical\" href=\"https:\/\/congeladosbajocero.com\/ca\/platos-preparados-congelados\/croquetas-de-jamon-250g\/\" \/>\n<meta property=\"og:locale\" content=\"ca_ES\" \/>\n<meta property=\"og:type\" content=\"article\" \/>\n<meta property=\"og:title\" content=\"Croquetas de Jam\u00f3n 250g - Productos Congelados a Domicilio | Pescado, mariscos, verduras, precocinados y mucho m&aacute;s\" \/>\n<meta property=\"og:description\" content=\"Nuestras croquetas de jam\u00f3n est\u00e1n elaboradas con jam\u00f3n curado de calidad y una bechamel suave y cremosa.\" \/>\n<meta property=\"og:url\" content=\"https:\/\/congeladosbajocero.com\/ca\/platos-preparados-congelados\/croquetas-de-jamon-250g\/\" \/>\n<meta property=\"og:site_name\" content=\"Productos Congelados a Domicilio | Pescado, mariscos, verduras, precocinados y mucho m&aacute;s\" \/>\n<meta property=\"article:modified_time\" content=\"2025-10-26T17:41:29+00:00\" \/>\n<meta property=\"og:image\" content=\"https:\/\/congeladosbajocero.com\/wp-content\/uploads\/2025\/04\/croquetas-de-jamon.webp\" \/>\n\t<meta property=\"og:image:width\" content=\"600\" \/>\n\t<meta property=\"og:image:height\" content=\"600\" \/>\n\t<meta property=\"og:image:type\" content=\"image\/jpeg\" \/>\n<meta name=\"twitter:card\" content=\"summary_large_image\" \/>\n<meta name=\"twitter:label1\" content=\"Preu\" \/>\n\t<meta name=\"twitter:data1\" content=\"2,25&nbsp;&euro;\" \/>\n\t<meta name=\"twitter:label2\" content=\"Disponibilitat\" \/>\n\t<meta name=\"twitter:data2\" content=\"En estoc\" \/>\n<script type=\"application\/ld+json\" class=\"yoast-schema-graph\">{\"@context\":\"https:\\\/\\\/schema.org\",\"@graph\":[{\"@type\":\"WebPage\",\"@id\":\"https:\\\/\\\/congeladosbajocero.com\\\/platos-preparados-congelados\\\/croquetas-de-jamon-250g\\\/\",\"url\":\"https:\\\/\\\/congeladosbajocero.com\\\/platos-preparados-congelados\\\/croquetas-de-jamon-250g\\\/\",\"name\":\"Croquetas de Jam\u00f3n 250g - Productos Congelados a Domicilio | Pescado, mariscos, verduras, precocinados y mucho m&aacute;s\",\"isPartOf\":{\"@id\":\"https:\\\/\\\/congeladosbajocero.com\\\/#website\"},\"primaryImageOfPage\":{\"@id\":\"https:\\\/\\\/congeladosbajocero.com\\\/platos-preparados-congelados\\\/croquetas-de-jamon-250g\\\/#primaryimage\"},\"image\":{\"@id\":\"https:\\\/\\\/congeladosbajocero.com\\\/platos-preparados-congelados\\\/croquetas-de-jamon-250g\\\/#primaryimage\"},\"thumbnailUrl\":\"https:\\\/\\\/congeladosbajocero.com\\\/wp-content\\\/uploads\\\/2025\\\/04\\\/croquetas-de-jamon.webp\",\"datePublished\":\"2025-04-16T19:21:24+00:00\",\"dateModified\":\"2025-10-26T17:41:29+00:00\",\"description\":\"Nuestras croquetas de jam\u00f3n est\u00e1n elaboradas con jam\u00f3n curado de calidad y una bechamel suave y cremosa.\",\"breadcrumb\":{\"@id\":\"https:\\\/\\\/congeladosbajocero.com\\\/platos-preparados-congelados\\\/croquetas-de-jamon-250g\\\/#breadcrumb\"},\"inLanguage\":\"ca\",\"potentialAction\":[{\"@type\":\"ReadAction\",\"target\":[\"https:\\\/\\\/congeladosbajocero.com\\\/platos-preparados-congelados\\\/croquetas-de-jamon-250g\\\/\"]}]},{\"@type\":\"ImageObject\",\"inLanguage\":\"ca\",\"@id\":\"https:\\\/\\\/congeladosbajocero.com\\\/platos-preparados-congelados\\\/croquetas-de-jamon-250g\\\/#primaryimage\",\"url\":\"https:\\\/\\\/congeladosbajocero.com\\\/wp-content\\\/uploads\\\/2025\\\/04\\\/croquetas-de-jamon.webp\",\"contentUrl\":\"https:\\\/\\\/congeladosbajocero.com\\\/wp-content\\\/uploads\\\/2025\\\/04\\\/croquetas-de-jamon.webp\",\"width\":600,\"height\":600},{\"@type\":\"BreadcrumbList\",\"@id\":\"https:\\\/\\\/congeladosbajocero.com\\\/platos-preparados-congelados\\\/croquetas-de-jamon-250g\\\/#breadcrumb\",\"itemListElement\":[{\"@type\":\"ListItem\",\"position\":1,\"name\":\"Portada\",\"item\":\"https:\\\/\\\/congeladosbajocero.com\\\/\"},{\"@type\":\"ListItem\",\"position\":2,\"name\":\"Tienda\",\"item\":\"https:\\\/\\\/congeladosbajocero.com\\\/shop\\\/\"},{\"@type\":\"ListItem\",\"position\":3,\"name\":\"Croquetas de Jam\u00f3n 250g\"}]},{\"@type\":\"WebSite\",\"@id\":\"https:\\\/\\\/congeladosbajocero.com\\\/#website\",\"url\":\"https:\\\/\\\/congeladosbajocero.com\\\/\",\"name\":\"Productos Congelados a Domicilio | Pescado, mariscos, verduras, precocinados y mucho m&aacute;s\",\"description\":\"Venta online de congelados\",\"publisher\":{\"@id\":\"https:\\\/\\\/congeladosbajocero.com\\\/#organization\"},\"potentialAction\":[{\"@type\":\"SearchAction\",\"target\":{\"@type\":\"EntryPoint\",\"urlTemplate\":\"https:\\\/\\\/congeladosbajocero.com\\\/?s={search_term_string}\"},\"query-input\":{\"@type\":\"PropertyValueSpecification\",\"valueRequired\":true,\"valueName\":\"search_term_string\"}}],\"inLanguage\":\"ca\"},{\"@type\":\"Organization\",\"@id\":\"https:\\\/\\\/congeladosbajocero.com\\\/#organization\",\"name\":\"Productos Congelados a Domicilio | Pescado, mariscos, verduras, precocinados y mucho m&aacute;s\",\"url\":\"https:\\\/\\\/congeladosbajocero.com\\\/\",\"logo\":{\"@type\":\"ImageObject\",\"inLanguage\":\"ca\",\"@id\":\"https:\\\/\\\/congeladosbajocero.com\\\/#\\\/schema\\\/logo\\\/image\\\/\",\"url\":\"https:\\\/\\\/congeladosbajocero.com\\\/wp-content\\\/uploads\\\/2025\\\/03\\\/logo-bajo-cero-png.webp\",\"contentUrl\":\"https:\\\/\\\/congeladosbajocero.com\\\/wp-content\\\/uploads\\\/2025\\\/03\\\/logo-bajo-cero-png.webp\",\"width\":498,\"height\":193,\"caption\":\"Productos Congelados a Domicilio | Pescado, mariscos, verduras, precocinados y mucho m&aacute;s\"},\"image\":{\"@id\":\"https:\\\/\\\/congeladosbajocero.com\\\/#\\\/schema\\\/logo\\\/image\\\/\"}}]}<\/script>\n<meta property=\"product:price:amount\" content=\"2.25\" \/>\n<meta property=\"product:price:currency\" content=\"EUR\" \/>\n<meta property=\"og:availability\" content=\"instock\" \/>\n<meta property=\"product:availability\" content=\"instock\" \/>\n<meta property=\"product:retailer_item_id\" content=\"2222\" \/>\n<meta property=\"product:condition\" content=\"new\" \/>\n<!-- \/ Yoast SEO plugin. -->","yoast_head_json":{"title":"Croquetes de Pernil 250g - Productes Congelats a Domicili | Peix, marisc, verdures, precuinats i molt m\u00e9s","description":"Les nostres croquetes de pernil estan elaborades amb pernil curat de qualitat i una beixamel suau i cremosa.","robots":{"index":"index","follow":"follow","max-snippet":"max-snippet:-1","max-image-preview":"max-image-preview:large","max-video-preview":"max-video-preview:-1"},"canonical":"https:\/\/congeladosbajocero.com\/ca\/platos-preparados-congelados\/croquetas-de-jamon-250g\/","og_locale":"ca_ES","og_type":"article","og_title":"Croquetas de Jam\u00f3n 250g - Productos Congelados a Domicilio | Pescado, mariscos, verduras, precocinados y mucho m&aacute;s","og_description":"Nuestras croquetas de jam\u00f3n est\u00e1n elaboradas con jam\u00f3n curado de calidad y una bechamel suave y cremosa.","og_url":"https:\/\/congeladosbajocero.com\/ca\/platos-preparados-congelados\/croquetas-de-jamon-250g\/","og_site_name":"Productos Congelados a Domicilio | Pescado, mariscos, verduras, precocinados y mucho m&aacute;s","article_modified_time":"2025-10-26T17:41:29+00:00","og_image":[{"width":600,"height":600,"url":"https:\/\/congeladosbajocero.com\/wp-content\/uploads\/2025\/04\/croquetas-de-jamon.webp","type":"image\/jpeg"}],"twitter_card":"summary_large_image","twitter_misc":{"Preu":"2,25&nbsp;&euro;","Disponibilitat":"En estoc"},"schema":{"@context":"https:\/\/schema.org","@graph":[{"@type":"WebPage","@id":"https:\/\/congeladosbajocero.com\/platos-preparados-congelados\/croquetas-de-jamon-250g\/","url":"https:\/\/congeladosbajocero.com\/platos-preparados-congelados\/croquetas-de-jamon-250g\/","name":"Croquetes de Pernil 250g - Productes Congelats a Domicili | Peix, marisc, verdures, precuinats i molt m\u00e9s","isPartOf":{"@id":"https:\/\/congeladosbajocero.com\/#website"},"primaryImageOfPage":{"@id":"https:\/\/congeladosbajocero.com\/platos-preparados-congelados\/croquetas-de-jamon-250g\/#primaryimage"},"image":{"@id":"https:\/\/congeladosbajocero.com\/platos-preparados-congelados\/croquetas-de-jamon-250g\/#primaryimage"},"thumbnailUrl":"https:\/\/congeladosbajocero.com\/wp-content\/uploads\/2025\/04\/croquetas-de-jamon.webp","datePublished":"2025-04-16T19:21:24+00:00","dateModified":"2025-10-26T17:41:29+00:00","description":"Les nostres croquetes de pernil estan elaborades amb pernil curat de qualitat i una beixamel suau i cremosa.","breadcrumb":{"@id":"https:\/\/congeladosbajocero.com\/platos-preparados-congelados\/croquetas-de-jamon-250g\/#breadcrumb"},"inLanguage":"ca","potentialAction":[{"@type":"ReadAction","target":["https:\/\/congeladosbajocero.com\/platos-preparados-congelados\/croquetas-de-jamon-250g\/"]}]},{"@type":"ImageObject","inLanguage":"ca","@id":"https:\/\/congeladosbajocero.com\/platos-preparados-congelados\/croquetas-de-jamon-250g\/#primaryimage","url":"https:\/\/congeladosbajocero.com\/wp-content\/uploads\/2025\/04\/croquetas-de-jamon.webp","contentUrl":"https:\/\/congeladosbajocero.com\/wp-content\/uploads\/2025\/04\/croquetas-de-jamon.webp","width":600,"height":600},{"@type":"BreadcrumbList","@id":"https:\/\/congeladosbajocero.com\/platos-preparados-congelados\/croquetas-de-jamon-250g\/#breadcrumb","itemListElement":[{"@type":"ListItem","position":1,"name":"Portada","item":"https:\/\/congeladosbajocero.com\/"},{"@type":"ListItem","position":2,"name":"Tienda","item":"https:\/\/congeladosbajocero.com\/shop\/"},{"@type":"ListItem","position":3,"name":"Croquetas de Jam\u00f3n 250g"}]},{"@type":"WebSite","@id":"https:\/\/congeladosbajocero.com\/#website","url":"https:\/\/congeladosbajocero.com\/","name":"Productes Congelats a Domicili | Peix, marisc, verdures, precuinats i molt m\u00e9s","description":"Venda online de congelats","publisher":{"@id":"https:\/\/congeladosbajocero.com\/#organization"},"potentialAction":[{"@type":"SearchAction","target":{"@type":"EntryPoint","urlTemplate":"https:\/\/congeladosbajocero.com\/?s={search_term_string}"},"query-input":{"@type":"PropertyValueSpecification","valueRequired":true,"valueName":"search_term_string"}}],"inLanguage":"ca"},{"@type":"Organization","@id":"https:\/\/congeladosbajocero.com\/#organization","name":"Productes Congelats a Domicili | Peix, marisc, verdures, precuinats i molt m\u00e9s","url":"https:\/\/congeladosbajocero.com\/","logo":{"@type":"ImageObject","inLanguage":"ca","@id":"https:\/\/congeladosbajocero.com\/#\/schema\/logo\/image\/","url":"https:\/\/congeladosbajocero.com\/wp-content\/uploads\/2025\/03\/logo-bajo-cero-png.webp","contentUrl":"https:\/\/congeladosbajocero.com\/wp-content\/uploads\/2025\/03\/logo-bajo-cero-png.webp","width":498,"height":193,"caption":"Productos Congelados a Domicilio | Pescado, mariscos, verduras, precocinados y mucho m&aacute;s"},"image":{"@id":"https:\/\/congeladosbajocero.com\/#\/schema\/logo\/image\/"}}]},"product_price_amount":"2.25","product_price_currency":"EUR","og_availability":"instock","product_availability":"instock","product_retailer_item_id":"2222","product_condition":"new"},"_links":{"self":[{"href":"https:\/\/congeladosbajocero.com\/ca\/wp-json\/wp\/v2\/product\/1462","targetHints":{"allow":["GET"]}}],"collection":[{"href":"https:\/\/congeladosbajocero.com\/ca\/wp-json\/wp\/v2\/product"}],"about":[{"href":"https:\/\/congeladosbajocero.com\/ca\/wp-json\/wp\/v2\/types\/product"}],"wp:featuredmedia":[{"embeddable":true,"href":"https:\/\/congeladosbajocero.com\/ca\/wp-json\/wp\/v2\/media\/1463"}],"wp:attachment":[{"href":"https:\/\/congeladosbajocero.com\/ca\/wp-json\/wp\/v2\/media?parent=1462"}],"wp:term":[{"taxonomy":"product_brand","embeddable":true,"href":"https:\/\/congeladosbajocero.com\/ca\/wp-json\/wp\/v2\/product_brand?post=1462"},{"taxonomy":"product_cat","embeddable":true,"href":"https:\/\/congeladosbajocero.com\/ca\/wp-json\/wp\/v2\/product_cat?post=1462"},{"taxonomy":"product_tag","embeddable":true,"href":"https:\/\/congeladosbajocero.com\/ca\/wp-json\/wp\/v2\/product_tag?post=1462"}],"curies":[{"name":"wp","href":"https:\/\/api.w.org\/{rel}","templated":true}]}}