{"id":1454,"date":"2025-04-16T18:49:23","date_gmt":"2025-04-16T18:49:23","guid":{"rendered":"https:\/\/congeladosbajocero.com\/?post_type=product&#038;p=1454"},"modified":"2025-10-26T17:41:53","modified_gmt":"2025-10-26T17:41:53","slug":"croqueton-iberico-250g","status":"publish","type":"product","link":"https:\/\/congeladosbajocero.com\/ca\/platos-preparados-congelados\/croqueton-iberico-250g\/","title":{"rendered":"Croqueton ib\u00e8ric 250g"},"content":{"rendered":"<p data-start=\"511\" data-end=\"534\"><strong>Caracter\u00edstiques:<\/strong><\/p>\n<ul data-start=\"536\" data-end=\"694\">\n<li class=\"\" data-start=\"536\" data-end=\"576\">\n<p class=\"\" data-start=\"538\" data-end=\"576\">Producte congelat, llest per fregir<\/p>\n<\/li>\n<li class=\"\" data-start=\"577\" data-end=\"618\">\n<p class=\"\" data-start=\"579\" data-end=\"618\">Elaborat amb pernil ib\u00e8ric aut\u00e8ntic<\/p>\n<\/li>\n<li class=\"\" data-start=\"619\" data-end=\"662\">\n<p class=\"\" data-start=\"621\" data-end=\"662\">Grand\u00e0ria gran, ideal com a tapa o raci\u00f3<\/p>\n<\/li>\n<li class=\"\" data-start=\"663\" data-end=\"694\">\n<p class=\"\" data-start=\"665\" data-end=\"694\">Sense conservants artificials<\/p>\n<\/li>\n<\/ul>\n<p data-start=\"701\" data-end=\"725\"><strong>Com preparar-ho?<\/strong><\/p>\n<p class=\"\" data-start=\"727\" data-end=\"892\"><strong data-start=\"727\" data-end=\"765\">Fregir directament sense descongelar<\/strong> en oli calent (170 \u00b0C) durant 4-5 minuts fins que estiguin daurats i cruixents. Deixeu reposar un minut abans de servir.<\/p>\n<p data-start=\"899\" data-end=\"919\"><strong>Ideal per a\u2026<\/strong><\/p>\n<ul data-start=\"921\" data-end=\"1037\">\n<li class=\"\" data-start=\"921\" data-end=\"946\">\n<p class=\"\" data-start=\"923\" data-end=\"946\">Aperitius especials<\/p>\n<\/li>\n<li class=\"\" data-start=\"947\" data-end=\"968\">\n<p class=\"\" data-start=\"949\" data-end=\"968\">Entrants gourmet<\/p>\n<\/li>\n<li class=\"\" data-start=\"969\" data-end=\"1037\">\n<p class=\"\" data-start=\"971\" data-end=\"1037\">Acompanyar amb allioli suau, melmelada de pebrots o mostassa dol\u00e7a<\/p>\n<\/li>\n<\/ul>","protected":false},"excerpt":{"rendered":"<p>M\u00e9s gran, m\u00e9s crem\u00f3s i amb aut\u00e8ntic sabor ib\u00e8ric!<br data-start=\"247\" data-end=\"250\" \/>El nostre <strong data-start=\"258\" data-end=\"279\">Croquet\u00f3 Ib\u00e8ric<\/strong> \u00e9s una versi\u00f3 XL de la cl\u00e0ssica croqueta, elaborat amb <strong data-start=\"336\" data-end=\"364\">pernil ib\u00e8ric de qualitat<\/strong> i una beixamel suau i saborosa. Arrebossat cruixent per fora, crem\u00f3s per dins\u2026 un mos perfecte per compartir o gaudir sense presses.<\/p>","protected":false},"featured_media":1455,"template":"","meta":[],"product_brand":[],"product_cat":[44,32],"product_tag":[],"class_list":{"0":"post-1454","1":"product","2":"type-product","3":"status-publish","4":"has-post-thumbnail","6":"product_cat-croquetas-congeladas","7":"product_cat-platos-preparados-congelados","9":"first","10":"instock","11":"shipping-taxable","12":"purchasable","13":"product-type-simple"},"yoast_head":"<!-- This site is optimized with the Yoast SEO plugin v27.4 - https:\/\/yoast.com\/product\/yoast-seo-wordpress\/ -->\n<title>Croqueton ib\u00e9rico 250g - Productos Congelados a Domicilio | Pescado, mariscos, verduras, precocinados y mucho m&aacute;s<\/title>\n<meta name=\"description\" content=\"Nuestro Croquet\u00f3n Ib\u00e9rico es una versi\u00f3n XL de la cl\u00e1sica croqueta, elaborado con jam\u00f3n ib\u00e9rico de calidad y una bechamel suave y sabrosa.\" \/>\n<meta name=\"robots\" content=\"index, follow, max-snippet:-1, max-image-preview:large, max-video-preview:-1\" \/>\n<link rel=\"canonical\" href=\"https:\/\/congeladosbajocero.com\/ca\/platos-preparados-congelados\/croqueton-iberico-250g\/\" \/>\n<meta property=\"og:locale\" content=\"ca_ES\" \/>\n<meta property=\"og:type\" content=\"article\" \/>\n<meta property=\"og:title\" content=\"Croqueton ib\u00e9rico 250g - Productos Congelados a Domicilio | Pescado, mariscos, verduras, precocinados y mucho m&aacute;s\" \/>\n<meta property=\"og:description\" content=\"Nuestro Croquet\u00f3n Ib\u00e9rico es una versi\u00f3n XL de la cl\u00e1sica croqueta, elaborado con jam\u00f3n ib\u00e9rico de calidad y una bechamel suave y sabrosa.\" \/>\n<meta property=\"og:url\" content=\"https:\/\/congeladosbajocero.com\/ca\/platos-preparados-congelados\/croqueton-iberico-250g\/\" \/>\n<meta property=\"og:site_name\" content=\"Productos Congelados a Domicilio | Pescado, mariscos, verduras, precocinados y mucho m&aacute;s\" \/>\n<meta property=\"article:modified_time\" content=\"2025-10-26T17:41:53+00:00\" \/>\n<meta property=\"og:image\" content=\"https:\/\/congeladosbajocero.com\/wp-content\/uploads\/2025\/04\/croqueta-jamon-iberico-conmgelada.webp\" \/>\n\t<meta property=\"og:image:width\" content=\"600\" \/>\n\t<meta property=\"og:image:height\" content=\"600\" \/>\n\t<meta property=\"og:image:type\" content=\"image\/jpeg\" \/>\n<meta name=\"twitter:card\" content=\"summary_large_image\" \/>\n<meta name=\"twitter:label1\" content=\"Preu\" \/>\n\t<meta name=\"twitter:data1\" content=\"4,99&nbsp;&euro;\" \/>\n\t<meta name=\"twitter:label2\" content=\"Disponibilitat\" \/>\n\t<meta name=\"twitter:data2\" content=\"En estoc\" \/>\n<script type=\"application\/ld+json\" class=\"yoast-schema-graph\">{\"@context\":\"https:\\\/\\\/schema.org\",\"@graph\":[{\"@type\":\"WebPage\",\"@id\":\"https:\\\/\\\/congeladosbajocero.com\\\/platos-preparados-congelados\\\/croqueton-iberico-250g\\\/\",\"url\":\"https:\\\/\\\/congeladosbajocero.com\\\/platos-preparados-congelados\\\/croqueton-iberico-250g\\\/\",\"name\":\"Croqueton ib\u00e9rico 250g - Productos Congelados a Domicilio | Pescado, mariscos, verduras, precocinados y mucho m&aacute;s\",\"isPartOf\":{\"@id\":\"https:\\\/\\\/congeladosbajocero.com\\\/#website\"},\"primaryImageOfPage\":{\"@id\":\"https:\\\/\\\/congeladosbajocero.com\\\/platos-preparados-congelados\\\/croqueton-iberico-250g\\\/#primaryimage\"},\"image\":{\"@id\":\"https:\\\/\\\/congeladosbajocero.com\\\/platos-preparados-congelados\\\/croqueton-iberico-250g\\\/#primaryimage\"},\"thumbnailUrl\":\"https:\\\/\\\/congeladosbajocero.com\\\/wp-content\\\/uploads\\\/2025\\\/04\\\/croqueta-jamon-iberico-conmgelada.webp\",\"datePublished\":\"2025-04-16T18:49:23+00:00\",\"dateModified\":\"2025-10-26T17:41:53+00:00\",\"description\":\"Nuestro Croquet\u00f3n Ib\u00e9rico es una versi\u00f3n XL de la cl\u00e1sica croqueta, elaborado con jam\u00f3n ib\u00e9rico de calidad y una bechamel suave y sabrosa.\",\"breadcrumb\":{\"@id\":\"https:\\\/\\\/congeladosbajocero.com\\\/platos-preparados-congelados\\\/croqueton-iberico-250g\\\/#breadcrumb\"},\"inLanguage\":\"ca\",\"potentialAction\":[{\"@type\":\"ReadAction\",\"target\":[\"https:\\\/\\\/congeladosbajocero.com\\\/platos-preparados-congelados\\\/croqueton-iberico-250g\\\/\"]}]},{\"@type\":\"ImageObject\",\"inLanguage\":\"ca\",\"@id\":\"https:\\\/\\\/congeladosbajocero.com\\\/platos-preparados-congelados\\\/croqueton-iberico-250g\\\/#primaryimage\",\"url\":\"https:\\\/\\\/congeladosbajocero.com\\\/wp-content\\\/uploads\\\/2025\\\/04\\\/croqueta-jamon-iberico-conmgelada.webp\",\"contentUrl\":\"https:\\\/\\\/congeladosbajocero.com\\\/wp-content\\\/uploads\\\/2025\\\/04\\\/croqueta-jamon-iberico-conmgelada.webp\",\"width\":600,\"height\":600},{\"@type\":\"BreadcrumbList\",\"@id\":\"https:\\\/\\\/congeladosbajocero.com\\\/platos-preparados-congelados\\\/croqueton-iberico-250g\\\/#breadcrumb\",\"itemListElement\":[{\"@type\":\"ListItem\",\"position\":1,\"name\":\"Portada\",\"item\":\"https:\\\/\\\/congeladosbajocero.com\\\/\"},{\"@type\":\"ListItem\",\"position\":2,\"name\":\"Tienda\",\"item\":\"https:\\\/\\\/congeladosbajocero.com\\\/shop\\\/\"},{\"@type\":\"ListItem\",\"position\":3,\"name\":\"Croqueton ib\u00e9rico 250g\"}]},{\"@type\":\"WebSite\",\"@id\":\"https:\\\/\\\/congeladosbajocero.com\\\/#website\",\"url\":\"https:\\\/\\\/congeladosbajocero.com\\\/\",\"name\":\"Productos Congelados a Domicilio | Pescado, mariscos, verduras, precocinados y mucho m&aacute;s\",\"description\":\"Venta online de congelados\",\"publisher\":{\"@id\":\"https:\\\/\\\/congeladosbajocero.com\\\/#organization\"},\"potentialAction\":[{\"@type\":\"SearchAction\",\"target\":{\"@type\":\"EntryPoint\",\"urlTemplate\":\"https:\\\/\\\/congeladosbajocero.com\\\/?s={search_term_string}\"},\"query-input\":{\"@type\":\"PropertyValueSpecification\",\"valueRequired\":true,\"valueName\":\"search_term_string\"}}],\"inLanguage\":\"ca\"},{\"@type\":\"Organization\",\"@id\":\"https:\\\/\\\/congeladosbajocero.com\\\/#organization\",\"name\":\"Productos Congelados a Domicilio | Pescado, mariscos, verduras, precocinados y mucho m&aacute;s\",\"url\":\"https:\\\/\\\/congeladosbajocero.com\\\/\",\"logo\":{\"@type\":\"ImageObject\",\"inLanguage\":\"ca\",\"@id\":\"https:\\\/\\\/congeladosbajocero.com\\\/#\\\/schema\\\/logo\\\/image\\\/\",\"url\":\"https:\\\/\\\/congeladosbajocero.com\\\/wp-content\\\/uploads\\\/2025\\\/03\\\/logo-bajo-cero-png.webp\",\"contentUrl\":\"https:\\\/\\\/congeladosbajocero.com\\\/wp-content\\\/uploads\\\/2025\\\/03\\\/logo-bajo-cero-png.webp\",\"width\":498,\"height\":193,\"caption\":\"Productos Congelados a Domicilio | Pescado, mariscos, verduras, precocinados y mucho m&aacute;s\"},\"image\":{\"@id\":\"https:\\\/\\\/congeladosbajocero.com\\\/#\\\/schema\\\/logo\\\/image\\\/\"}}]}<\/script>\n<meta property=\"product:price:amount\" content=\"4.99\" \/>\n<meta property=\"product:price:currency\" content=\"EUR\" \/>\n<meta property=\"og:availability\" content=\"instock\" \/>\n<meta property=\"product:availability\" content=\"instock\" \/>\n<meta property=\"product:retailer_item_id\" content=\"2445\" \/>\n<meta property=\"product:condition\" content=\"new\" \/>\n<!-- \/ Yoast SEO plugin. -->","yoast_head_json":{"title":"Croqueton ib\u00e8ric 250g - Productes Congelats a Domicili | Peix, marisc, verdures, precuinats i molt m\u00e9s","description":"El nostre Croquet\u00f3 Ib\u00e8ric \u00e9s una versi\u00f3 XL de la cl\u00e0ssica croqueta, elaborat amb pernil ib\u00e8ric de qualitat i una beixamel suau i saborosa.","robots":{"index":"index","follow":"follow","max-snippet":"max-snippet:-1","max-image-preview":"max-image-preview:large","max-video-preview":"max-video-preview:-1"},"canonical":"https:\/\/congeladosbajocero.com\/ca\/platos-preparados-congelados\/croqueton-iberico-250g\/","og_locale":"ca_ES","og_type":"article","og_title":"Croqueton ib\u00e9rico 250g - Productos Congelados a Domicilio | Pescado, mariscos, verduras, precocinados y mucho m&aacute;s","og_description":"Nuestro Croquet\u00f3n Ib\u00e9rico es una versi\u00f3n XL de la cl\u00e1sica croqueta, elaborado con jam\u00f3n ib\u00e9rico de calidad y una bechamel suave y sabrosa.","og_url":"https:\/\/congeladosbajocero.com\/ca\/platos-preparados-congelados\/croqueton-iberico-250g\/","og_site_name":"Productos Congelados a Domicilio | Pescado, mariscos, verduras, precocinados y mucho m&aacute;s","article_modified_time":"2025-10-26T17:41:53+00:00","og_image":[{"width":600,"height":600,"url":"https:\/\/congeladosbajocero.com\/wp-content\/uploads\/2025\/04\/croqueta-jamon-iberico-conmgelada.webp","type":"image\/jpeg"}],"twitter_card":"summary_large_image","twitter_misc":{"Preu":"4,99&nbsp;&euro;","Disponibilitat":"En estoc"},"schema":{"@context":"https:\/\/schema.org","@graph":[{"@type":"WebPage","@id":"https:\/\/congeladosbajocero.com\/platos-preparados-congelados\/croqueton-iberico-250g\/","url":"https:\/\/congeladosbajocero.com\/platos-preparados-congelados\/croqueton-iberico-250g\/","name":"Croqueton ib\u00e8ric 250g - Productes Congelats a Domicili | Peix, marisc, verdures, precuinats i molt m\u00e9s","isPartOf":{"@id":"https:\/\/congeladosbajocero.com\/#website"},"primaryImageOfPage":{"@id":"https:\/\/congeladosbajocero.com\/platos-preparados-congelados\/croqueton-iberico-250g\/#primaryimage"},"image":{"@id":"https:\/\/congeladosbajocero.com\/platos-preparados-congelados\/croqueton-iberico-250g\/#primaryimage"},"thumbnailUrl":"https:\/\/congeladosbajocero.com\/wp-content\/uploads\/2025\/04\/croqueta-jamon-iberico-conmgelada.webp","datePublished":"2025-04-16T18:49:23+00:00","dateModified":"2025-10-26T17:41:53+00:00","description":"El nostre Croquet\u00f3 Ib\u00e8ric \u00e9s una versi\u00f3 XL de la cl\u00e0ssica croqueta, elaborat amb pernil ib\u00e8ric de qualitat i una beixamel suau i saborosa.","breadcrumb":{"@id":"https:\/\/congeladosbajocero.com\/platos-preparados-congelados\/croqueton-iberico-250g\/#breadcrumb"},"inLanguage":"ca","potentialAction":[{"@type":"ReadAction","target":["https:\/\/congeladosbajocero.com\/platos-preparados-congelados\/croqueton-iberico-250g\/"]}]},{"@type":"ImageObject","inLanguage":"ca","@id":"https:\/\/congeladosbajocero.com\/platos-preparados-congelados\/croqueton-iberico-250g\/#primaryimage","url":"https:\/\/congeladosbajocero.com\/wp-content\/uploads\/2025\/04\/croqueta-jamon-iberico-conmgelada.webp","contentUrl":"https:\/\/congeladosbajocero.com\/wp-content\/uploads\/2025\/04\/croqueta-jamon-iberico-conmgelada.webp","width":600,"height":600},{"@type":"BreadcrumbList","@id":"https:\/\/congeladosbajocero.com\/platos-preparados-congelados\/croqueton-iberico-250g\/#breadcrumb","itemListElement":[{"@type":"ListItem","position":1,"name":"Portada","item":"https:\/\/congeladosbajocero.com\/"},{"@type":"ListItem","position":2,"name":"Tienda","item":"https:\/\/congeladosbajocero.com\/shop\/"},{"@type":"ListItem","position":3,"name":"Croqueton ib\u00e9rico 250g"}]},{"@type":"WebSite","@id":"https:\/\/congeladosbajocero.com\/#website","url":"https:\/\/congeladosbajocero.com\/","name":"Productes Congelats a Domicili | Peix, marisc, verdures, precuinats i molt m\u00e9s","description":"Venda online de congelats","publisher":{"@id":"https:\/\/congeladosbajocero.com\/#organization"},"potentialAction":[{"@type":"SearchAction","target":{"@type":"EntryPoint","urlTemplate":"https:\/\/congeladosbajocero.com\/?s={search_term_string}"},"query-input":{"@type":"PropertyValueSpecification","valueRequired":true,"valueName":"search_term_string"}}],"inLanguage":"ca"},{"@type":"Organization","@id":"https:\/\/congeladosbajocero.com\/#organization","name":"Productes Congelats a Domicili | Peix, marisc, verdures, precuinats i molt m\u00e9s","url":"https:\/\/congeladosbajocero.com\/","logo":{"@type":"ImageObject","inLanguage":"ca","@id":"https:\/\/congeladosbajocero.com\/#\/schema\/logo\/image\/","url":"https:\/\/congeladosbajocero.com\/wp-content\/uploads\/2025\/03\/logo-bajo-cero-png.webp","contentUrl":"https:\/\/congeladosbajocero.com\/wp-content\/uploads\/2025\/03\/logo-bajo-cero-png.webp","width":498,"height":193,"caption":"Productos Congelados a Domicilio | Pescado, mariscos, verduras, precocinados y mucho m&aacute;s"},"image":{"@id":"https:\/\/congeladosbajocero.com\/#\/schema\/logo\/image\/"}}]},"product_price_amount":"4.99","product_price_currency":"EUR","og_availability":"instock","product_availability":"instock","product_retailer_item_id":"2445","product_condition":"new"},"_links":{"self":[{"href":"https:\/\/congeladosbajocero.com\/ca\/wp-json\/wp\/v2\/product\/1454","targetHints":{"allow":["GET"]}}],"collection":[{"href":"https:\/\/congeladosbajocero.com\/ca\/wp-json\/wp\/v2\/product"}],"about":[{"href":"https:\/\/congeladosbajocero.com\/ca\/wp-json\/wp\/v2\/types\/product"}],"wp:featuredmedia":[{"embeddable":true,"href":"https:\/\/congeladosbajocero.com\/ca\/wp-json\/wp\/v2\/media\/1455"}],"wp:attachment":[{"href":"https:\/\/congeladosbajocero.com\/ca\/wp-json\/wp\/v2\/media?parent=1454"}],"wp:term":[{"taxonomy":"product_brand","embeddable":true,"href":"https:\/\/congeladosbajocero.com\/ca\/wp-json\/wp\/v2\/product_brand?post=1454"},{"taxonomy":"product_cat","embeddable":true,"href":"https:\/\/congeladosbajocero.com\/ca\/wp-json\/wp\/v2\/product_cat?post=1454"},{"taxonomy":"product_tag","embeddable":true,"href":"https:\/\/congeladosbajocero.com\/ca\/wp-json\/wp\/v2\/product_tag?post=1454"}],"curies":[{"name":"wp","href":"https:\/\/api.w.org\/{rel}","templated":true}]}}