{"id":1332,"date":"2025-04-11T13:41:40","date_gmt":"2025-04-11T13:41:40","guid":{"rendered":"https:\/\/congeladosbajocero.com\/?post_type=product&#038;p=1332"},"modified":"2025-11-04T07:31:38","modified_gmt":"2025-11-04T07:31:38","slug":"morro-de-bacalao-por-unidad","status":"publish","type":"product","link":"https:\/\/congeladosbajocero.com\/ca\/pescado-congelado\/morro-de-bacalao-por-unidad\/","title":{"rendered":"Bacall\u00e0 Morro per Unitat 500gr"},"content":{"rendered":"<h4 data-start=\"556\" data-end=\"591\">Qu\u00e8 \u00e9s el morro de bacall\u00e0?<\/h4>\n<p class=\"\" data-start=\"593\" data-end=\"793\">El morro correspon a la part m\u00e9s gruixuda i sucosa del llom del bacall\u00e0. Es caracteritza per la seva carn ferma i laminada, ideal per a receptes en qu\u00e8 es vulgui lluir la textura i el sabor del peix.<\/p>\n<p data-start=\"593\" data-end=\"793\">\n<h4 data-start=\"800\" data-end=\"823\">Com cuinar-ho?<\/h4>\n<ul>\n<li data-start=\"825\" data-end=\"884\"><strong data-start=\"825\" data-end=\"882\">En cassola o paella (pil-pil, bisca\u00efna, salsa verda):<\/strong><\/li>\n<\/ul>\n<ol data-start=\"885\" data-end=\"1030\">\n<li class=\"\" data-start=\"885\" data-end=\"949\">\n<p class=\"\" data-start=\"888\" data-end=\"949\">Cuinar directament des de descongelat a foc mitj\u00e0-baix.<\/p>\n<\/li>\n<li class=\"\" data-start=\"950\" data-end=\"1030\">\n<p class=\"\" data-start=\"953\" data-end=\"1030\">Deixar que el bacall\u00e0 deixi anar la seva gelatina per lligar la salsa de forma natural.<\/p>\n<\/li>\n<\/ol>\n<ul>\n<li data-start=\"1032\" data-end=\"1047\"><strong data-start=\"1032\" data-end=\"1045\">Al forn:<\/strong><\/li>\n<\/ul>\n<ol data-start=\"1048\" data-end=\"1181\">\n<li class=\"\" data-start=\"1048\" data-end=\"1074\">\n<p class=\"\" data-start=\"1051\" data-end=\"1074\">Preescalfada a 180 \u00b0C.<\/p>\n<\/li>\n<li class=\"\" data-start=\"1075\" data-end=\"1148\">\n<p class=\"\" data-start=\"1078\" data-end=\"1148\">Col\u00b7loca els morros amb un rajol\u00ed d&#039;oli, all i julivert o tom\u00e0quet.<\/p>\n<\/li>\n<li class=\"\" data-start=\"1149\" data-end=\"1181\">\n<p class=\"\" data-start=\"1152\" data-end=\"1181\">Forneja durant 12-15 minuts.<\/p>\n<\/li>\n<\/ol>\n<p data-start=\"1188\" data-end=\"1221\"><strong><em>Consell de presentaci\u00f3: <\/em><\/strong>Serveix-ho amb pebrots del piquillo, patates forneres o sobre un llit de ceba caramel\u00b7litzada. Tamb\u00e9 pots incloure&#039;l en amanides temperades o plats de cullera.<\/p>","protected":false},"excerpt":{"rendered":"<p class=\"\" data-start=\"178\" data-end=\"359\">Textura melosa, sabor delicat i m\u00e0xima qualitat. El <strong data-start=\"230\" data-end=\"250\">morro de bacall\u00e0<\/strong> \u00e9s una de les parts m\u00e9s apreciades d&#039;aquest peix, per la sucositat natural i la versatilitat a la cuina.<\/p>\n<p class=\"\" data-start=\"361\" data-end=\"549\">Perfecte per preparar al pil-pil, a la bisca\u00efna, amb salsa verda o al forn, aquest producte ve <strong data-start=\"458\" data-end=\"489\">net, sense pell ni espines<\/strong>, i <strong data-start=\"493\" data-end=\"511\">ultracongelat<\/strong> per conservar-ne totes les propietats.<\/p>","protected":false},"featured_media":1333,"template":"","meta":[],"product_brand":[],"product_cat":[26],"product_tag":[],"class_list":{"0":"post-1332","1":"product","2":"type-product","3":"status-publish","4":"has-post-thumbnail","6":"product_cat-pescado-congelado","8":"first","9":"instock","10":"shipping-taxable","11":"purchasable","12":"product-type-simple"},"yoast_head":"<!-- This site is optimized with the Yoast SEO plugin v27.4 - https:\/\/yoast.com\/product\/yoast-seo-wordpress\/ -->\n<title>Bacalao Morro por Unidad 500gr - Productos Congelados a Domicilio | Pescado, mariscos, verduras, precocinados y mucho m&aacute;s<\/title>\n<meta name=\"description\" content=\"El morro de bacalao es una de las partes m\u00e1s apreciadas de este pescado, por su jugosidad natural y versatilidad en la cocina.\" \/>\n<meta name=\"robots\" content=\"index, follow, max-snippet:-1, max-image-preview:large, max-video-preview:-1\" \/>\n<link rel=\"canonical\" href=\"https:\/\/congeladosbajocero.com\/ca\/pescado-congelado\/morro-de-bacalao-por-unidad\/\" \/>\n<meta property=\"og:locale\" content=\"ca_ES\" \/>\n<meta property=\"og:type\" content=\"article\" \/>\n<meta property=\"og:title\" content=\"Bacalao Morro por Unidad 500gr - Productos Congelados a Domicilio | Pescado, mariscos, verduras, precocinados y mucho m&aacute;s\" \/>\n<meta property=\"og:description\" content=\"El morro de bacalao es una de las partes m\u00e1s apreciadas de este pescado, por su jugosidad natural y versatilidad en la cocina.\" \/>\n<meta property=\"og:url\" content=\"https:\/\/congeladosbajocero.com\/ca\/pescado-congelado\/morro-de-bacalao-por-unidad\/\" \/>\n<meta property=\"og:site_name\" content=\"Productos Congelados a Domicilio | Pescado, mariscos, verduras, precocinados y mucho m&aacute;s\" \/>\n<meta property=\"article:modified_time\" content=\"2025-11-04T07:31:38+00:00\" \/>\n<meta property=\"og:image\" content=\"https:\/\/congeladosbajocero.com\/wp-content\/uploads\/2025\/04\/morro-de-bacalao.webp\" \/>\n\t<meta property=\"og:image:width\" content=\"600\" \/>\n\t<meta property=\"og:image:height\" content=\"600\" \/>\n\t<meta property=\"og:image:type\" content=\"image\/jpeg\" \/>\n<meta name=\"twitter:card\" content=\"summary_large_image\" \/>\n<meta name=\"twitter:label1\" content=\"Preu\" \/>\n\t<meta name=\"twitter:data1\" content=\"14,99&nbsp;&euro;\" \/>\n\t<meta name=\"twitter:label2\" content=\"Disponibilitat\" \/>\n\t<meta name=\"twitter:data2\" content=\"En estoc\" \/>\n<script type=\"application\/ld+json\" class=\"yoast-schema-graph\">{\"@context\":\"https:\\\/\\\/schema.org\",\"@graph\":[{\"@type\":\"WebPage\",\"@id\":\"https:\\\/\\\/congeladosbajocero.com\\\/pescado-congelado\\\/morro-de-bacalao-por-unidad\\\/\",\"url\":\"https:\\\/\\\/congeladosbajocero.com\\\/pescado-congelado\\\/morro-de-bacalao-por-unidad\\\/\",\"name\":\"Bacalao Morro por Unidad 500gr - Productos Congelados a Domicilio | Pescado, mariscos, verduras, precocinados y mucho m&aacute;s\",\"isPartOf\":{\"@id\":\"https:\\\/\\\/congeladosbajocero.com\\\/#website\"},\"primaryImageOfPage\":{\"@id\":\"https:\\\/\\\/congeladosbajocero.com\\\/pescado-congelado\\\/morro-de-bacalao-por-unidad\\\/#primaryimage\"},\"image\":{\"@id\":\"https:\\\/\\\/congeladosbajocero.com\\\/pescado-congelado\\\/morro-de-bacalao-por-unidad\\\/#primaryimage\"},\"thumbnailUrl\":\"https:\\\/\\\/congeladosbajocero.com\\\/wp-content\\\/uploads\\\/2025\\\/04\\\/morro-de-bacalao.webp\",\"datePublished\":\"2025-04-11T13:41:40+00:00\",\"dateModified\":\"2025-11-04T07:31:38+00:00\",\"description\":\"El morro de bacalao es una de las partes m\u00e1s apreciadas de este pescado, por su jugosidad natural y versatilidad en la cocina.\",\"breadcrumb\":{\"@id\":\"https:\\\/\\\/congeladosbajocero.com\\\/pescado-congelado\\\/morro-de-bacalao-por-unidad\\\/#breadcrumb\"},\"inLanguage\":\"ca\",\"potentialAction\":[{\"@type\":\"ReadAction\",\"target\":[\"https:\\\/\\\/congeladosbajocero.com\\\/pescado-congelado\\\/morro-de-bacalao-por-unidad\\\/\"]}]},{\"@type\":\"ImageObject\",\"inLanguage\":\"ca\",\"@id\":\"https:\\\/\\\/congeladosbajocero.com\\\/pescado-congelado\\\/morro-de-bacalao-por-unidad\\\/#primaryimage\",\"url\":\"https:\\\/\\\/congeladosbajocero.com\\\/wp-content\\\/uploads\\\/2025\\\/04\\\/morro-de-bacalao.webp\",\"contentUrl\":\"https:\\\/\\\/congeladosbajocero.com\\\/wp-content\\\/uploads\\\/2025\\\/04\\\/morro-de-bacalao.webp\",\"width\":600,\"height\":600},{\"@type\":\"BreadcrumbList\",\"@id\":\"https:\\\/\\\/congeladosbajocero.com\\\/pescado-congelado\\\/morro-de-bacalao-por-unidad\\\/#breadcrumb\",\"itemListElement\":[{\"@type\":\"ListItem\",\"position\":1,\"name\":\"Portada\",\"item\":\"https:\\\/\\\/congeladosbajocero.com\\\/\"},{\"@type\":\"ListItem\",\"position\":2,\"name\":\"Tienda\",\"item\":\"https:\\\/\\\/congeladosbajocero.com\\\/shop\\\/\"},{\"@type\":\"ListItem\",\"position\":3,\"name\":\"Bacalao Morro por Unidad 500gr\"}]},{\"@type\":\"WebSite\",\"@id\":\"https:\\\/\\\/congeladosbajocero.com\\\/#website\",\"url\":\"https:\\\/\\\/congeladosbajocero.com\\\/\",\"name\":\"Productos Congelados a Domicilio | Pescado, mariscos, verduras, precocinados y mucho m&aacute;s\",\"description\":\"Venta online de congelados\",\"publisher\":{\"@id\":\"https:\\\/\\\/congeladosbajocero.com\\\/#organization\"},\"potentialAction\":[{\"@type\":\"SearchAction\",\"target\":{\"@type\":\"EntryPoint\",\"urlTemplate\":\"https:\\\/\\\/congeladosbajocero.com\\\/?s={search_term_string}\"},\"query-input\":{\"@type\":\"PropertyValueSpecification\",\"valueRequired\":true,\"valueName\":\"search_term_string\"}}],\"inLanguage\":\"ca\"},{\"@type\":\"Organization\",\"@id\":\"https:\\\/\\\/congeladosbajocero.com\\\/#organization\",\"name\":\"Productos Congelados a Domicilio | Pescado, mariscos, verduras, precocinados y mucho m&aacute;s\",\"url\":\"https:\\\/\\\/congeladosbajocero.com\\\/\",\"logo\":{\"@type\":\"ImageObject\",\"inLanguage\":\"ca\",\"@id\":\"https:\\\/\\\/congeladosbajocero.com\\\/#\\\/schema\\\/logo\\\/image\\\/\",\"url\":\"https:\\\/\\\/congeladosbajocero.com\\\/wp-content\\\/uploads\\\/2025\\\/03\\\/logo-bajo-cero-png.webp\",\"contentUrl\":\"https:\\\/\\\/congeladosbajocero.com\\\/wp-content\\\/uploads\\\/2025\\\/03\\\/logo-bajo-cero-png.webp\",\"width\":498,\"height\":193,\"caption\":\"Productos Congelados a Domicilio | Pescado, mariscos, verduras, precocinados y mucho m&aacute;s\"},\"image\":{\"@id\":\"https:\\\/\\\/congeladosbajocero.com\\\/#\\\/schema\\\/logo\\\/image\\\/\"}}]}<\/script>\n<meta property=\"product:price:amount\" content=\"14.99\" \/>\n<meta property=\"product:price:currency\" content=\"EUR\" \/>\n<meta property=\"og:availability\" content=\"instock\" \/>\n<meta property=\"product:availability\" content=\"instock\" \/>\n<meta property=\"product:retailer_item_id\" content=\"3317\" \/>\n<meta property=\"product:condition\" content=\"new\" \/>\n<!-- \/ Yoast SEO plugin. -->","yoast_head_json":{"title":"Bacall\u00e0 Morro per Unitat 500gr - Productes Congelats a Domicili | Peix, marisc, verdures, precuinats i molt m\u00e9s","description":"El morro de bacall\u00e0 \u00e9s una de les parts m\u00e9s apreciades d&#039;aquest peix, per la sucositat natural i la versatilitat a la cuina.","robots":{"index":"index","follow":"follow","max-snippet":"max-snippet:-1","max-image-preview":"max-image-preview:large","max-video-preview":"max-video-preview:-1"},"canonical":"https:\/\/congeladosbajocero.com\/ca\/pescado-congelado\/morro-de-bacalao-por-unidad\/","og_locale":"ca_ES","og_type":"article","og_title":"Bacalao Morro por Unidad 500gr - Productos Congelados a Domicilio | Pescado, mariscos, verduras, precocinados y mucho m&aacute;s","og_description":"El morro de bacalao es una de las partes m\u00e1s apreciadas de este pescado, por su jugosidad natural y versatilidad en la cocina.","og_url":"https:\/\/congeladosbajocero.com\/ca\/pescado-congelado\/morro-de-bacalao-por-unidad\/","og_site_name":"Productos Congelados a Domicilio | Pescado, mariscos, verduras, precocinados y mucho m&aacute;s","article_modified_time":"2025-11-04T07:31:38+00:00","og_image":[{"width":600,"height":600,"url":"https:\/\/congeladosbajocero.com\/wp-content\/uploads\/2025\/04\/morro-de-bacalao.webp","type":"image\/jpeg"}],"twitter_card":"summary_large_image","twitter_misc":{"Preu":"14,99&nbsp;&euro;","Disponibilitat":"En estoc"},"schema":{"@context":"https:\/\/schema.org","@graph":[{"@type":"WebPage","@id":"https:\/\/congeladosbajocero.com\/pescado-congelado\/morro-de-bacalao-por-unidad\/","url":"https:\/\/congeladosbajocero.com\/pescado-congelado\/morro-de-bacalao-por-unidad\/","name":"Bacall\u00e0 Morro per Unitat 500gr - Productes Congelats a Domicili | Peix, marisc, verdures, precuinats i molt m\u00e9s","isPartOf":{"@id":"https:\/\/congeladosbajocero.com\/#website"},"primaryImageOfPage":{"@id":"https:\/\/congeladosbajocero.com\/pescado-congelado\/morro-de-bacalao-por-unidad\/#primaryimage"},"image":{"@id":"https:\/\/congeladosbajocero.com\/pescado-congelado\/morro-de-bacalao-por-unidad\/#primaryimage"},"thumbnailUrl":"https:\/\/congeladosbajocero.com\/wp-content\/uploads\/2025\/04\/morro-de-bacalao.webp","datePublished":"2025-04-11T13:41:40+00:00","dateModified":"2025-11-04T07:31:38+00:00","description":"El morro de bacall\u00e0 \u00e9s una de les parts m\u00e9s apreciades d&#039;aquest peix, per la sucositat natural i la versatilitat a la cuina.","breadcrumb":{"@id":"https:\/\/congeladosbajocero.com\/pescado-congelado\/morro-de-bacalao-por-unidad\/#breadcrumb"},"inLanguage":"ca","potentialAction":[{"@type":"ReadAction","target":["https:\/\/congeladosbajocero.com\/pescado-congelado\/morro-de-bacalao-por-unidad\/"]}]},{"@type":"ImageObject","inLanguage":"ca","@id":"https:\/\/congeladosbajocero.com\/pescado-congelado\/morro-de-bacalao-por-unidad\/#primaryimage","url":"https:\/\/congeladosbajocero.com\/wp-content\/uploads\/2025\/04\/morro-de-bacalao.webp","contentUrl":"https:\/\/congeladosbajocero.com\/wp-content\/uploads\/2025\/04\/morro-de-bacalao.webp","width":600,"height":600},{"@type":"BreadcrumbList","@id":"https:\/\/congeladosbajocero.com\/pescado-congelado\/morro-de-bacalao-por-unidad\/#breadcrumb","itemListElement":[{"@type":"ListItem","position":1,"name":"Portada","item":"https:\/\/congeladosbajocero.com\/"},{"@type":"ListItem","position":2,"name":"Tienda","item":"https:\/\/congeladosbajocero.com\/shop\/"},{"@type":"ListItem","position":3,"name":"Bacalao Morro por Unidad 500gr"}]},{"@type":"WebSite","@id":"https:\/\/congeladosbajocero.com\/#website","url":"https:\/\/congeladosbajocero.com\/","name":"Productes Congelats a Domicili | Peix, marisc, verdures, precuinats i molt m\u00e9s","description":"Venda online de congelats","publisher":{"@id":"https:\/\/congeladosbajocero.com\/#organization"},"potentialAction":[{"@type":"SearchAction","target":{"@type":"EntryPoint","urlTemplate":"https:\/\/congeladosbajocero.com\/?s={search_term_string}"},"query-input":{"@type":"PropertyValueSpecification","valueRequired":true,"valueName":"search_term_string"}}],"inLanguage":"ca"},{"@type":"Organization","@id":"https:\/\/congeladosbajocero.com\/#organization","name":"Productes Congelats a Domicili | Peix, marisc, verdures, precuinats i molt m\u00e9s","url":"https:\/\/congeladosbajocero.com\/","logo":{"@type":"ImageObject","inLanguage":"ca","@id":"https:\/\/congeladosbajocero.com\/#\/schema\/logo\/image\/","url":"https:\/\/congeladosbajocero.com\/wp-content\/uploads\/2025\/03\/logo-bajo-cero-png.webp","contentUrl":"https:\/\/congeladosbajocero.com\/wp-content\/uploads\/2025\/03\/logo-bajo-cero-png.webp","width":498,"height":193,"caption":"Productos Congelados a Domicilio | Pescado, mariscos, verduras, precocinados y mucho m&aacute;s"},"image":{"@id":"https:\/\/congeladosbajocero.com\/#\/schema\/logo\/image\/"}}]},"product_price_amount":"14.99","product_price_currency":"EUR","og_availability":"instock","product_availability":"instock","product_retailer_item_id":"3317","product_condition":"new"},"_links":{"self":[{"href":"https:\/\/congeladosbajocero.com\/ca\/wp-json\/wp\/v2\/product\/1332","targetHints":{"allow":["GET"]}}],"collection":[{"href":"https:\/\/congeladosbajocero.com\/ca\/wp-json\/wp\/v2\/product"}],"about":[{"href":"https:\/\/congeladosbajocero.com\/ca\/wp-json\/wp\/v2\/types\/product"}],"wp:featuredmedia":[{"embeddable":true,"href":"https:\/\/congeladosbajocero.com\/ca\/wp-json\/wp\/v2\/media\/1333"}],"wp:attachment":[{"href":"https:\/\/congeladosbajocero.com\/ca\/wp-json\/wp\/v2\/media?parent=1332"}],"wp:term":[{"taxonomy":"product_brand","embeddable":true,"href":"https:\/\/congeladosbajocero.com\/ca\/wp-json\/wp\/v2\/product_brand?post=1332"},{"taxonomy":"product_cat","embeddable":true,"href":"https:\/\/congeladosbajocero.com\/ca\/wp-json\/wp\/v2\/product_cat?post=1332"},{"taxonomy":"product_tag","embeddable":true,"href":"https:\/\/congeladosbajocero.com\/ca\/wp-json\/wp\/v2\/product_tag?post=1332"}],"curies":[{"name":"wp","href":"https:\/\/api.w.org\/{rel}","templated":true}]}}