{"id":1328,"date":"2025-04-11T13:36:47","date_gmt":"2025-04-11T13:36:47","guid":{"rendered":"https:\/\/congeladosbajocero.com\/?post_type=product&#038;p=1328"},"modified":"2025-11-04T07:32:12","modified_gmt":"2025-11-04T07:32:12","slug":"rodaja-de-merluza-2-unidades","status":"publish","type":"product","link":"https:\/\/congeladosbajocero.com\/ca\/pescado-congelado\/rodaja-de-merluza-2-unidades\/","title":{"rendered":"Rodaja de Llu\u00e7 2 Unitats"},"content":{"rendered":"<h4 data-start=\"812\" data-end=\"837\">Com preparar-les?<\/h4>\n<ul>\n<li data-start=\"839\" data-end=\"931\"><strong data-start=\"839\" data-end=\"861\">En guisats o sopes:<\/strong><br data-start=\"861\" data-end=\"864\" \/>Afegir directament al final de la cocci\u00f3 perqu\u00e8 no es desfacin.<\/li>\n<li data-start=\"933\" data-end=\"1046\"><strong data-start=\"933\" data-end=\"955\">Al forn o paella:<\/strong><br data-start=\"955\" data-end=\"958\" \/>Cuinar amb una mica d&#039;oli, all i julivert o amb base de tom\u00e0quet durant 8-10 minuts.<\/li>\n<\/ul>\n<p class=\"\" data-start=\"933\" data-end=\"1046\"><em data-start=\"1053\" data-end=\"1152\">Si vols, pots arrebossar-les per a un toc m\u00e9s cruixent, especialment si cuines per a nens.<\/em><\/p>\n<p data-start=\"933\" data-end=\"1046\">\n<h4 data-start=\"1159\" data-end=\"1194\">Per qu\u00e8 escollir aquesta opci\u00f3?<\/h4>\n<ul data-start=\"1196\" data-end=\"1359\">\n<li class=\"\" data-start=\"1196\" data-end=\"1237\">\n<p class=\"\" data-start=\"1198\" data-end=\"1237\">Excel\u00b7lent relaci\u00f3 <strong data-start=\"1217\" data-end=\"1235\">qualitat-preu<\/strong><\/p>\n<\/li>\n<li class=\"\" data-start=\"1238\" data-end=\"1280\">\n<p class=\"\" data-start=\"1240\" data-end=\"1280\">Ideal per a receptes senzilles i casolanes<\/p>\n<\/li>\n<li class=\"\" data-start=\"1281\" data-end=\"1359\">\n<p class=\"\" data-start=\"1283\" data-end=\"1359\">Perfecte per mantenir una alimentaci\u00f3 equilibrada sense renunciar al peix<\/p>\n<\/li>\n<\/ul>","protected":false},"excerpt":{"rendered":"<p class=\"\" data-start=\"213\" data-end=\"449\">Una opci\u00f3 accessible i vers\u00e0til per incloure peix a la teva dieta di\u00e0ria. Les nostres <strong data-start=\"295\" data-end=\"327\">rodanxes de llu\u00e7 econ\u00f2mic<\/strong> conserven tot el sabor del mar a un preu m\u00e9s ajustat, ideals per a guisats, sopes, arrebossats o per preparar al forn.<\/p>\n<p class=\"\" data-start=\"451\" data-end=\"561\">Cada rodanxa es presenta neta i ultracongelada, llesta per cuinar directament sense necessitat de descongelar.<\/p>","protected":false},"featured_media":1329,"template":"","meta":[],"product_brand":[],"product_cat":[26],"product_tag":[],"class_list":{"0":"post-1328","1":"product","2":"type-product","3":"status-publish","4":"has-post-thumbnail","6":"product_cat-pescado-congelado","8":"first","9":"instock","10":"shipping-taxable","11":"purchasable","12":"product-type-simple"},"yoast_head":"<!-- This site is optimized with the Yoast SEO plugin v27.3 - https:\/\/yoast.com\/product\/yoast-seo-wordpress\/ -->\n<title>Rodaja de Merluza 2 Unidades - Productos Congelados a Domicilio | Pescado, mariscos, verduras, precocinados y mucho m&aacute;s<\/title>\n<meta name=\"description\" content=\"Las rodajas de merluza econ\u00f3mica conservan todo el sabor del mar a un precio m\u00e1s ajustado, ideales para guisos, sopas, rebozados o para preparar al horno.\" \/>\n<meta name=\"robots\" content=\"index, follow, max-snippet:-1, max-image-preview:large, max-video-preview:-1\" \/>\n<link rel=\"canonical\" href=\"https:\/\/congeladosbajocero.com\/ca\/pescado-congelado\/rodaja-de-merluza-2-unidades\/\" \/>\n<meta property=\"og:locale\" content=\"ca_ES\" \/>\n<meta property=\"og:type\" content=\"article\" \/>\n<meta property=\"og:title\" content=\"Rodaja de Merluza 2 Unidades - Productos Congelados a Domicilio | Pescado, mariscos, verduras, precocinados y mucho m&aacute;s\" \/>\n<meta property=\"og:description\" content=\"Las rodajas de merluza econ\u00f3mica conservan todo el sabor del mar a un precio m\u00e1s ajustado, ideales para guisos, sopas, rebozados o para preparar al horno.\" \/>\n<meta property=\"og:url\" content=\"https:\/\/congeladosbajocero.com\/ca\/pescado-congelado\/rodaja-de-merluza-2-unidades\/\" \/>\n<meta property=\"og:site_name\" content=\"Productos Congelados a Domicilio | Pescado, mariscos, verduras, precocinados y mucho m&aacute;s\" \/>\n<meta property=\"article:modified_time\" content=\"2025-11-04T07:32:12+00:00\" \/>\n<meta property=\"og:image\" content=\"https:\/\/congeladosbajocero.com\/wp-content\/uploads\/2025\/04\/rodaja-merluza-congelada.webp\" \/>\n\t<meta property=\"og:image:width\" content=\"600\" \/>\n\t<meta property=\"og:image:height\" content=\"600\" \/>\n\t<meta property=\"og:image:type\" content=\"image\/jpeg\" \/>\n<meta name=\"twitter:card\" content=\"summary_large_image\" \/>\n<meta name=\"twitter:label1\" content=\"Preu\" \/>\n\t<meta name=\"twitter:data1\" content=\"4,99&nbsp;&euro;\" \/>\n\t<meta name=\"twitter:label2\" content=\"Disponibilitat\" \/>\n\t<meta name=\"twitter:data2\" content=\"En estoc\" \/>\n<script type=\"application\/ld+json\" class=\"yoast-schema-graph\">{\"@context\":\"https:\\\/\\\/schema.org\",\"@graph\":[{\"@type\":\"WebPage\",\"@id\":\"https:\\\/\\\/congeladosbajocero.com\\\/pescado-congelado\\\/rodaja-de-merluza-2-unidades\\\/\",\"url\":\"https:\\\/\\\/congeladosbajocero.com\\\/pescado-congelado\\\/rodaja-de-merluza-2-unidades\\\/\",\"name\":\"Rodaja de Merluza 2 Unidades - Productos Congelados a Domicilio | Pescado, mariscos, verduras, precocinados y mucho m&aacute;s\",\"isPartOf\":{\"@id\":\"https:\\\/\\\/congeladosbajocero.com\\\/#website\"},\"primaryImageOfPage\":{\"@id\":\"https:\\\/\\\/congeladosbajocero.com\\\/pescado-congelado\\\/rodaja-de-merluza-2-unidades\\\/#primaryimage\"},\"image\":{\"@id\":\"https:\\\/\\\/congeladosbajocero.com\\\/pescado-congelado\\\/rodaja-de-merluza-2-unidades\\\/#primaryimage\"},\"thumbnailUrl\":\"https:\\\/\\\/congeladosbajocero.com\\\/wp-content\\\/uploads\\\/2025\\\/04\\\/rodaja-merluza-congelada.webp\",\"datePublished\":\"2025-04-11T13:36:47+00:00\",\"dateModified\":\"2025-11-04T07:32:12+00:00\",\"description\":\"Las rodajas de merluza econ\u00f3mica conservan todo el sabor del mar a un precio m\u00e1s ajustado, ideales para guisos, sopas, rebozados o para preparar al horno.\",\"breadcrumb\":{\"@id\":\"https:\\\/\\\/congeladosbajocero.com\\\/pescado-congelado\\\/rodaja-de-merluza-2-unidades\\\/#breadcrumb\"},\"inLanguage\":\"ca\",\"potentialAction\":[{\"@type\":\"ReadAction\",\"target\":[\"https:\\\/\\\/congeladosbajocero.com\\\/pescado-congelado\\\/rodaja-de-merluza-2-unidades\\\/\"]}]},{\"@type\":\"ImageObject\",\"inLanguage\":\"ca\",\"@id\":\"https:\\\/\\\/congeladosbajocero.com\\\/pescado-congelado\\\/rodaja-de-merluza-2-unidades\\\/#primaryimage\",\"url\":\"https:\\\/\\\/congeladosbajocero.com\\\/wp-content\\\/uploads\\\/2025\\\/04\\\/rodaja-merluza-congelada.webp\",\"contentUrl\":\"https:\\\/\\\/congeladosbajocero.com\\\/wp-content\\\/uploads\\\/2025\\\/04\\\/rodaja-merluza-congelada.webp\",\"width\":600,\"height\":600},{\"@type\":\"BreadcrumbList\",\"@id\":\"https:\\\/\\\/congeladosbajocero.com\\\/pescado-congelado\\\/rodaja-de-merluza-2-unidades\\\/#breadcrumb\",\"itemListElement\":[{\"@type\":\"ListItem\",\"position\":1,\"name\":\"Portada\",\"item\":\"https:\\\/\\\/congeladosbajocero.com\\\/\"},{\"@type\":\"ListItem\",\"position\":2,\"name\":\"Tienda\",\"item\":\"https:\\\/\\\/congeladosbajocero.com\\\/shop\\\/\"},{\"@type\":\"ListItem\",\"position\":3,\"name\":\"Rodaja de Merluza 2 Unidades\"}]},{\"@type\":\"WebSite\",\"@id\":\"https:\\\/\\\/congeladosbajocero.com\\\/#website\",\"url\":\"https:\\\/\\\/congeladosbajocero.com\\\/\",\"name\":\"Productos Congelados a Domicilio | Pescado, mariscos, verduras, precocinados y mucho m&aacute;s\",\"description\":\"Venta online de congelados\",\"publisher\":{\"@id\":\"https:\\\/\\\/congeladosbajocero.com\\\/#organization\"},\"potentialAction\":[{\"@type\":\"SearchAction\",\"target\":{\"@type\":\"EntryPoint\",\"urlTemplate\":\"https:\\\/\\\/congeladosbajocero.com\\\/?s={search_term_string}\"},\"query-input\":{\"@type\":\"PropertyValueSpecification\",\"valueRequired\":true,\"valueName\":\"search_term_string\"}}],\"inLanguage\":\"ca\"},{\"@type\":\"Organization\",\"@id\":\"https:\\\/\\\/congeladosbajocero.com\\\/#organization\",\"name\":\"Productos Congelados a Domicilio | Pescado, mariscos, verduras, precocinados y mucho m&aacute;s\",\"url\":\"https:\\\/\\\/congeladosbajocero.com\\\/\",\"logo\":{\"@type\":\"ImageObject\",\"inLanguage\":\"ca\",\"@id\":\"https:\\\/\\\/congeladosbajocero.com\\\/#\\\/schema\\\/logo\\\/image\\\/\",\"url\":\"https:\\\/\\\/congeladosbajocero.com\\\/wp-content\\\/uploads\\\/2025\\\/03\\\/logo-bajo-cero-png.webp\",\"contentUrl\":\"https:\\\/\\\/congeladosbajocero.com\\\/wp-content\\\/uploads\\\/2025\\\/03\\\/logo-bajo-cero-png.webp\",\"width\":498,\"height\":193,\"caption\":\"Productos Congelados a Domicilio | Pescado, mariscos, verduras, precocinados y mucho m&aacute;s\"},\"image\":{\"@id\":\"https:\\\/\\\/congeladosbajocero.com\\\/#\\\/schema\\\/logo\\\/image\\\/\"}}]}<\/script>\n<meta property=\"product:price:amount\" content=\"4.99\" \/>\n<meta property=\"product:price:currency\" content=\"EUR\" \/>\n<meta property=\"og:availability\" content=\"instock\" \/>\n<meta property=\"product:availability\" content=\"instock\" \/>\n<meta property=\"product:retailer_item_id\" content=\"3341\" \/>\n<meta property=\"product:condition\" content=\"new\" \/>\n<!-- \/ Yoast SEO plugin. -->","yoast_head_json":{"title":"Rodaja de Llu\u00e7 2 Unitats - Productes Congelats a Domicili | Peix, marisc, verdures, precuinats i molt m\u00e9s","description":"Les rodanxes de llu\u00e7 econ\u00f2mic conserven tot el sabor del mar a un preu m\u00e9s ajustat, ideals per a guisats, sopes, arrebossats o per preparar al forn.","robots":{"index":"index","follow":"follow","max-snippet":"max-snippet:-1","max-image-preview":"max-image-preview:large","max-video-preview":"max-video-preview:-1"},"canonical":"https:\/\/congeladosbajocero.com\/ca\/pescado-congelado\/rodaja-de-merluza-2-unidades\/","og_locale":"ca_ES","og_type":"article","og_title":"Rodaja de Merluza 2 Unidades - Productos Congelados a Domicilio | Pescado, mariscos, verduras, precocinados y mucho m&aacute;s","og_description":"Las rodajas de merluza econ\u00f3mica conservan todo el sabor del mar a un precio m\u00e1s ajustado, ideales para guisos, sopas, rebozados o para preparar al horno.","og_url":"https:\/\/congeladosbajocero.com\/ca\/pescado-congelado\/rodaja-de-merluza-2-unidades\/","og_site_name":"Productos Congelados a Domicilio | Pescado, mariscos, verduras, precocinados y mucho m&aacute;s","article_modified_time":"2025-11-04T07:32:12+00:00","og_image":[{"width":600,"height":600,"url":"https:\/\/congeladosbajocero.com\/wp-content\/uploads\/2025\/04\/rodaja-merluza-congelada.webp","type":"image\/jpeg"}],"twitter_card":"summary_large_image","twitter_misc":{"Preu":"4,99&nbsp;&euro;","Disponibilitat":"En estoc"},"schema":{"@context":"https:\/\/schema.org","@graph":[{"@type":"WebPage","@id":"https:\/\/congeladosbajocero.com\/pescado-congelado\/rodaja-de-merluza-2-unidades\/","url":"https:\/\/congeladosbajocero.com\/pescado-congelado\/rodaja-de-merluza-2-unidades\/","name":"Rodaja de Llu\u00e7 2 Unitats - Productes Congelats a Domicili | Peix, marisc, verdures, precuinats i molt m\u00e9s","isPartOf":{"@id":"https:\/\/congeladosbajocero.com\/#website"},"primaryImageOfPage":{"@id":"https:\/\/congeladosbajocero.com\/pescado-congelado\/rodaja-de-merluza-2-unidades\/#primaryimage"},"image":{"@id":"https:\/\/congeladosbajocero.com\/pescado-congelado\/rodaja-de-merluza-2-unidades\/#primaryimage"},"thumbnailUrl":"https:\/\/congeladosbajocero.com\/wp-content\/uploads\/2025\/04\/rodaja-merluza-congelada.webp","datePublished":"2025-04-11T13:36:47+00:00","dateModified":"2025-11-04T07:32:12+00:00","description":"Les rodanxes de llu\u00e7 econ\u00f2mic conserven tot el sabor del mar a un preu m\u00e9s ajustat, ideals per a guisats, sopes, arrebossats o per preparar al forn.","breadcrumb":{"@id":"https:\/\/congeladosbajocero.com\/pescado-congelado\/rodaja-de-merluza-2-unidades\/#breadcrumb"},"inLanguage":"ca","potentialAction":[{"@type":"ReadAction","target":["https:\/\/congeladosbajocero.com\/pescado-congelado\/rodaja-de-merluza-2-unidades\/"]}]},{"@type":"ImageObject","inLanguage":"ca","@id":"https:\/\/congeladosbajocero.com\/pescado-congelado\/rodaja-de-merluza-2-unidades\/#primaryimage","url":"https:\/\/congeladosbajocero.com\/wp-content\/uploads\/2025\/04\/rodaja-merluza-congelada.webp","contentUrl":"https:\/\/congeladosbajocero.com\/wp-content\/uploads\/2025\/04\/rodaja-merluza-congelada.webp","width":600,"height":600},{"@type":"BreadcrumbList","@id":"https:\/\/congeladosbajocero.com\/pescado-congelado\/rodaja-de-merluza-2-unidades\/#breadcrumb","itemListElement":[{"@type":"ListItem","position":1,"name":"Portada","item":"https:\/\/congeladosbajocero.com\/"},{"@type":"ListItem","position":2,"name":"Tienda","item":"https:\/\/congeladosbajocero.com\/shop\/"},{"@type":"ListItem","position":3,"name":"Rodaja de Merluza 2 Unidades"}]},{"@type":"WebSite","@id":"https:\/\/congeladosbajocero.com\/#website","url":"https:\/\/congeladosbajocero.com\/","name":"Productes Congelats a Domicili | Peix, marisc, verdures, precuinats i molt m\u00e9s","description":"Venda online de congelats","publisher":{"@id":"https:\/\/congeladosbajocero.com\/#organization"},"potentialAction":[{"@type":"SearchAction","target":{"@type":"EntryPoint","urlTemplate":"https:\/\/congeladosbajocero.com\/?s={search_term_string}"},"query-input":{"@type":"PropertyValueSpecification","valueRequired":true,"valueName":"search_term_string"}}],"inLanguage":"ca"},{"@type":"Organization","@id":"https:\/\/congeladosbajocero.com\/#organization","name":"Productes Congelats a Domicili | Peix, marisc, verdures, precuinats i molt m\u00e9s","url":"https:\/\/congeladosbajocero.com\/","logo":{"@type":"ImageObject","inLanguage":"ca","@id":"https:\/\/congeladosbajocero.com\/#\/schema\/logo\/image\/","url":"https:\/\/congeladosbajocero.com\/wp-content\/uploads\/2025\/03\/logo-bajo-cero-png.webp","contentUrl":"https:\/\/congeladosbajocero.com\/wp-content\/uploads\/2025\/03\/logo-bajo-cero-png.webp","width":498,"height":193,"caption":"Productos Congelados a Domicilio | Pescado, mariscos, verduras, precocinados y mucho m&aacute;s"},"image":{"@id":"https:\/\/congeladosbajocero.com\/#\/schema\/logo\/image\/"}}]},"product_price_amount":"4.99","product_price_currency":"EUR","og_availability":"instock","product_availability":"instock","product_retailer_item_id":"3341","product_condition":"new"},"_links":{"self":[{"href":"https:\/\/congeladosbajocero.com\/ca\/wp-json\/wp\/v2\/product\/1328","targetHints":{"allow":["GET"]}}],"collection":[{"href":"https:\/\/congeladosbajocero.com\/ca\/wp-json\/wp\/v2\/product"}],"about":[{"href":"https:\/\/congeladosbajocero.com\/ca\/wp-json\/wp\/v2\/types\/product"}],"wp:featuredmedia":[{"embeddable":true,"href":"https:\/\/congeladosbajocero.com\/ca\/wp-json\/wp\/v2\/media\/1329"}],"wp:attachment":[{"href":"https:\/\/congeladosbajocero.com\/ca\/wp-json\/wp\/v2\/media?parent=1328"}],"wp:term":[{"taxonomy":"product_brand","embeddable":true,"href":"https:\/\/congeladosbajocero.com\/ca\/wp-json\/wp\/v2\/product_brand?post=1328"},{"taxonomy":"product_cat","embeddable":true,"href":"https:\/\/congeladosbajocero.com\/ca\/wp-json\/wp\/v2\/product_cat?post=1328"},{"taxonomy":"product_tag","embeddable":true,"href":"https:\/\/congeladosbajocero.com\/ca\/wp-json\/wp\/v2\/product_tag?post=1328"}],"curies":[{"name":"wp","href":"https:\/\/api.w.org\/{rel}","templated":true}]}}