{"id":1323,"date":"2025-04-11T13:29:59","date_gmt":"2025-04-11T13:29:59","guid":{"rendered":"https:\/\/congeladosbajocero.com\/?post_type=product&#038;p=1323"},"modified":"2025-10-26T17:43:44","modified_gmt":"2025-10-26T17:43:44","slug":"filete-de-lubina-2-unidades","status":"publish","type":"product","link":"https:\/\/congeladosbajocero.com\/ca\/pescado-congelado\/filete-de-lubina-2-unidades\/","title":{"rendered":"Filet de Lubina 2 Unitats"},"content":{"rendered":"<h4 data-start=\"543\" data-end=\"563\">Qu\u00e8 ofereixen?<\/h4>\n<ul data-start=\"565\" data-end=\"798\">\n<li class=\"\" data-start=\"565\" data-end=\"619\">\n<p class=\"\" data-start=\"567\" data-end=\"619\">Filets nets de <strong data-start=\"586\" data-end=\"596\">llobarro<\/strong>, sense pell ni espines<\/p>\n<\/li>\n<li class=\"\" data-start=\"620\" data-end=\"676\">\n<p class=\"\" data-start=\"622\" data-end=\"676\">Ultracongelats per conservar frescor i nutrients<\/p>\n<\/li>\n<li class=\"\" data-start=\"677\" data-end=\"741\">\n<p class=\"\" data-start=\"679\" data-end=\"741\">Producte pr\u00e0ctic i vers\u00e0til, apte per a tot tipus de receptes<\/p>\n<\/li>\n<li class=\"\" data-start=\"742\" data-end=\"798\">\n<p class=\"\" data-start=\"744\" data-end=\"798\">Font natural de <strong data-start=\"762\" data-end=\"796\">prote\u00efnes, Omega-3 i minerals<\/strong><\/p>\n<\/li>\n<\/ul>\n<h3 data-start=\"805\" data-end=\"831\"><\/h3>\n<h4 data-start=\"805\" data-end=\"831\">Com preparar-los?<\/h4>\n<ul>\n<li data-start=\"833\" data-end=\"850\"><strong data-start=\"833\" data-end=\"850\">A la planxa:<\/strong><\/li>\n<\/ul>\n<ol data-start=\"851\" data-end=\"984\">\n<li class=\"\" data-start=\"851\" data-end=\"921\">\n<p class=\"\" data-start=\"854\" data-end=\"921\">Cuineu directament des de descongelat amb unes gotes d&#039;oli.<\/p>\n<\/li>\n<li class=\"\" data-start=\"922\" data-end=\"984\">\n<p class=\"\" data-start=\"925\" data-end=\"984\">3-4 minuts per costat a foc mitj\u00e0 fins que estiguin daurats.<\/p>\n<\/li>\n<\/ol>\n<ul>\n<li data-start=\"986\" data-end=\"999\"><strong data-start=\"986\" data-end=\"999\">Al forn:<\/strong><\/li>\n<\/ul>\n<ol data-start=\"1000\" data-end=\"1138\">\n<li class=\"\" data-start=\"1000\" data-end=\"1026\">\n<p class=\"\" data-start=\"1003\" data-end=\"1026\">Preescalfada a 180 \u00b0C.<\/p>\n<\/li>\n<li class=\"\" data-start=\"1027\" data-end=\"1071\">\n<p class=\"\" data-start=\"1030\" data-end=\"1071\">Afegeix-hi un toc de llimona, all o herbes.<\/p>\n<\/li>\n<li class=\"\" data-start=\"1072\" data-end=\"1138\">\n<p class=\"\" data-start=\"1075\" data-end=\"1138\">Forneja durant 12-15 minuts fins que estiguin tendres i sucosos.<\/p>\n<\/li>\n<\/ol>\n<p><em data-start=\"1148\" data-end=\"1248\">Acompanya&#039;ls amb verdures saltejades, arr\u00f2s o patates al vapor per a un menjar saludable i complet.<\/em><\/p>\n<p>&nbsp;<\/p>\n<h4 data-start=\"1255\" data-end=\"1275\">Beneficis del Filet Lubina<\/h4>\n<ul data-start=\"1277\" data-end=\"1390\">\n<li class=\"\" data-start=\"1277\" data-end=\"1305\">\n<p class=\"\" data-start=\"1279\" data-end=\"1305\">Baix en greixos saturats<\/p>\n<\/li>\n<li class=\"\" data-start=\"1306\" data-end=\"1339\">\n<p class=\"\" data-start=\"1308\" data-end=\"1339\">Ric a <strong data-start=\"1316\" data-end=\"1337\">Omega-3 i f\u00f2sfor<\/strong><\/p>\n<\/li>\n<li class=\"\" data-start=\"1340\" data-end=\"1390\">\n<p class=\"\" data-start=\"1342\" data-end=\"1390\">Ideal per a una alimentaci\u00f3 equilibrada i lleugera<\/p>\n<\/li>\n<\/ul>","protected":false},"excerpt":{"rendered":"<p class=\"\" data-start=\"181\" data-end=\"376\">Sabor suau, textura delicada i preparaci\u00f3 f\u00e0cil. Els nostres <strong data-start=\"241\" data-end=\"273\">filets de llobarro congelats<\/strong> s\u00f3n una opci\u00f3 perfecta per als que busquen un peix blanc de qualitat, net i llest per cuinar.<\/p>\n<p class=\"\" data-start=\"378\" data-end=\"536\">Presentats en format individual, sense pell ni espines, s\u00f3n ideals per preparar la planxa, el forn o el vapor, amb un resultat suc\u00f3s i ple de sabor.<\/p>","protected":false},"featured_media":1325,"template":"","meta":[],"product_brand":[],"product_cat":[26],"product_tag":[],"class_list":{"0":"post-1323","1":"product","2":"type-product","3":"status-publish","4":"has-post-thumbnail","6":"product_cat-pescado-congelado","8":"first","9":"instock","10":"shipping-taxable","11":"purchasable","12":"product-type-simple"},"yoast_head":"<!-- This site is optimized with the Yoast SEO plugin v27.4 - https:\/\/yoast.com\/product\/yoast-seo-wordpress\/ -->\n<title>Filete de Lubina 2 Unidades - Productos Congelados a Domicilio | Pescado, mariscos, verduras, precocinados y mucho m&aacute;s<\/title>\n<meta name=\"description\" content=\"Filetes de lubina congelados son una opci\u00f3n perfecta para quienes buscan un pescado blanco de calidad, limpio y listo para cocinar.\" \/>\n<meta name=\"robots\" content=\"index, follow, max-snippet:-1, max-image-preview:large, max-video-preview:-1\" \/>\n<link rel=\"canonical\" href=\"https:\/\/congeladosbajocero.com\/ca\/pescado-congelado\/filete-de-lubina-2-unidades\/\" \/>\n<meta property=\"og:locale\" content=\"ca_ES\" \/>\n<meta property=\"og:type\" content=\"article\" \/>\n<meta property=\"og:title\" content=\"Filete de Lubina 2 Unidades - Productos Congelados a Domicilio | Pescado, mariscos, verduras, precocinados y mucho m&aacute;s\" \/>\n<meta property=\"og:description\" content=\"Filetes de lubina congelados son una opci\u00f3n perfecta para quienes buscan un pescado blanco de calidad, limpio y listo para cocinar.\" \/>\n<meta property=\"og:url\" content=\"https:\/\/congeladosbajocero.com\/ca\/pescado-congelado\/filete-de-lubina-2-unidades\/\" \/>\n<meta property=\"og:site_name\" content=\"Productos Congelados a Domicilio | Pescado, mariscos, verduras, precocinados y mucho m&aacute;s\" \/>\n<meta property=\"article:modified_time\" content=\"2025-10-26T17:43:44+00:00\" \/>\n<meta property=\"og:image\" content=\"https:\/\/congeladosbajocero.com\/wp-content\/uploads\/2025\/04\/filete-de-lubina-congelado.webp\" \/>\n\t<meta property=\"og:image:width\" content=\"600\" \/>\n\t<meta property=\"og:image:height\" content=\"600\" \/>\n\t<meta property=\"og:image:type\" content=\"image\/jpeg\" \/>\n<meta name=\"twitter:card\" content=\"summary_large_image\" \/>\n<meta name=\"twitter:label1\" content=\"Preu\" \/>\n\t<meta name=\"twitter:data1\" content=\"11,99&nbsp;&euro;\" \/>\n\t<meta name=\"twitter:label2\" content=\"Disponibilitat\" \/>\n\t<meta name=\"twitter:data2\" content=\"En estoc\" \/>\n<script type=\"application\/ld+json\" class=\"yoast-schema-graph\">{\"@context\":\"https:\\\/\\\/schema.org\",\"@graph\":[{\"@type\":\"WebPage\",\"@id\":\"https:\\\/\\\/congeladosbajocero.com\\\/pescado-congelado\\\/filete-de-lubina-2-unidades\\\/\",\"url\":\"https:\\\/\\\/congeladosbajocero.com\\\/pescado-congelado\\\/filete-de-lubina-2-unidades\\\/\",\"name\":\"Filete de Lubina 2 Unidades - Productos Congelados a Domicilio | Pescado, mariscos, verduras, precocinados y mucho m&aacute;s\",\"isPartOf\":{\"@id\":\"https:\\\/\\\/congeladosbajocero.com\\\/#website\"},\"primaryImageOfPage\":{\"@id\":\"https:\\\/\\\/congeladosbajocero.com\\\/pescado-congelado\\\/filete-de-lubina-2-unidades\\\/#primaryimage\"},\"image\":{\"@id\":\"https:\\\/\\\/congeladosbajocero.com\\\/pescado-congelado\\\/filete-de-lubina-2-unidades\\\/#primaryimage\"},\"thumbnailUrl\":\"https:\\\/\\\/congeladosbajocero.com\\\/wp-content\\\/uploads\\\/2025\\\/04\\\/filete-de-lubina-congelado.webp\",\"datePublished\":\"2025-04-11T13:29:59+00:00\",\"dateModified\":\"2025-10-26T17:43:44+00:00\",\"description\":\"Filetes de lubina congelados son una opci\u00f3n perfecta para quienes buscan un pescado blanco de calidad, limpio y listo para cocinar.\",\"breadcrumb\":{\"@id\":\"https:\\\/\\\/congeladosbajocero.com\\\/pescado-congelado\\\/filete-de-lubina-2-unidades\\\/#breadcrumb\"},\"inLanguage\":\"ca\",\"potentialAction\":[{\"@type\":\"ReadAction\",\"target\":[\"https:\\\/\\\/congeladosbajocero.com\\\/pescado-congelado\\\/filete-de-lubina-2-unidades\\\/\"]}]},{\"@type\":\"ImageObject\",\"inLanguage\":\"ca\",\"@id\":\"https:\\\/\\\/congeladosbajocero.com\\\/pescado-congelado\\\/filete-de-lubina-2-unidades\\\/#primaryimage\",\"url\":\"https:\\\/\\\/congeladosbajocero.com\\\/wp-content\\\/uploads\\\/2025\\\/04\\\/filete-de-lubina-congelado.webp\",\"contentUrl\":\"https:\\\/\\\/congeladosbajocero.com\\\/wp-content\\\/uploads\\\/2025\\\/04\\\/filete-de-lubina-congelado.webp\",\"width\":600,\"height\":600},{\"@type\":\"BreadcrumbList\",\"@id\":\"https:\\\/\\\/congeladosbajocero.com\\\/pescado-congelado\\\/filete-de-lubina-2-unidades\\\/#breadcrumb\",\"itemListElement\":[{\"@type\":\"ListItem\",\"position\":1,\"name\":\"Portada\",\"item\":\"https:\\\/\\\/congeladosbajocero.com\\\/\"},{\"@type\":\"ListItem\",\"position\":2,\"name\":\"Tienda\",\"item\":\"https:\\\/\\\/congeladosbajocero.com\\\/shop\\\/\"},{\"@type\":\"ListItem\",\"position\":3,\"name\":\"Filete de Lubina 2 Unidades\"}]},{\"@type\":\"WebSite\",\"@id\":\"https:\\\/\\\/congeladosbajocero.com\\\/#website\",\"url\":\"https:\\\/\\\/congeladosbajocero.com\\\/\",\"name\":\"Productos Congelados a Domicilio | Pescado, mariscos, verduras, precocinados y mucho m&aacute;s\",\"description\":\"Venta online de congelados\",\"publisher\":{\"@id\":\"https:\\\/\\\/congeladosbajocero.com\\\/#organization\"},\"potentialAction\":[{\"@type\":\"SearchAction\",\"target\":{\"@type\":\"EntryPoint\",\"urlTemplate\":\"https:\\\/\\\/congeladosbajocero.com\\\/?s={search_term_string}\"},\"query-input\":{\"@type\":\"PropertyValueSpecification\",\"valueRequired\":true,\"valueName\":\"search_term_string\"}}],\"inLanguage\":\"ca\"},{\"@type\":\"Organization\",\"@id\":\"https:\\\/\\\/congeladosbajocero.com\\\/#organization\",\"name\":\"Productos Congelados a Domicilio | Pescado, mariscos, verduras, precocinados y mucho m&aacute;s\",\"url\":\"https:\\\/\\\/congeladosbajocero.com\\\/\",\"logo\":{\"@type\":\"ImageObject\",\"inLanguage\":\"ca\",\"@id\":\"https:\\\/\\\/congeladosbajocero.com\\\/#\\\/schema\\\/logo\\\/image\\\/\",\"url\":\"https:\\\/\\\/congeladosbajocero.com\\\/wp-content\\\/uploads\\\/2025\\\/03\\\/logo-bajo-cero-png.webp\",\"contentUrl\":\"https:\\\/\\\/congeladosbajocero.com\\\/wp-content\\\/uploads\\\/2025\\\/03\\\/logo-bajo-cero-png.webp\",\"width\":498,\"height\":193,\"caption\":\"Productos Congelados a Domicilio | Pescado, mariscos, verduras, precocinados y mucho m&aacute;s\"},\"image\":{\"@id\":\"https:\\\/\\\/congeladosbajocero.com\\\/#\\\/schema\\\/logo\\\/image\\\/\"}}]}<\/script>\n<meta property=\"product:price:amount\" content=\"11.99\" \/>\n<meta property=\"product:price:currency\" content=\"EUR\" \/>\n<meta property=\"og:availability\" content=\"instock\" \/>\n<meta property=\"product:availability\" content=\"instock\" \/>\n<meta property=\"product:retailer_item_id\" content=\"3323\" \/>\n<meta property=\"product:condition\" content=\"new\" \/>\n<!-- \/ Yoast SEO plugin. -->","yoast_head_json":{"title":"Filet de Lubina 2 Unitats - Productes Congelats a Domicili | Peix, marisc, verdures, precuinats i molt m\u00e9s","description":"Filets de llobarro congelats s\u00f3n una opci\u00f3 perfecta per als que busquen un peix blanc de qualitat, net i llest per cuinar.","robots":{"index":"index","follow":"follow","max-snippet":"max-snippet:-1","max-image-preview":"max-image-preview:large","max-video-preview":"max-video-preview:-1"},"canonical":"https:\/\/congeladosbajocero.com\/ca\/pescado-congelado\/filete-de-lubina-2-unidades\/","og_locale":"ca_ES","og_type":"article","og_title":"Filete de Lubina 2 Unidades - Productos Congelados a Domicilio | Pescado, mariscos, verduras, precocinados y mucho m&aacute;s","og_description":"Filetes de lubina congelados son una opci\u00f3n perfecta para quienes buscan un pescado blanco de calidad, limpio y listo para cocinar.","og_url":"https:\/\/congeladosbajocero.com\/ca\/pescado-congelado\/filete-de-lubina-2-unidades\/","og_site_name":"Productos Congelados a Domicilio | Pescado, mariscos, verduras, precocinados y mucho m&aacute;s","article_modified_time":"2025-10-26T17:43:44+00:00","og_image":[{"width":600,"height":600,"url":"https:\/\/congeladosbajocero.com\/wp-content\/uploads\/2025\/04\/filete-de-lubina-congelado.webp","type":"image\/jpeg"}],"twitter_card":"summary_large_image","twitter_misc":{"Preu":"11,99&nbsp;&euro;","Disponibilitat":"En estoc"},"schema":{"@context":"https:\/\/schema.org","@graph":[{"@type":"WebPage","@id":"https:\/\/congeladosbajocero.com\/pescado-congelado\/filete-de-lubina-2-unidades\/","url":"https:\/\/congeladosbajocero.com\/pescado-congelado\/filete-de-lubina-2-unidades\/","name":"Filet de Lubina 2 Unitats - Productes Congelats a Domicili | Peix, marisc, verdures, precuinats i molt m\u00e9s","isPartOf":{"@id":"https:\/\/congeladosbajocero.com\/#website"},"primaryImageOfPage":{"@id":"https:\/\/congeladosbajocero.com\/pescado-congelado\/filete-de-lubina-2-unidades\/#primaryimage"},"image":{"@id":"https:\/\/congeladosbajocero.com\/pescado-congelado\/filete-de-lubina-2-unidades\/#primaryimage"},"thumbnailUrl":"https:\/\/congeladosbajocero.com\/wp-content\/uploads\/2025\/04\/filete-de-lubina-congelado.webp","datePublished":"2025-04-11T13:29:59+00:00","dateModified":"2025-10-26T17:43:44+00:00","description":"Filets de llobarro congelats s\u00f3n una opci\u00f3 perfecta per als que busquen un peix blanc de qualitat, net i llest per cuinar.","breadcrumb":{"@id":"https:\/\/congeladosbajocero.com\/pescado-congelado\/filete-de-lubina-2-unidades\/#breadcrumb"},"inLanguage":"ca","potentialAction":[{"@type":"ReadAction","target":["https:\/\/congeladosbajocero.com\/pescado-congelado\/filete-de-lubina-2-unidades\/"]}]},{"@type":"ImageObject","inLanguage":"ca","@id":"https:\/\/congeladosbajocero.com\/pescado-congelado\/filete-de-lubina-2-unidades\/#primaryimage","url":"https:\/\/congeladosbajocero.com\/wp-content\/uploads\/2025\/04\/filete-de-lubina-congelado.webp","contentUrl":"https:\/\/congeladosbajocero.com\/wp-content\/uploads\/2025\/04\/filete-de-lubina-congelado.webp","width":600,"height":600},{"@type":"BreadcrumbList","@id":"https:\/\/congeladosbajocero.com\/pescado-congelado\/filete-de-lubina-2-unidades\/#breadcrumb","itemListElement":[{"@type":"ListItem","position":1,"name":"Portada","item":"https:\/\/congeladosbajocero.com\/"},{"@type":"ListItem","position":2,"name":"Tienda","item":"https:\/\/congeladosbajocero.com\/shop\/"},{"@type":"ListItem","position":3,"name":"Filete de Lubina 2 Unidades"}]},{"@type":"WebSite","@id":"https:\/\/congeladosbajocero.com\/#website","url":"https:\/\/congeladosbajocero.com\/","name":"Productes Congelats a Domicili | Peix, marisc, verdures, precuinats i molt m\u00e9s","description":"Venda online de congelats","publisher":{"@id":"https:\/\/congeladosbajocero.com\/#organization"},"potentialAction":[{"@type":"SearchAction","target":{"@type":"EntryPoint","urlTemplate":"https:\/\/congeladosbajocero.com\/?s={search_term_string}"},"query-input":{"@type":"PropertyValueSpecification","valueRequired":true,"valueName":"search_term_string"}}],"inLanguage":"ca"},{"@type":"Organization","@id":"https:\/\/congeladosbajocero.com\/#organization","name":"Productes Congelats a Domicili | Peix, marisc, verdures, precuinats i molt m\u00e9s","url":"https:\/\/congeladosbajocero.com\/","logo":{"@type":"ImageObject","inLanguage":"ca","@id":"https:\/\/congeladosbajocero.com\/#\/schema\/logo\/image\/","url":"https:\/\/congeladosbajocero.com\/wp-content\/uploads\/2025\/03\/logo-bajo-cero-png.webp","contentUrl":"https:\/\/congeladosbajocero.com\/wp-content\/uploads\/2025\/03\/logo-bajo-cero-png.webp","width":498,"height":193,"caption":"Productos Congelados a Domicilio | Pescado, mariscos, verduras, precocinados y mucho m&aacute;s"},"image":{"@id":"https:\/\/congeladosbajocero.com\/#\/schema\/logo\/image\/"}}]},"product_price_amount":"11.99","product_price_currency":"EUR","og_availability":"instock","product_availability":"instock","product_retailer_item_id":"3323","product_condition":"new"},"_links":{"self":[{"href":"https:\/\/congeladosbajocero.com\/ca\/wp-json\/wp\/v2\/product\/1323","targetHints":{"allow":["GET"]}}],"collection":[{"href":"https:\/\/congeladosbajocero.com\/ca\/wp-json\/wp\/v2\/product"}],"about":[{"href":"https:\/\/congeladosbajocero.com\/ca\/wp-json\/wp\/v2\/types\/product"}],"wp:featuredmedia":[{"embeddable":true,"href":"https:\/\/congeladosbajocero.com\/ca\/wp-json\/wp\/v2\/media\/1325"}],"wp:attachment":[{"href":"https:\/\/congeladosbajocero.com\/ca\/wp-json\/wp\/v2\/media?parent=1323"}],"wp:term":[{"taxonomy":"product_brand","embeddable":true,"href":"https:\/\/congeladosbajocero.com\/ca\/wp-json\/wp\/v2\/product_brand?post=1323"},{"taxonomy":"product_cat","embeddable":true,"href":"https:\/\/congeladosbajocero.com\/ca\/wp-json\/wp\/v2\/product_cat?post=1323"},{"taxonomy":"product_tag","embeddable":true,"href":"https:\/\/congeladosbajocero.com\/ca\/wp-json\/wp\/v2\/product_tag?post=1323"}],"curies":[{"name":"wp","href":"https:\/\/api.w.org\/{rel}","templated":true}]}}