{"id":1099,"date":"2025-04-01T06:57:01","date_gmt":"2025-04-01T06:57:01","guid":{"rendered":"https:\/\/congeladosbajocero.com\/?post_type=product&#038;p=1099"},"modified":"2025-10-26T11:07:58","modified_gmt":"2025-10-26T11:07:58","slug":"canelones-de-carne-sin-bechamel-16u","status":"publish","type":"product","link":"https:\/\/congeladosbajocero.com\/ca\/carne-congelada\/canelones-de-carne-sin-bechamel-16u\/","title":{"rendered":"Canelons de carn sense beixamel 16u."},"content":{"rendered":"<p><strong>Pasta aliment\u00e0ria:<\/strong>\u00a0Farina i s\u00e8mola de blat, aigua.<br \/>\n<strong>Farciment (60%):<\/strong>\u00a0carn de porc (19%), carn d&#039;au (17%), aigua, ceba, mantega de porc, porc* (6%), pollastre* (5%), prote\u00efna de\u00a0<strong>soja<\/strong>,\u00a0<strong>llet<\/strong>\u00a0en pols reconstitu\u00efda, fetge de porc, cansalada (2,3%), sal, s\u00e8rum de\u00a0<strong>llet<\/strong>, margarina, farina de\u00a0<strong>blat<\/strong>, mid\u00f3 modificat, aroma, potenciador del sabor (E621), brou de carn concentrat i esp\u00e8cies (cont\u00e9\u00a0<strong>api<\/strong>).<\/p>\n<p>&nbsp;<\/p>\n<h4 data-start=\"812\" data-end=\"842\">Preparaci\u00f3 recomanada<\/h4>\n<ol data-start=\"844\" data-end=\"1117\">\n<li class=\"\" data-start=\"844\" data-end=\"921\">\n<p class=\"\" data-start=\"847\" data-end=\"921\"><strong data-start=\"847\" data-end=\"866\">Sense descongelar<\/strong>, col\u00b7loca els canelons en una safata apta per a forn.<\/p>\n<\/li>\n<li class=\"\" data-start=\"922\" data-end=\"987\">\n<p class=\"\" data-start=\"925\" data-end=\"987\">Afegeix el teu beixamel, salsa de tom\u00e0quet o crema vegetal preferida.<\/p>\n<\/li>\n<li class=\"\" data-start=\"988\" data-end=\"1030\">\n<p class=\"\" data-start=\"991\" data-end=\"1030\">Cobreix amb formatge ratllat si ho desitges.<\/p>\n<\/li>\n<li class=\"\" data-start=\"1031\" data-end=\"1117\">\n<p class=\"\" data-start=\"1034\" data-end=\"1117\">Forneja a 180 \u00b0C durant 35-40 minuts, fins que estiguin ben calents i gratinats.<\/p>\n<\/li>\n<\/ol>\n<p>&nbsp;<\/p>\n<p>En no portar beixamel incorporada, aquests canelons t&#039;ofereixen m\u00e9s llibertat per adaptar-los als teus gustos, intoler\u00e0ncies o receptes creatives. S\u00f3n perfectes per a dietes sense lactosa o per substituir la salsa per una versi\u00f3 vegetal.<\/p>\n<h5 class=\"elementor-heading-title elementor-size-default\"><a href=\"https:\/\/congeladosbajocero.com\/ca\/como-hacer-bechamel\/\">Com fer una beixamel casolana per als teus canelons congelats?<\/a><\/h5>","protected":false},"excerpt":{"rendered":"<p class=\"\" data-start=\"205\" data-end=\"496\">Aut\u00e8ntic sabor casol\u00e0 a cada mos. Els nostres <strong data-start=\"253\" data-end=\"288\">canelons de carn sense beixamel<\/strong> s\u00f3n ideals per als que volen afegir el seu toc personal a casa. Estan farcits d&#039;una barreja saborosa de carn picada amb sofregit tradicional, embolicats en una pasta fina i precuinada, llestos per coure.<\/p>\n<p class=\"\" data-start=\"498\" data-end=\"579\">Una base perfecta per completar amb la teva pr\u00f2pia beixamel, salsa de tom\u00e0quet o formatge.<\/p>","protected":false},"featured_media":1100,"template":"","meta":[],"product_brand":[],"product_cat":[31,32],"product_tag":[],"class_list":{"0":"post-1099","1":"product","2":"type-product","3":"status-publish","4":"has-post-thumbnail","6":"product_cat-carne-congelada","7":"product_cat-platos-preparados-congelados","9":"first","10":"instock","11":"shipping-taxable","12":"purchasable","13":"product-type-simple"},"yoast_head":"<!-- This site is optimized with the Yoast SEO plugin v27.3 - https:\/\/yoast.com\/product\/yoast-seo-wordpress\/ -->\n<title>Canelones de carne sin bechamel 16u. - Productos Congelados a Domicilio | Pescado, mariscos, verduras, precocinados y mucho m&aacute;s<\/title>\n<meta name=\"robots\" content=\"index, follow, max-snippet:-1, max-image-preview:large, max-video-preview:-1\" \/>\n<link rel=\"canonical\" href=\"https:\/\/congeladosbajocero.com\/ca\/carne-congelada\/canelones-de-carne-sin-bechamel-16u\/\" \/>\n<meta property=\"og:locale\" content=\"ca_ES\" \/>\n<meta property=\"og:type\" content=\"article\" \/>\n<meta property=\"og:title\" content=\"Canelones de carne sin bechamel 16u. - Productos Congelados a Domicilio | Pescado, mariscos, verduras, precocinados y mucho m&aacute;s\" \/>\n<meta property=\"og:description\" content=\"Aut\u00e9ntico sabor casero en cada bocado. Nuestros canelones de carne sin bechamel son ideales para quienes desean a\u00f1adir su toque personal en casa. Est\u00e1n rellenos de una mezcla sabrosa de carne picada con sofrito tradicional, envueltos en una pasta fina y precocinada, listos para hornear. Una base perfecta para completar con tu propia bechamel, salsa de tomate o queso.\" \/>\n<meta property=\"og:url\" content=\"https:\/\/congeladosbajocero.com\/ca\/carne-congelada\/canelones-de-carne-sin-bechamel-16u\/\" \/>\n<meta property=\"og:site_name\" content=\"Productos Congelados a Domicilio | Pescado, mariscos, verduras, precocinados y mucho m&aacute;s\" \/>\n<meta property=\"article:modified_time\" content=\"2025-10-26T11:07:58+00:00\" \/>\n<meta property=\"og:image\" content=\"https:\/\/congeladosbajocero.com\/wp-content\/uploads\/2025\/04\/canelones-carne-sin-bechamel.webp\" \/>\n\t<meta property=\"og:image:width\" content=\"600\" \/>\n\t<meta property=\"og:image:height\" content=\"600\" \/>\n\t<meta property=\"og:image:type\" content=\"image\/jpeg\" \/>\n<meta name=\"twitter:card\" content=\"summary_large_image\" \/>\n<meta name=\"twitter:label1\" content=\"Preu\" \/>\n\t<meta name=\"twitter:data1\" content=\"14,99&nbsp;&euro;\" \/>\n\t<meta name=\"twitter:label2\" content=\"Disponibilitat\" \/>\n\t<meta name=\"twitter:data2\" content=\"En estoc\" \/>\n<script type=\"application\/ld+json\" class=\"yoast-schema-graph\">{\"@context\":\"https:\\\/\\\/schema.org\",\"@graph\":[{\"@type\":\"WebPage\",\"@id\":\"https:\\\/\\\/congeladosbajocero.com\\\/carne-congelada\\\/canelones-de-carne-sin-bechamel-16u\\\/\",\"url\":\"https:\\\/\\\/congeladosbajocero.com\\\/carne-congelada\\\/canelones-de-carne-sin-bechamel-16u\\\/\",\"name\":\"Canelones de carne sin bechamel 16u. - Productos Congelados a Domicilio | Pescado, mariscos, verduras, precocinados y mucho m&aacute;s\",\"isPartOf\":{\"@id\":\"https:\\\/\\\/congeladosbajocero.com\\\/#website\"},\"primaryImageOfPage\":{\"@id\":\"https:\\\/\\\/congeladosbajocero.com\\\/carne-congelada\\\/canelones-de-carne-sin-bechamel-16u\\\/#primaryimage\"},\"image\":{\"@id\":\"https:\\\/\\\/congeladosbajocero.com\\\/carne-congelada\\\/canelones-de-carne-sin-bechamel-16u\\\/#primaryimage\"},\"thumbnailUrl\":\"https:\\\/\\\/congeladosbajocero.com\\\/wp-content\\\/uploads\\\/2025\\\/04\\\/canelones-carne-sin-bechamel.webp\",\"datePublished\":\"2025-04-01T06:57:01+00:00\",\"dateModified\":\"2025-10-26T11:07:58+00:00\",\"breadcrumb\":{\"@id\":\"https:\\\/\\\/congeladosbajocero.com\\\/carne-congelada\\\/canelones-de-carne-sin-bechamel-16u\\\/#breadcrumb\"},\"inLanguage\":\"ca\",\"potentialAction\":[{\"@type\":\"ReadAction\",\"target\":[\"https:\\\/\\\/congeladosbajocero.com\\\/carne-congelada\\\/canelones-de-carne-sin-bechamel-16u\\\/\"]}]},{\"@type\":\"ImageObject\",\"inLanguage\":\"ca\",\"@id\":\"https:\\\/\\\/congeladosbajocero.com\\\/carne-congelada\\\/canelones-de-carne-sin-bechamel-16u\\\/#primaryimage\",\"url\":\"https:\\\/\\\/congeladosbajocero.com\\\/wp-content\\\/uploads\\\/2025\\\/04\\\/canelones-carne-sin-bechamel.webp\",\"contentUrl\":\"https:\\\/\\\/congeladosbajocero.com\\\/wp-content\\\/uploads\\\/2025\\\/04\\\/canelones-carne-sin-bechamel.webp\",\"width\":600,\"height\":600,\"caption\":\"canelones-carne-sin-bechamel\"},{\"@type\":\"BreadcrumbList\",\"@id\":\"https:\\\/\\\/congeladosbajocero.com\\\/carne-congelada\\\/canelones-de-carne-sin-bechamel-16u\\\/#breadcrumb\",\"itemListElement\":[{\"@type\":\"ListItem\",\"position\":1,\"name\":\"Portada\",\"item\":\"https:\\\/\\\/congeladosbajocero.com\\\/\"},{\"@type\":\"ListItem\",\"position\":2,\"name\":\"Tienda\",\"item\":\"https:\\\/\\\/congeladosbajocero.com\\\/shop\\\/\"},{\"@type\":\"ListItem\",\"position\":3,\"name\":\"Canelones de carne sin bechamel 16u.\"}]},{\"@type\":\"WebSite\",\"@id\":\"https:\\\/\\\/congeladosbajocero.com\\\/#website\",\"url\":\"https:\\\/\\\/congeladosbajocero.com\\\/\",\"name\":\"Productos Congelados a Domicilio | Pescado, mariscos, verduras, precocinados y mucho m&aacute;s\",\"description\":\"Venta online de congelados\",\"publisher\":{\"@id\":\"https:\\\/\\\/congeladosbajocero.com\\\/#organization\"},\"potentialAction\":[{\"@type\":\"SearchAction\",\"target\":{\"@type\":\"EntryPoint\",\"urlTemplate\":\"https:\\\/\\\/congeladosbajocero.com\\\/?s={search_term_string}\"},\"query-input\":{\"@type\":\"PropertyValueSpecification\",\"valueRequired\":true,\"valueName\":\"search_term_string\"}}],\"inLanguage\":\"ca\"},{\"@type\":\"Organization\",\"@id\":\"https:\\\/\\\/congeladosbajocero.com\\\/#organization\",\"name\":\"Productos Congelados a Domicilio | Pescado, mariscos, verduras, precocinados y mucho m&aacute;s\",\"url\":\"https:\\\/\\\/congeladosbajocero.com\\\/\",\"logo\":{\"@type\":\"ImageObject\",\"inLanguage\":\"ca\",\"@id\":\"https:\\\/\\\/congeladosbajocero.com\\\/#\\\/schema\\\/logo\\\/image\\\/\",\"url\":\"https:\\\/\\\/congeladosbajocero.com\\\/wp-content\\\/uploads\\\/2025\\\/03\\\/logo-bajo-cero-png.webp\",\"contentUrl\":\"https:\\\/\\\/congeladosbajocero.com\\\/wp-content\\\/uploads\\\/2025\\\/03\\\/logo-bajo-cero-png.webp\",\"width\":498,\"height\":193,\"caption\":\"Productos Congelados a Domicilio | Pescado, mariscos, verduras, precocinados y mucho m&aacute;s\"},\"image\":{\"@id\":\"https:\\\/\\\/congeladosbajocero.com\\\/#\\\/schema\\\/logo\\\/image\\\/\"}}]}<\/script>\n<meta property=\"product:price:amount\" content=\"14.99\" \/>\n<meta property=\"product:price:currency\" content=\"EUR\" \/>\n<meta property=\"og:availability\" content=\"instock\" \/>\n<meta property=\"product:availability\" content=\"instock\" \/>\n<meta property=\"product:retailer_item_id\" content=\"9509\" \/>\n<meta property=\"product:condition\" content=\"new\" \/>\n<!-- \/ Yoast SEO plugin. -->","yoast_head_json":{"title":"Canelons de carn sense beixamel 16u. - Productes Congelats a Domicili | Peix, marisc, verdures, precuinats i molt m\u00e9s","robots":{"index":"index","follow":"follow","max-snippet":"max-snippet:-1","max-image-preview":"max-image-preview:large","max-video-preview":"max-video-preview:-1"},"canonical":"https:\/\/congeladosbajocero.com\/ca\/carne-congelada\/canelones-de-carne-sin-bechamel-16u\/","og_locale":"ca_ES","og_type":"article","og_title":"Canelones de carne sin bechamel 16u. - Productos Congelados a Domicilio | Pescado, mariscos, verduras, precocinados y mucho m&aacute;s","og_description":"Aut\u00e9ntico sabor casero en cada bocado. Nuestros canelones de carne sin bechamel son ideales para quienes desean a\u00f1adir su toque personal en casa. Est\u00e1n rellenos de una mezcla sabrosa de carne picada con sofrito tradicional, envueltos en una pasta fina y precocinada, listos para hornear. Una base perfecta para completar con tu propia bechamel, salsa de tomate o queso.","og_url":"https:\/\/congeladosbajocero.com\/ca\/carne-congelada\/canelones-de-carne-sin-bechamel-16u\/","og_site_name":"Productos Congelados a Domicilio | Pescado, mariscos, verduras, precocinados y mucho m&aacute;s","article_modified_time":"2025-10-26T11:07:58+00:00","og_image":[{"width":600,"height":600,"url":"https:\/\/congeladosbajocero.com\/wp-content\/uploads\/2025\/04\/canelones-carne-sin-bechamel.webp","type":"image\/jpeg"}],"twitter_card":"summary_large_image","twitter_misc":{"Preu":"14,99&nbsp;&euro;","Disponibilitat":"En estoc"},"schema":{"@context":"https:\/\/schema.org","@graph":[{"@type":"WebPage","@id":"https:\/\/congeladosbajocero.com\/carne-congelada\/canelones-de-carne-sin-bechamel-16u\/","url":"https:\/\/congeladosbajocero.com\/carne-congelada\/canelones-de-carne-sin-bechamel-16u\/","name":"Canelons de carn sense beixamel 16u. - Productes Congelats a Domicili | Peix, marisc, verdures, precuinats i molt m\u00e9s","isPartOf":{"@id":"https:\/\/congeladosbajocero.com\/#website"},"primaryImageOfPage":{"@id":"https:\/\/congeladosbajocero.com\/carne-congelada\/canelones-de-carne-sin-bechamel-16u\/#primaryimage"},"image":{"@id":"https:\/\/congeladosbajocero.com\/carne-congelada\/canelones-de-carne-sin-bechamel-16u\/#primaryimage"},"thumbnailUrl":"https:\/\/congeladosbajocero.com\/wp-content\/uploads\/2025\/04\/canelones-carne-sin-bechamel.webp","datePublished":"2025-04-01T06:57:01+00:00","dateModified":"2025-10-26T11:07:58+00:00","breadcrumb":{"@id":"https:\/\/congeladosbajocero.com\/carne-congelada\/canelones-de-carne-sin-bechamel-16u\/#breadcrumb"},"inLanguage":"ca","potentialAction":[{"@type":"ReadAction","target":["https:\/\/congeladosbajocero.com\/carne-congelada\/canelones-de-carne-sin-bechamel-16u\/"]}]},{"@type":"ImageObject","inLanguage":"ca","@id":"https:\/\/congeladosbajocero.com\/carne-congelada\/canelones-de-carne-sin-bechamel-16u\/#primaryimage","url":"https:\/\/congeladosbajocero.com\/wp-content\/uploads\/2025\/04\/canelones-carne-sin-bechamel.webp","contentUrl":"https:\/\/congeladosbajocero.com\/wp-content\/uploads\/2025\/04\/canelones-carne-sin-bechamel.webp","width":600,"height":600,"caption":"canelones-carne-sin-bechamel"},{"@type":"BreadcrumbList","@id":"https:\/\/congeladosbajocero.com\/carne-congelada\/canelones-de-carne-sin-bechamel-16u\/#breadcrumb","itemListElement":[{"@type":"ListItem","position":1,"name":"Portada","item":"https:\/\/congeladosbajocero.com\/"},{"@type":"ListItem","position":2,"name":"Tienda","item":"https:\/\/congeladosbajocero.com\/shop\/"},{"@type":"ListItem","position":3,"name":"Canelones de carne sin bechamel 16u."}]},{"@type":"WebSite","@id":"https:\/\/congeladosbajocero.com\/#website","url":"https:\/\/congeladosbajocero.com\/","name":"Productes Congelats a Domicili | Peix, marisc, verdures, precuinats i molt m\u00e9s","description":"Venda online de congelats","publisher":{"@id":"https:\/\/congeladosbajocero.com\/#organization"},"potentialAction":[{"@type":"SearchAction","target":{"@type":"EntryPoint","urlTemplate":"https:\/\/congeladosbajocero.com\/?s={search_term_string}"},"query-input":{"@type":"PropertyValueSpecification","valueRequired":true,"valueName":"search_term_string"}}],"inLanguage":"ca"},{"@type":"Organization","@id":"https:\/\/congeladosbajocero.com\/#organization","name":"Productes Congelats a Domicili | Peix, marisc, verdures, precuinats i molt m\u00e9s","url":"https:\/\/congeladosbajocero.com\/","logo":{"@type":"ImageObject","inLanguage":"ca","@id":"https:\/\/congeladosbajocero.com\/#\/schema\/logo\/image\/","url":"https:\/\/congeladosbajocero.com\/wp-content\/uploads\/2025\/03\/logo-bajo-cero-png.webp","contentUrl":"https:\/\/congeladosbajocero.com\/wp-content\/uploads\/2025\/03\/logo-bajo-cero-png.webp","width":498,"height":193,"caption":"Productos Congelados a Domicilio | Pescado, mariscos, verduras, precocinados y mucho m&aacute;s"},"image":{"@id":"https:\/\/congeladosbajocero.com\/#\/schema\/logo\/image\/"}}]},"product_price_amount":"14.99","product_price_currency":"EUR","og_availability":"instock","product_availability":"instock","product_retailer_item_id":"9509","product_condition":"new"},"_links":{"self":[{"href":"https:\/\/congeladosbajocero.com\/ca\/wp-json\/wp\/v2\/product\/1099","targetHints":{"allow":["GET"]}}],"collection":[{"href":"https:\/\/congeladosbajocero.com\/ca\/wp-json\/wp\/v2\/product"}],"about":[{"href":"https:\/\/congeladosbajocero.com\/ca\/wp-json\/wp\/v2\/types\/product"}],"wp:featuredmedia":[{"embeddable":true,"href":"https:\/\/congeladosbajocero.com\/ca\/wp-json\/wp\/v2\/media\/1100"}],"wp:attachment":[{"href":"https:\/\/congeladosbajocero.com\/ca\/wp-json\/wp\/v2\/media?parent=1099"}],"wp:term":[{"taxonomy":"product_brand","embeddable":true,"href":"https:\/\/congeladosbajocero.com\/ca\/wp-json\/wp\/v2\/product_brand?post=1099"},{"taxonomy":"product_cat","embeddable":true,"href":"https:\/\/congeladosbajocero.com\/ca\/wp-json\/wp\/v2\/product_cat?post=1099"},{"taxonomy":"product_tag","embeddable":true,"href":"https:\/\/congeladosbajocero.com\/ca\/wp-json\/wp\/v2\/product_tag?post=1099"}],"curies":[{"name":"wp","href":"https:\/\/api.w.org\/{rel}","templated":true}]}}