{"id":557,"date":"2025-03-20T12:10:01","date_gmt":"2025-03-20T12:10:01","guid":{"rendered":"http:\/\/congeladosbajocerocom.local\/?page_id=557"},"modified":"2025-10-26T18:43:00","modified_gmt":"2025-10-26T18:43:00","slug":"como-funciona","status":"publish","type":"page","link":"https:\/\/congeladosbajocero.com\/ca\/como-funciona\/","title":{"rendered":"Com funciona"},"content":{"rendered":"\t\t<div data-elementor-type=\"wp-page\" data-elementor-id=\"557\" class=\"elementor elementor-557\" data-elementor-post-type=\"page\">\n\t\t\t\t\t\t<section class=\"elementor-section elementor-top-section elementor-element elementor-element-a41b404 elementor-section-boxed elementor-section-height-default elementor-section-height-default\" data-id=\"a41b404\" data-element_type=\"section\" data-e-type=\"section\" data-settings=\"{&quot;background_background&quot;:&quot;slideshow&quot;,&quot;background_slideshow_gallery&quot;:[{&quot;id&quot;:1348,&quot;url&quot;:&quot;https:\\\/\\\/congeladosbajocero.com\\\/wp-content\\\/uploads\\\/2025\\\/04\\\/congleados.webp&quot;}],&quot;background_slideshow_loop&quot;:&quot;yes&quot;,&quot;background_slideshow_slide_duration&quot;:5000,&quot;background_slideshow_slide_transition&quot;:&quot;fade&quot;,&quot;background_slideshow_transition_duration&quot;:500,&quot;mdp_selection_sticky_effect_enable&quot;:false}\">\n\t\t\t\t\t\t\t<div class=\"elementor-background-overlay\"><\/div>\n\t\t\t\t\t\t\t<div class=\"elementor-container elementor-column-gap-default\">\n\t\t\t\t\t<div class=\"elementor-column elementor-col-100 elementor-top-column elementor-element elementor-element-a88714d\" data-id=\"a88714d\" data-element_type=\"column\" data-e-type=\"column\" data-settings=\"{&quot;mdp_selection_sticky_column_effect_enable&quot;:false}\">\n\t\t\t<div class=\"elementor-widget-wrap elementor-element-populated\">\n\t\t\t\t\t\t<div class=\"elementor-element elementor-element-257e6eb elementor-widget elementor-widget-heading\" data-id=\"257e6eb\" data-element_type=\"widget\" data-e-type=\"widget\" data-widget_type=\"heading.default\">\n\t\t\t\t<div class=\"elementor-widget-container\">\n\t\t\t\t\t<h2 class=\"elementor-heading-title elementor-size-default\">\u00bfC\u00f3mo funciona?<\/h2>\t\t\t\t<\/div>\n\t\t\t\t<\/div>\n\t\t\t\t\t<\/div>\n\t\t<\/div>\n\t\t\t\t\t<\/div>\n\t\t<\/section>\n\t\t<div class=\"elementor-element elementor-element-72185b5 e-flex e-con-boxed e-con e-parent\" data-id=\"72185b5\" data-element_type=\"container\" data-e-type=\"container\">\n\t\t\t\t\t<div class=\"e-con-inner\">\n\t\t\t\t<div class=\"elementor-element elementor-element-012a39a elementor-widget elementor-widget-text-editor\" data-id=\"012a39a\" data-element_type=\"widget\" data-e-type=\"widget\" data-widget_type=\"text-editor.default\">\n\t\t\t\t<div class=\"elementor-widget-container\">\n\t\t\t\t\t\t\t\t\t<p class=\"\" data-start=\"65\" data-end=\"190\"><span style=\"color: #ff0000;\"><strong data-start=\"65\" data-end=\"86\">Aviso importante:<\/strong><\/span><br data-start=\"86\" data-end=\"89\"><span style=\"color: #ff0000;\"><em>Actualmente nos encontramos en fase de pruebas y solo realizamos entregas en&nbsp;<strong data-start=\"166\" data-end=\"187\">Mollet del Vall\u00e8s<\/strong>.<\/em><\/span><\/p>\n<p class=\"\" data-start=\"192\" data-end=\"319\"><span style=\"color: #ff0000;\">SI NECESITA HACER UN PEDIDO FUERA DE MOLLET PONGASE EN CONTACTO CON <\/span><br><span style=\"color: #ff0000;\">JESUS AL 615 193 909<\/span><\/p>\n<p class=\"\" data-start=\"321\" data-end=\"353\"><span style=\"color: #ff0000;\"><em>\u00a1Gracias por vuestra comprensi\u00f3<\/em><\/span><\/p>\t\t\t\t\t\t\t\t<\/div>\n\t\t\t\t<\/div>\n\t\t\t\t\t<\/div>\n\t\t\t\t<\/div>\n\t\t<div class=\"elementor-element elementor-element-e8d5cad e-flex e-con-boxed e-con e-parent\" data-id=\"e8d5cad\" data-element_type=\"container\" data-e-type=\"container\">\n\t\t\t\t\t<div class=\"e-con-inner\">\n\t\t<div class=\"elementor-element elementor-element-85da0c2 e-con-full e-flex e-con e-child\" data-id=\"85da0c2\" data-element_type=\"container\" data-e-type=\"container\">\n\t\t\t\t<div class=\"elementor-element elementor-element-715bffd elementor-widget elementor-widget-heading\" data-id=\"715bffd\" data-element_type=\"widget\" data-e-type=\"widget\" data-widget_type=\"heading.default\">\n\t\t\t\t<div class=\"elementor-widget-container\">\n\t\t\t\t\t<h2 class=\"elementor-heading-title elementor-size-default\">D\u00edas de reparto y condiciones<\/h2>\t\t\t\t<\/div>\n\t\t\t\t<\/div>\n\t\t\t\t<div class=\"elementor-element elementor-element-edd1b53 elementor-widget elementor-widget-text-editor\" data-id=\"edd1b53\" data-element_type=\"widget\" data-e-type=\"widget\" data-widget_type=\"text-editor.default\">\n\t\t\t\t<div class=\"elementor-widget-container\">\n\t\t\t\t\t\t\t\t\t<ul><li class=\"\" data-start=\"128\" data-end=\"256\"><p class=\"\" data-start=\"130\" data-end=\"256\"><strong data-start=\"130\" data-end=\"170\">Pedidos realizados de lunes a jueves<\/strong>: se entregar\u00e1n <strong data-start=\"186\" data-end=\"206\">al d\u00eda siguiente<\/strong> o el <strong data-start=\"212\" data-end=\"237\">d\u00eda que nos comunique<\/strong> que le vaya mejor.<\/p><\/li><li class=\"\" data-start=\"257\" data-end=\"350\"><p class=\"\" data-start=\"259\" data-end=\"350\"><strong data-start=\"259\" data-end=\"313\">Pedidos realizados el viernes antes de las 14:00 h<\/strong>: se entregar\u00e1n <strong data-start=\"329\" data-end=\"349\">el mismo viernes<\/strong>.<\/p><\/li><li class=\"\" data-start=\"351\" data-end=\"466\"><p class=\"\" data-start=\"353\" data-end=\"466\"><strong data-start=\"353\" data-end=\"437\">Pedidos realizados desde el viernes a las 14:01 h hasta el domingo a las 24:00 h<\/strong>: se entregar\u00e1n <strong data-start=\"453\" data-end=\"465\">el lunes<\/strong>.<\/p><\/li><li class=\"\" data-start=\"467\" data-end=\"531\"><p class=\"\" data-start=\"469\" data-end=\"531\"><strong data-start=\"469\" data-end=\"501\">S\u00e1bados, domingos y festivos<\/strong>: <strong data-start=\"503\" data-end=\"530\">no se realizan entregas<\/strong>.<\/p><\/li><\/ul><p class=\"\" data-start=\"185\" data-end=\"419\"><span style=\"color: #ff0000;\"><strong data-start=\"188\" data-end=\"207\">Muy importante:<\/strong><\/span><br data-start=\"207\" data-end=\"210\" \/><span style=\"color: #ff0000;\">Si <strong data-start=\"213\" data-end=\"258\">no vas a estar en casa el d\u00eda del reparto<\/strong>, por favor <strong data-start=\"270\" data-end=\"318\">av\u00edsanos con al menos 24 horas de antelaci\u00f3n<\/strong><\/span>.<\/p><p class=\"\" data-start=\"185\" data-end=\"419\">Esto es esencial para poder reorganizar la entrega y <strong data-start=\"375\" data-end=\"418\" data-is-only-node=\"\">mantener la cadena de fr\u00edo del producto<\/strong>.<\/p><p class=\"\" data-start=\"421\" data-end=\"640\">\u2757En caso de no estar presente y no haber avisado, <strong data-start=\"471\" data-end=\"527\">el pedido se dar\u00e1 por perdido y no se podr\u00e1 reclamar<\/strong>.<\/p><p class=\"\" data-start=\"421\" data-end=\"640\">Al tratarse de productos refrigerados o congelados, no podemos garantizar su estado tras una entrega fallida.<\/p>\t\t\t\t\t\t\t\t<\/div>\n\t\t\t\t<\/div>\n\t\t\t\t<\/div>\n\t\t<div class=\"elementor-element elementor-element-0b6d46c e-con-full e-flex e-con e-child\" data-id=\"0b6d46c\" data-element_type=\"container\" data-e-type=\"container\">\n\t\t\t\t<div class=\"elementor-element elementor-element-a3da7dc elementor-widget elementor-widget-heading\" data-id=\"a3da7dc\" data-element_type=\"widget\" data-e-type=\"widget\" data-widget_type=\"heading.default\">\n\t\t\t\t<div class=\"elementor-widget-container\">\n\t\t\t\t\t<h2 class=\"elementor-heading-title elementor-size-default\">Recogida en la parada del mercado<\/h2>\t\t\t\t<\/div>\n\t\t\t\t<\/div>\n\t\t\t\t<div class=\"elementor-element elementor-element-ec889f6 elementor-widget elementor-widget-text-editor\" data-id=\"ec889f6\" data-element_type=\"widget\" data-e-type=\"widget\" data-widget_type=\"text-editor.default\">\n\t\t\t\t<div class=\"elementor-widget-container\">\n\t\t\t\t\t\t\t\t\t<p class=\"\" data-start=\"635\" data-end=\"786\">Si seleccionas la opci\u00f3n de <strong data-start=\"663\" data-end=\"687\">recoger en la parada<\/strong>,<br data-start=\"688\" data-end=\"691\" \/><strong data-start=\"691\" data-end=\"733\">no es necesario avisar con antelaci\u00f3n.<\/strong><\/p><p class=\"\" data-start=\"635\" data-end=\"786\">Puedes venir directamente durante nuestro horario:<\/p><ul data-start=\"788\" data-end=\"954\"><li class=\"\" data-start=\"788\" data-end=\"827\"><p class=\"\" data-start=\"790\" data-end=\"827\"><strong data-start=\"790\" data-end=\"812\">Lunes a mi\u00e9rcoles:<\/strong> 8:00 \u2013 14:00<\/p><\/li><li class=\"\" data-start=\"828\" data-end=\"872\"><p class=\"\" data-start=\"830\" data-end=\"872\"><strong data-start=\"830\" data-end=\"841\">Jueves:<\/strong> 8:00 \u2013 14:00 y 17:00 \u2013 20:00<\/p><\/li><li class=\"\" data-start=\"873\" data-end=\"902\"><p class=\"\" data-start=\"875\" data-end=\"902\"><strong data-start=\"875\" data-end=\"887\">Viernes:<\/strong> 8:00 \u2013 20:30<\/p><\/li><li class=\"\" data-start=\"903\" data-end=\"931\"><p class=\"\" data-start=\"905\" data-end=\"931\"><strong data-start=\"905\" data-end=\"916\">S\u00e1bado:<\/strong> 8:00 \u2013 14:30<\/p><\/li><li class=\"\" data-start=\"932\" data-end=\"954\"><p class=\"\" data-start=\"934\" data-end=\"954\"><strong data-start=\"934\" data-end=\"946\">Domingo y festivos:<\/strong> Cerrado<\/p><\/li><\/ul>\t\t\t\t\t\t\t\t<\/div>\n\t\t\t\t<\/div>\n\t\t\t\t<\/div>\n\t\t\t\t\t<\/div>\n\t\t\t\t<\/div>\n\t\t\t\t<\/div>\n\t\t","protected":false},"excerpt":{"rendered":"<p>\u00bfC\u00f3mo funciona? Aviso importante:Actualmente nos encontramos en fase de pruebas y solo realizamos entregas en&nbsp;Mollet del Vall\u00e8s. SI NECESITA HACER UN PEDIDO FUERA DE MOLLET PONGASE EN CONTACTO CON JESUS AL 615 193 909 \u00a1Gracias por vuestra comprensi\u00f3 D\u00edas de reparto y condiciones Pedidos realizados de lunes a jueves: se entregar\u00e1n al d\u00eda siguiente o [&hellip;]<\/p>\n","protected":false},"author":3,"featured_media":0,"parent":0,"menu_order":0,"comment_status":"closed","ping_status":"closed","template":"","meta":{"footnotes":""},"class_list":["post-557","page","type-page","status-publish","hentry"],"yoast_head":"<!-- This site is optimized with the Yoast SEO plugin v27.3 - https:\/\/yoast.com\/product\/yoast-seo-wordpress\/ -->\n<title>C\u00f3mo funciona - Productos Congelados a Domicilio | Pescado, mariscos, verduras, precocinados y mucho m&aacute;s<\/title>\n<meta name=\"robots\" content=\"index, follow, max-snippet:-1, max-image-preview:large, max-video-preview:-1\" \/>\n<link rel=\"canonical\" href=\"https:\/\/congeladosbajocero.com\/ca\/como-funciona\/\" \/>\n<meta property=\"og:locale\" content=\"ca_ES\" \/>\n<meta property=\"og:type\" content=\"article\" \/>\n<meta property=\"og:title\" content=\"C\u00f3mo funciona - Productos Congelados a Domicilio | Pescado, mariscos, verduras, precocinados y mucho m&aacute;s\" \/>\n<meta property=\"og:description\" content=\"\u00bfC\u00f3mo funciona? Aviso importante:Actualmente nos encontramos en fase de pruebas y solo realizamos entregas en&nbsp;Mollet del Vall\u00e8s. SI NECESITA HACER UN PEDIDO FUERA DE MOLLET PONGASE EN CONTACTO CON JESUS AL 615 193 909 \u00a1Gracias por vuestra comprensi\u00f3 D\u00edas de reparto y condiciones Pedidos realizados de lunes a jueves: se entregar\u00e1n al d\u00eda siguiente o [&hellip;]\" \/>\n<meta property=\"og:url\" content=\"https:\/\/congeladosbajocero.com\/ca\/como-funciona\/\" \/>\n<meta property=\"og:site_name\" content=\"Productos Congelados a Domicilio | Pescado, mariscos, verduras, precocinados y mucho m&aacute;s\" \/>\n<meta property=\"article:modified_time\" content=\"2025-10-26T18:43:00+00:00\" \/>\n<meta name=\"twitter:card\" content=\"summary_large_image\" \/>\n<meta name=\"twitter:label1\" content=\"Temps estimat de lectura\" \/>\n\t<meta name=\"twitter:data1\" content=\"2 minuts\" \/>\n<script type=\"application\/ld+json\" class=\"yoast-schema-graph\">{\"@context\":\"https:\\\/\\\/schema.org\",\"@graph\":[{\"@type\":\"WebPage\",\"@id\":\"https:\\\/\\\/congeladosbajocero.com\\\/como-funciona\\\/\",\"url\":\"https:\\\/\\\/congeladosbajocero.com\\\/como-funciona\\\/\",\"name\":\"C\u00f3mo funciona - Productos Congelados a Domicilio | Pescado, mariscos, verduras, precocinados y mucho m&aacute;s\",\"isPartOf\":{\"@id\":\"https:\\\/\\\/congeladosbajocero.com\\\/#website\"},\"datePublished\":\"2025-03-20T12:10:01+00:00\",\"dateModified\":\"2025-10-26T18:43:00+00:00\",\"breadcrumb\":{\"@id\":\"https:\\\/\\\/congeladosbajocero.com\\\/como-funciona\\\/#breadcrumb\"},\"inLanguage\":\"ca\",\"potentialAction\":[{\"@type\":\"ReadAction\",\"target\":[\"https:\\\/\\\/congeladosbajocero.com\\\/como-funciona\\\/\"]}]},{\"@type\":\"BreadcrumbList\",\"@id\":\"https:\\\/\\\/congeladosbajocero.com\\\/como-funciona\\\/#breadcrumb\",\"itemListElement\":[{\"@type\":\"ListItem\",\"position\":1,\"name\":\"Portada\",\"item\":\"https:\\\/\\\/congeladosbajocero.com\\\/\"},{\"@type\":\"ListItem\",\"position\":2,\"name\":\"C\u00f3mo funciona\"}]},{\"@type\":\"WebSite\",\"@id\":\"https:\\\/\\\/congeladosbajocero.com\\\/#website\",\"url\":\"https:\\\/\\\/congeladosbajocero.com\\\/\",\"name\":\"Productos Congelados a Domicilio | Pescado, mariscos, verduras, precocinados y mucho m&aacute;s\",\"description\":\"Venta online de congelados\",\"publisher\":{\"@id\":\"https:\\\/\\\/congeladosbajocero.com\\\/#organization\"},\"potentialAction\":[{\"@type\":\"SearchAction\",\"target\":{\"@type\":\"EntryPoint\",\"urlTemplate\":\"https:\\\/\\\/congeladosbajocero.com\\\/?s={search_term_string}\"},\"query-input\":{\"@type\":\"PropertyValueSpecification\",\"valueRequired\":true,\"valueName\":\"search_term_string\"}}],\"inLanguage\":\"ca\"},{\"@type\":\"Organization\",\"@id\":\"https:\\\/\\\/congeladosbajocero.com\\\/#organization\",\"name\":\"Productos Congelados a Domicilio | Pescado, mariscos, verduras, precocinados y mucho m&aacute;s\",\"url\":\"https:\\\/\\\/congeladosbajocero.com\\\/\",\"logo\":{\"@type\":\"ImageObject\",\"inLanguage\":\"ca\",\"@id\":\"https:\\\/\\\/congeladosbajocero.com\\\/#\\\/schema\\\/logo\\\/image\\\/\",\"url\":\"https:\\\/\\\/congeladosbajocero.com\\\/wp-content\\\/uploads\\\/2025\\\/03\\\/logo-bajo-cero-png.webp\",\"contentUrl\":\"https:\\\/\\\/congeladosbajocero.com\\\/wp-content\\\/uploads\\\/2025\\\/03\\\/logo-bajo-cero-png.webp\",\"width\":498,\"height\":193,\"caption\":\"Productos Congelados a Domicilio | Pescado, mariscos, verduras, precocinados y mucho m&aacute;s\"},\"image\":{\"@id\":\"https:\\\/\\\/congeladosbajocero.com\\\/#\\\/schema\\\/logo\\\/image\\\/\"}}]}<\/script>\n<!-- \/ Yoast SEO plugin. -->","yoast_head_json":{"title":"Com funciona - Productes Congelats a Domicili | Peix, marisc, verdures, precuinats i molt m\u00e9s","robots":{"index":"index","follow":"follow","max-snippet":"max-snippet:-1","max-image-preview":"max-image-preview:large","max-video-preview":"max-video-preview:-1"},"canonical":"https:\/\/congeladosbajocero.com\/ca\/como-funciona\/","og_locale":"ca_ES","og_type":"article","og_title":"C\u00f3mo funciona - Productos Congelados a Domicilio | Pescado, mariscos, verduras, precocinados y mucho m&aacute;s","og_description":"\u00bfC\u00f3mo funciona? Aviso importante:Actualmente nos encontramos en fase de pruebas y solo realizamos entregas en&nbsp;Mollet del Vall\u00e8s. SI NECESITA HACER UN PEDIDO FUERA DE MOLLET PONGASE EN CONTACTO CON JESUS AL 615 193 909 \u00a1Gracias por vuestra comprensi\u00f3 D\u00edas de reparto y condiciones Pedidos realizados de lunes a jueves: se entregar\u00e1n al d\u00eda siguiente o [&hellip;]","og_url":"https:\/\/congeladosbajocero.com\/ca\/como-funciona\/","og_site_name":"Productos Congelados a Domicilio | Pescado, mariscos, verduras, precocinados y mucho m&aacute;s","article_modified_time":"2025-10-26T18:43:00+00:00","twitter_card":"summary_large_image","twitter_misc":{"Temps estimat de lectura":"2 minuts"},"schema":{"@context":"https:\/\/schema.org","@graph":[{"@type":"WebPage","@id":"https:\/\/congeladosbajocero.com\/como-funciona\/","url":"https:\/\/congeladosbajocero.com\/como-funciona\/","name":"Com funciona - Productes Congelats a Domicili | Peix, marisc, verdures, precuinats i molt m\u00e9s","isPartOf":{"@id":"https:\/\/congeladosbajocero.com\/#website"},"datePublished":"2025-03-20T12:10:01+00:00","dateModified":"2025-10-26T18:43:00+00:00","breadcrumb":{"@id":"https:\/\/congeladosbajocero.com\/como-funciona\/#breadcrumb"},"inLanguage":"ca","potentialAction":[{"@type":"ReadAction","target":["https:\/\/congeladosbajocero.com\/como-funciona\/"]}]},{"@type":"BreadcrumbList","@id":"https:\/\/congeladosbajocero.com\/como-funciona\/#breadcrumb","itemListElement":[{"@type":"ListItem","position":1,"name":"Portada","item":"https:\/\/congeladosbajocero.com\/"},{"@type":"ListItem","position":2,"name":"C\u00f3mo funciona"}]},{"@type":"WebSite","@id":"https:\/\/congeladosbajocero.com\/#website","url":"https:\/\/congeladosbajocero.com\/","name":"Productes Congelats a Domicili | Peix, marisc, verdures, precuinats i molt m\u00e9s","description":"Venda online de congelats","publisher":{"@id":"https:\/\/congeladosbajocero.com\/#organization"},"potentialAction":[{"@type":"SearchAction","target":{"@type":"EntryPoint","urlTemplate":"https:\/\/congeladosbajocero.com\/?s={search_term_string}"},"query-input":{"@type":"PropertyValueSpecification","valueRequired":true,"valueName":"search_term_string"}}],"inLanguage":"ca"},{"@type":"Organization","@id":"https:\/\/congeladosbajocero.com\/#organization","name":"Productes Congelats a Domicili | Peix, marisc, verdures, precuinats i molt m\u00e9s","url":"https:\/\/congeladosbajocero.com\/","logo":{"@type":"ImageObject","inLanguage":"ca","@id":"https:\/\/congeladosbajocero.com\/#\/schema\/logo\/image\/","url":"https:\/\/congeladosbajocero.com\/wp-content\/uploads\/2025\/03\/logo-bajo-cero-png.webp","contentUrl":"https:\/\/congeladosbajocero.com\/wp-content\/uploads\/2025\/03\/logo-bajo-cero-png.webp","width":498,"height":193,"caption":"Productos Congelados a Domicilio | Pescado, mariscos, verduras, precocinados y mucho m&aacute;s"},"image":{"@id":"https:\/\/congeladosbajocero.com\/#\/schema\/logo\/image\/"}}]}},"_links":{"self":[{"href":"https:\/\/congeladosbajocero.com\/ca\/wp-json\/wp\/v2\/pages\/557","targetHints":{"allow":["GET"]}}],"collection":[{"href":"https:\/\/congeladosbajocero.com\/ca\/wp-json\/wp\/v2\/pages"}],"about":[{"href":"https:\/\/congeladosbajocero.com\/ca\/wp-json\/wp\/v2\/types\/page"}],"author":[{"embeddable":true,"href":"https:\/\/congeladosbajocero.com\/ca\/wp-json\/wp\/v2\/users\/3"}],"replies":[{"embeddable":true,"href":"https:\/\/congeladosbajocero.com\/ca\/wp-json\/wp\/v2\/comments?post=557"}],"version-history":[{"count":46,"href":"https:\/\/congeladosbajocero.com\/ca\/wp-json\/wp\/v2\/pages\/557\/revisions"}],"predecessor-version":[{"id":1804,"href":"https:\/\/congeladosbajocero.com\/ca\/wp-json\/wp\/v2\/pages\/557\/revisions\/1804"}],"wp:attachment":[{"href":"https:\/\/congeladosbajocero.com\/ca\/wp-json\/wp\/v2\/media?parent=557"}],"curies":[{"name":"wp","href":"https:\/\/api.w.org\/{rel}","templated":true}]}}