{"id":491,"date":"2025-03-20T11:24:41","date_gmt":"2025-03-20T11:24:41","guid":{"rendered":"http:\/\/congeladosbajocerocom.local\/?page_id=491"},"modified":"2025-03-31T07:35:02","modified_gmt":"2025-03-31T07:35:02","slug":"politica-de-privacidad","status":"publish","type":"page","link":"https:\/\/congeladosbajocero.com\/ca\/politica-de-privacidad\/","title":{"rendered":"Pol\u00edtica de privadesa"},"content":{"rendered":"<div data-elementor-type=\"wp-page\" data-elementor-id=\"491\" class=\"elementor elementor-491\" data-elementor-post-type=\"page\">\n\t\t\t\t<div class=\"elementor-element elementor-element-8c41273 e-flex e-con-boxed e-con e-parent\" data-id=\"8c41273\" data-element_type=\"container\" data-e-type=\"container\">\n\t\t\t\t\t<div class=\"e-con-inner\">\n\t\t\t\t<div class=\"elementor-element elementor-element-f8c4f19 elementor-widget elementor-widget-spacer\" data-id=\"f8c4f19\" data-element_type=\"widget\" data-e-type=\"widget\" data-widget_type=\"spacer.default\">\n\t\t\t\t<div class=\"elementor-widget-container\">\n\t\t\t\t\t\t\t<div class=\"elementor-spacer\">\n\t\t\t<div class=\"elementor-spacer-inner\"><\/div>\n\t\t<\/div>\n\t\t\t\t\t\t<\/div>\n\t\t\t\t<\/div>\n\t\t\t\t<div class=\"elementor-element elementor-element-213a469 elementor-widget elementor-widget-heading\" data-id=\"213a469\" data-element_type=\"widget\" data-e-type=\"widget\" data-widget_type=\"heading.default\">\n\t\t\t\t<div class=\"elementor-widget-container\">\n\t\t\t\t\t<h2 class=\"elementor-heading-title elementor-size-default\">Pol\u00edtica de privadesa <\/h2>\t\t\t\t<\/div>\n\t\t\t\t<\/div>\n\t\t\t\t\t<\/div>\n\t\t\t\t<\/div>\n\t\t<div class=\"elementor-element elementor-element-a40c531 e-flex e-con-boxed e-con e-parent\" data-id=\"a40c531\" data-element_type=\"container\" data-e-type=\"container\">\n\t\t\t\t\t<div class=\"e-con-inner\">\n\t\t\t\t<div class=\"elementor-element elementor-element-a31320e elementor-widget elementor-widget-text-editor\" data-id=\"a31320e\" data-element_type=\"widget\" data-e-type=\"widget\" data-widget_type=\"text-editor.default\">\n\t\t\t\t<div class=\"elementor-widget-container\">\n\t\t\t\t\t\t\t\t\t<section id=\"content\" class=\"page-content page-cms page-cms-4\"><ol><li><h5><strong>DADES DEL RESPONSABLE DEL TRACTAMENT DE LES DADES<\/strong><\/h5><p>Nom entitat:<strong> JESUS SALA CONGELATS MOLLET SL <\/strong>(d&#039;ara endavant, <strong>SOTA ZERO<\/strong>).<\/p><p>Adre\u00e7a: <strong>Av. de la Llibertat, 12, 08100 Mollet del Vall\u00e8s \u2013 Barcelona<\/strong><\/p><p>Tel\u00e8fon: <strong>615 193 909<\/strong><\/p><p>Correu electr\u00f2nic: <strong>info@congeladosbajocero.com<\/strong><\/p><\/li><li><h5><strong>TRACTAMENTS DE DADES RECAPTADES A TRAV\u00c9S DE LA P\u00c0GINA WEB<\/strong><\/h5><p><strong>SOTA ZERO<\/strong>\u00a0informa a l&#039;usuari que el tractament de totes les dades de car\u00e0cter personal es realitza de conformitat amb el que disposa la Llei Org\u00e0nica 15\/1999, de 13 de desembre de Protecci\u00f3 de Dades i amb el Reial Decret 1720\/2007, de 21 de desembre, pel qual s&#039;aprova el Reglament de desplegament de la Llei Org\u00e0nica 15\/1999, de 13<\/p><p>Les dades que\u00a0<strong>SOTA ZERO<\/strong> pugueu recopilar per l&#039;\u00fas, navegaci\u00f3 de la p\u00e0gina web, a trav\u00e9s dels nostres formularis, via email o amb motiu de la relaci\u00f3 contractual que us uneix amb\u00a0<strong>SOTA ZERO<\/strong> s\u00f3n dades de car\u00e0cter personal. A l&#039;hora d&#039;emplenar cadascun dels formularis presents a la nostra p\u00e0gina web existiran una s\u00e8rie de dades obligat\u00f2ries, els camps de les quals es troben marcats amb el s\u00edmbol *. En cas de no emplenar aquests camps, no es podran dur a terme les finalitats descrites de cadascun dels formularis. En algunes ocasions, us informem que pel simple \u00fas i navegaci\u00f3 a la nostra P\u00e0gina web,\u00a0<strong>SOTA ZERO<\/strong> emmagatzemar\u00e0 dades relatives a:<\/p><p>\u2013 Adre\u00e7a IP \u2013 Versi\u00f3 del navegador \u2013 Sistema operatiu \u2013 Durada de la visita o navegaci\u00f3 per la P\u00e0gina web<\/p><p>Aquesta informaci\u00f3 es pot emmagatzemar mitjan\u00e7ant Google Analytics, per la qual cosa ens remetem a la Pol\u00edtica de Privadesa de Google, ja que aquest recull i tracta aquesta informaci\u00f3.\u00a0<strong>SOTA ZERO<\/strong> es reserva el dret a modificar o adaptar aquesta Pol\u00edtica de Privadesa en tot moment. Per tant, us recomanem que reviseu la mateixa cada vegada que accediu a la P\u00e0gina Web. En cas que usuari s&#039;hagi registrat a la p\u00e0gina web i accedeixi al seu compte o perfil, en accedir-hi, se l&#039;informar\u00e0 en cas que hi hagi hagut modificacions substancials en relaci\u00f3 amb el tractament de les seves dades personals.<\/p><p><strong>Formulari de contacte.<\/strong><\/p><p>Finalitat:<\/p><p>\u2013 Donar resposta a la vostra sol\u00b7licitud d&#039;informaci\u00f3 realitzada a trav\u00e9s del nostre formulari de contacte \u2013 Enviar comunicacions i informacions de\u00a0<strong>SOTA ZERO<\/strong> per diferents mitjans, inclosos els electr\u00f2nics, si marqueu la casella destinada a aquest efecte.<\/p><p>Legitimaci\u00f3. El consentiment de linteressat.<\/p><p>Destinataris. Els destinataris de les vostres dades seran les diferents \u00e0rees de la nostra entitat encarregades de la gesti\u00f3 web, aix\u00ed com els tercers als quals cedim les vostres dades, quan sigui l\u00edcit conforme al que disposa la normativa vigent en mat\u00e8ria de protecci\u00f3 de dades.<\/p><p><strong>Informaci\u00f3 facilitada a trav\u00e9s del xat en l\u00ednia habilitat.<\/strong><\/p><p>Finalitat. Donar-li contestaci\u00f3 a la sol\u00b7licitud d&#039;informaci\u00f3\/queixa\/suggeriment.<\/p><p>Legitimaci\u00f3. El consentiment atorgat per vost\u00e8 en el moment en qu\u00e8 inicia la sol\u00b7licitud a trav\u00e9s del xat habilitat.<\/p><p>Destinataris Els destinataris de les vostres dades seran les diferents \u00e0rees de la nostra entitat encarregades de la gesti\u00f3 web, aix\u00ed com els tercers als quals cedim les vostres dades, quan sigui l\u00edcit conforme al que disposa la normativa vigent en mat\u00e8ria de protecci\u00f3 de dades.<\/p><p><strong>Formulari d\u00b4alta d\u00b4usuari.<\/strong><\/p><p>Finalitat.<\/p><p>\u2013 Gestionar la vostra alta d&#039;usuari a la nostra p\u00e0gina web. \u2013 Un cop tramitat l&#039;alta, i convertit en client de la web, tractarem les vostres dades per:<\/p><p>Gestionar les compres realitzades a la nostra p\u00e0gina web<\/p><p>Proporcionar-vos informaci\u00f3 sobre la tramitaci\u00f3 i l&#039;estat de les vostres compres.<\/p><p>Registre hist\u00f2ric de les compres realitzades a la nostra p\u00e0gina web.<\/p><p>Aix\u00ed, us informem que podreu rebre comunicacions via email i\/o al vostre tel\u00e8fon, per tal d&#039;informar-vos de possibles incid\u00e8ncies, errors, problemes i\/o estat de les vostres comandes.<\/p><p>Legitimaci\u00f3. L&#039;execuci\u00f3 d&#039;un contracte entre parts, el consentiment de l&#039;interessat i el compliment de les obligacions legals seg\u00fcents aplicables al responsable del tractament:<\/p><p>\u2013 Els terminis de conservaci\u00f3 de les seves dades una vegada finalitzada la relaci\u00f3 contractual es basa en el compliment del que estableix el Codi de comer\u00e7. \u2013 Comunicaci\u00f3 de les vostres dades quan aix\u00ed ho sol\u00b7licite la Inspecci\u00f3 d&#039;Hisenda est\u00e0 emparada per la Llei 58\/2003, de 17 de desembre, General Tribut\u00e0ria.<\/p><p>Destinataris. Els destinataris de les seves dades seran les diferents \u00e0rees de la nostra entitat encarregades de la gesti\u00f3 web i tramitaci\u00f3 de comandes, aix\u00ed com els tercers a qu\u00e8 cedim les seves dades, quan sigui l\u00edcit conforme al que disposa la normativa vigent en mat\u00e8ria de protecci\u00f3 de dades i per tal de dur a terme determinades gestions i\/o serveis sol\u00b7licitats tals com:<\/p><p>\u2013 Plataforma de pagament \u2013 Possibles intermediaris \u2013 Empresa de manteniment web<\/p><p><strong>Convidats web.<\/strong><\/p><p>Finalitat. Les vostres dades seran tractades amb la finalitat de gestionar les compres realitzades a la nostra p\u00e0gina web com a convidat. Aix\u00ed, us informem que podreu rebre comunicacions via email i\/o al vostre tel\u00e8fon, per tal d&#039;informar-vos de possibles incid\u00e8ncies, errors, problemes i\/o estat de les vostres comandes.<\/p><p>Legitimaci\u00f3. L&#039;execuci\u00f3 d&#039;un contracte entre parts, el consentiment de l&#039;interessat i el compliment de les obligacions legals seg\u00fcents aplicables al responsable del tractament:<\/p><p>\u2013 Els terminis de conservaci\u00f3 de les seves dades una vegada finalitzada la relaci\u00f3 contractual es basa en el compliment del que estableix el Codi de comer\u00e7.<br \/>\u2013 Comunicaci\u00f3 de les vostres dades quan aix\u00ed ho sol\u00b7licite la Inspecci\u00f3 d&#039;Hisenda est\u00e0 emparada per la Llei 58\/2003, de 17 de desembre, General Tribut\u00e0ria.<\/p><p>Destinataris. Els destinataris de les seves dades seran les diferents \u00e0rees de la nostra entitat encarregades de la gesti\u00f3 web i tramitaci\u00f3 de comandes, aix\u00ed com els tercers a qu\u00e8 cedim les seves dades, quan sigui l\u00edcit conforme al que disposa la normativa vigent en mat\u00e8ria de protecci\u00f3 de dades i per tal de dur a terme determinades gestions i\/o serveis sol\u00b7licitats tals com:<\/p><p>\u2013 Plataforma de pagament \u2013 Possibles intermediaris \u2013 Empresa de manteniment web<\/p><p><strong>Subscripcions informatives.<\/strong><\/p><p>Finalitat. Gestionar l&#039;enviament d&#039;informacions relatives a productes i promocions oferts per\u00a0<strong>SOTA ZERO<\/strong> als usuaris que se subscriguin en els apartats corresponents.<\/p><p>Legitimaci\u00f3. El consentiment dels interessats que se subscriguin en aquest servei marcant la casella destinada a aquest efecte.<\/p><p>Destinataris. Els destinataris de les vostres dades seran les diferents \u00e0rees de la nostra entitat encarregades de la gesti\u00f3 web, aix\u00ed com els tercers als quals cedim les vostres dades, quan sigui l\u00edcit conforme al que disposa la normativa vigent en mat\u00e8ria de protecci\u00f3 de dades.<\/p><\/li><li><h5>TERMINIS DE CONSERVACI\u00d3<\/h5><table><tbody><tr><td colspan=\"3\"><p><strong>TRACTAMENT DE DADES RECAPTADES A TRAV\u00c9S DE LA P\u00c0GINA WEB<\/strong><\/p><\/td><\/tr><tr><td rowspan=\"2\"><p><strong>Formularis de contacte <\/strong><\/p><\/td><td><p><strong>Accepta rebre publicitat<\/strong><\/p><\/td><td><p>Les vostres dades de car\u00e0cter personal seran tractades fins que es revoqui el consentiment atorgat a aquest efecte.<\/p><\/td><\/tr><tr><td><p><strong>No accepta rebre publicitat<\/strong><\/p><\/td><td><p>Les vostres dades de car\u00e0cter personal seran tractades durant el temps estrictament necessari per atendre la vostra sol\u00b7licitud.<\/p><\/td><\/tr><tr><td><p><strong>Informaci\u00f3 facilitada a trav\u00e9s del xat online habilitat<\/strong><\/p><\/td><td colspan=\"2\"><p>Un cop haguem donat resposta a la vostra sol\u00b7licitud d&#039;informaci\u00f3 les dades seran guardades un m\u00e0xim de 6 mesos com a prova davant de possibles reclamacions ulteriors.<\/p><\/td><\/tr><tr><td><p><strong>Alta d&#039;usuari \u2013 client<\/strong><\/p><\/td><td colspan=\"2\"><p>Les vostres dades de car\u00e0cter personal seran conservades fins que cancel\u00b7leu el vostre compte d&#039;usuari.<\/p><p>Les dades hist\u00f2riques de compres seran conservades fins que cancel\u00b7leu el vostre compte d&#039;usuari.<\/p><p>Despr\u00e9s de la cancel\u00b7laci\u00f3 del compte d&#039;usuari, les dades romandran bloquejades a les nostres bases, per\u00f2 conservades fins a prescripci\u00f3 de possibles responsabilitats legals.<\/p><\/td><\/tr><tr><td><p><strong>Convidats web<\/strong><\/p><\/td><td colspan=\"2\"><p>Les vostres dades seran tractades durant el temps necessari per a la tramitaci\u00f3 de la vostra compra.<\/p><p>Un cop tramitada la comanda, i lliurada la mercaderia, les vostres dades es<\/p><\/td><\/tr><tr><td>\u00a0<\/td><td colspan=\"2\"><p>conservaran durant el temps necessari per al compliment de les obligacions legals aplicables a l&#039;entitat tals com a conservaci\u00f3 de factures\u2026etc. Durant aquest temps, les dades es conservaran degudament bloquejades.<\/p><\/td><\/tr><tr><td><p><strong>Subscripcions informatives<\/strong><\/p><\/td><td colspan=\"2\"><p>Les vostres dades de car\u00e0cter personal seran conservades fins que cancel\u00b7leu la vostra subscripci\u00f3 al Butllet\u00ed de not\u00edcies de\u00a0<strong>SOTA ZERO<\/strong>.<\/p><\/td><\/tr><\/tbody><\/table><\/li><li><h5><strong>TRANSFER\u00c8NCIES INTERNACIONALS.<\/strong><\/h5><p><strong>SOTA ZERO<\/strong>\u00a0no t\u00e9 previst realitzar transfer\u00e8ncies internacionals de dades, \u00e9s cas de ser necess\u00e0ries, nom\u00e9s es realitzaran a entitats que hagin demostrat que compleixen amb el nivell de protecci\u00f3 i garanties d&#039;acord amb els par\u00e0metres i exig\u00e8ncies previstes a la normativa vigent en mat\u00e8ria de protecci\u00f3 de dades, com el Reglament Europeu, o quan hi hagi una habilitaci\u00f3 legal per realitzar la transfer\u00e8ncia internacional.<\/p><\/li><li><h5><strong>QUINS S\u00d3N ELS SEUS DRETS EN RELACI\u00d3 AMB EL TRACTAMENT DE DADES?<\/strong><\/h5><p>Vost\u00e8 com a titular de dades t\u00e9 dret a obtenir confirmaci\u00f3 sobre l&#039;exist\u00e8ncia d&#039;un tractament de les seves dades, a accedir a les seves dades personals, sol\u00b7licitar la rectificaci\u00f3 de les dades que siguin inexactes o, si escau, sol\u00b7licitar la supressi\u00f3, quan entre altres motius, les dades ja no siguin necess\u00e0ries per als fins per als quals van ser recollides o vost\u00e8 com a interessat retiri el consentiment atorgat.\u00a0<strong>SOTA ZERO<\/strong> tractar\u00e0 i conservar\u00e0 les dades d&#039;acord amb la normativa vigent, sens perjudici que com a interessat pugui sol\u00b7licitar en tot cas, la limitaci\u00f3 del tractament de les seves dades. En certs sup\u00f2sits, podr\u00e0 exercitar el seu dret a la portabilitat de les dades, que seran lliurades en un format estructurat, d&#039;\u00fas com\u00fa o lectura mec\u00e0nica a vost\u00e8 o al nou responsable de tractament que designi. Tindr\u00e0 dret a revocar en qualsevol moment el consentiment per a qualsevol dels tractaments per als quals ho ha atorgat. Per exercitar els seus drets poseu-vos amb nosaltres a trav\u00e9s de l&#039;adre\u00e7a de correu electr\u00f2nic info@congeladosbajocero.com. Disposem de formularis per a l&#039;exercici de tots els drets anteriorment indicats, per\u00f2 tamb\u00e9 podeu utilitzar els elaborats per l&#039;Ag\u00e8ncia Espanyola de Protecci\u00f3 de Dades. Tindr\u00e0 dret a presentar una reclamaci\u00f3 davant de l&#039;Ag\u00e8ncia Espanyola de Protecci\u00f3 de Dades en cas que consideri que no s&#039;ha at\u00e8s convenientment l&#039;exercici dels seus drets. El termini m\u00e0xim per resoldre ser\u00e0 el dun mes a comptar des de la recepci\u00f3 de la seva sol\u00b7 licitud. En el cas de produir-se alguna modificaci\u00f3 de les vostres dades, us agra\u00efm que ens ho comuniqueu degudament per escrit amb la finalitat de mantenir les vostres dades actualitzades.<\/p><\/li><\/ol><\/section>\t\t\t\t\t\t\t\t<\/div>\n\t\t\t\t<\/div>\n\t\t\t\t\t<\/div>\n\t\t\t\t<\/div>\n\t\t<div class=\"elementor-element elementor-element-1962194 e-flex e-con-boxed e-con e-parent\" data-id=\"1962194\" data-element_type=\"container\" data-e-type=\"container\">\n\t\t\t\t\t<div class=\"e-con-inner\">\n\t\t\t\t<div class=\"elementor-element elementor-element-2831a6f elementor-widget elementor-widget-spacer\" data-id=\"2831a6f\" data-element_type=\"widget\" data-e-type=\"widget\" data-widget_type=\"spacer.default\">\n\t\t\t\t<div class=\"elementor-widget-container\">\n\t\t\t\t\t\t\t<div class=\"elementor-spacer\">\n\t\t\t<div class=\"elementor-spacer-inner\"><\/div>\n\t\t<\/div>\n\t\t\t\t\t\t<\/div>\n\t\t\t\t<\/div>\n\t\t\t\t\t<\/div>\n\t\t\t\t<\/div>\n\t\t\t\t<\/div>","protected":false},"excerpt":{"rendered":"<p>Pol\u00edtica de privacidad DATOS DEL RESPONSABLE DEL TRATAMIENTO DE LOS DATOS Nombre entidad: JESUS SALA CONGELADOS MOLLET S.L. (en adelante, BAJO CERO). Direcci\u00f3n: Av. de la Llibertat, 12, 08100 Mollet del Vall\u00e8s &#8211; Barcelona Tel\u00e9fono: 615 193 909 Correo electr\u00f3nico: info@congeladosbajocero.com TRATAMIENTOS DE DATOS RECABADOS A TRAV\u00c9S DE LA P\u00c1GINA WEB BAJO CERO\u00a0informa al usuario [&hellip;]<\/p>\n","protected":false},"author":3,"featured_media":0,"parent":0,"menu_order":0,"comment_status":"closed","ping_status":"closed","template":"","meta":{"footnotes":""},"class_list":["post-491","page","type-page","status-publish","hentry"],"yoast_head":"<!-- This site is optimized with the Yoast SEO plugin v27.3 - https:\/\/yoast.com\/product\/yoast-seo-wordpress\/ -->\n<title>Pol\u00edtica de privacidad - Productos Congelados a Domicilio | Pescado, mariscos, verduras, precocinados y mucho m&aacute;s<\/title>\n<meta name=\"robots\" content=\"index, follow, max-snippet:-1, max-image-preview:large, max-video-preview:-1\" \/>\n<link rel=\"canonical\" href=\"https:\/\/congeladosbajocero.com\/ca\/politica-de-privacidad\/\" \/>\n<meta property=\"og:locale\" content=\"ca_ES\" \/>\n<meta property=\"og:type\" content=\"article\" \/>\n<meta property=\"og:title\" content=\"Pol\u00edtica de privacidad - Productos Congelados a Domicilio | Pescado, mariscos, verduras, precocinados y mucho m&aacute;s\" \/>\n<meta property=\"og:description\" content=\"Pol\u00edtica de privacidad DATOS DEL RESPONSABLE DEL TRATAMIENTO DE LOS DATOS Nombre entidad: JESUS SALA CONGELADOS MOLLET S.L. (en adelante, BAJO CERO). Direcci\u00f3n: Av. de la Llibertat, 12, 08100 Mollet del Vall\u00e8s &#8211; Barcelona Tel\u00e9fono: 615 193 909 Correo electr\u00f3nico: info@congeladosbajocero.com TRATAMIENTOS DE DATOS RECABADOS A TRAV\u00c9S DE LA P\u00c1GINA WEB BAJO CERO\u00a0informa al usuario [&hellip;]\" \/>\n<meta property=\"og:url\" content=\"https:\/\/congeladosbajocero.com\/ca\/politica-de-privacidad\/\" \/>\n<meta property=\"og:site_name\" content=\"Productos Congelados a Domicilio | Pescado, mariscos, verduras, precocinados y mucho m&aacute;s\" \/>\n<meta property=\"article:modified_time\" content=\"2025-03-31T07:35:02+00:00\" \/>\n<meta name=\"twitter:card\" content=\"summary_large_image\" \/>\n<meta name=\"twitter:label1\" content=\"Temps estimat de lectura\" \/>\n\t<meta name=\"twitter:data1\" content=\"8 minuts\" \/>\n<script type=\"application\/ld+json\" class=\"yoast-schema-graph\">{\"@context\":\"https:\\\/\\\/schema.org\",\"@graph\":[{\"@type\":\"WebPage\",\"@id\":\"https:\\\/\\\/congeladosbajocero.com\\\/politica-de-privacidad\\\/\",\"url\":\"https:\\\/\\\/congeladosbajocero.com\\\/politica-de-privacidad\\\/\",\"name\":\"Pol\u00edtica de privacidad - Productos Congelados a Domicilio | Pescado, mariscos, verduras, precocinados y mucho m&aacute;s\",\"isPartOf\":{\"@id\":\"https:\\\/\\\/congeladosbajocero.com\\\/#website\"},\"datePublished\":\"2025-03-20T11:24:41+00:00\",\"dateModified\":\"2025-03-31T07:35:02+00:00\",\"breadcrumb\":{\"@id\":\"https:\\\/\\\/congeladosbajocero.com\\\/politica-de-privacidad\\\/#breadcrumb\"},\"inLanguage\":\"ca\",\"potentialAction\":[{\"@type\":\"ReadAction\",\"target\":[\"https:\\\/\\\/congeladosbajocero.com\\\/politica-de-privacidad\\\/\"]}]},{\"@type\":\"BreadcrumbList\",\"@id\":\"https:\\\/\\\/congeladosbajocero.com\\\/politica-de-privacidad\\\/#breadcrumb\",\"itemListElement\":[{\"@type\":\"ListItem\",\"position\":1,\"name\":\"Portada\",\"item\":\"https:\\\/\\\/congeladosbajocero.com\\\/\"},{\"@type\":\"ListItem\",\"position\":2,\"name\":\"Pol\u00edtica de privacidad\"}]},{\"@type\":\"WebSite\",\"@id\":\"https:\\\/\\\/congeladosbajocero.com\\\/#website\",\"url\":\"https:\\\/\\\/congeladosbajocero.com\\\/\",\"name\":\"Productos Congelados a Domicilio | Pescado, mariscos, verduras, precocinados y mucho m&aacute;s\",\"description\":\"Venta online de congelados\",\"publisher\":{\"@id\":\"https:\\\/\\\/congeladosbajocero.com\\\/#organization\"},\"potentialAction\":[{\"@type\":\"SearchAction\",\"target\":{\"@type\":\"EntryPoint\",\"urlTemplate\":\"https:\\\/\\\/congeladosbajocero.com\\\/?s={search_term_string}\"},\"query-input\":{\"@type\":\"PropertyValueSpecification\",\"valueRequired\":true,\"valueName\":\"search_term_string\"}}],\"inLanguage\":\"ca\"},{\"@type\":\"Organization\",\"@id\":\"https:\\\/\\\/congeladosbajocero.com\\\/#organization\",\"name\":\"Productos Congelados a Domicilio | Pescado, mariscos, verduras, precocinados y mucho m&aacute;s\",\"url\":\"https:\\\/\\\/congeladosbajocero.com\\\/\",\"logo\":{\"@type\":\"ImageObject\",\"inLanguage\":\"ca\",\"@id\":\"https:\\\/\\\/congeladosbajocero.com\\\/#\\\/schema\\\/logo\\\/image\\\/\",\"url\":\"https:\\\/\\\/congeladosbajocero.com\\\/wp-content\\\/uploads\\\/2025\\\/03\\\/logo-bajo-cero-png.webp\",\"contentUrl\":\"https:\\\/\\\/congeladosbajocero.com\\\/wp-content\\\/uploads\\\/2025\\\/03\\\/logo-bajo-cero-png.webp\",\"width\":498,\"height\":193,\"caption\":\"Productos Congelados a Domicilio | Pescado, mariscos, verduras, precocinados y mucho m&aacute;s\"},\"image\":{\"@id\":\"https:\\\/\\\/congeladosbajocero.com\\\/#\\\/schema\\\/logo\\\/image\\\/\"}}]}<\/script>\n<!-- \/ Yoast SEO plugin. -->","yoast_head_json":{"title":"Pol\u00edtica de privadesa - Productes Congelats a Domicili | Peix, marisc, verdures, precuinats i molt m\u00e9s","robots":{"index":"index","follow":"follow","max-snippet":"max-snippet:-1","max-image-preview":"max-image-preview:large","max-video-preview":"max-video-preview:-1"},"canonical":"https:\/\/congeladosbajocero.com\/ca\/politica-de-privacidad\/","og_locale":"ca_ES","og_type":"article","og_title":"Pol\u00edtica de privacidad - Productos Congelados a Domicilio | Pescado, mariscos, verduras, precocinados y mucho m&aacute;s","og_description":"Pol\u00edtica de privacidad DATOS DEL RESPONSABLE DEL TRATAMIENTO DE LOS DATOS Nombre entidad: JESUS SALA CONGELADOS MOLLET S.L. (en adelante, BAJO CERO). Direcci\u00f3n: Av. de la Llibertat, 12, 08100 Mollet del Vall\u00e8s &#8211; Barcelona Tel\u00e9fono: 615 193 909 Correo electr\u00f3nico: info@congeladosbajocero.com TRATAMIENTOS DE DATOS RECABADOS A TRAV\u00c9S DE LA P\u00c1GINA WEB BAJO CERO\u00a0informa al usuario [&hellip;]","og_url":"https:\/\/congeladosbajocero.com\/ca\/politica-de-privacidad\/","og_site_name":"Productos Congelados a Domicilio | Pescado, mariscos, verduras, precocinados y mucho m&aacute;s","article_modified_time":"2025-03-31T07:35:02+00:00","twitter_card":"summary_large_image","twitter_misc":{"Temps estimat de lectura":"8 minuts"},"schema":{"@context":"https:\/\/schema.org","@graph":[{"@type":"WebPage","@id":"https:\/\/congeladosbajocero.com\/politica-de-privacidad\/","url":"https:\/\/congeladosbajocero.com\/politica-de-privacidad\/","name":"Pol\u00edtica de privadesa - Productes Congelats a Domicili | Peix, marisc, verdures, precuinats i molt m\u00e9s","isPartOf":{"@id":"https:\/\/congeladosbajocero.com\/#website"},"datePublished":"2025-03-20T11:24:41+00:00","dateModified":"2025-03-31T07:35:02+00:00","breadcrumb":{"@id":"https:\/\/congeladosbajocero.com\/politica-de-privacidad\/#breadcrumb"},"inLanguage":"ca","potentialAction":[{"@type":"ReadAction","target":["https:\/\/congeladosbajocero.com\/politica-de-privacidad\/"]}]},{"@type":"BreadcrumbList","@id":"https:\/\/congeladosbajocero.com\/politica-de-privacidad\/#breadcrumb","itemListElement":[{"@type":"ListItem","position":1,"name":"Portada","item":"https:\/\/congeladosbajocero.com\/"},{"@type":"ListItem","position":2,"name":"Pol\u00edtica de privacidad"}]},{"@type":"WebSite","@id":"https:\/\/congeladosbajocero.com\/#website","url":"https:\/\/congeladosbajocero.com\/","name":"Productes Congelats a Domicili | Peix, marisc, verdures, precuinats i molt m\u00e9s","description":"Venda online de congelats","publisher":{"@id":"https:\/\/congeladosbajocero.com\/#organization"},"potentialAction":[{"@type":"SearchAction","target":{"@type":"EntryPoint","urlTemplate":"https:\/\/congeladosbajocero.com\/?s={search_term_string}"},"query-input":{"@type":"PropertyValueSpecification","valueRequired":true,"valueName":"search_term_string"}}],"inLanguage":"ca"},{"@type":"Organization","@id":"https:\/\/congeladosbajocero.com\/#organization","name":"Productes Congelats a Domicili | Peix, marisc, verdures, precuinats i molt m\u00e9s","url":"https:\/\/congeladosbajocero.com\/","logo":{"@type":"ImageObject","inLanguage":"ca","@id":"https:\/\/congeladosbajocero.com\/#\/schema\/logo\/image\/","url":"https:\/\/congeladosbajocero.com\/wp-content\/uploads\/2025\/03\/logo-bajo-cero-png.webp","contentUrl":"https:\/\/congeladosbajocero.com\/wp-content\/uploads\/2025\/03\/logo-bajo-cero-png.webp","width":498,"height":193,"caption":"Productos Congelados a Domicilio | Pescado, mariscos, verduras, precocinados y mucho m&aacute;s"},"image":{"@id":"https:\/\/congeladosbajocero.com\/#\/schema\/logo\/image\/"}}]}},"_links":{"self":[{"href":"https:\/\/congeladosbajocero.com\/ca\/wp-json\/wp\/v2\/pages\/491","targetHints":{"allow":["GET"]}}],"collection":[{"href":"https:\/\/congeladosbajocero.com\/ca\/wp-json\/wp\/v2\/pages"}],"about":[{"href":"https:\/\/congeladosbajocero.com\/ca\/wp-json\/wp\/v2\/types\/page"}],"author":[{"embeddable":true,"href":"https:\/\/congeladosbajocero.com\/ca\/wp-json\/wp\/v2\/users\/3"}],"replies":[{"embeddable":true,"href":"https:\/\/congeladosbajocero.com\/ca\/wp-json\/wp\/v2\/comments?post=491"}],"version-history":[{"count":16,"href":"https:\/\/congeladosbajocero.com\/ca\/wp-json\/wp\/v2\/pages\/491\/revisions"}],"predecessor-version":[{"id":960,"href":"https:\/\/congeladosbajocero.com\/ca\/wp-json\/wp\/v2\/pages\/491\/revisions\/960"}],"wp:attachment":[{"href":"https:\/\/congeladosbajocero.com\/ca\/wp-json\/wp\/v2\/media?parent=491"}],"curies":[{"name":"wp","href":"https:\/\/api.w.org\/{rel}","templated":true}]}}