{"id":486,"date":"2025-03-20T11:24:24","date_gmt":"2025-03-20T11:24:24","guid":{"rendered":"http:\/\/congeladosbajocerocom.local\/?page_id=486"},"modified":"2025-04-02T11:00:04","modified_gmt":"2025-04-02T11:00:04","slug":"condiciones-generales-de-venta","status":"publish","type":"page","link":"https:\/\/congeladosbajocero.com\/ca\/condiciones-generales-de-venta\/","title":{"rendered":"Condicions Generals de Venda"},"content":{"rendered":"<div data-elementor-type=\"wp-page\" data-elementor-id=\"486\" class=\"elementor elementor-486\" data-elementor-post-type=\"page\">\n\t\t\t\t<div class=\"elementor-element elementor-element-b859ac9 e-flex e-con-boxed e-con e-parent\" data-id=\"b859ac9\" data-element_type=\"container\" data-e-type=\"container\">\n\t\t\t\t\t<div class=\"e-con-inner\">\n\t\t\t\t<div class=\"elementor-element elementor-element-b290aec elementor-widget elementor-widget-spacer\" data-id=\"b290aec\" data-element_type=\"widget\" data-e-type=\"widget\" data-widget_type=\"spacer.default\">\n\t\t\t\t<div class=\"elementor-widget-container\">\n\t\t\t\t\t\t\t<div class=\"elementor-spacer\">\n\t\t\t<div class=\"elementor-spacer-inner\"><\/div>\n\t\t<\/div>\n\t\t\t\t\t\t<\/div>\n\t\t\t\t<\/div>\n\t\t\t\t<div class=\"elementor-element elementor-element-942ff64 elementor-widget elementor-widget-heading\" data-id=\"942ff64\" data-element_type=\"widget\" data-e-type=\"widget\" data-widget_type=\"heading.default\">\n\t\t\t\t<div class=\"elementor-widget-container\">\n\t\t\t\t\t<h2 class=\"elementor-heading-title elementor-size-default\">Condicions generals de venda <\/h2>\t\t\t\t<\/div>\n\t\t\t\t<\/div>\n\t\t\t\t\t<\/div>\n\t\t\t\t<\/div>\n\t\t<div class=\"elementor-element elementor-element-96f499c e-flex e-con-boxed e-con e-parent\" data-id=\"96f499c\" data-element_type=\"container\" data-e-type=\"container\">\n\t\t\t\t\t<div class=\"e-con-inner\">\n\t\t\t\t<div class=\"elementor-element elementor-element-5223eee elementor-widget elementor-widget-text-editor\" data-id=\"5223eee\" data-element_type=\"widget\" data-e-type=\"widget\" data-widget_type=\"text-editor.default\">\n\t\t\t\t<div class=\"elementor-widget-container\">\n\t\t\t\t\t\t\t\t\t<p class=\"\" style=\"text-align: center;\" data-start=\"65\" data-end=\"190\"><span style=\"color: #ff0000;\"><strong data-start=\"65\" data-end=\"86\">Av\u00eds important:<\/strong><\/span><br data-start=\"86\" data-end=\"89\" \/><span style=\"color: #ff0000;\"><em>Actualment ens trobem en fase de proves i nom\u00e9s realitzem lliuraments a\u00a0<strong data-start=\"166\" data-end=\"187\">Mollet del Vall\u00e8s<\/strong>.<\/em><\/span><\/p><p class=\"\" style=\"text-align: center;\" data-start=\"192\" data-end=\"319\"><span style=\"color: #ff0000;\">SI NECESSITA FER UNA COMANDA FORA DE MOLLET POSE&#039;S EN CONTACTE AMB<\/span><br \/><span style=\"color: #ff0000;\">JESUS AL 615 193 909<\/span><\/p><p class=\"\" style=\"text-align: center;\" data-start=\"321\" data-end=\"353\"><span style=\"color: #ff0000;\"><em>Gr\u00e0cies per la vostra comprensi\u00f3!<\/em><\/span><\/p>\t\t\t\t\t\t\t\t<\/div>\n\t\t\t\t<\/div>\n\t\t\t\t\t<\/div>\n\t\t\t\t<\/div>\n\t\t<div class=\"elementor-element elementor-element-5f04d91 e-flex e-con-boxed e-con e-parent\" data-id=\"5f04d91\" data-element_type=\"container\" data-e-type=\"container\">\n\t\t\t\t\t<div class=\"e-con-inner\">\n\t\t\t\t<div class=\"elementor-element elementor-element-a637824 elementor-widget elementor-widget-text-editor\" data-id=\"a637824\" data-element_type=\"widget\" data-e-type=\"widget\" data-widget_type=\"text-editor.default\">\n\t\t\t\t<div class=\"elementor-widget-container\">\n\t\t\t\t\t\t\t\t\t<p class=\"\" data-start=\"321\" data-end=\"353\">\u00a0<\/p><p>Aquestes Condicions Generals tenen per objecte regular les condicions d&#039;\u00fas del Lloc Web https:\/\/www.congeladosbajocero.com (d&#039;ara endavant, \u201cla web\u201d), el titular del qual \u00e9s\u00a0<strong>JESUS SALA CONGELATS MOLLET S.<\/strong><strong>L.\u00a0<\/strong>(d&#039;ara endavant,\u00a0<strong>SOTA ZERO<\/strong>), amb\u00a0<strong>CIF B66649211<\/strong>\u00a0, domicili a Lloc d&#039;Av. de la Llibertat, 12, 08100 Mollet del Vall\u00e8s \u2013 Barcelona, Espanya i inscrita al Registre Mercantil de Barcelona, i amb qu\u00e8 es pot posar en contacte a trav\u00e9s d&#039;info@congeladosbajocero.com i del tel\u00e8fon 615 193 909<\/p><h5><strong>1.<\/strong><strong>Disposicions generals.<\/strong><\/h5><p>L&#039;adquisici\u00f3 de qualsevol dels productes comporta l&#039;acceptaci\u00f3 plena i sense reserves de totes i cadascuna de les Condicions Generals que s&#039;hi indiquen, sense perjudici de l&#039;acceptaci\u00f3 de les Condicions Particulars que puguin ser aplicables en adquirir determinats productes.<\/p><p>Aquestes Condicions Generals podran ser modificades sense notificaci\u00f3 pr\u00e8via, per tant, \u00e9s recomanable llegir-ne atentament el contingut abans de procedir a l&#039;adquisici\u00f3 de qualsevol dels productes oferts.<\/p><h5><strong>2.<\/strong><strong>Registre d&#039;usuaris i procediment de compra.<\/strong><\/h5><p>La compra dels productes oferts a la web es podr\u00e0 efectuar com a convidat o mitjan\u00e7ant el registre de l&#039;usuari a la web. Amb independ\u00e8ncia de la metodologia escollida, caldr\u00e0 la recollida d&#039;una s\u00e8rie de dades personals de l&#039;Usuari, de manera que puguem tramitar completament la comanda.<\/p><p>El tractament de les dades de car\u00e0cter personal derivat de la compra s&#039;ajustar\u00e0 al que disposa la Pol\u00edtica de Privadesa de la nostra p\u00e0gina web, comprometent-se l&#039;Usuari a facilitar aquesta informaci\u00f3 de forma vera\u00e7 i completa. Dona Dona no es far\u00e0 responsable per una facilitaci\u00f3 de dades err\u00f2nies o no veraces, per part de l&#039;Usuari.<\/p><p><strong>SOTA ZERO<\/strong>\u00a0es reserva el dret a modificar l&#039;oferta comercial presentada a la web en qualsevol moment.<\/p><p><strong>SOTA ZERO<\/strong>\u00a0realitzar\u00e0 tots els esfor\u00e7os dins dels seus mitjans per oferir la informaci\u00f3 continguda a la web de forma vera\u00e7 i sense errors tipogr\u00e0fics. En cas que en algun moment es produ\u00eds algun error d&#039;aquest tipus, es procediria immediatament a corregir-lo. Si, existint un error tipogr\u00e0fic en alguna de les informacions referides als nostres productes, algun client hagu\u00e9s pres una decisi\u00f3 de compra basada en aquest error, li comunicarem al client aquest error, tenint el client la facultat de rescindir la seva compra sense cap cost per part seva o b\u00e9 adherir-se a les condicions i\/o preu novament comunicades.<\/p><p>Les fotografies exposades tenen un car\u00e0cter merament orientatiu i no contractual podent existir variacions.<\/p><h5>3.<strong>Menors d&#039;edat<\/strong><\/h5><p>L&#039;acc\u00e9s i registre com a Usuari no est\u00e0 autoritzat per a menors de 18 anys, per tant, si l&#039;Usuari \u00e9s menor d&#039;edat no s&#039;ha de registrar a la web ni fer-hi compres. En conseq\u00fc\u00e8ncia, en fer una comanda a trav\u00e9s d&#039;aquesta p\u00e0gina web, declara ser major de 18 anys i tenir capacitat legal per celebrar contractes.<\/p><h5>4.<strong>Preus i forma de pagament.<\/strong><\/h5><p>Hi ha una comanda de compra m\u00ednima de <strong>60 euros<\/strong>. Un cop l&#039;Usuari, ha seleccionat els productes a adquirir, cal indicar l&#039;adre\u00e7a d&#039;enviament.<\/p><p>Els preus indicats a la web inclouen l&#039;impost sobre el valor afegit (IVA) i estan expressats en euros.<\/p><p>Tota la informaci\u00f3 que viatja a la web ho fa de manera segura sota un certificat SSL.<\/p><p>Els productes adquirits s&#039;hauran d&#039;abonar a trav\u00e9s de la plataforma de pagaments segurs autenticats, Redsys que permet processar pagaments de manera r\u00e0pida i segura, pr\u00e0cticament a l&#039;instant.<\/p><p>El sistema de Comer\u00e7 Electr\u00f2nic Segur es basa que l&#039;Emissor de la targeta (banc o caixa d&#039;estalvis) identifiqui el titular abans d&#039;autoritzar el pagament per Internet.\u00a0<strong>SOTA ZERO<\/strong> est\u00e0 adherida a aquest protocol de seguretat per la qual cosa, un cop seleccionat el producte a comprar i introdu\u00eft el n\u00famero de la targeta, s&#039;obre una finestra de l&#039;entitat emissora que us sol\u00b7licita la identificaci\u00f3.<\/p><p>Les dades de la targeta i la contrasenya queden protegides per aquest sistema de seguretat des del moment de la seva introducci\u00f3. Aquesta finestra est\u00e0 fora del control de <strong>SOTA ZERO<\/strong>, sent responsabilitat del seu Emissor qualsevol incid\u00e8ncia que pugui sorgir amb aquesta, havent de contactar la seva entitat si es troba en aquest hipot\u00e8tic cas.<\/p><h5><strong>5.<\/strong><strong>Forma i cost de l&#039;enviament.<\/strong><\/h5><p><strong>A Congelats Baix Zero realitzem lliuraments \u00fanicament a Mollet del Vall\u00e8s mitjan\u00e7ant transport propi<\/strong>, garantint el manteniment de la cadena de fred des de les nostres instal\u00b7lacions fins al teu domicili.<\/p><p>Actualment ens trobem en fase de proves, per la qual cosa no fem enviaments fora d&#039;aquesta zona. En conseq\u00fc\u00e8ncia, les comandes realitzades des de fora de Mollet (incloent-hi la resta de la pen\u00ednsula, les Illes Can\u00e0ries, les Illes Balears, Ceuta, Melilla o pa\u00efsos propers com Portugal) no seran tramitades.<\/p><p>Per a m\u00e9s informaci\u00f3 sobre la realitzaci\u00f3 i tramitaci\u00f3 de comandes <a href=\"https:\/\/congeladosbajocero.com\/ca\/como-funciona\/\">punxa aqu\u00ed.<\/a><\/p><p>\u00c9s important que hi hagi alg\u00fa disponible per rebre la comanda a l&#039;adre\u00e7a indicada.<\/p><p>Si no ets a casa en el moment del lliurament, pots contactar-nos per reprogramar-la, sempre dins dels terminis de conservaci\u00f3 del producte.<\/p><p>El cost actual de l&#039;enviament a Mollet del Vall\u00e8s \u00e9s de 4,99\u20ac.<\/p><ol start=\"6\"><li><h5><strong> Dret de desistiment. <\/strong><\/h5><\/li><\/ol><p>Donades les caracter\u00edstiques dels nostres productes, alimentaris i peribles, el dret de desistiment reconegut al Reial Decret Legislatiu 1\/2007, de 16 de novembre, pel qual s&#039;aprova el text ref\u00f3s de la Llei General per a la Defensa dels Consumidors i Usuaris, no procedir\u00e0, per tractar-se de productes el control de conservaci\u00f3 dels quals es perd en el moment del lliurament i disposat al <strong>article 103.d) del Reial Decret Legislatiu 1\/2007<\/strong>.<\/p><p>Aix\u00ed, l&#039;Usuari queda informat de l&#039;exist\u00e8ncia d&#039;aquest dret per\u00f2, alhora, amb la realitzaci\u00f3 de la contractaci\u00f3 del servei accepta i consenteix que, un cop rebut els productes, no podr\u00e0 exercir el dret de desistiment, cosa que implica que no els podr\u00e0 tornar.<\/p><p>\u00danicament podr\u00e0 realitzar la devoluci\u00f3 de la seva comanda en cas que hi hagi algun problema en la seva tramesa, caixa oberta i\/o danyat en el transport. Comproveu que rebeu la vostra comanda amb tots els precintes i resta d&#039;embalatge en perfecte estat i si detecteu qualsevol anomalia preguem ens ho comuniqueu al m\u00e9s aviat possible a trav\u00e9s del tel\u00e8fon 615 193 909 o al correu electr\u00f2nic info@congeladosbajocero.com amb la informaci\u00f3 seg\u00fcent:<\/p><p>- Identificaci\u00f3 dusuari i dades de contacte.<\/p><p>\u2013 N\u00famero de comanda.<\/p><p>\u2013 Incid\u00e8ncia esdevinguda.<\/p><p>\u2013 Documents gr\u00e0fics que reflecteixin la incid\u00e8ncia.<\/p><p><strong>SOTA ZERO<\/strong> s&#039;encarregar\u00e0 de revisar la informaci\u00f3 i la documentaci\u00f3 aportades i, si escau, tramitar\u00e0 la devoluci\u00f3 de l&#039;import. Si no observa inicialment que la comanda est\u00e0 danyada al seu embalatge i signa el lliurament de la seva comanda, aquesta es considerar\u00e0 acceptada sense possibilitat de devoluci\u00f3.<\/p><h5><strong>7.<\/strong><strong>Legislaci\u00f3 aplicable i jurisdicci\u00f3.<\/strong><\/h5><p>Les presents condicions generals es regeixen pel que disposa la legislaci\u00f3 espanyola. Per a totes les q\u00fcestions que es puguin suscitar entre les parts en relaci\u00f3 amb la interpretaci\u00f3 i l&#039;execuci\u00f3 del present document, ambdues parts acorden de forma expressa i amb ren\u00fancia de qualsevol altre fur que els pugui correspondre, a la jurisdicci\u00f3 dels jutjats i tribunals de Pontevedra llevat del cas del cas.<\/p><p><strong>Resoluci\u00f3 de conflictes en l\u00ednia:<\/strong><\/p><p>Conformi a l&#039;art. 14.1 del Reglament (UE) 524\/2013, la Comissi\u00f3 Europea t\u00e9 a disposici\u00f3 dels consumidors una plataforma de resoluci\u00f3 extrajudicial de conflictes en l\u00ednia. Podr\u00e0 accedir-hi a trav\u00e9s del seg\u00fcent enlla\u00e7: <a href=\"http:\/\/ec.europa.eu\/consumers\/odr\/\">http:\/\/ec.europa.eu\/consumers\/odr\/<\/a><a href=\"http:\/\/ec.europa.eu\/consumers\/odr\/\">.<\/a> Els consumidors podran sotmetre les reclamacions a trav\u00e9s d&#039;aquesta plataforma.<\/p><p>\u00a9 Copyright 2025 <strong>JESUS SALA <\/strong><strong>CONGELATS SOTA ZERO, SL<\/strong> \u2013 Tots els drets reservats.<\/p>\t\t\t\t\t\t\t\t<\/div>\n\t\t\t\t<\/div>\n\t\t\t\t\t<\/div>\n\t\t\t\t<\/div>\n\t\t<div class=\"elementor-element elementor-element-f64c3e6 e-flex e-con-boxed e-con e-parent\" data-id=\"f64c3e6\" data-element_type=\"container\" data-e-type=\"container\">\n\t\t\t\t\t<div class=\"e-con-inner\">\n\t\t\t\t<div class=\"elementor-element elementor-element-6ec561b elementor-widget elementor-widget-spacer\" data-id=\"6ec561b\" data-element_type=\"widget\" data-e-type=\"widget\" data-widget_type=\"spacer.default\">\n\t\t\t\t<div class=\"elementor-widget-container\">\n\t\t\t\t\t\t\t<div class=\"elementor-spacer\">\n\t\t\t<div class=\"elementor-spacer-inner\"><\/div>\n\t\t<\/div>\n\t\t\t\t\t\t<\/div>\n\t\t\t\t<\/div>\n\t\t\t\t\t<\/div>\n\t\t\t\t<\/div>\n\t\t\t\t<\/div>","protected":false},"excerpt":{"rendered":"<p>Condiciones generales de venta Aviso importante:Actualmente nos encontramos en fase de pruebas y solo realizamos entregas en\u00a0Mollet del Vall\u00e8s. SI NECESITA HACER UN PEDIDO FUERA DE MOLLET PONGASE EN CONTACTO CONJESUS AL 615 193 909 \u00a1Gracias por vuestra comprensi\u00f3n! \u00a0 Las presentes Condiciones Generales tienen por objeto regular las condiciones de uso del Sitio Web [&hellip;]<\/p>\n","protected":false},"author":3,"featured_media":0,"parent":0,"menu_order":0,"comment_status":"closed","ping_status":"closed","template":"","meta":{"footnotes":""},"class_list":["post-486","page","type-page","status-publish","hentry"],"yoast_head":"<!-- This site is optimized with the Yoast SEO plugin v27.4 - https:\/\/yoast.com\/product\/yoast-seo-wordpress\/ -->\n<title>Condiciones Generales de Venta - Productos Congelados a Domicilio | Pescado, mariscos, verduras, precocinados y mucho m&aacute;s<\/title>\n<meta name=\"robots\" content=\"index, follow, max-snippet:-1, max-image-preview:large, max-video-preview:-1\" \/>\n<link rel=\"canonical\" href=\"https:\/\/congeladosbajocero.com\/ca\/condiciones-generales-de-venta\/\" \/>\n<meta property=\"og:locale\" content=\"ca_ES\" \/>\n<meta property=\"og:type\" content=\"article\" \/>\n<meta property=\"og:title\" content=\"Condiciones Generales de Venta - Productos Congelados a Domicilio | Pescado, mariscos, verduras, precocinados y mucho m&aacute;s\" \/>\n<meta property=\"og:description\" content=\"Condiciones generales de venta Aviso importante:Actualmente nos encontramos en fase de pruebas y solo realizamos entregas en\u00a0Mollet del Vall\u00e8s. SI NECESITA HACER UN PEDIDO FUERA DE MOLLET PONGASE EN CONTACTO CONJESUS AL 615 193 909 \u00a1Gracias por vuestra comprensi\u00f3n! \u00a0 Las presentes Condiciones Generales tienen por objeto regular las condiciones de uso del Sitio Web [&hellip;]\" \/>\n<meta property=\"og:url\" content=\"https:\/\/congeladosbajocero.com\/ca\/condiciones-generales-de-venta\/\" \/>\n<meta property=\"og:site_name\" content=\"Productos Congelados a Domicilio | Pescado, mariscos, verduras, precocinados y mucho m&aacute;s\" \/>\n<meta property=\"article:modified_time\" content=\"2025-04-02T11:00:04+00:00\" \/>\n<meta name=\"twitter:card\" content=\"summary_large_image\" \/>\n<meta name=\"twitter:label1\" content=\"Temps estimat de lectura\" \/>\n\t<meta name=\"twitter:data1\" content=\"6 minuts\" \/>\n<script type=\"application\/ld+json\" class=\"yoast-schema-graph\">{\"@context\":\"https:\\\/\\\/schema.org\",\"@graph\":[{\"@type\":\"WebPage\",\"@id\":\"https:\\\/\\\/congeladosbajocero.com\\\/condiciones-generales-de-venta\\\/\",\"url\":\"https:\\\/\\\/congeladosbajocero.com\\\/condiciones-generales-de-venta\\\/\",\"name\":\"Condiciones Generales de Venta - Productos Congelados a Domicilio | Pescado, mariscos, verduras, precocinados y mucho m&aacute;s\",\"isPartOf\":{\"@id\":\"https:\\\/\\\/congeladosbajocero.com\\\/#website\"},\"datePublished\":\"2025-03-20T11:24:24+00:00\",\"dateModified\":\"2025-04-02T11:00:04+00:00\",\"breadcrumb\":{\"@id\":\"https:\\\/\\\/congeladosbajocero.com\\\/condiciones-generales-de-venta\\\/#breadcrumb\"},\"inLanguage\":\"ca\",\"potentialAction\":[{\"@type\":\"ReadAction\",\"target\":[\"https:\\\/\\\/congeladosbajocero.com\\\/condiciones-generales-de-venta\\\/\"]}]},{\"@type\":\"BreadcrumbList\",\"@id\":\"https:\\\/\\\/congeladosbajocero.com\\\/condiciones-generales-de-venta\\\/#breadcrumb\",\"itemListElement\":[{\"@type\":\"ListItem\",\"position\":1,\"name\":\"Portada\",\"item\":\"https:\\\/\\\/congeladosbajocero.com\\\/\"},{\"@type\":\"ListItem\",\"position\":2,\"name\":\"Condiciones Generales de Venta\"}]},{\"@type\":\"WebSite\",\"@id\":\"https:\\\/\\\/congeladosbajocero.com\\\/#website\",\"url\":\"https:\\\/\\\/congeladosbajocero.com\\\/\",\"name\":\"Productos Congelados a Domicilio | Pescado, mariscos, verduras, precocinados y mucho m&aacute;s\",\"description\":\"Venta online de congelados\",\"publisher\":{\"@id\":\"https:\\\/\\\/congeladosbajocero.com\\\/#organization\"},\"potentialAction\":[{\"@type\":\"SearchAction\",\"target\":{\"@type\":\"EntryPoint\",\"urlTemplate\":\"https:\\\/\\\/congeladosbajocero.com\\\/?s={search_term_string}\"},\"query-input\":{\"@type\":\"PropertyValueSpecification\",\"valueRequired\":true,\"valueName\":\"search_term_string\"}}],\"inLanguage\":\"ca\"},{\"@type\":\"Organization\",\"@id\":\"https:\\\/\\\/congeladosbajocero.com\\\/#organization\",\"name\":\"Productos Congelados a Domicilio | Pescado, mariscos, verduras, precocinados y mucho m&aacute;s\",\"url\":\"https:\\\/\\\/congeladosbajocero.com\\\/\",\"logo\":{\"@type\":\"ImageObject\",\"inLanguage\":\"ca\",\"@id\":\"https:\\\/\\\/congeladosbajocero.com\\\/#\\\/schema\\\/logo\\\/image\\\/\",\"url\":\"https:\\\/\\\/congeladosbajocero.com\\\/wp-content\\\/uploads\\\/2025\\\/03\\\/logo-bajo-cero-png.webp\",\"contentUrl\":\"https:\\\/\\\/congeladosbajocero.com\\\/wp-content\\\/uploads\\\/2025\\\/03\\\/logo-bajo-cero-png.webp\",\"width\":498,\"height\":193,\"caption\":\"Productos Congelados a Domicilio | Pescado, mariscos, verduras, precocinados y mucho m&aacute;s\"},\"image\":{\"@id\":\"https:\\\/\\\/congeladosbajocero.com\\\/#\\\/schema\\\/logo\\\/image\\\/\"}}]}<\/script>\n<!-- \/ Yoast SEO plugin. -->","yoast_head_json":{"title":"Condicions Generals de Venda - Productes Congelats a Domicili | Peix, marisc, verdures, precuinats i molt m\u00e9s","robots":{"index":"index","follow":"follow","max-snippet":"max-snippet:-1","max-image-preview":"max-image-preview:large","max-video-preview":"max-video-preview:-1"},"canonical":"https:\/\/congeladosbajocero.com\/ca\/condiciones-generales-de-venta\/","og_locale":"ca_ES","og_type":"article","og_title":"Condiciones Generales de Venta - Productos Congelados a Domicilio | Pescado, mariscos, verduras, precocinados y mucho m&aacute;s","og_description":"Condiciones generales de venta Aviso importante:Actualmente nos encontramos en fase de pruebas y solo realizamos entregas en\u00a0Mollet del Vall\u00e8s. SI NECESITA HACER UN PEDIDO FUERA DE MOLLET PONGASE EN CONTACTO CONJESUS AL 615 193 909 \u00a1Gracias por vuestra comprensi\u00f3n! \u00a0 Las presentes Condiciones Generales tienen por objeto regular las condiciones de uso del Sitio Web [&hellip;]","og_url":"https:\/\/congeladosbajocero.com\/ca\/condiciones-generales-de-venta\/","og_site_name":"Productos Congelados a Domicilio | Pescado, mariscos, verduras, precocinados y mucho m&aacute;s","article_modified_time":"2025-04-02T11:00:04+00:00","twitter_card":"summary_large_image","twitter_misc":{"Temps estimat de lectura":"6 minuts"},"schema":{"@context":"https:\/\/schema.org","@graph":[{"@type":"WebPage","@id":"https:\/\/congeladosbajocero.com\/condiciones-generales-de-venta\/","url":"https:\/\/congeladosbajocero.com\/condiciones-generales-de-venta\/","name":"Condicions Generals de Venda - Productes Congelats a Domicili | Peix, marisc, verdures, precuinats i molt m\u00e9s","isPartOf":{"@id":"https:\/\/congeladosbajocero.com\/#website"},"datePublished":"2025-03-20T11:24:24+00:00","dateModified":"2025-04-02T11:00:04+00:00","breadcrumb":{"@id":"https:\/\/congeladosbajocero.com\/condiciones-generales-de-venta\/#breadcrumb"},"inLanguage":"ca","potentialAction":[{"@type":"ReadAction","target":["https:\/\/congeladosbajocero.com\/condiciones-generales-de-venta\/"]}]},{"@type":"BreadcrumbList","@id":"https:\/\/congeladosbajocero.com\/condiciones-generales-de-venta\/#breadcrumb","itemListElement":[{"@type":"ListItem","position":1,"name":"Portada","item":"https:\/\/congeladosbajocero.com\/"},{"@type":"ListItem","position":2,"name":"Condiciones Generales de Venta"}]},{"@type":"WebSite","@id":"https:\/\/congeladosbajocero.com\/#website","url":"https:\/\/congeladosbajocero.com\/","name":"Productes Congelats a Domicili | Peix, marisc, verdures, precuinats i molt m\u00e9s","description":"Venda online de congelats","publisher":{"@id":"https:\/\/congeladosbajocero.com\/#organization"},"potentialAction":[{"@type":"SearchAction","target":{"@type":"EntryPoint","urlTemplate":"https:\/\/congeladosbajocero.com\/?s={search_term_string}"},"query-input":{"@type":"PropertyValueSpecification","valueRequired":true,"valueName":"search_term_string"}}],"inLanguage":"ca"},{"@type":"Organization","@id":"https:\/\/congeladosbajocero.com\/#organization","name":"Productes Congelats a Domicili | Peix, marisc, verdures, precuinats i molt m\u00e9s","url":"https:\/\/congeladosbajocero.com\/","logo":{"@type":"ImageObject","inLanguage":"ca","@id":"https:\/\/congeladosbajocero.com\/#\/schema\/logo\/image\/","url":"https:\/\/congeladosbajocero.com\/wp-content\/uploads\/2025\/03\/logo-bajo-cero-png.webp","contentUrl":"https:\/\/congeladosbajocero.com\/wp-content\/uploads\/2025\/03\/logo-bajo-cero-png.webp","width":498,"height":193,"caption":"Productos Congelados a Domicilio | Pescado, mariscos, verduras, precocinados y mucho m&aacute;s"},"image":{"@id":"https:\/\/congeladosbajocero.com\/#\/schema\/logo\/image\/"}}]}},"_links":{"self":[{"href":"https:\/\/congeladosbajocero.com\/ca\/wp-json\/wp\/v2\/pages\/486","targetHints":{"allow":["GET"]}}],"collection":[{"href":"https:\/\/congeladosbajocero.com\/ca\/wp-json\/wp\/v2\/pages"}],"about":[{"href":"https:\/\/congeladosbajocero.com\/ca\/wp-json\/wp\/v2\/types\/page"}],"author":[{"embeddable":true,"href":"https:\/\/congeladosbajocero.com\/ca\/wp-json\/wp\/v2\/users\/3"}],"replies":[{"embeddable":true,"href":"https:\/\/congeladosbajocero.com\/ca\/wp-json\/wp\/v2\/comments?post=486"}],"version-history":[{"count":34,"href":"https:\/\/congeladosbajocero.com\/ca\/wp-json\/wp\/v2\/pages\/486\/revisions"}],"predecessor-version":[{"id":1188,"href":"https:\/\/congeladosbajocero.com\/ca\/wp-json\/wp\/v2\/pages\/486\/revisions\/1188"}],"wp:attachment":[{"href":"https:\/\/congeladosbajocero.com\/ca\/wp-json\/wp\/v2\/media?parent=486"}],"curies":[{"name":"wp","href":"https:\/\/api.w.org\/{rel}","templated":true}]}}