{"id":481,"date":"2025-03-20T11:24:01","date_gmt":"2025-03-20T11:24:01","guid":{"rendered":"http:\/\/congeladosbajocerocom.local\/?page_id=481"},"modified":"2025-03-31T07:31:50","modified_gmt":"2025-03-31T07:31:50","slug":"aviso-legal","status":"publish","type":"page","link":"https:\/\/congeladosbajocero.com\/ca\/aviso-legal\/","title":{"rendered":"Av\u00eds Legal"},"content":{"rendered":"<div data-elementor-type=\"wp-page\" data-elementor-id=\"481\" class=\"elementor elementor-481\" data-elementor-post-type=\"page\">\n\t\t\t\t<div class=\"elementor-element elementor-element-ccb2076 e-flex e-con-boxed e-con e-parent\" data-id=\"ccb2076\" data-element_type=\"container\" data-e-type=\"container\">\n\t\t\t\t\t<div class=\"e-con-inner\">\n\t\t\t\t<div class=\"elementor-element elementor-element-a3a2d3b elementor-widget elementor-widget-spacer\" data-id=\"a3a2d3b\" data-element_type=\"widget\" data-e-type=\"widget\" data-widget_type=\"spacer.default\">\n\t\t\t\t<div class=\"elementor-widget-container\">\n\t\t\t\t\t\t\t<div class=\"elementor-spacer\">\n\t\t\t<div class=\"elementor-spacer-inner\"><\/div>\n\t\t<\/div>\n\t\t\t\t\t\t<\/div>\n\t\t\t\t<\/div>\n\t\t\t\t<div class=\"elementor-element elementor-element-bb05e2a elementor-widget elementor-widget-heading\" data-id=\"bb05e2a\" data-element_type=\"widget\" data-e-type=\"widget\" data-widget_type=\"heading.default\">\n\t\t\t\t<div class=\"elementor-widget-container\">\n\t\t\t\t\t<h2 class=\"elementor-heading-title elementor-size-default\">Av\u00eds legal - Condicions Generals d&#039;\u00das <\/h2>\t\t\t\t<\/div>\n\t\t\t\t<\/div>\n\t\t\t\t\t<\/div>\n\t\t\t\t<\/div>\n\t\t<div class=\"elementor-element elementor-element-a252113 e-flex e-con-boxed e-con e-parent\" data-id=\"a252113\" data-element_type=\"container\" data-e-type=\"container\">\n\t\t\t\t\t<div class=\"e-con-inner\">\n\t\t\t\t<div class=\"elementor-element elementor-element-0325803 elementor-widget elementor-widget-text-editor\" data-id=\"0325803\" data-element_type=\"widget\" data-e-type=\"widget\" data-widget_type=\"text-editor.default\">\n\t\t\t\t<div class=\"elementor-widget-container\">\n\t\t\t\t\t\t\t\t\t<section id=\"content\" class=\"page-content page-cms page-cms-2\"><p>Aquestes Condicions Generals tenen per objecte regular les condicions d&#039;\u00fas del Lloc Web https:\/\/www.congeladosbajocero.com (d&#039;ara endavant, \u201cla web\u201d), el titular del qual \u00e9s <strong>JESUS SALA CONGELATS MOLLET S.<\/strong><strong>L.\u00a0<\/strong>(d&#039;ara endavant, <strong>SOTA ZERO<\/strong>), amb <strong>CIF B66649211<\/strong> , domicili a Lloc d&#039;Av. de la Llibertat, 12, 08100 Mollet del Vall\u00e8s \u2013 Barcelona, Espanya i inscrita al Registre Mercantil de Barcelona, i amb qu\u00e8 es pot posar en contacte a trav\u00e9s d&#039;info@congeladosbajocero.com i del tel\u00e8fon 615 193 909<\/p><ol><li><strong>Condicions dacc\u00e9s. <\/strong><p>La finalitat d\u00b4aquesta web \u00e9s facilitar informaci\u00f3 sobre els nostres serveis i activitats. La seva utilitzaci\u00f3 suposa l&#039;acceptaci\u00f3 plena per l&#039;Usuari d&#039;aquestes condicions, per la qual cosa si no esteu d&#039;acord amb el contingut d&#039;aquestes, s&#039;haur\u00e0 d&#039;abstenir de fer \u00fas del web, aix\u00ed com dels serveis oferts.\u00a0<strong>SOTA ZERO<\/strong> es reserva el dret a efectuar les modificacions que estimi oportunes, podent modificar, suprimir o incloure, sense av\u00eds previ, nous continguts i\/o serveis, aix\u00ed com la forma en qu\u00e8 aquests apareguin presentats i localitzats i les condicions d&#039;\u00fas del web.<\/p><p>L&#039;Usuari accepta que l&#039;acc\u00e9s i l&#039;\u00fas de la web i dels continguts inclosos en aquesta t\u00e9 lloc lliure i conscientment, sota la seva responsabilitat exclusiva, i en conseq\u00fc\u00e8ncia es compromet a:<\/p><p>\u2013 No utilitzar el web per a la realitzaci\u00f3 d&#039;activitats contr\u00e0ries a la llei, a la moral, a l&#039;ordre p\u00fablic, en general, i fer-ne un \u00fas l\u00edcit i honrat d&#039;acord amb aquestes Condicions Generals, aix\u00ed com abstenir-se de realitzar qualsevol acte que pogu\u00e9s danyar, inutilitzar, sobrecarregar o deteriorar el web i\/o impedir el normal \u00fas i utilitzaci\u00f3 per part de la resta d&#039;Usuaris.<br \/>\u2013 No manipular o alterar qualsevol contingut de la web sense el consentiment expr\u00e9s i per escrit del titular. Qualsevol alteraci\u00f3, modificaci\u00f3 o manipulaci\u00f3 sense el consentiment del titular, eximeix aquest de cap responsabilitat.<br \/>\u2013 No reproduir, copiar, distribuir, comunicar p\u00fablicament, transformar o modificar els continguts, llevat que es compti amb la preceptiva autoritzaci\u00f3 del titular dels drets corresponents o aix\u00f2 resulti legalment perm\u00e8s; aix\u00ed com suprimir, eludir o manipular el <em>Copyright<\/em> i altres dades identificatives dels drets de <strong>SOTA ZERO<\/strong> o dels seus titulars incorporats als continguts, aix\u00ed com els dispositius t\u00e8cnics de protecci\u00f3, o qualsevol mecanisme d&#039;informaci\u00f3 que pogu\u00e9s contenir els continguts esmentats.<br \/>\u2013 No introduir o difondre a la web, programes de dades (virus o qualsevol tipus de <em>programari<\/em> de car\u00e0cter nociu) susceptibles de provocar danys a la web.<\/p><p><strong>SOTA ZERO<\/strong>\u00a0no garanteix la disponibilitat i continu\u00eftat del web ni es fa responsable de qualssevol danys i perjudicis puguin produir-se, ni dels defectes t\u00e8cnics, inclosos virus o altres elements lesius, sigui quina sigui la naturalesa, derivats de l&#039;\u00fas de la informaci\u00f3 i de les mat\u00e8ries contingudes a la web.<\/p><\/li><li><strong>\u00das de <em>galetes.<\/em><\/strong><p>Per tal de prestar un millor servei,\u00a0<strong>SOTA ZERO<\/strong> podeu emmagatzemar a l&#039;ordinador de l&#039;Usuari petits fitxers d&#039;informaci\u00f3 anomenats <em>cookies<\/em>, utilitzats per al funcionament correcte d&#039;alguns dels serveis que s&#039;ofereixen, aix\u00ed com per realitzar estad\u00edstiques d&#039;\u00fas, diagnosticar problemes a la web, i per a l&#039;administraci\u00f3 d&#039;alguns dels serveis oferts. Per limitar o restringir l&#039;admissi\u00f3 de <em>cookies <\/em>al vostre equip, l&#039;Usuari pot configurar el vostre navegador a aquest efecte. Per a m\u00e9s informaci\u00f3, si us plau visiteu la nostra pol\u00edtica de cookies.<\/p><\/li><li><strong>Responsabilitats.<\/strong><p>L&#039;Usuari respondr\u00e0 dels danys i perjudicis de tota naturalesa que\u00a0<strong>SOTA ZERO<\/strong> o qualsevol tercer pugui patir com a conseq\u00fc\u00e8ncia de l&#039;incompliment de qualsevol de les obligacions a qu\u00e8 queda sotm\u00e8s per aquestes Condicions Generals.<\/p><p><strong>SOTA ZERO<\/strong>\u00a0no assumeix cap responsabilitat ni realitza cap control sobre els possibles hipervincles que contingui la web a continguts externs; no obstant aix\u00f2, retirar\u00e0 aquells enlla\u00e7os que incloguin continguts il\u00b7l\u00edcits tan aviat com el pugui con\u00e8ixer.<\/p><\/li><li><strong>Propietat Intel\u00b7lectual i Industrial.<\/strong><p>L&#039;Usuari reconeix que tots els continguts de la web i, en concret, de tota la informaci\u00f3 i materials, l&#039;estructura, la selecci\u00f3, l&#039;ordenaci\u00f3 i la prestaci\u00f3 dels seus continguts, programes i desenvolupament d&#039;aplicacions utilitzats en relaci\u00f3 amb ells, estan protegits per drets de propietat intel\u00b7lectual i industrial propietat del titular del web o, si escau, de tercers.<\/p><p>En cap cas l&#039;acc\u00e9s als mateixos o la seva utilitzaci\u00f3 per part de l&#039;Usuari implicar\u00e0 cap tipus de ren\u00fancia, transmissi\u00f3 o cessi\u00f3 total ni parcial dels drets esmentats, ni confereix cap dret d&#039;utilitzaci\u00f3, alteraci\u00f3, explotaci\u00f3, reproducci\u00f3, distribuci\u00f3 o comunicaci\u00f3 p\u00fablica sobre aquests continguts sense la pr\u00e8via i expressa autoritzaci\u00f3 espec\u00edficament atorgada a aquest efecte per part de\u00a0<strong>SOTA ZERO<\/strong> o del tercer titular dels drets afectats.<\/p><p><strong>SOTA ZERO <\/strong>\u00e9s titular dels elements que integren el disseny gr\u00e0fic de la seva web, l&#039;arquitectura de navegaci\u00f3, els men\u00fas, els botons de navegaci\u00f3, el codi, els textos, imatges, textures, gr\u00e0fics i qualsevol altre contingut de la p\u00e0gina web o, en altres casos, disposa de la corresponent autoritzaci\u00f3 per a la utilitzaci\u00f3 d&#039;aquests elements.<\/p><p>Totes les marques, noms comercials o signes distintius mostrats en aquesta p\u00e0gina s\u00f3n propietat de\u00a0<strong>SOTA ZERO<\/strong> i\/o de terceres empreses. Es prohibeix usar-los o descarregar-los permanentment, alterar-los, manipular-los, copiar-los o distribuir-los per qualsevol mitj\u00e0 sense el preceptiu consentiment del titular.<\/p><p>En cas que qualsevol Usuari o un tercer considerin que qualsevol dels continguts ha estat introdu\u00eft a la web amb violaci\u00f3 dels seus drets de Propietat Intel\u00b7lectual o Industrial haur\u00e0 d&#039;enviar una notificaci\u00f3 a\u00a0<strong>SOTA ZERO<\/strong> identificant-se a si mateix i al titular dels drets de propietat intel\u00b7lectual o industrial suposadament infringits, aportant t\u00edtol o acreditaci\u00f3 de la representaci\u00f3 dels esmentats drets.<\/p><\/li><li><strong>Protecci\u00f3 de dades.<\/strong><p>Per obtenir informaci\u00f3 sobre l&#039;\u00fas de les vostres dades, consulteu la nostra Pol\u00edtica de Privadesa.<\/p><\/li><li><strong>Confidencialitat.<\/strong><p>Tota informaci\u00f3 que qualsevol de les parts comuniqui o faciliti a l&#039;altra oa la qual tinguin acc\u00e9s qualsevol, ser\u00e0 considerada confidencial i no podr\u00e0 ser divulgada, mostrada, reprodu\u00efda, copiada, discutida amb tercers, ni emprada per cap de les parts per a fins aliens a qu\u00e8 van motivar la seva comunicaci\u00f3.<\/p><\/li><li><strong>Legislaci\u00f3 aplicable i jurisdicci\u00f3.<\/strong><p>Aquestes Condicions Generals es regeixen pel que disposa la legislaci\u00f3 espanyola. Per a totes les q\u00fcestions que es puguin suscitar entre les parts en relaci\u00f3 amb la interpretaci\u00f3 i l&#039;execuci\u00f3 del present document, ambdues parts acorden de manera expressa i amb ren\u00fancia de qualsevol altre fur que els pugui correspondre, a la jurisdicci\u00f3 dels jutjats i tribunals de Pontevedra.<\/p><p><strong>Resoluci\u00f3 de conflictes en l\u00ednia: <\/strong><\/p><p>Conformi a l&#039;art. 14.1 del Reglament (UE) 524\/2013, la Comissi\u00f3 Europea t\u00e9 a disposici\u00f3 dels consumidors una plataforma de resoluci\u00f3 extrajudicial de conflictes en l\u00ednia. Podr\u00e0 accedir-hi a trav\u00e9s del seg\u00fcent enlla\u00e7: <a href=\"http:\/\/ec.europa.eu\/consumers\/odr\/\">http:\/\/ec.europa.eu\/consumers\/odr\/<\/a><a href=\"http:\/\/ec.europa.eu\/consumers\/odr\/\">.<\/a> Els consumidors podran sotmetre les reclamacions a trav\u00e9s d&#039;aquesta plataforma.<\/p><\/li><\/ol><\/section>\t\t\t\t\t\t\t\t<\/div>\n\t\t\t\t<\/div>\n\t\t\t\t\t<\/div>\n\t\t\t\t<\/div>\n\t\t<div class=\"elementor-element elementor-element-8b44c04 e-flex e-con-boxed e-con e-parent\" data-id=\"8b44c04\" data-element_type=\"container\" data-e-type=\"container\">\n\t\t\t\t\t<div class=\"e-con-inner\">\n\t\t\t\t<div class=\"elementor-element elementor-element-eace758 elementor-widget elementor-widget-spacer\" data-id=\"eace758\" data-element_type=\"widget\" data-e-type=\"widget\" data-widget_type=\"spacer.default\">\n\t\t\t\t<div class=\"elementor-widget-container\">\n\t\t\t\t\t\t\t<div class=\"elementor-spacer\">\n\t\t\t<div class=\"elementor-spacer-inner\"><\/div>\n\t\t<\/div>\n\t\t\t\t\t\t<\/div>\n\t\t\t\t<\/div>\n\t\t\t\t\t<\/div>\n\t\t\t\t<\/div>\n\t\t\t\t<\/div>","protected":false},"excerpt":{"rendered":"<p>Aviso legal \u2013 Condiciones Generales de Uso Las presentes Condiciones Generales tienen por objeto regular las condiciones de uso del Sitio Web https:\/\/www.congeladosbajocero.com (en adelante, \u201cla web\u201d), cuyo titular es JESUS SALA CONGELADOS MOLLET S.L.\u00a0(en adelante, BAJO CERO), con CIF B66649211 , domicilio en Lugar de Av. de la Llibertat, 12, 08100 Mollet del Vall\u00e8s [&hellip;]<\/p>\n","protected":false},"author":3,"featured_media":0,"parent":0,"menu_order":0,"comment_status":"closed","ping_status":"closed","template":"","meta":{"footnotes":""},"class_list":["post-481","page","type-page","status-publish","hentry"],"yoast_head":"<!-- This site is optimized with the Yoast SEO plugin v27.4 - https:\/\/yoast.com\/product\/yoast-seo-wordpress\/ -->\n<title>Aviso Legal - Productos Congelados a Domicilio | Pescado, mariscos, verduras, precocinados y mucho m&aacute;s<\/title>\n<meta name=\"robots\" content=\"index, follow, max-snippet:-1, max-image-preview:large, max-video-preview:-1\" \/>\n<link rel=\"canonical\" href=\"https:\/\/congeladosbajocero.com\/ca\/aviso-legal\/\" \/>\n<meta property=\"og:locale\" content=\"ca_ES\" \/>\n<meta property=\"og:type\" content=\"article\" \/>\n<meta property=\"og:title\" content=\"Aviso Legal - Productos Congelados a Domicilio | Pescado, mariscos, verduras, precocinados y mucho m&aacute;s\" \/>\n<meta property=\"og:description\" content=\"Aviso legal \u2013 Condiciones Generales de Uso Las presentes Condiciones Generales tienen por objeto regular las condiciones de uso del Sitio Web https:\/\/www.congeladosbajocero.com (en adelante, \u201cla web\u201d), cuyo titular es JESUS SALA CONGELADOS MOLLET S.L.\u00a0(en adelante, BAJO CERO), con CIF B66649211 , domicilio en Lugar de Av. de la Llibertat, 12, 08100 Mollet del Vall\u00e8s [&hellip;]\" \/>\n<meta property=\"og:url\" content=\"https:\/\/congeladosbajocero.com\/ca\/aviso-legal\/\" \/>\n<meta property=\"og:site_name\" content=\"Productos Congelados a Domicilio | Pescado, mariscos, verduras, precocinados y mucho m&aacute;s\" \/>\n<meta property=\"article:modified_time\" content=\"2025-03-31T07:31:50+00:00\" \/>\n<meta name=\"twitter:card\" content=\"summary_large_image\" \/>\n<meta name=\"twitter:label1\" content=\"Temps estimat de lectura\" \/>\n\t<meta name=\"twitter:data1\" content=\"6 minuts\" \/>\n<script type=\"application\/ld+json\" class=\"yoast-schema-graph\">{\"@context\":\"https:\\\/\\\/schema.org\",\"@graph\":[{\"@type\":\"WebPage\",\"@id\":\"https:\\\/\\\/congeladosbajocero.com\\\/aviso-legal\\\/\",\"url\":\"https:\\\/\\\/congeladosbajocero.com\\\/aviso-legal\\\/\",\"name\":\"Aviso Legal - Productos Congelados a Domicilio | Pescado, mariscos, verduras, precocinados y mucho m&aacute;s\",\"isPartOf\":{\"@id\":\"https:\\\/\\\/congeladosbajocero.com\\\/#website\"},\"datePublished\":\"2025-03-20T11:24:01+00:00\",\"dateModified\":\"2025-03-31T07:31:50+00:00\",\"breadcrumb\":{\"@id\":\"https:\\\/\\\/congeladosbajocero.com\\\/aviso-legal\\\/#breadcrumb\"},\"inLanguage\":\"ca\",\"potentialAction\":[{\"@type\":\"ReadAction\",\"target\":[\"https:\\\/\\\/congeladosbajocero.com\\\/aviso-legal\\\/\"]}]},{\"@type\":\"BreadcrumbList\",\"@id\":\"https:\\\/\\\/congeladosbajocero.com\\\/aviso-legal\\\/#breadcrumb\",\"itemListElement\":[{\"@type\":\"ListItem\",\"position\":1,\"name\":\"Portada\",\"item\":\"https:\\\/\\\/congeladosbajocero.com\\\/\"},{\"@type\":\"ListItem\",\"position\":2,\"name\":\"Aviso Legal\"}]},{\"@type\":\"WebSite\",\"@id\":\"https:\\\/\\\/congeladosbajocero.com\\\/#website\",\"url\":\"https:\\\/\\\/congeladosbajocero.com\\\/\",\"name\":\"Productos Congelados a Domicilio | Pescado, mariscos, verduras, precocinados y mucho m&aacute;s\",\"description\":\"Venta online de congelados\",\"publisher\":{\"@id\":\"https:\\\/\\\/congeladosbajocero.com\\\/#organization\"},\"potentialAction\":[{\"@type\":\"SearchAction\",\"target\":{\"@type\":\"EntryPoint\",\"urlTemplate\":\"https:\\\/\\\/congeladosbajocero.com\\\/?s={search_term_string}\"},\"query-input\":{\"@type\":\"PropertyValueSpecification\",\"valueRequired\":true,\"valueName\":\"search_term_string\"}}],\"inLanguage\":\"ca\"},{\"@type\":\"Organization\",\"@id\":\"https:\\\/\\\/congeladosbajocero.com\\\/#organization\",\"name\":\"Productos Congelados a Domicilio | Pescado, mariscos, verduras, precocinados y mucho m&aacute;s\",\"url\":\"https:\\\/\\\/congeladosbajocero.com\\\/\",\"logo\":{\"@type\":\"ImageObject\",\"inLanguage\":\"ca\",\"@id\":\"https:\\\/\\\/congeladosbajocero.com\\\/#\\\/schema\\\/logo\\\/image\\\/\",\"url\":\"https:\\\/\\\/congeladosbajocero.com\\\/wp-content\\\/uploads\\\/2025\\\/03\\\/logo-bajo-cero-png.webp\",\"contentUrl\":\"https:\\\/\\\/congeladosbajocero.com\\\/wp-content\\\/uploads\\\/2025\\\/03\\\/logo-bajo-cero-png.webp\",\"width\":498,\"height\":193,\"caption\":\"Productos Congelados a Domicilio | Pescado, mariscos, verduras, precocinados y mucho m&aacute;s\"},\"image\":{\"@id\":\"https:\\\/\\\/congeladosbajocero.com\\\/#\\\/schema\\\/logo\\\/image\\\/\"}}]}<\/script>\n<!-- \/ Yoast SEO plugin. -->","yoast_head_json":{"title":"Av\u00eds Legal - Productes Congelats a Domicili | Peix, marisc, verdures, precuinats i molt m\u00e9s","robots":{"index":"index","follow":"follow","max-snippet":"max-snippet:-1","max-image-preview":"max-image-preview:large","max-video-preview":"max-video-preview:-1"},"canonical":"https:\/\/congeladosbajocero.com\/ca\/aviso-legal\/","og_locale":"ca_ES","og_type":"article","og_title":"Aviso Legal - Productos Congelados a Domicilio | Pescado, mariscos, verduras, precocinados y mucho m&aacute;s","og_description":"Aviso legal \u2013 Condiciones Generales de Uso Las presentes Condiciones Generales tienen por objeto regular las condiciones de uso del Sitio Web https:\/\/www.congeladosbajocero.com (en adelante, \u201cla web\u201d), cuyo titular es JESUS SALA CONGELADOS MOLLET S.L.\u00a0(en adelante, BAJO CERO), con CIF B66649211 , domicilio en Lugar de Av. de la Llibertat, 12, 08100 Mollet del Vall\u00e8s [&hellip;]","og_url":"https:\/\/congeladosbajocero.com\/ca\/aviso-legal\/","og_site_name":"Productos Congelados a Domicilio | Pescado, mariscos, verduras, precocinados y mucho m&aacute;s","article_modified_time":"2025-03-31T07:31:50+00:00","twitter_card":"summary_large_image","twitter_misc":{"Temps estimat de lectura":"6 minuts"},"schema":{"@context":"https:\/\/schema.org","@graph":[{"@type":"WebPage","@id":"https:\/\/congeladosbajocero.com\/aviso-legal\/","url":"https:\/\/congeladosbajocero.com\/aviso-legal\/","name":"Av\u00eds Legal - Productes Congelats a Domicili | Peix, marisc, verdures, precuinats i molt m\u00e9s","isPartOf":{"@id":"https:\/\/congeladosbajocero.com\/#website"},"datePublished":"2025-03-20T11:24:01+00:00","dateModified":"2025-03-31T07:31:50+00:00","breadcrumb":{"@id":"https:\/\/congeladosbajocero.com\/aviso-legal\/#breadcrumb"},"inLanguage":"ca","potentialAction":[{"@type":"ReadAction","target":["https:\/\/congeladosbajocero.com\/aviso-legal\/"]}]},{"@type":"BreadcrumbList","@id":"https:\/\/congeladosbajocero.com\/aviso-legal\/#breadcrumb","itemListElement":[{"@type":"ListItem","position":1,"name":"Portada","item":"https:\/\/congeladosbajocero.com\/"},{"@type":"ListItem","position":2,"name":"Aviso Legal"}]},{"@type":"WebSite","@id":"https:\/\/congeladosbajocero.com\/#website","url":"https:\/\/congeladosbajocero.com\/","name":"Productes Congelats a Domicili | Peix, marisc, verdures, precuinats i molt m\u00e9s","description":"Venda online de congelats","publisher":{"@id":"https:\/\/congeladosbajocero.com\/#organization"},"potentialAction":[{"@type":"SearchAction","target":{"@type":"EntryPoint","urlTemplate":"https:\/\/congeladosbajocero.com\/?s={search_term_string}"},"query-input":{"@type":"PropertyValueSpecification","valueRequired":true,"valueName":"search_term_string"}}],"inLanguage":"ca"},{"@type":"Organization","@id":"https:\/\/congeladosbajocero.com\/#organization","name":"Productes Congelats a Domicili | Peix, marisc, verdures, precuinats i molt m\u00e9s","url":"https:\/\/congeladosbajocero.com\/","logo":{"@type":"ImageObject","inLanguage":"ca","@id":"https:\/\/congeladosbajocero.com\/#\/schema\/logo\/image\/","url":"https:\/\/congeladosbajocero.com\/wp-content\/uploads\/2025\/03\/logo-bajo-cero-png.webp","contentUrl":"https:\/\/congeladosbajocero.com\/wp-content\/uploads\/2025\/03\/logo-bajo-cero-png.webp","width":498,"height":193,"caption":"Productos Congelados a Domicilio | Pescado, mariscos, verduras, precocinados y mucho m&aacute;s"},"image":{"@id":"https:\/\/congeladosbajocero.com\/#\/schema\/logo\/image\/"}}]}},"_links":{"self":[{"href":"https:\/\/congeladosbajocero.com\/ca\/wp-json\/wp\/v2\/pages\/481","targetHints":{"allow":["GET"]}}],"collection":[{"href":"https:\/\/congeladosbajocero.com\/ca\/wp-json\/wp\/v2\/pages"}],"about":[{"href":"https:\/\/congeladosbajocero.com\/ca\/wp-json\/wp\/v2\/types\/page"}],"author":[{"embeddable":true,"href":"https:\/\/congeladosbajocero.com\/ca\/wp-json\/wp\/v2\/users\/3"}],"replies":[{"embeddable":true,"href":"https:\/\/congeladosbajocero.com\/ca\/wp-json\/wp\/v2\/comments?post=481"}],"version-history":[{"count":17,"href":"https:\/\/congeladosbajocero.com\/ca\/wp-json\/wp\/v2\/pages\/481\/revisions"}],"predecessor-version":[{"id":954,"href":"https:\/\/congeladosbajocero.com\/ca\/wp-json\/wp\/v2\/pages\/481\/revisions\/954"}],"wp:attachment":[{"href":"https:\/\/congeladosbajocero.com\/ca\/wp-json\/wp\/v2\/media?parent=481"}],"curies":[{"name":"wp","href":"https:\/\/api.w.org\/{rel}","templated":true}]}}